{"id":383,"date":"2025-10-20T12:01:57","date_gmt":"2025-10-20T12:01:57","guid":{"rendered":"https:\/\/istanbulbakicim.com\/?page_id=383"},"modified":"2025-10-20T12:04:50","modified_gmt":"2025-10-20T12:04:50","slug":"villa-personeli","status":"publish","type":"page","link":"https:\/\/istanbulbakicim.com\/ru\/villa-personeli\/","title":{"rendered":"\u041f\u0435\u0440\u0441\u043e\u043d\u0430\u043b \u0432\u0438\u043b\u043b\u044b"},"content":{"rendered":"<div data-elementor-type=\"wp-page\" data-elementor-id=\"383\" class=\"elementor elementor-383\" data-elementor-post-type=\"page\">\n\t\t\t\t<div class=\"elementor-element elementor-element-947f65f e-flex e-con-boxed e-con e-parent\" data-id=\"947f65f\" data-element_type=\"container\" data-settings=\"{&quot;background_background&quot;:&quot;classic&quot;}\">\n\t\t\t\t\t<div class=\"e-con-inner\">\n\t\t<div class=\"elementor-element elementor-element-90a6252 e-con-full e-flex e-con e-child\" data-id=\"90a6252\" data-element_type=\"container\">\n\t\t\t\t<div class=\"elementor-element elementor-element-0389680 elementor-invisible elementor-widget elementor-widget-heading\" data-id=\"0389680\" data-element_type=\"widget\" data-settings=\"{&quot;_animation&quot;:&quot;fadeIn&quot;}\" data-widget_type=\"heading.default\">\n\t\t\t\t\t<h2 class=\"elementor-heading-title elementor-size-default\">\u041f\u0435\u0440\u0441\u043e\u043d\u0430\u043b \u0432\u0438\u043b\u043b\u044b<\/h2>\t\t\t\t<\/div>\n\t\t\t\t<\/div>\n\t\t\t\t\t<\/div>\n\t\t\t\t<\/div>\n\t\t<div class=\"elementor-element elementor-element-a2121ea e-con-full e-flex e-con e-parent\" data-id=\"a2121ea\" data-element_type=\"container\" data-settings=\"{&quot;background_background&quot;:&quot;classic&quot;}\">\n\t\t<div class=\"elementor-element elementor-element-4e03ce3 e-flex e-con-boxed e-con e-child\" data-id=\"4e03ce3\" data-element_type=\"container\">\n\t\t\t\t\t<div class=\"e-con-inner\">\n\t\t<div class=\"elementor-element elementor-element-3462c9b e-con-full e-flex e-con e-child\" data-id=\"3462c9b\" data-element_type=\"container\">\n\t\t<div class=\"elementor-element elementor-element-35ed229 e-con-full e-flex elementor-invisible e-con e-child\" data-id=\"35ed229\" data-element_type=\"container\" data-settings=\"{&quot;animation&quot;:&quot;fadeIn&quot;}\">\n\t\t\t\t<div class=\"elementor-element elementor-element-fd6341f elementor-invisible elementor-widget elementor-widget-text-editor\" data-id=\"fd6341f\" data-element_type=\"widget\" data-settings=\"{&quot;_animation&quot;:&quot;fadeIn&quot;}\" data-widget_type=\"text-editor.default\">\n\t\t\t\t\t\t\t\t\t<p class=\"p1\">\u0412\u0438\u043b\u043b\u044b \u043e\u0442\u043b\u0438\u0447\u0430\u044e\u0442\u0441\u044f \u043e\u0442 \u0434\u0440\u0443\u0433\u0438\u0445 \u0434\u043e\u043c\u043e\u0432 \u0431\u043e\u043b\u044c\u0448\u043e\u0439 \u0436\u0438\u043b\u043e\u0439 \u043f\u043b\u043e\u0449\u0430\u0434\u044c\u044e \u0438 \u043e\u0441\u043e\u0431\u044b\u043c\u0438 \u043f\u043e\u0442\u0440\u0435\u0431\u043d\u043e\u0441\u0442\u044f\u043c\u0438 \u0432 \u043e\u0431\u0441\u043b\u0443\u0436\u0438\u0432\u0430\u043d\u0438\u0438.<\/p><p class=\"p1\">\u041a\u0430\u043a \u043c\u043e\u0439 \u0441\u0442\u0430\u043c\u0431\u0443\u043b\u044c\u0441\u043a\u0438\u0439 \u0441\u043c\u043e\u0442\u0440\u0438\u0442\u0435\u043b\u044c, \u043c\u044b \u043f\u0440\u0435\u0434\u043b\u0430\u0433\u0430\u0435\u043c \u043f\u0440\u043e\u0444\u0435\u0441\u0441\u0438\u043e\u043d\u0430\u043b\u044c\u043d\u0443\u044e \u043f\u043e\u0434\u0434\u0435\u0440\u0436\u043a\u0443 \u0432\u043e \u0432\u0441\u0435\u0445 \u0434\u0435\u0442\u0430\u043b\u044f\u0445 - \u043e\u0442 \u0443\u0431\u043e\u0440\u043a\u0438 \u0434\u043e \u0443\u0445\u043e\u0434\u0430 \u0437\u0430 \u0441\u0430\u0434\u043e\u043c, \u043e\u0442 \u0433\u043e\u0441\u0442\u0435\u043f\u0440\u0438\u0438\u043c\u0441\u0442\u0432\u0430 \u0434\u043e \u0431\u0435\u0437\u043e\u043f\u0430\u0441\u043d\u043e\u0441\u0442\u0438 \u043d\u0430 \u0432\u0438\u043b\u043b\u0430\u0445.<\/p><p class=\"p1\">\u041e\u043f\u044b\u0442\u043d\u044b\u0439 \u0438 \u043d\u0430\u0434\u0435\u0436\u043d\u044b\u0439 <span class=\"s1\"><b>\u043f\u0435\u0440\u0441\u043e\u043d\u0430\u043b \u0432\u0438\u043b\u043b\u044b<\/b><\/span> \u041d\u0430\u0448\u0430 \u043a\u043e\u043c\u0430\u043d\u0434\u0430 \u0433\u0430\u0440\u0430\u043d\u0442\u0438\u0440\u0443\u0435\u0442, \u0447\u0442\u043e \u0432\u044b \u043f\u043e\u043b\u043d\u043e\u0441\u0442\u044c\u044e \u0441\u043e\u0445\u0440\u0430\u043d\u0438\u0442\u0435 \u043f\u043e\u0440\u044f\u0434\u043e\u043a \u0438 \u043a\u043e\u043c\u0444\u043e\u0440\u0442 \u0432 \u0432\u0430\u0448\u0435\u043c \u0436\u0438\u043b\u043e\u043c \u043f\u0440\u043e\u0441\u0442\u0440\u0430\u043d\u0441\u0442\u0432\u0435.<\/p><p>\u00a0<\/p><h3><span style=\"color: #000000;\"><b>\u041e\u043f\u044b\u0442\u043d\u044b\u0439 \u0438 \u043e\u0431\u0443\u0447\u0435\u043d\u043d\u044b\u0439 \u043f\u0435\u0440\u0441\u043e\u043d\u0430\u043b<\/b><\/span><\/h3><p class=\"p1\">\u041d\u0430 \u043a\u0430\u0436\u0434\u043e\u0439 \u0432\u0438\u043b\u043b\u0435 \u0440\u0430\u0431\u043e\u0442\u0430\u044e\u0442 \u043f\u0440\u043e\u0444\u0435\u0441\u0441\u0438\u043e\u043d\u0430\u043b\u044b, \u0441\u043f\u0435\u0446\u0438\u0430\u043b\u0438\u0437\u0438\u0440\u0443\u044e\u0449\u0438\u0435\u0441\u044f \u0432 \u0441\u0432\u043e\u0435\u0439 \u043e\u0431\u043b\u0430\u0441\u0442\u0438 \u0438 \u0438\u043c\u0435\u044e\u0449\u0438\u0435 \u043c\u043d\u043e\u0433\u043e\u043b\u0435\u0442\u043d\u0438\u0439 \u043e\u043f\u044b\u0442 \u0440\u0430\u0431\u043e\u0442\u044b.<\/p><p class=\"p1\">\u041d\u0430\u0448 \u043f\u0435\u0440\u0441\u043e\u043d\u0430\u043b, \u043f\u0440\u043e\u0448\u0435\u0434\u0448\u0438\u0439 \u0441\u043f\u0435\u0446\u0438\u0430\u043b\u044c\u043d\u0443\u044e \u043f\u043e\u0434\u0433\u043e\u0442\u043e\u0432\u043a\u0443 \u043f\u043e \u0432\u043e\u043f\u0440\u043e\u0441\u0430\u043c \u0443\u0431\u043e\u0440\u043a\u0438, \u0441\u0442\u0430\u043d\u0434\u0430\u0440\u0442\u043e\u0432 \u0447\u0438\u0441\u0442\u043e\u0442\u044b, \u0433\u043b\u0430\u0436\u043a\u0438, \u043e\u0431\u0441\u043b\u0443\u0436\u0438\u0432\u0430\u043d\u0438\u044f \u0438 \u0433\u043e\u0441\u0442\u0435\u043f\u0440\u0438\u0438\u043c\u0441\u0442\u0432\u0430, \u0440\u0430\u0431\u043e\u0442\u0430\u0435\u0442 \u043d\u0430\u0434 \u043f\u043e\u0434\u0434\u0435\u0440\u0436\u0430\u043d\u0438\u0435\u043c \u0432\u044b\u0441\u043e\u043a\u0438\u0445 \u0441\u0442\u0430\u043d\u0434\u0430\u0440\u0442\u043e\u0432 \u043a\u0430\u0447\u0435\u0441\u0442\u0432\u0430.<\/p><p class=\"p1\">\u041d\u0430\u0448\u0430 \u043a\u043e\u043c\u0430\u043d\u0434\u0430, \u0438\u043c\u0435\u044e\u0449\u0430\u044f \u043d\u0430\u0434\u0435\u0436\u043d\u044b\u0435 \u0440\u0435\u043a\u043e\u043c\u0435\u043d\u0434\u0430\u0446\u0438\u0438, \u0443\u0434\u0435\u043b\u044f\u0435\u0442 \u043f\u0435\u0440\u0432\u043e\u0441\u0442\u0435\u043f\u0435\u043d\u043d\u043e\u0435 \u0432\u043d\u0438\u043c\u0430\u043d\u0438\u0435 \u043f\u043e\u0440\u044f\u0434\u043a\u0443 \u0438 \u0441\u043f\u043e\u043a\u043e\u0439\u0441\u0442\u0432\u0438\u044e \u0432 \u043a\u0430\u0436\u0434\u043e\u0439 \u0437\u043e\u043d\u0435 \u0432\u0430\u0448\u0435\u0439 \u0432\u0438\u043b\u043b\u044b.<\/p><p>\u00a0<\/p><h3><span style=\"color: #000000;\"><b>\u0418\u043d\u0434\u0438\u0432\u0438\u0434\u0443\u0430\u043b\u044c\u043d\u044b\u0439 \u043f\u043e\u0434\u0445\u043e\u0434 \u043a \u043e\u0431\u0441\u043b\u0443\u0436\u0438\u0432\u0430\u043d\u0438\u044e<\/b><\/span><\/h3><p class=\"p1\">\u0423 \u043a\u0430\u0436\u0434\u043e\u0439 \u0432\u0438\u043b\u043b\u044b \u0441\u0432\u043e\u044f \u0441\u0442\u0440\u0443\u043a\u0442\u0443\u0440\u0430, \u0443 \u043a\u0430\u0436\u0434\u043e\u0439 \u0441\u0435\u043c\u044c\u0438 - \u0441\u0432\u043e\u0439 \u043e\u0431\u0440\u0430\u0437 \u0436\u0438\u0437\u043d\u0438.<\/p><p class=\"p1\">\u041f\u043e \u044d\u0442\u043e\u0439 \u043f\u0440\u0438\u0447\u0438\u043d\u0435 \u043c\u044b, \u043a\u0430\u043a Istanbul Carer, \u043f\u043e\u043b\u043d\u043e\u0441\u0442\u044c\u044e \u043f\u043e\u0434\u0441\u0442\u0440\u0430\u0438\u0432\u0430\u0435\u043c \u043f\u043b\u0430\u043d\u0438\u0440\u043e\u0432\u0430\u043d\u0438\u0435 \u0443\u0441\u043b\u0443\u0433 \u043f\u043e\u0434 \u0432\u0430\u0441.<\/p><p class=\"p1\">\u041d\u0435\u0437\u0430\u0432\u0438\u0441\u0438\u043c\u043e \u043e\u0442 \u0442\u043e\u0433\u043e, \u043d\u0443\u0436\u043d\u0430 \u043b\u0438 \u0432\u0430\u043c \u043f\u043e\u0434\u0434\u0435\u0440\u0436\u043a\u0430 \u043f\u0435\u0440\u0441\u043e\u043d\u0430\u043b\u0430 \u043d\u0430 \u043f\u043e\u043b\u043d\u044b\u0439 \u0438\u043b\u0438 \u043d\u0435\u043f\u043e\u043b\u043d\u044b\u0439 \u0440\u0430\u0431\u043e\u0447\u0438\u0439 \u0434\u0435\u043d\u044c, \u043c\u044b \u043f\u0440\u0435\u0434\u043b\u0430\u0433\u0430\u0435\u043c \u0433\u0438\u0431\u043a\u0438\u0435 \u0440\u0435\u0448\u0435\u043d\u0438\u044f, \u043e\u0442\u0432\u0435\u0447\u0430\u044e\u0449\u0438\u0435 \u0432\u0430\u0448\u0438\u043c \u043f\u043e\u0442\u0440\u0435\u0431\u043d\u043e\u0441\u0442\u044f\u043c.<\/p><p class=\"p1\">\u041d\u0430\u0448\u0430 \u0446\u0435\u043b\u044c - \u0443\u043f\u0440\u0430\u0432\u043b\u044f\u0442\u044c \u0432\u0430\u0448\u0438\u043c \u0436\u0438\u043b\u044b\u043c \u043f\u0440\u043e\u0441\u0442\u0440\u0430\u043d\u0441\u0442\u0432\u043e\u043c \u0432 \u0441\u043e\u043e\u0442\u0432\u0435\u0442\u0441\u0442\u0432\u0438\u0438 \u0441 \u0432\u0430\u0448\u0438\u043c\u0438 \u043e\u0436\u0438\u0434\u0430\u043d\u0438\u044f\u043c\u0438 \u0438 \u043f\u043e\u0432\u044b\u0448\u0430\u0442\u044c \u0443\u0440\u043e\u0432\u0435\u043d\u044c \u043a\u043e\u043c\u0444\u043e\u0440\u0442\u0430.<\/p><p>\u00a0<\/p><h3><span style=\"color: #000000;\"><b>\u041e\u0440\u0433\u0430\u043d\u0438\u0437\u043e\u0432\u0430\u043d\u043d\u043e\u0441\u0442\u044c, \u043a\u043e\u043c\u0444\u043e\u0440\u0442 \u0438 \u0443\u0432\u0435\u0440\u0435\u043d\u043d\u043e\u0441\u0442\u044c \u0432\u043c\u0435\u0441\u0442\u0435<\/b><\/span><\/h3><p class=\"p1\">\u041f\u043e\u0434\u0434\u0435\u0440\u0436\u0438\u0432\u0430\u044f \u043f\u043e\u0440\u044f\u0434\u043e\u043a \u043d\u0430 \u0432\u0430\u0448\u0435\u0439 \u0432\u0438\u043b\u043b\u0435, \u043c\u044b \u0442\u0430\u043a\u0436\u0435 \u0443\u0434\u0435\u043b\u044f\u0435\u043c \u043e\u0441\u043e\u0431\u043e\u0435 \u0432\u043d\u0438\u043c\u0430\u043d\u0438\u0435 \u0431\u0435\u0437\u043e\u043f\u0430\u0441\u043d\u043e\u0441\u0442\u0438 \u0432\u0430\u0448\u0435\u0433\u043e \u0434\u043e\u043c\u0430.<\/p><p class=\"p1\">\u041a\u0430\u0436\u0434\u044b\u0439 \u0441\u043e\u0442\u0440\u0443\u0434\u043d\u0438\u043a \u0440\u0430\u0431\u043e\u0442\u0430\u0435\u0442 \u0441 \u0447\u0443\u0432\u0441\u0442\u0432\u043e\u043c \u043e\u0442\u0432\u0435\u0442\u0441\u0442\u0432\u0435\u043d\u043d\u043e\u0441\u0442\u0438 \u0438 \u0441\u043e\u0437\u0434\u0430\u0435\u0442 \u0447\u0438\u0441\u0442\u043e\u0435, \u043e\u0440\u0433\u0430\u043d\u0438\u0437\u043e\u0432\u0430\u043d\u043d\u043e\u0435 \u0438 \u0441\u043f\u043e\u043a\u043e\u0439\u043d\u043e\u0435 \u0436\u0438\u0437\u043d\u0435\u043d\u043d\u043e\u0435 \u043f\u0440\u043e\u0441\u0442\u0440\u0430\u043d\u0441\u0442\u0432\u043e.<\/p><p class=\"p1\">\u0422\u0430\u043a\u0438\u043c \u043e\u0431\u0440\u0430\u0437\u043e\u043c, \u0432\u044b \u0441\u043c\u043e\u0436\u0435\u0442\u0435 \u043f\u0440\u0438\u044f\u0442\u043d\u043e \u043f\u0440\u043e\u0432\u0435\u0441\u0442\u0438 \u0432\u0440\u0435\u043c\u044f \u0438 \u043d\u0430\u0441\u043b\u0430\u0434\u0438\u0442\u044c\u0441\u044f \u043a\u043e\u043c\u0444\u043e\u0440\u0442\u043e\u043c, \u0434\u043e\u0432\u0435\u0440\u0438\u0432 \u0432\u0441\u0435 \u0437\u0430\u0431\u043e\u0442\u044b \u043e \u0441\u0432\u043e\u0435\u043c \u0434\u043e\u043c\u0435 \u043f\u0440\u043e\u0444\u0435\u0441\u0441\u0438\u043e\u043d\u0430\u043b\u044c\u043d\u044b\u043c \u0440\u0443\u043a\u0430\u043c.<\/p><p>\u00a0<\/p><h3><span style=\"color: #000000;\"><b>\u041f\u043e\u0447\u0435\u043c\u0443 \u0438\u043c\u0435\u043d\u043d\u043e \u0421\u0442\u0430\u043c\u0431\u0443\u043b\u044c\u0441\u043a\u0430\u044f \u0441\u0438\u0434\u0435\u043b\u043a\u0430?<\/b><\/span><\/h3><p class=\"p1\">\u041e\u0431\u0443\u0447\u0435\u043d\u043d\u044b\u0439 \u0438 \u043e\u043f\u044b\u0442\u043d\u044b\u0439 \u043f\u0435\u0440\u0441\u043e\u043d\u0430\u043b \u0432\u0438\u043b\u043b\u044b<\/p><p class=\"p1\">\u0418\u043d\u0434\u0438\u0432\u0438\u0434\u0443\u0430\u043b\u044c\u043d\u043e\u0435 \u043f\u043b\u0430\u043d\u0438\u0440\u043e\u0432\u0430\u043d\u0438\u0435 \u0443\u0441\u043b\u0443\u0433<\/p><p class=\"p1\">\u041d\u0430\u0434\u0435\u0436\u043d\u044b\u0439 \u044d\u0442\u0430\u043b\u043e\u043d \u0438 \u043d\u0435\u043f\u0440\u0435\u0440\u044b\u0432\u043d\u044b\u0439 \u043c\u043e\u043d\u0438\u0442\u043e\u0440\u0438\u043d\u0433<\/p><p class=\"p1\">\u0413\u0438\u0431\u043a\u0438\u0435 \u043c\u043e\u0434\u0435\u043b\u0438 \u0440\u0430\u0431\u043e\u0442\u044b<\/p><p class=\"p1\">\u041a\u043e\u043d\u0446\u0435\u043f\u0446\u0438\u044f \u043e\u0431\u0441\u043b\u0443\u0436\u0438\u0432\u0430\u043d\u0438\u044f, \u0441\u043e\u0447\u0435\u0442\u0430\u044e\u0449\u0430\u044f \u043a\u043e\u043c\u0444\u043e\u0440\u0442, \u0434\u043e\u0432\u0435\u0440\u0438\u0435 \u0438 \u043f\u0440\u043e\u0444\u0435\u0441\u0441\u0438\u043e\u043d\u0430\u043b\u0438\u0437\u043c<\/p>\t\t\t\t\t\t\t\t<\/div>\n\t\t\t\t<\/div>\n\t\t\t\t<\/div>\n\t\t\t\t\t<\/div>\n\t\t\t\t<\/div>\n\t\t\t\t<\/div>\n\t\t\t\t<\/div>","protected":false},"excerpt":{"rendered":"<p>Villa Personeli Villalar, geni\u015f ya\u015fam alanlar\u0131 ve \u00f6zel hizmet ihtiya\u00e7lar\u0131yla di\u011fer evlerden farkl\u0131 bir d\u00fczene sahiptir. \u0130stanbul Bak\u0131c\u0131m olarak, villalarda temizlikten bah\u00e7e bak\u0131m\u0131na, misafir a\u011f\u0131rlamadan g\u00fcvenli\u011fe kadar t\u00fcm detaylarda profesyonel destek sunuyoruz. Deneyimli ve g\u00fcvenilir villa personeli ekibimiz, ya\u015fam alan\u0131n\u0131z\u0131n d\u00fczenini ve konforunu eksiksiz bir \u015fekilde s\u00fcrd\u00fcrmenizi sa\u011flar. \u00a0 Deneyimli ve E\u011fitimli Personel Kadrosu Her [&hellip;]<\/p>","protected":false},"author":1,"featured_media":0,"parent":0,"menu_order":0,"comment_status":"closed","ping_status":"closed","template":"","meta":{"footnotes":""},"class_list":["post-383","page","type-page","status-publish","hentry"],"_links":{"self":[{"href":"https:\/\/istanbulbakicim.com\/ru\/wp-json\/wp\/v2\/pages\/383","targetHints":{"allow":["GET"]}}],"collection":[{"href":"https:\/\/istanbulbakicim.com\/ru\/wp-json\/wp\/v2\/pages"}],"about":[{"href":"https:\/\/istanbulbakicim.com\/ru\/wp-json\/wp\/v2\/types\/page"}],"author":[{"embeddable":true,"href":"https:\/\/istanbulbakicim.com\/ru\/wp-json\/wp\/v2\/users\/1"}],"replies":[{"embeddable":true,"href":"https:\/\/istanbulbakicim.com\/ru\/wp-json\/wp\/v2\/comments?post=383"}],"version-history":[{"count":4,"href":"https:\/\/istanbulbakicim.com\/ru\/wp-json\/wp\/v2\/pages\/383\/revisions"}],"predecessor-version":[{"id":391,"href":"https:\/\/istanbulbakicim.com\/ru\/wp-json\/wp\/v2\/pages\/383\/revisions\/391"}],"wp:attachment":[{"href":"https:\/\/istanbulbakicim.com\/ru\/wp-json\/wp\/v2\/media?parent=383"}],"curies":[{"name":"wp","href":"https:\/\/api.w.org\/{rel}","templated":true}]}}