{"id":377,"date":"2025-10-20T11:57:37","date_gmt":"2025-10-20T11:57:37","guid":{"rendered":"https:\/\/istanbulbakicim.com\/?page_id=377"},"modified":"2025-10-20T12:02:05","modified_gmt":"2025-10-20T12:02:05","slug":"bebek-bakici","status":"publish","type":"page","link":"https:\/\/istanbulbakicim.com\/ru\/bebek-bakici\/","title":{"rendered":"\u041d\u044f\u043d\u044f"},"content":{"rendered":"<div data-elementor-type=\"wp-page\" data-elementor-id=\"377\" class=\"elementor elementor-377\" data-elementor-post-type=\"page\">\n\t\t\t\t<div class=\"elementor-element elementor-element-3e1b4a8 e-flex e-con-boxed e-con e-parent\" data-id=\"3e1b4a8\" data-element_type=\"container\" data-settings=\"{&quot;background_background&quot;:&quot;classic&quot;}\">\n\t\t\t\t\t<div class=\"e-con-inner\">\n\t\t<div class=\"elementor-element elementor-element-39640d9 e-con-full e-flex e-con e-child\" data-id=\"39640d9\" data-element_type=\"container\">\n\t\t\t\t<div class=\"elementor-element elementor-element-2097624 elementor-invisible elementor-widget elementor-widget-heading\" data-id=\"2097624\" data-element_type=\"widget\" data-settings=\"{&quot;_animation&quot;:&quot;fadeIn&quot;}\" data-widget_type=\"heading.default\">\n\t\t\t\t\t<h2 class=\"elementor-heading-title elementor-size-default\">\u041d\u044f\u043d\u044f<\/h2>\t\t\t\t<\/div>\n\t\t\t\t<\/div>\n\t\t\t\t\t<\/div>\n\t\t\t\t<\/div>\n\t\t<div class=\"elementor-element elementor-element-d62d550 e-con-full e-flex e-con e-parent\" data-id=\"d62d550\" data-element_type=\"container\" data-settings=\"{&quot;background_background&quot;:&quot;classic&quot;}\">\n\t\t<div class=\"elementor-element elementor-element-ee8f269 e-flex e-con-boxed e-con e-child\" data-id=\"ee8f269\" data-element_type=\"container\">\n\t\t\t\t\t<div class=\"e-con-inner\">\n\t\t<div class=\"elementor-element elementor-element-accdc92 e-con-full e-flex e-con e-child\" data-id=\"accdc92\" data-element_type=\"container\">\n\t\t<div class=\"elementor-element elementor-element-a99e63d e-con-full e-flex elementor-invisible e-con e-child\" data-id=\"a99e63d\" data-element_type=\"container\" data-settings=\"{&quot;animation&quot;:&quot;fadeIn&quot;}\">\n\t\t\t\t<div class=\"elementor-element elementor-element-464eb08 elementor-invisible elementor-widget elementor-widget-text-editor\" data-id=\"464eb08\" data-element_type=\"widget\" data-settings=\"{&quot;_animation&quot;:&quot;fadeIn&quot;}\" data-widget_type=\"text-editor.default\">\n\t\t\t\t\t\t\t\t\t<p class=\"p1\">\u041e\u0431\u0435\u0441\u043f\u0435\u0447\u0435\u043d\u0438\u0435 \u043f\u0440\u0430\u0432\u0438\u043b\u044c\u043d\u043e\u0433\u043e \u0443\u0445\u043e\u0434\u0430 \u0434\u043b\u044f \u0437\u0434\u043e\u0440\u043e\u0432\u044c\u044f, \u0441\u0447\u0430\u0441\u0442\u044c\u044f \u0438 \u0434\u0443\u0448\u0435\u0432\u043d\u043e\u0433\u043e \u0441\u043f\u043e\u043a\u043e\u0439\u0441\u0442\u0432\u0438\u044f \u0432\u0430\u0448\u0435\u0433\u043e \u0440\u0435\u0431\u0435\u043d\u043a\u0430 - \u043f\u0440\u0438\u043e\u0440\u0438\u0442\u0435\u0442 \u043a\u0430\u0436\u0434\u043e\u0439 \u0441\u0435\u043c\u044c\u0438.<\/p><p class=\"p1\">\u0421\u0442\u0430\u043c\u0431\u0443\u043b \u041a\u0430\u043a \u043c\u043e\u0439 \u0441\u0438\u0434\u0435\u043b\u043a\u0430, \u043e\u0431\u0443\u0447\u0435\u043d\u043d\u044b\u0439 \u0438 \u043e\u043f\u044b\u0442\u043d\u044b\u0439 \u0432 \u044d\u0442\u043e\u0439 \u043e\u0431\u043b\u0430\u0441\u0442\u0438 <span class=\"s1\"><b>\u0443\u0445\u043e\u0434 \u0437\u0430 \u0440\u0435\u0431\u0451\u043d\u043a\u043e\u043c<\/b><\/span> \u041c\u044b \u043f\u0440\u0435\u0434\u043b\u0430\u0433\u0430\u0435\u043c \u0431\u0435\u0437\u043e\u043f\u0430\u0441\u043d\u044b\u0439, \u043e\u0440\u0433\u0430\u043d\u0438\u0437\u043e\u0432\u0430\u043d\u043d\u044b\u0439 \u0438 \u043b\u044e\u0431\u044f\u0449\u0438\u0439 \u0443\u0445\u043e\u0434 \u0441 \u043d\u0430\u0448\u0435\u0439 \u043a\u043e\u043c\u0430\u043d\u0434\u043e\u0439.<\/p><p class=\"p1\">\u0417\u043d\u0430\u044f, \u0447\u0442\u043e \u0443 \u043a\u0430\u0436\u0434\u043e\u0433\u043e \u0440\u0435\u0431\u0435\u043d\u043a\u0430 \u0441\u0432\u043e\u0439 \u0440\u0438\u0442\u043c \u043f\u043e\u0442\u0440\u0435\u0431\u043d\u043e\u0441\u0442\u0435\u0439, \u0432\u044b \u043c\u043e\u0436\u0435\u0442\u0435 \u043f\u043e\u043b\u043d\u043e\u0441\u0442\u044c\u044e \u0441\u043f\u043b\u0430\u043d\u0438\u0440\u043e\u0432\u0430\u0442\u044c \u0441\u0432\u043e\u0439 \u043f\u043b\u0430\u043d \u0443\u0445\u043e\u0434\u0430. <span class=\"s1\"><b>\u0432\u043e\u0437\u0440\u0430\u0441\u0442, \u0443\u0440\u043e\u0432\u0435\u043d\u044c \u0440\u0430\u0437\u0432\u0438\u0442\u0438\u044f \u0438 \u0445\u0430\u0440\u0430\u043a\u0442\u0435\u0440 \u0432\u0430\u0448\u0435\u0433\u043e \u0440\u0435\u0431\u0435\u043d\u043a\u0430<\/b><\/span> \u0441\u043e\u043e\u0442\u0432\u0435\u0442\u0441\u0442\u0432\u0435\u043d\u043d\u043e.<\/p><h3>\u00a0<\/h3><h3><span style=\"color: #000000;\"><b>\u0418\u043d\u0434\u0438\u0432\u0438\u0434\u0443\u0430\u043b\u044c\u043d\u044b\u0439 \u043f\u043b\u0430\u043d \u0443\u0445\u043e\u0434\u0430 \u0437\u0430 \u0432\u0430\u0448\u0438\u043c \u0440\u0435\u0431\u0435\u043d\u043a\u043e\u043c<\/b><\/span><\/h3><p class=\"p1\">\u041a\u0430\u0436\u0434\u044b\u0439 \u0440\u0435\u0431\u0435\u043d\u043e\u043a \u0443\u043d\u0438\u043a\u0430\u043b\u0435\u043d, \u043f\u043e\u044d\u0442\u043e\u043c\u0443 \u0438 \u043f\u0440\u043e\u0446\u0435\u0441\u0441 \u0443\u0445\u043e\u0434\u0430 \u0434\u043e\u043b\u0436\u0435\u043d \u0431\u044b\u0442\u044c \u0438\u043d\u0434\u0438\u0432\u0438\u0434\u0443\u0430\u043b\u044c\u043d\u044b\u043c.<\/p><p class=\"p1\">\u041d\u0430\u0448\u0430 \u043a\u043e\u043c\u0430\u043d\u0434\u0430 \u0442\u0449\u0430\u0442\u0435\u043b\u044c\u043d\u043e \u043f\u0440\u043e\u0434\u0443\u043c\u044b\u0432\u0430\u0435\u0442 \u043a\u0430\u0436\u0434\u044b\u0439 \u0448\u0430\u0433 - \u043e\u0442 \u0434\u0438\u0435\u0442\u044b \u0434\u043e \u0441\u043d\u0430, \u043e\u0442 \u0441\u043c\u0435\u043d\u044b \u043f\u043e\u0434\u0433\u0443\u0437\u043d\u0438\u043a\u043e\u0432 \u0434\u043e \u0438\u0433\u0440.<\/p><p class=\"p1\"><span class=\"s1\"><b>\u041d\u0430\u0448\u0438 \u0443\u0441\u043b\u0443\u0433\u0438 \u043f\u043e \u0443\u0445\u043e\u0434\u0443 \u0437\u0430 \u0434\u0435\u0442\u044c\u043c\u0438<\/b><\/span>\u043c\u043e\u0436\u0435\u0442 \u0431\u044b\u0442\u044c \u043f\u0440\u0435\u0434\u043b\u043e\u0436\u0435\u043d\u0430 \u043a\u0430\u043a \u043d\u0430 \u043f\u043e\u043b\u043d\u044b\u0439, \u0442\u0430\u043a \u0438 \u043d\u0430 \u043d\u0435\u043f\u043e\u043b\u043d\u044b\u0439 \u0440\u0430\u0431\u043e\u0447\u0438\u0439 \u0434\u0435\u043d\u044c.<\/p><p class=\"p1\">\u0421\u043e\u0437\u0434\u0430\u0432\u0430\u044f \u0433\u0438\u0431\u043a\u0438\u0439 \u043f\u043b\u0430\u043d \u0440\u0430\u0431\u043e\u0442\u044b \u0432 \u0441\u043e\u043e\u0442\u0432\u0435\u0442\u0441\u0442\u0432\u0438\u0438 \u0441 \u043f\u043e\u0442\u0440\u0435\u0431\u043d\u043e\u0441\u0442\u044f\u043c\u0438 \u0441\u0435\u043c\u0435\u0439, \u043c\u044b \u043e\u0431\u0435\u0441\u043f\u0435\u0447\u0438\u0432\u0430\u0435\u043c \u0431\u0435\u0437\u043e\u043f\u0430\u0441\u043d\u0443\u044e \u0438 \u0443\u0441\u0442\u043e\u0439\u0447\u0438\u0432\u0443\u044e \u043f\u043e\u0434\u0434\u0435\u0440\u0436\u043a\u0443.<\/p><h3>\u00a0<\/h3><h3><span style=\"color: #000000;\"><b>\u041e\u043f\u044b\u0442\u043d\u044b\u0439 \u0438 \u043e\u0431\u0443\u0447\u0435\u043d\u043d\u044b\u0439 \u043f\u0435\u0440\u0441\u043e\u043d\u0430\u043b \u043f\u043e \u0443\u0445\u043e\u0434\u0443<\/b><\/span><\/h3><p class=\"p1\">\u0421\u0442\u0430\u043c\u0431\u0443\u043b \u0423\u0445\u0430\u0436\u0438\u0432\u0430\u044e\u0449\u0438\u0439 \u0432 \u043c\u043e\u0435\u0439 \u043e\u0440\u0433\u0430\u043d\u0438\u0437\u0430\u0446\u0438\u0438 <span class=\"s1\"><b>\u0432\u043e\u0441\u043f\u0438\u0442\u0430\u0442\u0435\u043b\u0438 \u0434\u0435\u0442\u0435\u0439<\/b><\/span>\u044d\u0442\u043e \u043f\u0440\u043e\u0444\u0435\u0441\u0441\u0438\u043e\u043d\u0430\u043b\u044b, \u043e\u0431\u0443\u0447\u0435\u043d\u043d\u044b\u0435 \u043d\u0430\u0432\u044b\u043a\u0430\u043c \u0440\u0430\u0437\u0432\u0438\u0442\u0438\u044f \u0434\u0435\u0442\u0435\u0439 \u0438 \u043e\u043a\u0430\u0437\u0430\u043d\u0438\u044f \u043f\u0435\u0440\u0432\u043e\u0439 \u043f\u043e\u043c\u043e\u0449\u0438.<\/p><p class=\"p1\">\u0418\u0441\u043f\u043e\u043b\u044c\u0437\u0443\u044f \u043f\u043e\u0434\u0445\u043e\u0434\u044b, \u043d\u0430\u043f\u0440\u0430\u0432\u043b\u0435\u043d\u043d\u044b\u0435 \u043d\u0430 \u0444\u0438\u0437\u0438\u0447\u0435\u0441\u043a\u043e\u0435, \u044d\u043c\u043e\u0446\u0438\u043e\u043d\u0430\u043b\u044c\u043d\u043e\u0435 \u0438 \u0441\u043e\u0446\u0438\u0430\u043b\u044c\u043d\u043e\u0435 \u0440\u0430\u0437\u0432\u0438\u0442\u0438\u0435 \u043c\u0430\u043b\u044b\u0448\u0435\u0439, \u043c\u044b \u0441\u043f\u043e\u0441\u043e\u0431\u0441\u0442\u0432\u0443\u0435\u043c \u0438\u0445 \u0441\u0442\u0430\u043d\u043e\u0432\u043b\u0435\u043d\u0438\u044e \u043a\u0430\u043a \u0437\u0434\u043e\u0440\u043e\u0432\u044b\u0445 \u0438 \u0441\u0447\u0430\u0441\u0442\u043b\u0438\u0432\u044b\u0445 \u043b\u0438\u0447\u043d\u043e\u0441\u0442\u0435\u0439.<\/p><p class=\"p1\">\u041c\u044b \u0442\u0430\u043a\u0436\u0435 \u0433\u0430\u0440\u0430\u043d\u0442\u0438\u0440\u0443\u0435\u043c \u043d\u0430\u0434\u0435\u0436\u043d\u043e\u0441\u0442\u044c \u0431\u043b\u0430\u0433\u043e\u0434\u0430\u0440\u044f \u0440\u0435\u0433\u0443\u043b\u044f\u0440\u043d\u044b\u043c \u0432\u043d\u0443\u0442\u0440\u0435\u043d\u043d\u0438\u043c \u0430\u0443\u0434\u0438\u0442\u0430\u043c \u0438 \u043f\u0440\u043e\u0432\u0435\u0440\u043a\u0435 \u0440\u0435\u043a\u043e\u043c\u0435\u043d\u0434\u0430\u0446\u0438\u0439.<\/p><h3>\u00a0<\/h3><h3><span style=\"color: #000000;\"><b>\u041f\u043e\u0441\u0442\u043e\u044f\u043d\u043d\u0430\u044f \u0441\u0432\u044f\u0437\u044c \u0441 \u0441\u0435\u043c\u044c\u044f\u043c\u0438 \u0438 \u043f\u0440\u043e\u0437\u0440\u0430\u0447\u043d\u044b\u0435 \u043f\u043e\u0441\u043b\u0435\u0434\u0443\u044e\u0449\u0438\u0435 \u0434\u0435\u0439\u0441\u0442\u0432\u0438\u044f<\/b><\/span><\/h3><p class=\"p1\">\u041c\u044b \u043f\u043e\u0434\u0434\u0435\u0440\u0436\u0438\u0432\u0430\u0435\u043c \u043f\u043e\u0441\u0442\u043e\u044f\u043d\u043d\u0443\u044e \u0441\u0432\u044f\u0437\u044c \u0441 \u0441\u0435\u043c\u044c\u044f\u043c\u0438 \u043d\u0430 \u043f\u0440\u043e\u0442\u044f\u0436\u0435\u043d\u0438\u0438 \u0432\u0441\u0435\u0433\u043e \u043f\u0440\u043e\u0446\u0435\u0441\u0441\u0430 \u0443\u0445\u043e\u0434\u0430 \u0437\u0430 \u043c\u0430\u043b\u044b\u0448\u043e\u043c \u0438 \u0440\u0430\u0441\u0441\u043a\u0430\u0437\u044b\u0432\u0430\u0435\u043c \u043e \u043a\u0430\u0436\u0434\u043e\u043c \u044d\u0442\u0430\u043f\u0435 \u0441 \u043f\u043e\u043c\u043e\u0449\u044c\u044e \u0441\u0438\u0441\u0442\u0435\u043c\u044b \u0435\u0436\u0435\u0434\u043d\u0435\u0432\u043d\u043e\u0439 \u043e\u0442\u0447\u0435\u0442\u043d\u043e\u0441\u0442\u0438.<\/p><p class=\"p1\">\u0422\u0430\u043a\u0438\u043c \u043e\u0431\u0440\u0430\u0437\u043e\u043c, \u0440\u043e\u0434\u0438\u0442\u0435\u043b\u0438 \u043c\u043e\u0433\u0443\u0442 \u0441\u043f\u043e\u043a\u043e\u0439\u043d\u043e \u0441\u043b\u0435\u0434\u0438\u0442\u044c \u0437\u0430 \u043f\u0440\u043e\u0446\u0435\u0441\u0441\u043e\u043c \u0438 \u0432\u043d\u0438\u043c\u0430\u0442\u0435\u043b\u044c\u043d\u043e \u043d\u0430\u0431\u043b\u044e\u0434\u0430\u0442\u044c \u0437\u0430 \u0440\u0430\u0437\u0432\u0438\u0442\u0438\u0435\u043c \u0441\u0432\u043e\u0438\u0445 \u043c\u0430\u043b\u044b\u0448\u0435\u0439.<\/p><p class=\"p1\">\u041d\u0430\u0448\u0430 \u0446\u0435\u043b\u044c - \u0443\u0441\u0442\u0430\u043d\u043e\u0432\u0438\u0442\u044c \u0434\u043e\u0432\u0435\u0440\u0438\u0442\u0435\u043b\u044c\u043d\u044b\u0435, \u043f\u0440\u043e\u0437\u0440\u0430\u0447\u043d\u044b\u0435 \u0438 \u0434\u043e\u043b\u0433\u043e\u0441\u0440\u043e\u0447\u043d\u044b\u0435 \u043e\u0442\u043d\u043e\u0448\u0435\u043d\u0438\u044f.<\/p><h3>\u00a0<\/h3><h3><span style=\"color: #000000;\"><b>\u041f\u043e\u0447\u0435\u043c\u0443 \u0438\u043c\u0435\u043d\u043d\u043e \u0421\u0442\u0430\u043c\u0431\u0443\u043b\u044c\u0441\u043a\u0430\u044f \u0441\u0438\u0434\u0435\u043b\u043a\u0430?<\/b><\/span><\/h3><ul><li><p class=\"p1\">\u041e\u0431\u0443\u0447\u0435\u043d\u043d\u0430\u044f \u0438 \u043e\u043f\u044b\u0442\u043d\u0430\u044f \u043a\u043e\u043c\u0430\u043d\u0434\u0430 \u043d\u044f\u043d\u044c<\/p><\/li><li><p class=\"p1\">\u0418\u043d\u0434\u0438\u0432\u0438\u0434\u0443\u0430\u043b\u044c\u043d\u044b\u0439 \u043f\u043b\u0430\u043d \u0443\u0445\u043e\u0434\u0430<\/p><\/li><li><p class=\"p1\">\u041d\u0430\u0434\u0435\u0436\u043d\u0430\u044f \u0441\u0438\u0441\u0442\u0435\u043c\u0430 \u043e\u0442\u0441\u0447\u0435\u0442\u0430 \u0438 \u0440\u0435\u0433\u0443\u043b\u044f\u0440\u043d\u043e\u0433\u043e \u043a\u043e\u043d\u0442\u0440\u043e\u043b\u044f<\/p><\/li><li><p class=\"p1\">\u0413\u0438\u0431\u043a\u0438\u0439 \u0433\u0440\u0430\u0444\u0438\u043a \u0440\u0430\u0431\u043e\u0442\u044b<\/p><\/li><li><p class=\"p1\">\u0421\u0435\u043c\u0435\u0439\u043d\u043e-\u043e\u0440\u0438\u0435\u043d\u0442\u0438\u0440\u043e\u0432\u0430\u043d\u043d\u044b\u0439 \u043f\u043e\u0434\u0445\u043e\u0434 \u043a \u043e\u0431\u0449\u0435\u043d\u0438\u044e<\/p><\/li><\/ul><p>\u00a0<\/p><p class=\"p1\">\u0415\u0441\u043b\u0438 \u0432\u044b \u0445\u043e\u0442\u0438\u0442\u0435 \u0441\u0434\u0435\u043b\u0430\u0442\u044c \u0441\u0430\u043c\u043e\u0435 \u0446\u0435\u043d\u043d\u043e\u0435 \u0432\u043b\u043e\u0436\u0435\u043d\u0438\u0435 \u0434\u043b\u044f \u0441\u0432\u043e\u0435\u0433\u043e \u043c\u0430\u043b\u044b\u0448\u0430,<\/p><p class=\"p1\">\u041f\u0440\u043e\u0444\u0435\u0441\u0441\u0438\u043e\u043d\u0430\u043b \u043f\u043e \u0443\u0445\u043e\u0434\u0443 \u0437\u0430 \u0431\u043e\u043b\u044c\u043d\u044b\u043c\u0438 \u0432 \u0421\u0442\u0430\u043c\u0431\u0443\u043b\u0435 <span class=\"s1\"><b>\u0443\u0441\u043b\u0443\u0433\u0438 \u043d\u044f\u043d\u0438<\/b><\/span> \u041f\u043e\u0437\u043d\u0430\u043a\u043e\u043c\u044c\u0442\u0435\u0441\u044c \u0441 \u043d\u0438\u043c.<\/p><p class=\"p1\">\u041c\u044b \u0441 \u043b\u044e\u0431\u043e\u0432\u044c\u044e \u043e\u0442\u043d\u043e\u0441\u0438\u043c\u0441\u044f \u043a \u043a\u0430\u0436\u0434\u043e\u043c\u0443 \u043c\u0430\u043b\u044b\u0448\u0443, \u043a\u043e\u0442\u043e\u0440\u044b\u0439 \u0440\u0430\u0441\u0442\u0435\u0442. \ud83c\udf38<\/p>\t\t\t\t\t\t\t\t<\/div>\n\t\t\t\t<\/div>\n\t\t\t\t<\/div>\n\t\t\t\t\t<\/div>\n\t\t\t\t<\/div>\n\t\t\t\t<\/div>\n\t\t\t\t<\/div>","protected":false},"excerpt":{"rendered":"<p>Bebek Bak\u0131c\u0131 Bebe\u011finizin sa\u011fl\u0131\u011f\u0131, mutlulu\u011fu ve huzuru i\u00e7in en do\u011fru bak\u0131m\u0131 sa\u011flamak her ailenin \u00f6nceli\u011fidir. \u0130stanbul Bak\u0131c\u0131m olarak, alan\u0131nda e\u011fitimli ve deneyimli bebek bak\u0131c\u0131s\u0131 ekibimizle; g\u00fcvenli, d\u00fczenli ve sevgi dolu bir bak\u0131m s\u00fcreci sunuyoruz. Her bebe\u011fin farkl\u0131 bir ihtiya\u00e7 ritmi oldu\u011funu biliyor, bak\u0131m plan\u0131n\u0131 tamamen bebe\u011finizin ya\u015f\u0131na, geli\u015fim d\u00fczeyine ve karakterine g\u00f6re \u015fekillendiriyoruz. \u00a0 Bebe\u011finiz [&hellip;]<\/p>","protected":false},"author":1,"featured_media":0,"parent":0,"menu_order":0,"comment_status":"closed","ping_status":"closed","template":"","meta":{"footnotes":""},"class_list":["post-377","page","type-page","status-publish","hentry"],"_links":{"self":[{"href":"https:\/\/istanbulbakicim.com\/ru\/wp-json\/wp\/v2\/pages\/377","targetHints":{"allow":["GET"]}}],"collection":[{"href":"https:\/\/istanbulbakicim.com\/ru\/wp-json\/wp\/v2\/pages"}],"about":[{"href":"https:\/\/istanbulbakicim.com\/ru\/wp-json\/wp\/v2\/types\/page"}],"author":[{"embeddable":true,"href":"https:\/\/istanbulbakicim.com\/ru\/wp-json\/wp\/v2\/users\/1"}],"replies":[{"embeddable":true,"href":"https:\/\/istanbulbakicim.com\/ru\/wp-json\/wp\/v2\/comments?post=377"}],"version-history":[{"count":7,"href":"https:\/\/istanbulbakicim.com\/ru\/wp-json\/wp\/v2\/pages\/377\/revisions"}],"predecessor-version":[{"id":387,"href":"https:\/\/istanbulbakicim.com\/ru\/wp-json\/wp\/v2\/pages\/377\/revisions\/387"}],"wp:attachment":[{"href":"https:\/\/istanbulbakicim.com\/ru\/wp-json\/wp\/v2\/media?parent=377"}],"curies":[{"name":"wp","href":"https:\/\/api.w.org\/{rel}","templated":true}]}}