{"id":198,"date":"2025-09-26T22:40:32","date_gmt":"2025-09-26T22:40:32","guid":{"rendered":"https:\/\/istanbulbakicim.com\/?page_id=198"},"modified":"2025-09-26T22:48:31","modified_gmt":"2025-09-26T22:48:31","slug":"kvkk","status":"publish","type":"page","link":"https:\/\/istanbulbakicim.com\/ru\/kvkk\/","title":{"rendered":"KVKK"},"content":{"rendered":"<div data-elementor-type=\"wp-page\" data-elementor-id=\"198\" class=\"elementor elementor-198\" data-elementor-post-type=\"page\">\n\t\t\t\t<div class=\"elementor-element elementor-element-7d424372 e-flex e-con-boxed e-con e-parent\" data-id=\"7d424372\" data-element_type=\"container\" data-settings=\"{&quot;background_background&quot;:&quot;classic&quot;}\">\n\t\t\t\t\t<div class=\"e-con-inner\">\n\t\t<div class=\"elementor-element elementor-element-7fa8b13a e-con-full e-flex e-con e-child\" data-id=\"7fa8b13a\" data-element_type=\"container\">\n\t\t\t\t<div class=\"elementor-element elementor-element-2d57d83c elementor-invisible elementor-widget elementor-widget-heading\" data-id=\"2d57d83c\" data-element_type=\"widget\" data-settings=\"{&quot;_animation&quot;:&quot;fadeIn&quot;}\" data-widget_type=\"heading.default\">\n\t\t\t\t\t<h2 class=\"elementor-heading-title elementor-size-default\">KVKK<\/h2>\t\t\t\t<\/div>\n\t\t<div class=\"elementor-element elementor-element-1031650b e-con-full e-flex e-con e-child\" data-id=\"1031650b\" data-element_type=\"container\">\n\t\t\t\t<div class=\"elementor-element elementor-element-13fd2f elementor-icon-list--layout-inline elementor-icon-list-ico-position-10 elementor-list-item-link-full_width elementor-invisible elementor-widget elementor-widget-icon-list\" data-id=\"13fd2f\" data-element_type=\"widget\" data-settings=\"{&quot;_animation&quot;:&quot;fadeIn&quot;}\" data-widget_type=\"icon-list.default\">\n\t\t\t\t\t\t\t<ul class=\"elementor-icon-list-items elementor-inline-items\">\n\t\t\t\t\t\t\t<li class=\"elementor-icon-list-item elementor-inline-item\">\n\t\t\t\t\t\t\t\t\t\t\t<a href=\"https:\/\/istanbulbakicim.com\/ru\/\">\n\n\t\t\t\t\t\t\t\t\t\t\t<span class=\"elementor-icon-list-text\">\u0413\u043b\u0430\u0432\u043d\u0430\u044f \u0441\u0442\u0440\u0430\u043d\u0438\u0446\u0430<\/span>\n\t\t\t\t\t\t\t\t\t\t\t<\/a>\n\t\t\t\t\t\t\t\t\t<\/li>\n\t\t\t\t\t\t\t\t<li class=\"elementor-icon-list-item elementor-inline-item\">\n\t\t\t\t\t\t\t\t\t\t\t<span class=\"elementor-icon-list-icon\">\n\t\t\t\t\t\t\t<svg aria-hidden=\"true\" class=\"e-font-icon-svg e-fas-chevron-right\" viewbox=\"0 0 320 512\" xmlns=\"http:\/\/www.w3.org\/2000\/svg\"><path d=\"M285.476 272.971L91.132 467.314c-9.373 9.373-24.569 9.373-33.941 0l-22.667-22.667c-9.357-9.357-9.375-24.522-.04-33.901L188.505 256 34.484 101.255c-9.335-9.379-9.317-24.544.04-33.901l22.667-22.667c9.373-9.373 24.569-9.373 33.941 0L285.475 239.03c9.373 9.372 9.373 24.568.001 33.941z\"><\/path><\/svg>\t\t\t\t\t\t<\/span>\n\t\t\t\t\t\t\t\t\t\t<span class=\"elementor-icon-list-text\"><\/span>\n\t\t\t\t\t\t\t\t\t<\/li>\n\t\t\t\t\t\t\t\t<li class=\"elementor-icon-list-item elementor-inline-item\">\n\t\t\t\t\t\t\t\t\t\t<span class=\"elementor-icon-list-text\">KVKK<\/span>\n\t\t\t\t\t\t\t\t\t<\/li>\n\t\t\t\t\t\t<\/ul>\n\t\t\t\t\t\t<\/div>\n\t\t\t\t<\/div>\n\t\t\t\t<\/div>\n\t\t\t\t\t<\/div>\n\t\t\t\t<\/div>\n\t\t<div class=\"elementor-element elementor-element-2812e21e e-con-full e-flex e-con e-parent\" data-id=\"2812e21e\" data-element_type=\"container\" data-settings=\"{&quot;background_background&quot;:&quot;classic&quot;}\">\n\t\t<div class=\"elementor-element elementor-element-1f9988a2 e-flex e-con-boxed e-con e-child\" data-id=\"1f9988a2\" data-element_type=\"container\">\n\t\t\t\t\t<div class=\"e-con-inner\">\n\t\t<div class=\"elementor-element elementor-element-5a0f0128 e-con-full e-flex e-con e-child\" data-id=\"5a0f0128\" data-element_type=\"container\">\n\t\t<div class=\"elementor-element elementor-element-1b891fef e-con-full e-flex e-con e-child\" data-id=\"1b891fef\" data-element_type=\"container\">\n\t\t\t\t<div class=\"elementor-element elementor-element-496ce58b elementor-invisible elementor-widget elementor-widget-heading\" data-id=\"496ce58b\" data-element_type=\"widget\" data-settings=\"{&quot;_animation&quot;:&quot;fadeIn&quot;}\" data-widget_type=\"heading.default\">\n\t\t\t\t\t<h2 class=\"elementor-heading-title elementor-size-default\">KVKK<\/h2>\t\t\t\t<\/div>\n\t\t\t\t<\/div>\n\t\t<div class=\"elementor-element elementor-element-262ccab3 e-con-full e-flex elementor-invisible e-con e-child\" data-id=\"262ccab3\" data-element_type=\"container\" data-settings=\"{&quot;animation&quot;:&quot;fadeIn&quot;}\">\n\t\t\t\t<div class=\"elementor-element elementor-element-6dd72607 elementor-invisible elementor-widget elementor-widget-text-editor\" data-id=\"6dd72607\" data-element_type=\"widget\" data-settings=\"{&quot;_animation&quot;:&quot;fadeIn&quot;}\" data-widget_type=\"text-editor.default\">\n\t\t\t\t\t\t\t\t\t<p>\u041a\u0430\u043a \u0447\u0430\u0441\u0442\u043d\u0430\u044f \u043a\u043e\u043c\u043f\u0430\u043d\u0438\u044f Lavin Consultancy, \u0437\u0430\u0440\u0435\u0433\u0438\u0441\u0442\u0440\u0438\u0440\u043e\u0432\u0430\u043d\u043d\u0430\u044f \u043d\u0430 \u0438\u043c\u044f \u041d\u0435\u0432\u0438\u043d\u0430 \u0422\u0430\u0448\u0442\u0430\u043d\u0430, \u043c\u044b \u043e\u0431\u0440\u0430\u0431\u0430\u0442\u044b\u0432\u0430\u0435\u043c, \u0445\u0440\u0430\u043d\u0438\u043c \u0438 \u0437\u0430\u0449\u0438\u0449\u0430\u0435\u043c \u0432\u0430\u0448\u0438 \u043f\u0435\u0440\u0441\u043e\u043d\u0430\u043b\u044c\u043d\u044b\u0435 \u0434\u0430\u043d\u043d\u044b\u0435 \u0432 \u0441\u043e\u043e\u0442\u0432\u0435\u0442\u0441\u0442\u0432\u0438\u0438 \u0441 \u0437\u0430\u043a\u043e\u043d\u043e\u043c \u0432 \u0440\u0430\u043c\u043a\u0430\u0445 \u0417\u0430\u043a\u043e\u043d\u0430 \u043e \u0437\u0430\u0449\u0438\u0442\u0435 \u043f\u0435\u0440\u0441\u043e\u043d\u0430\u043b\u044c\u043d\u044b\u0445 \u0434\u0430\u043d\u043d\u044b\u0445 \u2116 6698 (\"KVKK\").<\/p><p>\ud83d\udd39 1. \u041a\u043e\u043d\u0442\u0440\u043e\u043b\u043b\u0435\u0440 \u0434\u0430\u043d\u043d\u044b\u0445<br \/>\u0412 \u0441\u043e\u043e\u0442\u0432\u0435\u0442\u0441\u0442\u0432\u0438\u0438 \u0441 LPPD, \u0432\u0430\u0448\u0438 \u043f\u0435\u0440\u0441\u043e\u043d\u0430\u043b\u044c\u043d\u044b\u0435 \u0434\u0430\u043d\u043d\u044b\u0435 \u043e\u0431\u0440\u0430\u0431\u0430\u0442\u044b\u0432\u0430\u044e\u0442\u0441\u044f \u043a\u043e\u043c\u043f\u0430\u043d\u0438\u0435\u0439 Lavin Dan\u0131\u015fmanl\u0131k \u015eah\u0131s \u015eirketi, \u0437\u0430\u0440\u0435\u0433\u0438\u0441\u0442\u0440\u0438\u0440\u043e\u0432\u0430\u043d\u043d\u043e\u0439 \u043d\u0430 \u0438\u043c\u044f \u041d\u0435\u0432\u0438\u043d\u0430 \u0422\u0430\u0448\u0442\u0430\u043d\u0430 \u0432 \u043a\u0430\u0447\u0435\u0441\u0442\u0432\u0435 \u043a\u043e\u043d\u0442\u0440\u043e\u043b\u043b\u0435\u0440\u0430 \u0434\u0430\u043d\u043d\u044b\u0445.<\/p><p>\ud83d\udd39 2. \u0421\u043e\u0431\u0438\u0440\u0430\u0435\u043c\u044b\u0435 \u043f\u0435\u0440\u0441\u043e\u043d\u0430\u043b\u044c\u043d\u044b\u0435 \u0434\u0430\u043d\u043d\u044b\u0435<br \/>\u041c\u043e\u0433\u0443\u0442 \u043e\u0431\u0440\u0430\u0431\u0430\u0442\u044b\u0432\u0430\u0442\u044c\u0441\u044f \u0441\u043b\u0435\u0434\u0443\u044e\u0449\u0438\u0435 \u043f\u0435\u0440\u0441\u043e\u043d\u0430\u043b\u044c\u043d\u044b\u0435 \u0434\u0430\u043d\u043d\u044b\u0435:<\/p><p>\u0418\u043d\u0444\u043e\u0440\u043c\u0430\u0446\u0438\u044f \u043e \u043b\u0438\u0447\u043d\u043e\u0441\u0442\u0438 (\u0438\u043c\u044f, \u0444\u0430\u043c\u0438\u043b\u0438\u044f, \u0434\u0430\u0442\u0430 \u0440\u043e\u0436\u0434\u0435\u043d\u0438\u044f, \u0433\u0440\u0430\u0436\u0434\u0430\u043d\u0441\u0442\u0432\u043e \u0438 \u0442.\u0434.)<br \/>\u041a\u043e\u043d\u0442\u0430\u043a\u0442\u043d\u0430\u044f \u0438\u043d\u0444\u043e\u0440\u043c\u0430\u0446\u0438\u044f (\u043d\u043e\u043c\u0435\u0440 \u0442\u0435\u043b\u0435\u0444\u043e\u043d\u0430, \u0430\u0434\u0440\u0435\u0441, \u044d\u043b\u0435\u043a\u0442\u0440\u043e\u043d\u043d\u0430\u044f \u043f\u043e\u0447\u0442\u0430 \u0438 \u0442.\u0434.)<br \/>\u0418\u043d\u0444\u043e\u0440\u043c\u0430\u0446\u0438\u044f \u043e \u043f\u0440\u043e\u0444\u0435\u0441\u0441\u0438\u043e\u043d\u0430\u043b\u044c\u043d\u043e\u043c \u043e\u043f\u044b\u0442\u0435<br \/>\u0421\u043f\u0440\u0430\u0432\u043e\u0447\u043d\u0430\u044f \u0438\u043d\u0444\u043e\u0440\u043c\u0430\u0446\u0438\u044f<br \/>\u0418\u043d\u0444\u043e\u0440\u043c\u0430\u0446\u0438\u044f \u043e \u0437\u0434\u043e\u0440\u043e\u0432\u044c\u0435 (\u043e\u043f\u044b\u0442 \u0443\u0445\u043e\u0434\u0430 \u0437\u0430 \u043f\u0430\u0446\u0438\u0435\u043d\u0442\u0430\u043c\u0438 \u0438 \u0442.\u0434.)<br \/>\u0410\u0443\u0434\u0438\u043e\u0432\u0438\u0437\u0443\u0430\u043b\u044c\u043d\u044b\u0435 \u043c\u0430\u0442\u0435\u0440\u0438\u0430\u043b\u044b (\u0437\u0430\u043f\u0438\u0441\u0438 \u0438\u043d\u0442\u0435\u0440\u0432\u044c\u044e, \u0444\u043e\u0442\u043e\u0433\u0440\u0430\u0444\u0438\u0438)<br \/>\u0421\u0442\u0430\u0442\u0443\u0441 \u0432\u0438\u0434\u0430 \u043d\u0430 \u0436\u0438\u0442\u0435\u043b\u044c\u0441\u0442\u0432\u043e<br \/>\u0418\u043d\u0444\u043e\u0440\u043c\u0430\u0446\u0438\u044f \u043e \u0440\u043e\u0434\u0438\u0442\u0435\u043b\u044f\u0445 (\u0432 \u0441\u043b\u0443\u0447\u0430\u0435 \u0443\u0445\u043e\u0434\u0430 \u0437\u0430 \u0440\u0435\u0431\u0435\u043d\u043a\u043e\u043c)<br \/>\u041c\u0435\u0442\u043e\u0434\u044b \u0441\u0431\u043e\u0440\u0430 \u043f\u0435\u0440\u0441\u043e\u043d\u0430\u043b\u044c\u043d\u044b\u0445 \u0434\u0430\u043d\u043d\u044b\u0445<br \/>WhatsApp, SMS \u0438 \u0442\u0435\u043b\u0435\u0444\u043e\u043d\u043d\u044b\u0435 \u0437\u0432\u043e\u043d\u043a\u0438<br \/>\u0417\u0430\u044f\u0432\u043a\u0438 \u043f\u043e\u0434\u0430\u044e\u0442\u0441\u044f \u0447\u0435\u0440\u0435\u0437 \u0441\u0430\u0439\u0442 www.istanbulbakicisi.com<br \/>\u0418\u043d\u0442\u0435\u0440\u0432\u044c\u044e \u0441 \u0433\u043b\u0430\u0437\u0443 \u043d\u0430 \u0433\u043b\u0430\u0437<br \/>\u0414\u043e\u043a\u0443\u043c\u0435\u043d\u0442\u044b \u0438 \u0440\u0435\u0437\u044e\u043c\u0435, \u043f\u0440\u0435\u0434\u0441\u0442\u0430\u0432\u043b\u0435\u043d\u043d\u044b\u0435 \u043a\u0430\u043d\u0434\u0438\u0434\u0430\u0442\u043e\u043c<br \/>\ud83d\udd39 4. \u0426\u0435\u043b\u0438 \u043e\u0431\u0440\u0430\u0431\u043e\u0442\u043a\u0438 \u043f\u0435\u0440\u0441\u043e\u043d\u0430\u043b\u044c\u043d\u044b\u0445 \u0434\u0430\u043d\u043d\u044b\u0445<br \/>\u041e\u0446\u0435\u043d\u043a\u0430 \u0437\u0430\u044f\u0432\u043e\u043a \u043d\u0430 \u0440\u0430\u0431\u043e\u0442\u0443<br \/>\u041f\u043e\u0434\u0431\u043e\u0440 \u043f\u043e\u0434\u0445\u043e\u0434\u044f\u0449\u0438\u0445 \u0440\u0430\u0431\u043e\u0442\u043e\u0434\u0430\u0442\u0435\u043b\u0435\u0439<br \/>\u041e\u0431\u0435\u0441\u043f\u0435\u0447\u0435\u043d\u0438\u0435 \u0441\u0432\u044f\u0437\u0438<br \/>\u041f\u0440\u0435\u0434\u043e\u0441\u0442\u0430\u0432\u043b\u0435\u043d\u0438\u0435 \u0438\u043d\u0444\u043e\u0440\u043c\u0430\u0446\u0438\u0438 \u043e\u0444\u0438\u0446\u0438\u0430\u043b\u044c\u043d\u044b\u043c \u0443\u0447\u0440\u0435\u0436\u0434\u0435\u043d\u0438\u044f\u043c \u0432 \u0441\u043b\u0443\u0447\u0430\u0435 \u043d\u0435\u043e\u0431\u0445\u043e\u0434\u0438\u043c\u043e\u0441\u0442\u0438 (\u043d\u0430\u043f\u0440\u0438\u043c\u0435\u0440, \u0130\u015eKUR)<br \/>\u041f\u043e\u0432\u044b\u0448\u0435\u043d\u0438\u0435 \u043a\u0430\u0447\u0435\u0441\u0442\u0432\u0430 \u043e\u0431\u0441\u043b\u0443\u0436\u0438\u0432\u0430\u043d\u0438\u044f \u0438 \u0432\u0435\u0434\u0435\u043d\u0438\u0435 \u0434\u043e\u043a\u0443\u043c\u0435\u043d\u0442\u0430\u0446\u0438\u0438<br \/>\ud83d\udd39 5. \u0421\u0442\u043e\u0440\u043e\u043d\u044b, \u043a\u043e\u0442\u043e\u0440\u044b\u043c \u043c\u043e\u0433\u0443\u0442 \u0431\u044b\u0442\u044c \u043f\u0435\u0440\u0435\u0434\u0430\u043d\u044b \u0434\u0430\u043d\u043d\u044b\u0435<br \/>\u041b\u0438\u0446\u0430 \u0438 \u043e\u0440\u0433\u0430\u043d\u0438\u0437\u0430\u0446\u0438\u0438-\u0440\u0430\u0431\u043e\u0442\u043e\u0434\u0430\u0442\u0435\u043b\u0438<br \/>\u041f\u0440\u0438 \u043d\u0435\u043e\u0431\u0445\u043e\u0434\u0438\u043c\u043e\u0441\u0442\u0438 \u043e\u0444\u0438\u0446\u0438\u0430\u043b\u044c\u043d\u044b\u0435 \u0443\u0447\u0440\u0435\u0436\u0434\u0435\u043d\u0438\u044f (\u0130\u015eKUR, SGK \u0438 \u0442.\u0434.)<br \/>\u0421\u043f\u0435\u0446\u0438\u0430\u043b\u0438\u0441\u0442\u044b, \u0442\u0430\u043a\u0438\u0435 \u043a\u0430\u043a \u044e\u0440\u0438\u0441\u0442\u044b \u0438 \u0444\u0438\u043d\u0430\u043d\u0441\u043e\u0432\u044b\u0435 \u043a\u043e\u043d\u0441\u0443\u043b\u044c\u0442\u0430\u043d\u0442\u044b, \u043e\u0442 \u043a\u043e\u0442\u043e\u0440\u044b\u0445 \u043c\u044b \u043f\u043e\u043b\u0443\u0447\u0430\u0435\u043c \u0443\u0441\u043b\u0443\u0433\u0438 \u0432 \u0440\u0430\u043c\u043a\u0430\u0445 \u044e\u0440\u0438\u0434\u0438\u0447\u0435\u0441\u043a\u0438\u0445 \u043e\u0431\u044f\u0437\u0430\u0442\u0435\u043b\u044c\u0441\u0442\u0432<br \/>\u041f\u0435\u0440\u0435\u0434\u0430\u0447\u0430 \u0434\u0430\u043d\u043d\u044b\u0445 \u0437\u0430 \u0433\u0440\u0430\u043d\u0438\u0446\u0443 \u043d\u0435 \u043e\u0441\u0443\u0449\u0435\u0441\u0442\u0432\u043b\u044f\u0435\u0442\u0441\u044f.<\/p><p>\ud83d\udd39 6. \u041f\u0435\u0440\u0438\u043e\u0434 \u0445\u0440\u0430\u043d\u0435\u043d\u0438\u044f \u0434\u0430\u043d\u043d\u044b\u0445<br \/>\u0412\u0430\u0448\u0438 \u043f\u0435\u0440\u0441\u043e\u043d\u0430\u043b\u044c\u043d\u044b\u0435 \u0434\u0430\u043d\u043d\u044b\u0435 \u0445\u0440\u0430\u043d\u044f\u0442\u0441\u044f \u0432 \u0442\u0435\u0447\u0435\u043d\u0438\u0435 \u0441\u0440\u043e\u043a\u0430, \u043e\u0431\u0443\u0441\u043b\u043e\u0432\u043b\u0435\u043d\u043d\u043e\u0433\u043e \u0446\u0435\u043b\u044c\u044e \u043e\u0431\u0440\u0430\u0431\u043e\u0442\u043a\u0438, \u0430 \u0442\u0430\u043a\u0436\u0435 \u0432 \u0442\u0435\u0447\u0435\u043d\u0438\u0435 \u0441\u0440\u043e\u043a\u0430, \u043f\u0440\u0435\u0434\u0443\u0441\u043c\u043e\u0442\u0440\u0435\u043d\u043d\u043e\u0433\u043e \u043f\u0440\u0430\u0432\u043e\u0432\u044b\u043c\u0438 \u043e\u0431\u044f\u0437\u0430\u0442\u0435\u043b\u044c\u0441\u0442\u0432\u0430\u043c\u0438.<\/p><p>\ud83d\udd39 7. \u0412\u0430\u0448\u0438 \u043f\u0440\u0430\u0432\u0430 \u0432 \u0440\u0430\u043c\u043a\u0430\u0445 \u041a\u0412\u041a\u041a<br \/>\u0427\u0442\u043e\u0431\u044b \u0443\u0437\u043d\u0430\u0442\u044c, \u043e\u0431\u0440\u0430\u0431\u0430\u0442\u044b\u0432\u0430\u044e\u0442\u0441\u044f \u043b\u0438 \u0432\u0430\u0448\u0438 \u043b\u0438\u0447\u043d\u044b\u0435 \u0434\u0430\u043d\u043d\u044b\u0435 \u0438\u043b\u0438 \u043d\u0435\u0442<br \/>\u0415\u0441\u043b\u0438 \u043e\u043d \u043e\u0431\u0440\u0430\u0431\u0430\u0442\u044b\u0432\u0430\u0435\u0442\u0441\u044f, \u0437\u0430\u043f\u0440\u043e\u0441\u0438\u0442\u044c \u0438\u043d\u0444\u043e\u0440\u043c\u0430\u0446\u0438\u044e \u043e \u043d\u0435\u043c<br \/>\u0423\u0437\u043d\u0430\u0442\u044c \u043e \u0446\u0435\u043b\u044f\u0445 \u043e\u0431\u0440\u0430\u0431\u043e\u0442\u043a\u0438 \u0438 \u043e \u0442\u043e\u043c, \u0438\u0441\u043f\u043e\u043b\u044c\u0437\u0443\u0435\u0442\u0441\u044f \u043b\u0438 \u043e\u043d\u0430 \u043d\u0430\u0434\u043b\u0435\u0436\u0430\u0449\u0438\u043c \u043e\u0431\u0440\u0430\u0437\u043e\u043c<br \/>\u0417\u043d\u0430\u0442\u044c \u0442\u0440\u0435\u0442\u044c\u0438\u0445 \u043b\u0438\u0446, \u043a\u043e\u0442\u043e\u0440\u044b\u043c \u043f\u0435\u0440\u0435\u0434\u0430\u044e\u0442\u0441\u044f \u0434\u0430\u043d\u043d\u044b\u0435<br \/>\u0417\u0430\u043f\u0440\u043e\u0441\u0438\u0442\u0435 \u0438\u0441\u043f\u0440\u0430\u0432\u043b\u0435\u043d\u0438\u0435 \u0432 \u0441\u043b\u0443\u0447\u0430\u0435 \u043d\u0435\u043f\u043e\u043b\u043d\u043e\u0439 \u0438\u043b\u0438 \u043d\u0435\u043f\u0440\u0430\u0432\u0438\u043b\u044c\u043d\u043e\u0439 \u043e\u0431\u0440\u0430\u0431\u043e\u0442\u043a\u0438<br \/>\u0417\u0430\u043f\u0440\u043e\u0441 \u043d\u0430 \u0443\u0434\u0430\u043b\u0435\u043d\u0438\u0435 \u0438\u043b\u0438 \u0443\u043d\u0438\u0447\u0442\u043e\u0436\u0435\u043d\u0438\u0435<br \/>\u0421\u0432\u043e\u0438 \u0437\u0430\u043f\u0440\u043e\u0441\u044b \u0432\u044b \u043c\u043e\u0436\u0435\u0442\u0435 \u043d\u0430\u043f\u0440\u0430\u0432\u043b\u044f\u0442\u044c \u043f\u043e \u0443\u043a\u0430\u0437\u0430\u043d\u043d\u043e\u043c\u0443 \u043d\u0438\u0436\u0435 \u043a\u043e\u043d\u0442\u0430\u043a\u0442\u043d\u043e\u043c\u0443 \u0430\u0434\u0440\u0435\u0441\u0443:<br \/>\ud83d\udce7 info@istanbulbakicisi.com<\/p>\t\t\t\t\t\t\t\t<\/div>\n\t\t\t\t<\/div>\n\t\t\t\t<\/div>\n\t\t\t\t\t<\/div>\n\t\t\t\t<\/div>\n\t\t\t\t<\/div>\n\t\t\t\t<\/div>","protected":false},"excerpt":{"rendered":"<p>KVKK Ana Sayfa KVKK KVKK Nevin Ta\u015ftan ad\u0131na kay\u0131tl\u0131 Lavin Dan\u0131\u015fmanl\u0131k \u015eah\u0131s \u015eirketi olarak, 6698 say\u0131l\u0131 Ki\u015fisel Verilerin Korunmas\u0131 Kanunu (\u201cKVKK\u201d) kapsam\u0131nda ki\u015fisel verilerinizi hukuka uygun \u015fekilde i\u015fliyor, sakl\u0131yor ve koruyoruz. \ud83d\udd39 1. Veri SorumlusuKVKK uyar\u0131nca, ki\u015fisel verileriniz veri sorumlusu s\u0131fat\u0131yla Nevin Ta\u015ftan ad\u0131na kay\u0131tl\u0131 Lavin Dan\u0131\u015fmanl\u0131k \u015eah\u0131s \u015eirketi taraf\u0131ndan i\u015flenmektedir. \ud83d\udd39 2. Toplanan Ki\u015fisel [&hellip;]<\/p>","protected":false},"author":1,"featured_media":0,"parent":0,"menu_order":0,"comment_status":"closed","ping_status":"closed","template":"","meta":{"footnotes":""},"class_list":["post-198","page","type-page","status-publish","hentry"],"_links":{"self":[{"href":"https:\/\/istanbulbakicim.com\/ru\/wp-json\/wp\/v2\/pages\/198","targetHints":{"allow":["GET"]}}],"collection":[{"href":"https:\/\/istanbulbakicim.com\/ru\/wp-json\/wp\/v2\/pages"}],"about":[{"href":"https:\/\/istanbulbakicim.com\/ru\/wp-json\/wp\/v2\/types\/page"}],"author":[{"embeddable":true,"href":"https:\/\/istanbulbakicim.com\/ru\/wp-json\/wp\/v2\/users\/1"}],"replies":[{"embeddable":true,"href":"https:\/\/istanbulbakicim.com\/ru\/wp-json\/wp\/v2\/comments?post=198"}],"version-history":[{"count":4,"href":"https:\/\/istanbulbakicim.com\/ru\/wp-json\/wp\/v2\/pages\/198\/revisions"}],"predecessor-version":[{"id":203,"href":"https:\/\/istanbulbakicim.com\/ru\/wp-json\/wp\/v2\/pages\/198\/revisions\/203"}],"wp:attachment":[{"href":"https:\/\/istanbulbakicim.com\/ru\/wp-json\/wp\/v2\/media?parent=198"}],"curies":[{"name":"wp","href":"https:\/\/api.w.org\/{rel}","templated":true}]}}