{"id":78,"date":"2025-09-26T16:33:34","date_gmt":"2025-09-26T16:33:34","guid":{"rendered":"https:\/\/istanbulbakicim.com\/?page_id=78"},"modified":"2025-10-20T11:55:11","modified_gmt":"2025-10-20T11:55:11","slug":"yasli-bakici","status":"publish","type":"page","link":"https:\/\/istanbulbakicim.com\/el\/yasli-bakici\/","title":{"rendered":"\u03a6\u03c1\u03bf\u03bd\u03c4\u03b9\u03c3\u03c4\u03ae\u03c2 \u03b7\u03bb\u03b9\u03ba\u03b9\u03c9\u03bc\u03ad\u03bd\u03c9\u03bd"},"content":{"rendered":"<div data-elementor-type=\"wp-page\" data-elementor-id=\"78\" class=\"elementor elementor-78\" data-elementor-post-type=\"page\">\n\t\t\t\t<div class=\"elementor-element elementor-element-1c2d94aa e-flex e-con-boxed e-con e-parent\" data-id=\"1c2d94aa\" data-element_type=\"container\" data-settings=\"{&quot;background_background&quot;:&quot;classic&quot;}\">\n\t\t\t\t\t<div class=\"e-con-inner\">\n\t\t<div class=\"elementor-element elementor-element-2efcce84 e-con-full e-flex e-con e-child\" data-id=\"2efcce84\" data-element_type=\"container\">\n\t\t\t\t<div class=\"elementor-element elementor-element-5b1b9c96 elementor-invisible elementor-widget elementor-widget-heading\" data-id=\"5b1b9c96\" data-element_type=\"widget\" data-settings=\"{&quot;_animation&quot;:&quot;fadeIn&quot;}\" data-widget_type=\"heading.default\">\n\t\t\t\t\t<h2 class=\"elementor-heading-title elementor-size-default\">\u03a6\u03c1\u03bf\u03bd\u03c4\u03b9\u03c3\u03c4\u03ae\u03c2 \u03b7\u03bb\u03b9\u03ba\u03b9\u03c9\u03bc\u03ad\u03bd\u03c9\u03bd<\/h2>\t\t\t\t<\/div>\n\t\t\t\t<\/div>\n\t\t\t\t\t<\/div>\n\t\t\t\t<\/div>\n\t\t<div class=\"elementor-element elementor-element-614ff824 e-con-full e-flex e-con e-parent\" data-id=\"614ff824\" data-element_type=\"container\" data-settings=\"{&quot;background_background&quot;:&quot;classic&quot;}\">\n\t\t<div class=\"elementor-element elementor-element-23eaa345 e-flex e-con-boxed e-con e-child\" data-id=\"23eaa345\" data-element_type=\"container\">\n\t\t\t\t\t<div class=\"e-con-inner\">\n\t\t<div class=\"elementor-element elementor-element-38b6901e e-con-full e-flex e-con e-child\" data-id=\"38b6901e\" data-element_type=\"container\">\n\t\t<div class=\"elementor-element elementor-element-4091720 e-con-full e-flex elementor-invisible e-con e-child\" data-id=\"4091720\" data-element_type=\"container\" data-settings=\"{&quot;animation&quot;:&quot;fadeIn&quot;}\">\n\t\t\t\t<div class=\"elementor-element elementor-element-5301dc79 elementor-invisible elementor-widget elementor-widget-text-editor\" data-id=\"5301dc79\" data-element_type=\"widget\" data-settings=\"{&quot;_animation&quot;:&quot;fadeIn&quot;}\" data-widget_type=\"text-editor.default\">\n\t\t\t\t\t\t\t\t\t<p>\u039a\u03b1\u03c4\u03ac \u03c4\u03b7\u03bd \u03c0\u03b1\u03c1\u03bf\u03c7\u03ae \u03c5\u03c0\u03b7\u03c1\u03b5\u03c3\u03b9\u03ce\u03bd \u03c6\u03c1\u03bf\u03bd\u03c4\u03af\u03b4\u03b1\u03c2 \u03b7\u03bb\u03b9\u03ba\u03b9\u03c9\u03bc\u03ad\u03bd\u03c9\u03bd, \u03b4\u03af\u03bd\u03b5\u03c4\u03b1\u03b9 \u03c0\u03c1\u03bf\u03c3\u03bf\u03c7\u03ae \u03c3\u03c4\u03bf\u03c5\u03c2 \u03b1\u03bd\u03b8\u03c1\u03ce\u03c0\u03bf\u03c5\u03c2 \u03c0\u03bf\u03c5 \u03bc\u03b5\u03b3\u03b1\u03bb\u03ce\u03bd\u03bf\u03c5\u03bd \u03c7\u03c9\u03c1\u03af\u03c2 \u03bd\u03b1 \u03bc\u03b1\u03c2 \u03ba\u03c1\u03cd\u03b2\u03bf\u03c5\u03bd \u03cc\u03bb\u03b7 \u03c4\u03b7\u03bd \u03b1\u03b3\u03ac\u03c0\u03b7 \u03ba\u03b1\u03b9 \u03c4\u03b7 \u03c3\u03c4\u03bf\u03c1\u03b3\u03ae \u03c4\u03bf\u03c5\u03c2. \u039f\u03b9 \u03c3\u03b5\u03b2\u03b1\u03c3\u03c4\u03bf\u03af \u03b3\u03bf\u03bd\u03b5\u03af\u03c2 \u03bc\u03b1\u03c2 \u03c0\u03bf\u03c5 \u03bc\u03b1\u03c2 \u03ad\u03c6\u03b5\u03c1\u03b1\u03bd \u03c3\u03b5 \u03b1\u03c5\u03c4\u03ad\u03c2 \u03c4\u03b9\u03c2 \u03b7\u03bc\u03ad\u03c1\u03b5\u03c2, \u03cc\u03c4\u03b1\u03bd \u03b3\u03b5\u03c1\u03bd\u03bf\u03cd\u03bd \u03ae \u03c3\u03c4\u03b7\u03bd \u03ba\u03b1\u03b8\u03b7\u03bc\u03b5\u03c1\u03b9\u03bd\u03ae \u03b6\u03c9\u03ae. \u03c0\u03b1\u03c1\u03ad\u03c7\u03bf\u03c5\u03bc\u03b5 \u03c0\u03ac\u03bd\u03c4\u03b1 \u03c5\u03c0\u03b7\u03c1\u03b5\u03c3\u03af\u03b5\u03c2 \u03c0\u03c1\u03bf\u03ba\u03b5\u03b9\u03bc\u03ad\u03bd\u03bf\u03c5 \u03bd\u03b1 \u03c3\u03b1\u03c2 \u03ba\u03b1\u03c4\u03b5\u03c5\u03b8\u03cd\u03bd\u03bf\u03c5\u03bc\u03b5 \u03c3\u03c4\u03bf \u03c3\u03c9\u03c3\u03c4\u03cc \u03ac\u03c4\u03bf\u03bc\u03bf \u03c0\u03bf\u03c5 \u03bc\u03c0\u03bf\u03c1\u03b5\u03af \u03bd\u03b1 \u03c3\u03b1\u03c2 \u03c0\u03c1\u03bf\u03c3\u03b5\u03b3\u03b3\u03af\u03c3\u03b5\u03b9 \u03bc\u03b5 \u03b1\u03b3\u03ac\u03c0\u03b7 \u03ba\u03b1\u03b9 \u03c3\u03c5\u03bc\u03c0\u03cc\u03bd\u03b9\u03b1 \u03cc\u03c4\u03b1\u03bd \u03c7\u03c1\u03b5\u03b9\u03ac\u03b6\u03bf\u03bd\u03c4\u03b1\u03b9 \u03b2\u03bf\u03ae\u03b8\u03b5\u03b9\u03b1. \u03a0\u03b1\u03c1\u03bf\u03c5\u03c3\u03b9\u03ac\u03b6\u03bf\u03c5\u03bc\u03b5 \u03c4\u03b1 \u03c7\u03b1\u03c1\u03b1\u03ba\u03c4\u03b7\u03c1\u03b9\u03c3\u03c4\u03b9\u03ba\u03ac \u03c0\u03bf\u03c5 \u03c0\u03c1\u03ad\u03c0\u03b5\u03b9 \u03bd\u03b1 \u03b2\u03c1\u03b5\u03b8\u03bf\u03cd\u03bd \u03c3\u03c4\u03b1 \u03ac\u03c4\u03bf\u03bc\u03b1 \u03c0\u03bf\u03c5 \u03b8\u03b1 \u03c0\u03b1\u03c1\u03ad\u03c7\u03bf\u03c5\u03bd \u03c4\u03b7 \u03c3\u03c9\u03c3\u03c4\u03ae \u03c5\u03c0\u03b7\u03c1\u03b5\u03c3\u03af\u03b1 \u03c6\u03c1\u03bf\u03bd\u03c4\u03af\u03b4\u03b1\u03c2 \u03b7\u03bb\u03b9\u03ba\u03b9\u03c9\u03bc\u03ad\u03bd\u03c9\u03bd \u03b3\u03b9\u03b1 \u03c4\u03bf\u03bd \u03c3\u03ba\u03bf\u03c0\u03cc \u03c3\u03b1\u03c2.<\/p><p>\u039f\u03c1\u03b9\u03c3\u03bc\u03ad\u03bd\u03b5\u03c2 \u03b1\u03c0\u03cc \u03c4\u03b9\u03c2 \u03bb\u03b5\u03c0\u03c4\u03bf\u03bc\u03ad\u03c1\u03b5\u03b9\u03b5\u03c2 \u03c4\u03b7\u03c2 \u03c5\u03c0\u03b7\u03c1\u03b5\u03c3\u03af\u03b1\u03c2 \u03c3\u03cd\u03bc\u03c6\u03c9\u03bd\u03b1 \u03bc\u03b5 \u03c4\u03bf \u03c0\u03c1\u03bf\u03c3\u03c9\u03c0\u03b9\u03ba\u03cc \u03c4\u03b7\u03c2 \u03bf\u03bc\u03ac\u03b4\u03b1\u03c2 \u03bc\u03b1\u03c2 \u03c0\u03bf\u03c5 \u03ad\u03c7\u03b5\u03b9 \u03bf\u03c1\u03b9\u03c3\u03c4\u03b5\u03af \u03c9\u03c2 \u03c6\u03c1\u03bf\u03bd\u03c4\u03b9\u03c3\u03c4\u03ad\u03c2 \u03b7\u03bb\u03b9\u03ba\u03b9\u03c9\u03bc\u03ad\u03bd\u03c9\u03bd,<\/p><p>\u03a0\u03c1\u03bf\u03c3\u03b1\u03c1\u03bc\u03bf\u03b3\u03ae \u03c3\u03c4\u03bf \u03bf\u03b9\u03ba\u03b9\u03b1\u03ba\u03cc \u03c0\u03b5\u03c1\u03b9\u03b2\u03ac\u03bb\u03bb\u03bf\u03bd \u03c3\u03c4\u03bf \u03bf\u03c0\u03bf\u03af\u03bf \u03b6\u03bf\u03c5\u03bd \u03bf\u03b9 \u03b7\u03bb\u03b9\u03ba\u03b9\u03c9\u03bc\u03ad\u03bd\u03bf\u03b9,<br \/>\u0394\u03b9\u03b1\u03c4\u03ae\u03c1\u03b7\u03c3\u03b7 \u03c4\u03c9\u03bd \u03c7\u03ce\u03c1\u03c9\u03bd \u03b4\u03b9\u03b1\u03b2\u03af\u03c9\u03c3\u03b7\u03c2 \u03c0\u03ac\u03bd\u03c4\u03bf\u03c4\u03b5 \u03ba\u03b1\u03b8\u03b1\u03c1\u03bf\u03cd\u03c2, \u03ce\u03c3\u03c4\u03b5 \u03bd\u03b1 \u03b1\u03c0\u03bf\u03c6\u03b5\u03cd\u03b3\u03bf\u03bd\u03c4\u03b1\u03b9 \u03c0\u03c1\u03bf\u03b2\u03bb\u03ae\u03bc\u03b1\u03c4\u03b1 \u03c5\u03b3\u03b9\u03b5\u03b9\u03bd\u03ae\u03c2 \u03ba\u03b1\u03b9 \u03c5\u03b3\u03b5\u03af\u03b1\u03c2,<br \/>\u03a5\u03c0\u03bf\u03c3\u03c4\u03b7\u03c1\u03af\u03b6\u03b5\u03b9 \u03c4\u03b1 \u03b7\u03bb\u03b9\u03ba\u03b9\u03c9\u03bc\u03ad\u03bd\u03b1 \u03ac\u03c4\u03bf\u03bc\u03b1 \u03c3\u03c5\u03bd\u03bf\u03b4\u03b5\u03cd\u03bf\u03bd\u03c4\u03ac\u03c2 \u03c4\u03b1 \u03c3\u03c4\u03bf \u03bd\u03bf\u03c3\u03bf\u03ba\u03bf\u03bc\u03b5\u03af\u03bf \u03ae \u03c3\u03c4\u03bf\u03bd \u03b9\u03b1\u03c4\u03c1\u03b9\u03ba\u03cc \u03ad\u03bb\u03b5\u03b3\u03c7\u03bf,<br \/>\u03a3\u03b5 \u03c0\u03b5\u03c1\u03af\u03c0\u03c4\u03c9\u03c3\u03b7 \u03c4\u03c5\u03c7\u03b1\u03af\u03bf\u03c5 \u03c0\u03c1\u03bf\u03b2\u03bb\u03ae\u03bc\u03b1\u03c4\u03bf\u03c2 \u03c5\u03b3\u03b5\u03af\u03b1\u03c2 \u03c0\u03bf\u03c5 \u03bc\u03c0\u03bf\u03c1\u03b5\u03af \u03bd\u03b1 \u03b5\u03bc\u03c6\u03b1\u03bd\u03b9\u03c3\u03c4\u03b5\u03af \u03c3\u03b5 \u03b7\u03bb\u03b9\u03ba\u03b9\u03c9\u03bc\u03ad\u03bd\u03bf\u03c5\u03c2, \u03b5\u03bd\u03b7\u03bc\u03b5\u03c1\u03ce\u03bd\u03b5\u03c4\u03b1\u03b9 \u03c0\u03c1\u03ce\u03c4\u03b1 \u03b7 \u03bf\u03bc\u03ac\u03b4\u03b1 \u03c5\u03b3\u03b5\u03af\u03b1\u03c2 \u03ba\u03b1\u03b9 \u03c3\u03c4\u03b7 \u03c3\u03c5\u03bd\u03ad\u03c7\u03b5\u03b9\u03b1 \u03bf\u03b9 \u03c3\u03c5\u03b3\u03b3\u03b5\u03bd\u03b5\u03af\u03c2,<br \/>\u03a4\u03b1 \u03b7\u03bb\u03b9\u03ba\u03b9\u03c9\u03bc\u03ad\u03bd\u03b1 \u03ac\u03c4\u03bf\u03bc\u03b1 \u03c5\u03c0\u03bf\u03c3\u03c4\u03b7\u03c1\u03af\u03b6\u03bf\u03bd\u03c4\u03b1\u03b9 \u03c3\u03b5 \u03cc\u03bb\u03b5\u03c2 \u03c4\u03b9\u03c2 \u03ba\u03b1\u03b8\u03b7\u03bc\u03b5\u03c1\u03b9\u03bd\u03ad\u03c2 \u03c4\u03bf\u03c5\u03c2 \u03b1\u03bd\u03ac\u03b3\u03ba\u03b5\u03c2 \u03bb\u03cc\u03b3\u03c9 \u03c4\u03b7\u03c2 \u03c0\u03c1\u03bf\u03c7\u03c9\u03c1\u03b7\u03bc\u03ad\u03bd\u03b7\u03c2 \u03b7\u03bb\u03b9\u03ba\u03af\u03b1\u03c2 \u03c4\u03bf\u03c5\u03c2,<br \/>\u03a4\u03b1 \u03ac\u03c4\u03bf\u03bc\u03b1 \u03c0\u03bf\u03c5 \u03ad\u03c7\u03bf\u03c5\u03bd \u03bf\u03c1\u03b9\u03c3\u03c4\u03b5\u03af \u03c9\u03c2 \u03c6\u03c1\u03bf\u03bd\u03c4\u03b9\u03c3\u03c4\u03ad\u03c2 \u03b7\u03bb\u03b9\u03ba\u03b9\u03c9\u03bc\u03ad\u03bd\u03c9\u03bd \u03b5\u03af\u03bd\u03b1\u03b9 \u03c6\u03b9\u03bb\u03b9\u03ba\u03ac \u03ba\u03b1\u03b9 \u03ad\u03bc\u03c0\u03b5\u03b9\u03c1\u03b1,<br \/>\u0397 \u03b5\u03b2\u03b4\u03bf\u03bc\u03b1\u03b4\u03b9\u03b1\u03af\u03b1 \u03bf\u03c1\u03b3\u03ac\u03bd\u03c9\u03c3\u03b7 \u03b3\u03af\u03bd\u03b5\u03c4\u03b1\u03b9 \u03bc\u03b5 \u03c4\u03b7 \u03bb\u03ae\u03c8\u03b7 \u03c4\u03b7\u03c2 \u03bb\u03af\u03c3\u03c4\u03b1\u03c2 \u03c4\u03c1\u03bf\u03c6\u03af\u03bc\u03c9\u03bd \u03c4\u03c9\u03bd \u03b7\u03bb\u03b9\u03ba\u03b9\u03c9\u03bc\u03ad\u03bd\u03c9\u03bd \u03b1\u03c4\u03cc\u03bc\u03c9\u03bd,<br \/>\u03a4\u03bf \u03c0\u03c1\u03bf\u03c3\u03c9\u03c0\u03b9\u03ba\u03cc \u03bc\u03b1\u03c2 \u03c0\u03bf\u03c5 \u03ad\u03c7\u03b5\u03b9 \u03bf\u03c1\u03b9\u03c3\u03c4\u03b5\u03af \u03c9\u03c2 \u03c6\u03c1\u03bf\u03bd\u03c4\u03b9\u03c3\u03c4\u03ad\u03c2 \u03b7\u03bb\u03b9\u03ba\u03b9\u03c9\u03bc\u03ad\u03bd\u03c9\u03bd \u03b5\u03af\u03bd\u03b1\u03b9 \u03b5\u03be\u03c5\u03c0\u03b7\u03c1\u03b5\u03c4\u03b9\u03ba\u03bf\u03af, \u03b1\u03bd\u03b5\u03ba\u03c4\u03b9\u03ba\u03bf\u03af, \u03c5\u03c0\u03bf\u03bc\u03bf\u03bd\u03b5\u03c4\u03b9\u03ba\u03bf\u03af \u03ba\u03b1\u03b9 \u03c3\u03c7\u03bf\u03bb\u03b1\u03c3\u03c4\u03b9\u03ba\u03bf\u03af \u03ac\u03bd\u03b8\u03c1\u03c9\u03c0\u03bf\u03b9,<br \/>\u03a4\u03bf\u03bd \u03c6\u03c1\u03bf\u03bd\u03c4\u03af\u03b6\u03b5\u03b9 \u03c3\u03b1\u03bd \u03bd\u03b1 \u03ae\u03c4\u03b1\u03bd \u03b3\u03b9\u03bf\u03c2 \u03c4\u03bf\u03c5 \u03ba\u03b1\u03b9 \u03b1\u03bd\u03b1\u03bb\u03b1\u03bc\u03b2\u03ac\u03bd\u03b5\u03b9 \u03cc\u03bb\u03b5\u03c2 \u03c4\u03b9\u03c2 \u03c5\u03c0\u03bf\u03c7\u03c1\u03b5\u03ce\u03c3\u03b5\u03b9\u03c2.<\/p><p>\u0395\u03af\u03bd\u03b1\u03b9 \u03bc\u03b5\u03b3\u03ac\u03bb\u03b7 \u03c4\u03b9\u03bc\u03ae \u03b3\u03b9\u03b1 \u03b5\u03bc\u03ac\u03c2 \u03bd\u03b1 \u03c5\u03c0\u03bf\u03c3\u03c4\u03b7\u03c1\u03af\u03b6\u03bf\u03c5\u03bc\u03b5 \u03b5\u03ba\u03b1\u03c4\u03bf\u03bd\u03c4\u03ac\u03b4\u03b5\u03c2 \u03b7\u03bb\u03b9\u03ba\u03b9\u03c9\u03bc\u03ad\u03bd\u03bf\u03c5\u03c2 \u03c6\u03c1\u03bf\u03bd\u03c4\u03b9\u03c3\u03c4\u03ad\u03c2. \u038c\u03bb\u03b5\u03c2 \u03bf\u03b9 \u03c5\u03c0\u03b7\u03c1\u03b5\u03c3\u03af\u03b5\u03c2 \u03bc\u03b1\u03c2 \u03b3\u03b9\u03b1 \u03c4\u03bf\u03c5\u03c2 \u03c6\u03c1\u03bf\u03bd\u03c4\u03b9\u03c3\u03c4\u03ad\u03c2 \u03bc\u03ac\u03c2 \u03ba\u03ac\u03bd\u03bf\u03c5\u03bd \u03c5\u03c0\u03b5\u03c1\u03ae\u03c6\u03b1\u03bd\u03bf\u03c5\u03c2 \u03be\u03b5\u03c7\u03c9\u03c1\u03b9\u03c3\u03c4\u03ac. \u038c\u03bb\u03b5\u03c2 \u03bf\u03b9 \u03b5\u03c1\u03b3\u03b1\u03c3\u03af\u03b5\u03c2 \u03bc\u03b1\u03c2 \u03c3\u03c4\u03b9\u03c2 \u03c3\u03c5\u03bd\u03bf\u03b9\u03ba\u03af\u03b5\u03c2 \u03c4\u03b7\u03c2 \u039a\u03c9\u03bd\u03c3\u03c4\u03b1\u03bd\u03c4\u03b9\u03bd\u03bf\u03cd\u03c0\u03bf\u03bb\u03b7\u03c2 \u03b3\u03af\u03bd\u03bf\u03bd\u03c4\u03b1\u03b9 \u03bc\u03b5 \u03c4\u03b7\u03bd \u03ba\u03b1\u03c4\u03b1\u03bd\u03cc\u03b7\u03c3\u03b7 \u03c4\u03c9\u03bd \u03b5\u03c0\u03b1\u03b3\u03b3\u03b5\u03bb\u03bc\u03b1\u03c4\u03b9\u03ba\u03ce\u03bd \u03c5\u03c0\u03b7\u03c1\u03b5\u03c3\u03b9\u03ce\u03bd \u03bc\u03b1\u03c2.<\/p><p>\u00a0<\/p><p>\u0388\u03bc\u03c0\u03b5\u03b9\u03c1\u03bf\u03c2 \u03c6\u03c1\u03bf\u03bd\u03c4\u03b9\u03c3\u03c4\u03ae\u03c2 \u03b7\u03bb\u03b9\u03ba\u03b9\u03c9\u03bc\u03ad\u03bd\u03c9\u03bd<br \/>\u0391\u03c5\u03c4\u03cc \u03bf\u03c6\u03b5\u03af\u03bb\u03b5\u03c4\u03b1\u03b9 \u03c3\u03c4\u03bf\u03bd \u03c3\u03b5\u03b2\u03b1\u03c3\u03bc\u03cc \u03c0\u03bf\u03c5 \u03c4\u03bf\u03c5\u03c2 \u03c4\u03c1\u03ad\u03c6\u03bf\u03c5\u03bc\u03b5. \u039f \u03ac\u03bd\u03b8\u03c1\u03c9\u03c0\u03bf\u03c2 \u03b3\u03b5\u03bd\u03bd\u03b9\u03ad\u03c4\u03b1\u03b9 \u03ba\u03b1\u03b9 \u03c7\u03c1\u03b5\u03b9\u03ac\u03b6\u03b5\u03c4\u03b1\u03b9 \u03c6\u03c1\u03bf\u03bd\u03c4\u03af\u03b4\u03b1. \u0391\u03c6\u03bf\u03cd \u03c6\u03c4\u03ac\u03c3\u03b5\u03b9 \u03c3\u03b5 \u03bc\u03b9\u03b1 \u03bf\u03c1\u03b9\u03c3\u03bc\u03ad\u03bd\u03b7 \u03b7\u03bb\u03b9\u03ba\u03af\u03b1, \u03c3\u03c5\u03bd\u03b4\u03ad\u03b5\u03b9 \u03c4\u03b7 \u03b6\u03c9\u03ae \u03c4\u03bf\u03c5 \u03ba\u03b1\u03b9 \u03c3\u03b5 \u03b1\u03c5\u03c4\u03cc \u03c4\u03bf \u03c3\u03cd\u03bd\u03c4\u03bf\u03bc\u03bf \u03c7\u03c1\u03bf\u03bd\u03b9\u03ba\u03cc \u03b4\u03b9\u03ac\u03c3\u03c4\u03b7\u03bc\u03b1, \u03c3\u03c4\u03ad\u03ba\u03b5\u03c4\u03b1\u03b9 \u03c3\u03c4\u03b1 \u03c0\u03cc\u03b4\u03b9\u03b1 \u03c4\u03bf\u03c5 \u03ba\u03b1\u03b9 \u03b7 \u03b7\u03bb\u03b9\u03ba\u03af\u03b1 \u03c4\u03bf\u03c5 \u03b1\u03c1\u03c7\u03af\u03b6\u03b5\u03b9 \u03bd\u03b1 \u03c0\u03c1\u03bf\u03c7\u03c9\u03c1\u03ac\u03b5\u03b9. \u039c\u03b5\u03c4\u03ac \u03b1\u03c0\u03cc \u03b1\u03c5\u03c4\u03ae \u03c4\u03b7\u03bd \u03b7\u03bb\u03b9\u03ba\u03af\u03b1, \u03b5\u03be\u03b1\u03ba\u03bf\u03bb\u03bf\u03c5\u03b8\u03b5\u03af \u03bd\u03b1 \u03c7\u03c1\u03b5\u03b9\u03ac\u03b6\u03b5\u03c4\u03b1\u03b9 \u03c6\u03c1\u03bf\u03bd\u03c4\u03af\u03b4\u03b1. \u039a\u03ac\u03c0\u03bf\u03b9\u03bf\u03b9 \u03b1\u03c0\u03cc \u03c4\u03bf\u03c5\u03c2 \u03b7\u03bb\u03b9\u03ba\u03b9\u03c9\u03bc\u03ad\u03bd\u03bf\u03c5\u03c2 \u03b2\u03b5\u03c4\u03b5\u03c1\u03ac\u03bd\u03bf\u03c5\u03c2 \u03bc\u03b1\u03c2 \u03c0\u03b5\u03c1\u03b9\u03bc\u03ad\u03bd\u03bf\u03c5\u03bd \u03c0\u03c1\u03bf\u03c3\u03bf\u03c7\u03ae \u03c3\u03b1\u03bd \u03bc\u03c9\u03c1\u03cc \u03ba\u03b1\u03b9 \u03b8\u03ad\u03bb\u03bf\u03c5\u03bd \u03c3\u03c5\u03bc\u03c0\u03cc\u03bd\u03b9\u03b1. \u039f \u03bc\u03cc\u03bd\u03bf\u03c2 \u03bb\u03cc\u03b3\u03bf\u03c2 \u03c0\u03bf\u03c5 \u03c4\u03b1 \u03b3\u03bd\u03c9\u03c1\u03af\u03b6\u03bf\u03c5\u03bc\u03b5 \u03b1\u03c5\u03c4\u03ac \u03b5\u03af\u03bd\u03b1\u03b9 \u03c3\u03c4\u03b1\u03b8\u03b5\u03c1\u03ac \u03bc\u03b5 \u03c4\u03b7\u03bd \u03b5\u03bc\u03c0\u03b5\u03b9\u03c1\u03af\u03b1 \u03bc\u03b1\u03c2 \u03c0\u03bf\u03c5 \u03b1\u03c0\u03bf\u03ba\u03c4\u03ae\u03c3\u03b1\u03bc\u03b5 \u03b1\u03c0\u03cc \u03c4\u03b9\u03c2 \u03c5\u03c0\u03b7\u03c1\u03b5\u03c3\u03af\u03b5\u03c2 \u03c0\u03bf\u03c5 \u03c0\u03b1\u03c1\u03ad\u03c7\u03bf\u03c5\u03bc\u03b5.<\/p><p>\u038c\u03bb\u03bf\u03b9 \u03ad\u03c7\u03bf\u03c5\u03bc\u03b5 \u03bf\u03c1\u03b9\u03c3\u03bc\u03ad\u03bd\u03b5\u03c2 \u03c5\u03c0\u03bf\u03c7\u03c1\u03b5\u03ce\u03c3\u03b5\u03b9\u03c2. \u0395\u03ac\u03bd \u03c0\u03c1\u03ad\u03c0\u03b5\u03b9 \u03bd\u03b1 \u03b5\u03c1\u03b3\u03b1\u03c3\u03c4\u03b5\u03af\u03c4\u03b5 \u03bb\u03cc\u03b3\u03c9 \u03c3\u03c5\u03bd\u03b8\u03b7\u03ba\u03ce\u03bd \u03b6\u03c9\u03ae\u03c2 \u03ba\u03b1\u03b9 \u03bc\u03c0\u03bf\u03c1\u03b5\u03af \u03bd\u03b1 \u03c7\u03c1\u03b5\u03b9\u03b1\u03c3\u03c4\u03b5\u03af\u03c4\u03b5 \u03ad\u03bd\u03b1\u03bd \u03ad\u03bc\u03c0\u03b5\u03b9\u03c1\u03bf \u03c6\u03c1\u03bf\u03bd\u03c4\u03b9\u03c3\u03c4\u03ae \u03b7\u03bb\u03b9\u03ba\u03b9\u03c9\u03bc\u03ad\u03bd\u03c9\u03bd \u03ae \u03b1\u03c3\u03b8\u03b5\u03bd\u03ae. \u03a6\u03ad\u03c1\u03b1\u03bc\u03b5 \u03c4\u03b7\u03bd \u03b5\u03c0\u03b1\u03b3\u03b3\u03b5\u03bb\u03bc\u03b1\u03c4\u03b9\u03ba\u03ae \u03b5\u03be\u03c5\u03c0\u03b7\u03c1\u03ad\u03c4\u03b7\u03c3\u03b7 \u03c3\u03b5 \u03b1\u03c5\u03c4\u03cc\u03bd \u03c4\u03bf\u03bd \u03c4\u03bf\u03bc\u03ad\u03b1 \u03ba\u03b1\u03b8\u03bf\u03c1\u03af\u03b6\u03bf\u03bd\u03c4\u03b1\u03c2 \u03cc\u03c4\u03b9 \u03b4\u03b5\u03bd \u03c5\u03c0\u03ac\u03c1\u03c7\u03b5\u03b9 \u03b5\u03c0\u03b1\u03b3\u03b3\u03b5\u03bb\u03bc\u03b1\u03c4\u03b9\u03ba\u03cc \u03bc\u03ad\u03c1\u03bf\u03c2 \u03b5\u03c1\u03b3\u03b1\u03c3\u03af\u03b1\u03c2 \u03c0\u03bf\u03c5 \u03b8\u03b5\u03c9\u03c1\u03bf\u03cd\u03bc\u03b5 \u03c9\u03c2 \u03c4\u03b7\u03bd \u03c0\u03b9\u03bf \u03c3\u03b7\u03bc\u03b1\u03bd\u03c4\u03b9\u03ba\u03ae \u03b1\u03c0\u03b1\u03af\u03c4\u03b7\u03c3\u03b7 \u03c4\u03bf\u03c5 \u03c4\u03bf\u03bc\u03ad\u03b1. \u0395\u03bc\u03b5\u03af\u03c2, \u03c4\u03c1\u03cc\u03c0\u03bf\u03c2 \u03c4\u03bf\u03c5 \u03bb\u03ad\u03b3\u03b5\u03b9\u03bd, \u03b4\u03b5\u03bd \u03c3\u03b1\u03c2 \u03ba\u03b1\u03c4\u03b5\u03c5\u03b8\u03cd\u03bd\u03bf\u03c5\u03bc\u03b5, \u03c4\u03c1\u03cc\u03c0\u03bf\u03c2 \u03c4\u03bf\u03c5 \u03bb\u03ad\u03b3\u03b5\u03b9\u03bd, \u03bc\u03b5 \u03c4\u03bf \u03bd\u03b1 \u03bc\u03b7\u03bd \u03c3\u03b1\u03c2 \u03ba\u03b1\u03c4\u03b5\u03c5\u03b8\u03cd\u03bd\u03bf\u03c5\u03bc\u03b5 \u03b1\u03c0\u03b1\u03c1\u03b1\u03af\u03c4\u03b7\u03c4\u03b1 \u03c9\u03c2 \u03b5\u03b9\u03b4\u03b9\u03ba\u03bf\u03cd\u03c2.<\/p><p>\u00a0<\/p><p>\u039a\u03c9\u03bd\u03c3\u03c4\u03b1\u03bd\u03c4\u03b9\u03bd\u03bf\u03cd\u03c0\u03bf\u03bb\u03b7 \u03a6\u03c1\u03bf\u03bd\u03c4\u03b9\u03c3\u03c4\u03ae\u03c2 \u03b7\u03bb\u03b9\u03ba\u03b9\u03c9\u03bc\u03ad\u03bd\u03c9\u03bd<br \/>\u039f\u03bb\u03cc\u03ba\u03bb\u03b7\u03c1\u03b7 \u03b7 \u03bf\u03bc\u03ac\u03b4\u03b1 \u03c4\u03c9\u03bd \u03c5\u03c0\u03b1\u03bb\u03bb\u03ae\u03bb\u03c9\u03bd \u03bc\u03b1\u03c2 \u03ad\u03c7\u03b5\u03b9 \u03bc\u03b9\u03b1 \u03b5\u03c0\u03b1\u03b3\u03b3\u03b5\u03bb\u03bc\u03b1\u03c4\u03b9\u03ba\u03ae \u03ba\u03b1\u03c4\u03b1\u03bd\u03cc\u03b7\u03c3\u03b7 \u03c4\u03c9\u03bd \u03c5\u03c0\u03b7\u03c1\u03b5\u03c3\u03b9\u03ce\u03bd. \u0398\u03ad\u03bb\u03bf\u03c5\u03bc\u03b5 \u03bd\u03b1 \u03c3\u03b1\u03c2 \u03c0\u03b1\u03c1\u03ad\u03c7\u03bf\u03c5\u03bc\u03b5 \u03c4\u03b7\u03bd \u03ba\u03b1\u03bb\u03cd\u03c4\u03b5\u03c1\u03b7 \u03b5\u03be\u03c5\u03c0\u03b7\u03c1\u03ad\u03c4\u03b7\u03c3\u03b7 \u03ba\u03b1\u03c4\u03b5\u03c5\u03b8\u03cd\u03bd\u03bf\u03bd\u03c4\u03b1\u03c2 \u03c4\u03bf \u03c0\u03c1\u03bf\u03c3\u03c9\u03c0\u03b9\u03ba\u03cc \u03c0\u03bf\u03c5 \u03b5\u03af\u03bd\u03b1\u03b9 \u03b5\u03b9\u03b4\u03b9\u03ba\u03bf\u03af \u03c3\u03b5 \u03cc\u03bb\u03b5\u03c2 \u03c4\u03b9\u03c2 \u03c5\u03c0\u03b7\u03c1\u03b5\u03c3\u03af\u03b5\u03c2 \u03c6\u03c1\u03bf\u03bd\u03c4\u03af\u03b4\u03b1\u03c2 \u03c0\u03bf\u03c5 \u03ad\u03c7\u03b5\u03c4\u03b5 \u03b6\u03b7\u03c4\u03ae\u03c3\u03b5\u03b9. \u0397 \u03b5\u03c4\u03b1\u03b9\u03c1\u03b5\u03af\u03b1 \u03bc\u03b1\u03c2 \u03b5\u03af\u03bd\u03b1\u03b9 \u03ad\u03c4\u03bf\u03b9\u03bc\u03b7 \u03bd\u03b1 \u03b5\u03be\u03c5\u03c0\u03b7\u03c1\u03b5\u03c4\u03ae\u03c3\u03b5\u03b9 \u03c3\u03b5 \u03cc\u03bb\u03b5\u03c2 \u03c4\u03b9\u03c2 \u03c0\u03b5\u03c1\u03b9\u03bf\u03c7\u03ad\u03c2 \u03c4\u03b7\u03c2 \u039a\u03c9\u03bd\u03c3\u03c4\u03b1\u03bd\u03c4\u03b9\u03bd\u03bf\u03cd\u03c0\u03bf\u03bb\u03b7\u03c2 \u03c3\u03c4\u03b7\u03bd \u039a\u03c9\u03bd\u03c3\u03c4\u03b1\u03bd\u03c4\u03b9\u03bd\u03bf\u03cd\u03c0\u03bf\u03bb\u03b7. \u0391\u03bd \u03c8\u03ac\u03c7\u03bd\u03b5\u03c4\u03b5 \u03b3\u03b9\u03b1 \u03ad\u03bd\u03b1\u03bd \u03c6\u03c1\u03bf\u03bd\u03c4\u03b9\u03c3\u03c4\u03ae \u03b7\u03bb\u03b9\u03ba\u03b9\u03c9\u03bc\u03ad\u03bd\u03c9\u03bd, \u03c3\u03b5 \u03cc\u03c0\u03bf\u03b9\u03b1 \u03c0\u03b5\u03c1\u03b9\u03bf\u03c7\u03ae \u03c4\u03b7\u03c2 \u039a\u03c9\u03bd\u03c3\u03c4\u03b1\u03bd\u03c4\u03b9\u03bd\u03bf\u03cd\u03c0\u03bf\u03bb\u03b7\u03c2 \u03ba\u03b1\u03b9 \u03b1\u03bd \u03b2\u03c1\u03af\u03c3\u03ba\u03b5\u03c3\u03c4\u03b5, \u03b8\u03b1 \u03c3\u03b1\u03c2 \u03b1\u03c0\u03bf\u03c3\u03c4\u03b1\u03bb\u03b5\u03af \u03ad\u03bd\u03b1 \u03c0\u03c1\u03bf\u03c3\u03c9\u03c0\u03b9\u03ba\u03cc \u03c3\u03c4\u03bf \u03bf\u03c0\u03bf\u03af\u03bf \u03bc\u03c0\u03bf\u03c1\u03b5\u03af\u03c4\u03b5 \u03bd\u03b1 \u03b2\u03b1\u03c3\u03b9\u03c3\u03c4\u03b5\u03af\u03c4\u03b5.<\/p><p>\u0397 Ya\u011fmur consultancy \u03ad\u03c7\u03b5\u03b9 \u03cc\u03bb\u03b1 \u03c4\u03b1 \u03c0\u03b9\u03c3\u03c4\u03bf\u03c0\u03bf\u03b9\u03b7\u03c4\u03b9\u03ba\u03ac \u03c0\u03b1\u03c1\u03ad\u03c7\u03bf\u03bd\u03c4\u03b1\u03c2 \u03c5\u03c0\u03b7\u03c1\u03b5\u03c3\u03af\u03b5\u03c2 \u03c6\u03c1\u03bf\u03bd\u03c4\u03af\u03b4\u03b1\u03c2 \u03c3\u03c4\u03b7\u03bd \u039a\u03c9\u03bd\u03c3\u03c4\u03b1\u03bd\u03c4\u03b9\u03bd\u03bf\u03cd\u03c0\u03bf\u03bb\u03b7 \u03b5\u03b4\u03ce \u03ba\u03b1\u03b9 \u03c0\u03bf\u03bb\u03bb\u03ac \u03c7\u03c1\u03cc\u03bd\u03b9\u03b1. \u03a0\u03b1\u03c1\u03ad\u03c7\u03bf\u03c5\u03bd \u03c0\u03bf\u03bb\u03cd \u03ba\u03b1\u03bb\u03cd\u03c4\u03b5\u03c1\u03b5\u03c2 \u03c5\u03c0\u03b7\u03c1\u03b5\u03c3\u03af\u03b5\u03c2 \u03c3\u03c4\u03bf\u03c5\u03c2 \u03c4\u03bf\u03bc\u03b5\u03af\u03c2 \u03c4\u03bf\u03c5\u03c2 \u03bc\u03b5 \u03c4\u03b7\u03bd \u03b5\u03ba\u03c0\u03b1\u03af\u03b4\u03b5\u03c5\u03c3\u03b7 \u03c0\u03bf\u03c5 \u03c0\u03b1\u03c1\u03ad\u03c7\u03bf\u03c5\u03bc\u03b5 \u03c3\u03c4\u03bf \u03c0\u03c1\u03bf\u03c3\u03c9\u03c0\u03b9\u03ba\u03cc \u03bc\u03b1\u03c2 \u03c0\u03bf\u03c5 \u03ba\u03b1\u03c4\u03b5\u03c5\u03b8\u03cd\u03bd\u03bf\u03c5\u03bc\u03b5 \u03c9\u03c2 \u03c6\u03c1\u03bf\u03bd\u03c4\u03b9\u03c3\u03c4\u03ad\u03c2 \u03b7\u03bb\u03b9\u03ba\u03b9\u03c9\u03bc\u03ad\u03bd\u03c9\u03bd \u03c3\u03b5 \u03c3\u03c5\u03b3\u03ba\u03b5\u03ba\u03c1\u03b9\u03bc\u03ad\u03bd\u03b1 \u03c7\u03c1\u03bf\u03bd\u03b9\u03ba\u03ac \u03b4\u03b9\u03b1\u03c3\u03c4\u03ae\u03bc\u03b1\u03c4\u03b1.<\/p><p>\u039f\u03b9 \u03b7\u03bb\u03b9\u03ba\u03b9\u03c9\u03bc\u03ad\u03bd\u03bf\u03b9 \u03bc\u03b1\u03c2 \u03b1\u03be\u03af\u03b6\u03bf\u03c5\u03bd \u03c4\u03b7\u03bd \u03ba\u03b1\u03bb\u03cd\u03c4\u03b5\u03c1\u03b7 \u03b4\u03c5\u03bd\u03b1\u03c4\u03ae \u03b5\u03be\u03c5\u03c0\u03b7\u03c1\u03ad\u03c4\u03b7\u03c3\u03b7 \u03ba\u03b1\u03b9 \u03c6\u03c1\u03bf\u03bd\u03c4\u03af\u03b4\u03b1. \u0388\u03c7\u03bf\u03bd\u03c4\u03b1\u03c2 \u03b5\u03c0\u03af\u03b3\u03bd\u03c9\u03c3\u03b7 \u03b1\u03c5\u03c4\u03bf\u03cd, \u03c0\u03b1\u03c1\u03ad\u03c7\u03bf\u03c5\u03bc\u03b5 \u03c5\u03c0\u03b7\u03c1\u03b5\u03c3\u03af\u03b5\u03c2 \u03c6\u03c1\u03bf\u03bd\u03c4\u03af\u03b4\u03b1\u03c2 \u03c3\u03b5 \u03cc\u03bb\u03bf\u03c5\u03c2 \u03c4\u03bf\u03c5\u03c2 \u03b2\u03b5\u03c4\u03b5\u03c1\u03ac\u03bd\u03bf\u03c5\u03c2 \u03ba\u03b1\u03b9 \u03c4\u03bf\u03c5\u03c2 \u03b7\u03bb\u03b9\u03ba\u03b9\u03c9\u03bc\u03ad\u03bd\u03bf\u03c5\u03c2 \u03bc\u03b1\u03c2 \u03bc\u03b5 \u03b1\u03b3\u03ac\u03c0\u03b7 \u03ba\u03b1\u03b9 \u03b1\u03bd\u03b5\u03ba\u03c4\u03b9\u03ba\u03cc\u03c4\u03b7\u03c4\u03b1.<\/p>\t\t\t\t\t\t\t\t<\/div>\n\t\t\t\t<\/div>\n\t\t\t\t<\/div>\n\t\t\t\t\t<\/div>\n\t\t\t\t<\/div>\n\t\t\t\t<\/div>\n\t\t\t\t<\/div>","protected":false},"excerpt":{"rendered":"<p>Ya\u015fl\u0131 Bak\u0131c\u0131 Ya\u015fl\u0131 bak\u0131c\u0131 hizmeti verilirken, b\u00fct\u00fcn sevgi ve \u015fefkatlerini bizlerden esirgemeden b\u00fcy\u00fcten \u015fah\u0131slara \u00f6zen g\u00f6sterilmektedir. Bizleri bu g\u00fcnlere ula\u015ft\u0131ran sayg\u0131n ebeveynlerimiz, ya\u015fland\u0131klar\u0131nda ya da g\u00fcnl\u00fck hayatta ; yard\u0131mc\u0131ya gereksinim duyduklar\u0131nda sevgi ve \u015fefkatle yakla\u015fabilecek do\u011fru bireyi sizlere y\u00f6nlendirmek amac\u0131yla her vakit hizmet vermekteyiz. Do\u011fru ya\u015fl\u0131 bak\u0131c\u0131 hizmeti verecek \u015fah\u0131slarda bulunmas\u0131 gereken \u00f6zellikleri sizin amac\u0131yla [&hellip;]<\/p>","protected":false},"author":1,"featured_media":0,"parent":0,"menu_order":0,"comment_status":"closed","ping_status":"closed","template":"","meta":{"footnotes":""},"class_list":["post-78","page","type-page","status-publish","hentry"],"_links":{"self":[{"href":"https:\/\/istanbulbakicim.com\/el\/wp-json\/wp\/v2\/pages\/78","targetHints":{"allow":["GET"]}}],"collection":[{"href":"https:\/\/istanbulbakicim.com\/el\/wp-json\/wp\/v2\/pages"}],"about":[{"href":"https:\/\/istanbulbakicim.com\/el\/wp-json\/wp\/v2\/types\/page"}],"author":[{"embeddable":true,"href":"https:\/\/istanbulbakicim.com\/el\/wp-json\/wp\/v2\/users\/1"}],"replies":[{"embeddable":true,"href":"https:\/\/istanbulbakicim.com\/el\/wp-json\/wp\/v2\/comments?post=78"}],"version-history":[{"count":10,"href":"https:\/\/istanbulbakicim.com\/el\/wp-json\/wp\/v2\/pages\/78\/revisions"}],"predecessor-version":[{"id":373,"href":"https:\/\/istanbulbakicim.com\/el\/wp-json\/wp\/v2\/pages\/78\/revisions\/373"}],"wp:attachment":[{"href":"https:\/\/istanbulbakicim.com\/el\/wp-json\/wp\/v2\/media?parent=78"}],"curies":[{"name":"wp","href":"https:\/\/api.w.org\/{rel}","templated":true}]}}