{"id":377,"date":"2025-10-20T11:57:37","date_gmt":"2025-10-20T11:57:37","guid":{"rendered":"https:\/\/istanbulbakicim.com\/?page_id=377"},"modified":"2025-10-20T12:02:05","modified_gmt":"2025-10-20T12:02:05","slug":"bebek-bakici","status":"publish","type":"page","link":"https:\/\/istanbulbakicim.com\/el\/bebek-bakici\/","title":{"rendered":"Baby Sitter"},"content":{"rendered":"<div data-elementor-type=\"wp-page\" data-elementor-id=\"377\" class=\"elementor elementor-377\" data-elementor-post-type=\"page\">\n\t\t\t\t<div class=\"elementor-element elementor-element-3e1b4a8 e-flex e-con-boxed e-con e-parent\" data-id=\"3e1b4a8\" data-element_type=\"container\" data-settings=\"{&quot;background_background&quot;:&quot;classic&quot;}\">\n\t\t\t\t\t<div class=\"e-con-inner\">\n\t\t<div class=\"elementor-element elementor-element-39640d9 e-con-full e-flex e-con e-child\" data-id=\"39640d9\" data-element_type=\"container\">\n\t\t\t\t<div class=\"elementor-element elementor-element-2097624 elementor-invisible elementor-widget elementor-widget-heading\" data-id=\"2097624\" data-element_type=\"widget\" data-settings=\"{&quot;_animation&quot;:&quot;fadeIn&quot;}\" data-widget_type=\"heading.default\">\n\t\t\t\t\t<h2 class=\"elementor-heading-title elementor-size-default\">Baby Sitter<\/h2>\t\t\t\t<\/div>\n\t\t\t\t<\/div>\n\t\t\t\t\t<\/div>\n\t\t\t\t<\/div>\n\t\t<div class=\"elementor-element elementor-element-d62d550 e-con-full e-flex e-con e-parent\" data-id=\"d62d550\" data-element_type=\"container\" data-settings=\"{&quot;background_background&quot;:&quot;classic&quot;}\">\n\t\t<div class=\"elementor-element elementor-element-ee8f269 e-flex e-con-boxed e-con e-child\" data-id=\"ee8f269\" data-element_type=\"container\">\n\t\t\t\t\t<div class=\"e-con-inner\">\n\t\t<div class=\"elementor-element elementor-element-accdc92 e-con-full e-flex e-con e-child\" data-id=\"accdc92\" data-element_type=\"container\">\n\t\t<div class=\"elementor-element elementor-element-a99e63d e-con-full e-flex elementor-invisible e-con e-child\" data-id=\"a99e63d\" data-element_type=\"container\" data-settings=\"{&quot;animation&quot;:&quot;fadeIn&quot;}\">\n\t\t\t\t<div class=\"elementor-element elementor-element-464eb08 elementor-invisible elementor-widget elementor-widget-text-editor\" data-id=\"464eb08\" data-element_type=\"widget\" data-settings=\"{&quot;_animation&quot;:&quot;fadeIn&quot;}\" data-widget_type=\"text-editor.default\">\n\t\t\t\t\t\t\t\t\t<p class=\"p1\">\u0397 \u03c0\u03b1\u03c1\u03bf\u03c7\u03ae \u03c4\u03b7\u03c2 \u03ba\u03b1\u03c4\u03ac\u03bb\u03bb\u03b7\u03bb\u03b7\u03c2 \u03c6\u03c1\u03bf\u03bd\u03c4\u03af\u03b4\u03b1\u03c2 \u03b3\u03b9\u03b1 \u03c4\u03b7\u03bd \u03c5\u03b3\u03b5\u03af\u03b1, \u03c4\u03b7\u03bd \u03b5\u03c5\u03c4\u03c5\u03c7\u03af\u03b1 \u03ba\u03b1\u03b9 \u03c4\u03b7\u03bd \u03c8\u03c5\u03c7\u03b9\u03ba\u03ae \u03b7\u03c1\u03b5\u03bc\u03af\u03b1 \u03c4\u03bf\u03c5 \u03bc\u03c9\u03c1\u03bf\u03cd \u03c3\u03b1\u03c2 \u03b5\u03af\u03bd\u03b1\u03b9 \u03b7 \u03c0\u03c1\u03bf\u03c4\u03b5\u03c1\u03b1\u03b9\u03cc\u03c4\u03b7\u03c4\u03b1 \u03ba\u03ac\u03b8\u03b5 \u03bf\u03b9\u03ba\u03bf\u03b3\u03ad\u03bd\u03b5\u03b9\u03b1\u03c2.<\/p><p class=\"p1\">\u039a\u03c9\u03bd\u03c3\u03c4\u03b1\u03bd\u03c4\u03b9\u03bd\u03bf\u03cd\u03c0\u03bf\u03bb\u03b7 \u03a9\u03c2 \u03c6\u03c1\u03bf\u03bd\u03c4\u03b9\u03c3\u03c4\u03ae\u03c2 \u03bc\u03bf\u03c5, \u03b5\u03ba\u03c0\u03b1\u03b9\u03b4\u03b5\u03c5\u03bc\u03ad\u03bd\u03bf\u03c2 \u03ba\u03b1\u03b9 \u03ad\u03bc\u03c0\u03b5\u03b9\u03c1\u03bf\u03c2 \u03c3\u03c4\u03bf\u03bd \u03c4\u03bf\u03bc\u03ad\u03b1 <span class=\"s1\"><b>\u03c6\u03c1\u03bf\u03bd\u03c4\u03b9\u03c3\u03c4\u03ae\u03c2 \u03bc\u03c9\u03c1\u03ce\u03bd<\/b><\/span> \u03a0\u03c1\u03bf\u03c3\u03c6\u03ad\u03c1\u03bf\u03c5\u03bc\u03b5 \u03bc\u03b9\u03b1 \u03b1\u03c3\u03c6\u03b1\u03bb\u03ae, \u03bf\u03c1\u03b3\u03b1\u03bd\u03c9\u03bc\u03ad\u03bd\u03b7 \u03ba\u03b1\u03b9 \u03c3\u03c4\u03bf\u03c1\u03b3\u03b9\u03ba\u03ae \u03b4\u03b9\u03b1\u03b4\u03b9\u03ba\u03b1\u03c3\u03af\u03b1 \u03c6\u03c1\u03bf\u03bd\u03c4\u03af\u03b4\u03b1\u03c2 \u03bc\u03b5 \u03c4\u03b7\u03bd \u03bf\u03bc\u03ac\u03b4\u03b1 \u03bc\u03b1\u03c2.<\/p><p class=\"p1\">\u0393\u03bd\u03c9\u03c1\u03af\u03b6\u03bf\u03bd\u03c4\u03b1\u03c2 \u03cc\u03c4\u03b9 \u03ba\u03ac\u03b8\u03b5 \u03bc\u03c9\u03c1\u03cc \u03ad\u03c7\u03b5\u03b9 \u03b4\u03b9\u03b1\u03c6\u03bf\u03c1\u03b5\u03c4\u03b9\u03ba\u03cc \u03c1\u03c5\u03b8\u03bc\u03cc \u03b1\u03bd\u03b1\u03b3\u03ba\u03ce\u03bd, \u03bc\u03c0\u03bf\u03c1\u03b5\u03af\u03c4\u03b5 \u03bd\u03b1 \u03c3\u03c7\u03b5\u03b4\u03b9\u03ac\u03c3\u03b5\u03c4\u03b5 \u03c0\u03bb\u03ae\u03c1\u03c9\u03c2 \u03c4\u03bf \u03c3\u03c7\u03ad\u03b4\u03b9\u03bf \u03c6\u03c1\u03bf\u03bd\u03c4\u03af\u03b4\u03b1\u03c2 \u03c3\u03b1\u03c2. <span class=\"s1\"><b>\u03b1\u03bd\u03ac\u03bb\u03bf\u03b3\u03b1 \u03bc\u03b5 \u03c4\u03b7\u03bd \u03b7\u03bb\u03b9\u03ba\u03af\u03b1, \u03c4\u03bf \u03b1\u03bd\u03b1\u03c0\u03c4\u03c5\u03be\u03b9\u03b1\u03ba\u03cc \u03b5\u03c0\u03af\u03c0\u03b5\u03b4\u03bf \u03ba\u03b1\u03b9 \u03c4\u03bf\u03bd \u03c7\u03b1\u03c1\u03b1\u03ba\u03c4\u03ae\u03c1\u03b1 \u03c4\u03bf\u03c5 \u03bc\u03c9\u03c1\u03bf\u03cd \u03c3\u03b1\u03c2<\/b><\/span> \u03b1\u03bd\u03b1\u03bb\u03cc\u03b3\u03c9\u03c2.<\/p><h3>\u00a0<\/h3><h3><span style=\"color: #000000;\"><b>\u0395\u03be\u03b1\u03c4\u03bf\u03bc\u03b9\u03ba\u03b5\u03c5\u03bc\u03ad\u03bd\u03bf \u03c3\u03c7\u03ad\u03b4\u03b9\u03bf \u03c6\u03c1\u03bf\u03bd\u03c4\u03af\u03b4\u03b1\u03c2 \u03b3\u03b9\u03b1 \u03c4\u03bf \u03bc\u03c9\u03c1\u03cc \u03c3\u03b1\u03c2<\/b><\/span><\/h3><p class=\"p1\">\u039a\u03ac\u03b8\u03b5 \u03bc\u03c9\u03c1\u03cc \u03b5\u03af\u03bd\u03b1\u03b9 \u03bc\u03bf\u03bd\u03b1\u03b4\u03b9\u03ba\u03cc - \u03b3\u03b9' \u03b1\u03c5\u03c4\u03cc \u03ba\u03b1\u03b9 \u03b7 \u03b4\u03b9\u03b1\u03b4\u03b9\u03ba\u03b1\u03c3\u03af\u03b1 \u03c6\u03c1\u03bf\u03bd\u03c4\u03af\u03b4\u03b1\u03c2 \u03c0\u03c1\u03ad\u03c0\u03b5\u03b9 \u03bd\u03b1 \u03b5\u03af\u03bd\u03b1\u03b9 \u03b5\u03c0\u03af\u03c3\u03b7\u03c2 \u03b5\u03be\u03b1\u03c4\u03bf\u03bc\u03b9\u03ba\u03b5\u03c5\u03bc\u03ad\u03bd\u03b7.<\/p><p class=\"p1\">\u0397 \u03bf\u03bc\u03ac\u03b4\u03b1 \u03bc\u03b1\u03c2 \u03c3\u03c7\u03b5\u03b4\u03b9\u03ac\u03b6\u03b5\u03b9 \u03c0\u03c1\u03bf\u03c3\u03b5\u03ba\u03c4\u03b9\u03ba\u03ac \u03ba\u03ac\u03b8\u03b5 \u03b2\u03ae\u03bc\u03b1, \u03b1\u03c0\u03cc \u03c4\u03b7 \u03b4\u03b9\u03b1\u03c4\u03c1\u03bf\u03c6\u03ae \u03bc\u03ad\u03c7\u03c1\u03b9 \u03c4\u03b7\u03bd \u03ce\u03c1\u03b1 \u03c4\u03bf\u03c5 \u03cd\u03c0\u03bd\u03bf\u03c5, \u03b1\u03c0\u03cc \u03c4\u03b7\u03bd \u03b1\u03bb\u03bb\u03b1\u03b3\u03ae \u03c4\u03b7\u03c2 \u03c0\u03ac\u03bd\u03b1\u03c2 \u03bc\u03ad\u03c7\u03c1\u03b9 \u03c4\u03bf \u03c0\u03b1\u03b9\u03c7\u03bd\u03af\u03b4\u03b9.<\/p><p class=\"p1\"><span class=\"s1\"><b>\u0397 \u03c5\u03c0\u03b7\u03c1\u03b5\u03c3\u03af\u03b1 \u03c6\u03c1\u03bf\u03bd\u03c4\u03af\u03b4\u03b1\u03c2 \u03c4\u03bf\u03c5 \u03bc\u03c9\u03c1\u03bf\u03cd \u03bc\u03b1\u03c2<\/b><\/span>\u03bc\u03c0\u03bf\u03c1\u03bf\u03cd\u03bd \u03bd\u03b1 \u03c0\u03c1\u03bf\u03c3\u03c6\u03ad\u03c1\u03bf\u03bd\u03c4\u03b1\u03b9 \u03c4\u03cc\u03c3\u03bf \u03bc\u03b5 \u03c0\u03bb\u03ae\u03c1\u03b7 \u03cc\u03c3\u03bf \u03ba\u03b1\u03b9 \u03bc\u03b5 \u03bc\u03b5\u03c1\u03b9\u03ba\u03ae \u03b1\u03c0\u03b1\u03c3\u03c7\u03cc\u03bb\u03b7\u03c3\u03b7.<\/p><p class=\"p1\">\u039c\u03b5 \u03c4\u03b7 \u03b4\u03b7\u03bc\u03b9\u03bf\u03c5\u03c1\u03b3\u03af\u03b1 \u03b5\u03bd\u03cc\u03c2 \u03b5\u03c5\u03ad\u03bb\u03b9\u03ba\u03c4\u03bf\u03c5 \u03c3\u03c7\u03b5\u03b4\u03af\u03bf\u03c5 \u03b5\u03c1\u03b3\u03b1\u03c3\u03af\u03b1\u03c2 \u03b1\u03bd\u03ac\u03bb\u03bf\u03b3\u03b1 \u03bc\u03b5 \u03c4\u03b9\u03c2 \u03b1\u03bd\u03ac\u03b3\u03ba\u03b5\u03c2 \u03c4\u03c9\u03bd \u03bf\u03b9\u03ba\u03bf\u03b3\u03b5\u03bd\u03b5\u03b9\u03ce\u03bd, \u03c0\u03b1\u03c1\u03ad\u03c7\u03b5\u03c4\u03b1\u03b9 \u03b1\u03c3\u03c6\u03b1\u03bb\u03ae\u03c2 \u03ba\u03b1\u03b9 \u03b2\u03b9\u03ce\u03c3\u03b9\u03bc\u03b7 \u03c5\u03c0\u03bf\u03c3\u03c4\u03ae\u03c1\u03b9\u03be\u03b7.<\/p><h3>\u00a0<\/h3><h3><span style=\"color: #000000;\"><b>\u0388\u03bc\u03c0\u03b5\u03b9\u03c1\u03bf \u03ba\u03b1\u03b9 \u03b5\u03ba\u03c0\u03b1\u03b9\u03b4\u03b5\u03c5\u03bc\u03ad\u03bd\u03bf \u03c0\u03c1\u03bf\u03c3\u03c9\u03c0\u03b9\u03ba\u03cc \u03c6\u03c1\u03bf\u03bd\u03c4\u03af\u03b4\u03b1\u03c2<\/b><\/span><\/h3><p class=\"p1\">\u039a\u03c9\u03bd\u03c3\u03c4\u03b1\u03bd\u03c4\u03b9\u03bd\u03bf\u03cd\u03c0\u03bf\u03bb\u03b7 \u03a6\u03c1\u03bf\u03bd\u03c4\u03b9\u03c3\u03c4\u03ae\u03c2 \u03c3\u03c4\u03bf\u03bd \u03bf\u03c1\u03b3\u03b1\u03bd\u03b9\u03c3\u03bc\u03cc \u03bc\u03bf\u03c5 <span class=\"s1\"><b>\u03c6\u03c1\u03bf\u03bd\u03c4\u03b9\u03c3\u03c4\u03ad\u03c2 \u03bc\u03c9\u03c1\u03ce\u03bd<\/b><\/span>\u03b5\u03af\u03bd\u03b1\u03b9 \u03b5\u03c0\u03b1\u03b3\u03b3\u03b5\u03bb\u03bc\u03b1\u03c4\u03af\u03b5\u03c2 \u03b5\u03ba\u03c0\u03b1\u03b9\u03b4\u03b5\u03c5\u03bc\u03ad\u03bd\u03bf\u03b9 \u03c3\u03c4\u03b7\u03bd \u03b1\u03bd\u03ac\u03c0\u03c4\u03c5\u03be\u03b7 \u03c4\u03c9\u03bd \u03c0\u03b1\u03b9\u03b4\u03b9\u03ce\u03bd \u03ba\u03b1\u03b9 \u03c3\u03c4\u03b9\u03c2 \u03c0\u03c1\u03ce\u03c4\u03b5\u03c2 \u03b2\u03bf\u03ae\u03b8\u03b5\u03b9\u03b5\u03c2.<\/p><p class=\"p1\">\u039c\u03b5 \u03c4\u03b9\u03c2 \u03c0\u03c1\u03bf\u03c3\u03b5\u03b3\u03b3\u03af\u03c3\u03b5\u03b9\u03c2 \u03bc\u03b1\u03c2 \u03c0\u03bf\u03c5 \u03c5\u03c0\u03bf\u03c3\u03c4\u03b7\u03c1\u03af\u03b6\u03bf\u03c5\u03bd \u03c4\u03b7 \u03c3\u03c9\u03bc\u03b1\u03c4\u03b9\u03ba\u03ae, \u03c3\u03c5\u03bd\u03b1\u03b9\u03c3\u03b8\u03b7\u03bc\u03b1\u03c4\u03b9\u03ba\u03ae \u03ba\u03b1\u03b9 \u03ba\u03bf\u03b9\u03bd\u03c9\u03bd\u03b9\u03ba\u03ae \u03b1\u03bd\u03ac\u03c0\u03c4\u03c5\u03be\u03b7 \u03c4\u03c9\u03bd \u03b2\u03c1\u03b5\u03c6\u03ce\u03bd, \u03c3\u03c5\u03bc\u03b2\u03ac\u03bb\u03bb\u03bf\u03c5\u03bc\u03b5 \u03c3\u03c4\u03b7\u03bd \u03b1\u03bd\u03ac\u03c0\u03c4\u03c5\u03be\u03ae \u03c4\u03bf\u03c5\u03c2 \u03c9\u03c2 \u03c5\u03b3\u03b9\u03b5\u03af\u03c2 \u03ba\u03b1\u03b9 \u03b5\u03c5\u03c4\u03c5\u03c7\u03b9\u03c3\u03bc\u03ad\u03bd\u03b5\u03c2 \u03c0\u03c1\u03bf\u03c3\u03c9\u03c0\u03b9\u03ba\u03cc\u03c4\u03b7\u03c4\u03b5\u03c2.<\/p><p class=\"p1\">\u0395\u03b3\u03b3\u03c5\u03cc\u03bc\u03b1\u03c3\u03c4\u03b5 \u03b5\u03c0\u03af\u03c3\u03b7\u03c2 \u03c4\u03b7\u03bd \u03b1\u03be\u03b9\u03bf\u03c0\u03b9\u03c3\u03c4\u03af\u03b1 \u03bc\u03ad\u03c3\u03c9 \u03c4\u03b1\u03ba\u03c4\u03b9\u03ba\u03ce\u03bd \u03b5\u03c3\u03c9\u03c4\u03b5\u03c1\u03b9\u03ba\u03ce\u03bd \u03b5\u03bb\u03ad\u03b3\u03c7\u03c9\u03bd \u03ba\u03b1\u03b9 \u03b5\u03bb\u03ad\u03b3\u03c7\u03c9\u03bd \u03b1\u03bd\u03b1\u03c6\u03bf\u03c1\u03ac\u03c2.<\/p><h3>\u00a0<\/h3><h3><span style=\"color: #000000;\"><b>\u03a3\u03c5\u03bd\u03b5\u03c7\u03ae\u03c2 \u03b5\u03c0\u03b9\u03ba\u03bf\u03b9\u03bd\u03c9\u03bd\u03af\u03b1 \u03bc\u03b5 \u03c4\u03b9\u03c2 \u03bf\u03b9\u03ba\u03bf\u03b3\u03ad\u03bd\u03b5\u03b9\u03b5\u03c2 \u03ba\u03b1\u03b9 \u03b4\u03b9\u03b1\u03c6\u03b1\u03bd\u03ae\u03c2 \u03c0\u03b1\u03c1\u03b1\u03ba\u03bf\u03bb\u03bf\u03cd\u03b8\u03b7\u03c3\u03b7<\/b><\/span><\/h3><p class=\"p1\">\u03a0\u03b1\u03c1\u03b1\u03bc\u03ad\u03bd\u03bf\u03c5\u03bc\u03b5 \u03c3\u03b5 \u03c3\u03c5\u03bd\u03b5\u03c7\u03ae \u03b5\u03c0\u03b9\u03ba\u03bf\u03b9\u03bd\u03c9\u03bd\u03af\u03b1 \u03bc\u03b5 \u03c4\u03b9\u03c2 \u03bf\u03b9\u03ba\u03bf\u03b3\u03ad\u03bd\u03b5\u03b9\u03b5\u03c2 \u03ba\u03b1\u03b8' \u03cc\u03bb\u03b7 \u03c4\u03b7 \u03b4\u03b9\u03ac\u03c1\u03ba\u03b5\u03b9\u03b1 \u03c4\u03b7\u03c2 \u03b4\u03b9\u03b1\u03b4\u03b9\u03ba\u03b1\u03c3\u03af\u03b1\u03c2 \u03c6\u03c1\u03bf\u03bd\u03c4\u03af\u03b4\u03b1\u03c2 \u03c4\u03bf\u03c5 \u03bc\u03c9\u03c1\u03bf\u03cd \u03ba\u03b1\u03b9 \u03bc\u03bf\u03b9\u03c1\u03b1\u03b6\u03cc\u03bc\u03b1\u03c3\u03c4\u03b5 \u03ba\u03ac\u03b8\u03b5 \u03c3\u03c4\u03ac\u03b4\u03b9\u03bf \u03bc\u03b5 \u03ad\u03bd\u03b1 \u03ba\u03b1\u03b8\u03b7\u03bc\u03b5\u03c1\u03b9\u03bd\u03cc \u03c3\u03cd\u03c3\u03c4\u03b7\u03bc\u03b1 \u03b1\u03bd\u03b1\u03c6\u03bf\u03c1\u03ac\u03c2.<\/p><p class=\"p1\">\u0388\u03c4\u03c3\u03b9, \u03bf\u03b9 \u03b3\u03bf\u03bd\u03b5\u03af\u03c2 \u03bc\u03c0\u03bf\u03c1\u03bf\u03cd\u03bd \u03bd\u03b1 \u03c0\u03b1\u03c1\u03b1\u03ba\u03bf\u03bb\u03bf\u03c5\u03b8\u03bf\u03cd\u03bd \u03c4\u03b7 \u03b4\u03b9\u03b1\u03b4\u03b9\u03ba\u03b1\u03c3\u03af\u03b1 \u03bc\u03b5 \u03b7\u03c1\u03b5\u03bc\u03af\u03b1 \u03ba\u03b1\u03b9 \u03bd\u03b1 \u03c0\u03b1\u03c1\u03b1\u03ba\u03bf\u03bb\u03bf\u03c5\u03b8\u03bf\u03cd\u03bd \u03c3\u03c4\u03b5\u03bd\u03ac \u03c4\u03b7\u03bd \u03b1\u03bd\u03ac\u03c0\u03c4\u03c5\u03be\u03b7 \u03c4\u03c9\u03bd \u03bc\u03c9\u03c1\u03ce\u03bd \u03c4\u03bf\u03c5\u03c2.<\/p><p class=\"p1\">\u03a3\u03c4\u03cc\u03c7\u03bf\u03c2 \u03bc\u03b1\u03c2 \u03b5\u03af\u03bd\u03b1\u03b9 \u03bd\u03b1 \u03ba\u03b1\u03b8\u03b9\u03b5\u03c1\u03ce\u03c3\u03bf\u03c5\u03bc\u03b5 \u03bc\u03b9\u03b1 \u03b5\u03c0\u03b9\u03ba\u03bf\u03b9\u03bd\u03c9\u03bd\u03af\u03b1 \u03b2\u03b1\u03c3\u03b9\u03c3\u03bc\u03ad\u03bd\u03b7 \u03c3\u03c4\u03b7\u03bd \u03b5\u03bc\u03c0\u03b9\u03c3\u03c4\u03bf\u03c3\u03cd\u03bd\u03b7, \u03b4\u03b9\u03b1\u03c6\u03b1\u03bd\u03ae \u03ba\u03b1\u03b9 \u03bc\u03b1\u03ba\u03c1\u03bf\u03c0\u03c1\u03cc\u03b8\u03b5\u03c3\u03bc\u03b7.<\/p><h3>\u00a0<\/h3><h3><span style=\"color: #000000;\"><b>\u0393\u03b9\u03b1\u03c4\u03af \u03b7 Istanbul Carer;<\/b><\/span><\/h3><ul><li><p class=\"p1\">\u0395\u03ba\u03c0\u03b1\u03b9\u03b4\u03b5\u03c5\u03bc\u03ad\u03bd\u03b7 \u03ba\u03b1\u03b9 \u03ad\u03bc\u03c0\u03b5\u03b9\u03c1\u03b7 \u03bf\u03bc\u03ac\u03b4\u03b1 babysitting<\/p><\/li><li><p class=\"p1\">\u0395\u03be\u03b1\u03c4\u03bf\u03bc\u03b9\u03ba\u03b5\u03c5\u03bc\u03ad\u03bd\u03bf \u03c3\u03c7\u03ad\u03b4\u03b9\u03bf \u03c6\u03c1\u03bf\u03bd\u03c4\u03af\u03b4\u03b1\u03c2<\/p><\/li><li><p class=\"p1\">\u0391\u03be\u03b9\u03cc\u03c0\u03b9\u03c3\u03c4\u03bf \u03c3\u03cd\u03c3\u03c4\u03b7\u03bc\u03b1 \u03b1\u03bd\u03b1\u03c6\u03bf\u03c1\u03ac\u03c2 \u03ba\u03b1\u03b9 \u03c4\u03b1\u03ba\u03c4\u03b9\u03ba\u03bf\u03cd \u03b5\u03bb\u03ad\u03b3\u03c7\u03bf\u03c5<\/p><\/li><li><p class=\"p1\">\u0395\u03c5\u03ad\u03bb\u03b9\u03ba\u03c4\u03bf \u03c9\u03c1\u03ac\u03c1\u03b9\u03bf \u03b5\u03c1\u03b3\u03b1\u03c3\u03af\u03b1\u03c2<\/p><\/li><li><p class=\"p1\">\u039f\u03b9\u03ba\u03bf\u03b3\u03b5\u03bd\u03b5\u03b9\u03b1\u03ba\u03ae \u03c0\u03c1\u03bf\u03c3\u03ad\u03b3\u03b3\u03b9\u03c3\u03b7 \u03b5\u03c0\u03b9\u03ba\u03bf\u03b9\u03bd\u03c9\u03bd\u03af\u03b1\u03c2<\/p><\/li><\/ul><p>\u00a0<\/p><p class=\"p1\">\u0391\u03bd \u03b8\u03ad\u03bb\u03b5\u03c4\u03b5 \u03bd\u03b1 \u03ba\u03ac\u03bd\u03b5\u03c4\u03b5 \u03c4\u03b7\u03bd \u03c0\u03b9\u03bf \u03c0\u03bf\u03bb\u03cd\u03c4\u03b9\u03bc\u03b7 \u03b5\u03c0\u03ad\u03bd\u03b4\u03c5\u03c3\u03b7 \u03b3\u03b9\u03b1 \u03c4\u03bf \u03bc\u03c9\u03c1\u03cc \u03c3\u03b1\u03c2,<\/p><p class=\"p1\">\u0395\u03c0\u03b1\u03b3\u03b3\u03b5\u03bb\u03bc\u03b1\u03c4\u03af\u03b1\u03c2 \u03c6\u03c1\u03bf\u03bd\u03c4\u03b9\u03c3\u03c4\u03ce\u03bd \u039a\u03c9\u03bd\u03c3\u03c4\u03b1\u03bd\u03c4\u03b9\u03bd\u03bf\u03cd\u03c0\u03bf\u03bb\u03b7\u03c2 <span class=\"s1\"><b>\u03c5\u03c0\u03b7\u03c1\u03b5\u03c3\u03af\u03b1 \u03c6\u03cd\u03bb\u03b1\u03be\u03b7\u03c2 \u03c0\u03b1\u03b9\u03b4\u03b9\u03ce\u03bd<\/b><\/span> \u0393\u03bd\u03c9\u03c1\u03af\u03c3\u03c4\u03b5 \u03c4\u03bf\u03bd.<\/p><p class=\"p1\">\u0395\u03af\u03bc\u03b1\u03c3\u03c4\u03b5 \u03bc\u03b5 \u03ba\u03ac\u03b8\u03b5 \u03bc\u03c9\u03c1\u03cc \u03c0\u03bf\u03c5 \u03bc\u03b5\u03b3\u03b1\u03bb\u03ce\u03bd\u03b5\u03b9 \u03bc\u03b5 \u03b1\u03b3\u03ac\u03c0\u03b7. \ud83c\udf38<\/p>\t\t\t\t\t\t\t\t<\/div>\n\t\t\t\t<\/div>\n\t\t\t\t<\/div>\n\t\t\t\t\t<\/div>\n\t\t\t\t<\/div>\n\t\t\t\t<\/div>\n\t\t\t\t<\/div>","protected":false},"excerpt":{"rendered":"<p>Bebek Bak\u0131c\u0131 Bebe\u011finizin sa\u011fl\u0131\u011f\u0131, mutlulu\u011fu ve huzuru i\u00e7in en do\u011fru bak\u0131m\u0131 sa\u011flamak her ailenin \u00f6nceli\u011fidir. \u0130stanbul Bak\u0131c\u0131m olarak, alan\u0131nda e\u011fitimli ve deneyimli bebek bak\u0131c\u0131s\u0131 ekibimizle; g\u00fcvenli, d\u00fczenli ve sevgi dolu bir bak\u0131m s\u00fcreci sunuyoruz. Her bebe\u011fin farkl\u0131 bir ihtiya\u00e7 ritmi oldu\u011funu biliyor, bak\u0131m plan\u0131n\u0131 tamamen bebe\u011finizin ya\u015f\u0131na, geli\u015fim d\u00fczeyine ve karakterine g\u00f6re \u015fekillendiriyoruz. \u00a0 Bebe\u011finiz [&hellip;]<\/p>","protected":false},"author":1,"featured_media":0,"parent":0,"menu_order":0,"comment_status":"closed","ping_status":"closed","template":"","meta":{"footnotes":""},"class_list":["post-377","page","type-page","status-publish","hentry"],"_links":{"self":[{"href":"https:\/\/istanbulbakicim.com\/el\/wp-json\/wp\/v2\/pages\/377","targetHints":{"allow":["GET"]}}],"collection":[{"href":"https:\/\/istanbulbakicim.com\/el\/wp-json\/wp\/v2\/pages"}],"about":[{"href":"https:\/\/istanbulbakicim.com\/el\/wp-json\/wp\/v2\/types\/page"}],"author":[{"embeddable":true,"href":"https:\/\/istanbulbakicim.com\/el\/wp-json\/wp\/v2\/users\/1"}],"replies":[{"embeddable":true,"href":"https:\/\/istanbulbakicim.com\/el\/wp-json\/wp\/v2\/comments?post=377"}],"version-history":[{"count":7,"href":"https:\/\/istanbulbakicim.com\/el\/wp-json\/wp\/v2\/pages\/377\/revisions"}],"predecessor-version":[{"id":387,"href":"https:\/\/istanbulbakicim.com\/el\/wp-json\/wp\/v2\/pages\/377\/revisions\/387"}],"wp:attachment":[{"href":"https:\/\/istanbulbakicim.com\/el\/wp-json\/wp\/v2\/media?parent=377"}],"curies":[{"name":"wp","href":"https:\/\/api.w.org\/{rel}","templated":true}]}}