{"id":198,"date":"2025-09-26T22:40:32","date_gmt":"2025-09-26T22:40:32","guid":{"rendered":"https:\/\/istanbulbakicim.com\/?page_id=198"},"modified":"2025-09-26T22:48:31","modified_gmt":"2025-09-26T22:48:31","slug":"kvkk","status":"publish","type":"page","link":"https:\/\/istanbulbakicim.com\/el\/kvkk\/","title":{"rendered":"KVKK"},"content":{"rendered":"<div data-elementor-type=\"wp-page\" data-elementor-id=\"198\" class=\"elementor elementor-198\" data-elementor-post-type=\"page\">\n\t\t\t\t<div class=\"elementor-element elementor-element-7d424372 e-flex e-con-boxed e-con e-parent\" data-id=\"7d424372\" data-element_type=\"container\" data-settings=\"{&quot;background_background&quot;:&quot;classic&quot;}\">\n\t\t\t\t\t<div class=\"e-con-inner\">\n\t\t<div class=\"elementor-element elementor-element-7fa8b13a e-con-full e-flex e-con e-child\" data-id=\"7fa8b13a\" data-element_type=\"container\">\n\t\t\t\t<div class=\"elementor-element elementor-element-2d57d83c elementor-invisible elementor-widget elementor-widget-heading\" data-id=\"2d57d83c\" data-element_type=\"widget\" data-settings=\"{&quot;_animation&quot;:&quot;fadeIn&quot;}\" data-widget_type=\"heading.default\">\n\t\t\t\t\t<h2 class=\"elementor-heading-title elementor-size-default\">KVKK<\/h2>\t\t\t\t<\/div>\n\t\t<div class=\"elementor-element elementor-element-1031650b e-con-full e-flex e-con e-child\" data-id=\"1031650b\" data-element_type=\"container\">\n\t\t\t\t<div class=\"elementor-element elementor-element-13fd2f elementor-icon-list--layout-inline elementor-icon-list-ico-position-10 elementor-list-item-link-full_width elementor-invisible elementor-widget elementor-widget-icon-list\" data-id=\"13fd2f\" data-element_type=\"widget\" data-settings=\"{&quot;_animation&quot;:&quot;fadeIn&quot;}\" data-widget_type=\"icon-list.default\">\n\t\t\t\t\t\t\t<ul class=\"elementor-icon-list-items elementor-inline-items\">\n\t\t\t\t\t\t\t<li class=\"elementor-icon-list-item elementor-inline-item\">\n\t\t\t\t\t\t\t\t\t\t\t<a href=\"https:\/\/istanbulbakicim.com\/el\/\">\n\n\t\t\t\t\t\t\t\t\t\t\t<span class=\"elementor-icon-list-text\">\u0391\u03c1\u03c7\u03b9\u03ba\u03ae \u03c3\u03b5\u03bb\u03af\u03b4\u03b1<\/span>\n\t\t\t\t\t\t\t\t\t\t\t<\/a>\n\t\t\t\t\t\t\t\t\t<\/li>\n\t\t\t\t\t\t\t\t<li class=\"elementor-icon-list-item elementor-inline-item\">\n\t\t\t\t\t\t\t\t\t\t\t<span class=\"elementor-icon-list-icon\">\n\t\t\t\t\t\t\t<svg aria-hidden=\"true\" class=\"e-font-icon-svg e-fas-chevron-right\" viewbox=\"0 0 320 512\" xmlns=\"http:\/\/www.w3.org\/2000\/svg\"><path d=\"M285.476 272.971L91.132 467.314c-9.373 9.373-24.569 9.373-33.941 0l-22.667-22.667c-9.357-9.357-9.375-24.522-.04-33.901L188.505 256 34.484 101.255c-9.335-9.379-9.317-24.544.04-33.901l22.667-22.667c9.373-9.373 24.569-9.373 33.941 0L285.475 239.03c9.373 9.372 9.373 24.568.001 33.941z\"><\/path><\/svg>\t\t\t\t\t\t<\/span>\n\t\t\t\t\t\t\t\t\t\t<span class=\"elementor-icon-list-text\"><\/span>\n\t\t\t\t\t\t\t\t\t<\/li>\n\t\t\t\t\t\t\t\t<li class=\"elementor-icon-list-item elementor-inline-item\">\n\t\t\t\t\t\t\t\t\t\t<span class=\"elementor-icon-list-text\">KVKK<\/span>\n\t\t\t\t\t\t\t\t\t<\/li>\n\t\t\t\t\t\t<\/ul>\n\t\t\t\t\t\t<\/div>\n\t\t\t\t<\/div>\n\t\t\t\t<\/div>\n\t\t\t\t\t<\/div>\n\t\t\t\t<\/div>\n\t\t<div class=\"elementor-element elementor-element-2812e21e e-con-full e-flex e-con e-parent\" data-id=\"2812e21e\" data-element_type=\"container\" data-settings=\"{&quot;background_background&quot;:&quot;classic&quot;}\">\n\t\t<div class=\"elementor-element elementor-element-1f9988a2 e-flex e-con-boxed e-con e-child\" data-id=\"1f9988a2\" data-element_type=\"container\">\n\t\t\t\t\t<div class=\"e-con-inner\">\n\t\t<div class=\"elementor-element elementor-element-5a0f0128 e-con-full e-flex e-con e-child\" data-id=\"5a0f0128\" data-element_type=\"container\">\n\t\t<div class=\"elementor-element elementor-element-1b891fef e-con-full e-flex e-con e-child\" data-id=\"1b891fef\" data-element_type=\"container\">\n\t\t\t\t<div class=\"elementor-element elementor-element-496ce58b elementor-invisible elementor-widget elementor-widget-heading\" data-id=\"496ce58b\" data-element_type=\"widget\" data-settings=\"{&quot;_animation&quot;:&quot;fadeIn&quot;}\" data-widget_type=\"heading.default\">\n\t\t\t\t\t<h2 class=\"elementor-heading-title elementor-size-default\">KVKK<\/h2>\t\t\t\t<\/div>\n\t\t\t\t<\/div>\n\t\t<div class=\"elementor-element elementor-element-262ccab3 e-con-full e-flex elementor-invisible e-con e-child\" data-id=\"262ccab3\" data-element_type=\"container\" data-settings=\"{&quot;animation&quot;:&quot;fadeIn&quot;}\">\n\t\t\t\t<div class=\"elementor-element elementor-element-6dd72607 elementor-invisible elementor-widget elementor-widget-text-editor\" data-id=\"6dd72607\" data-element_type=\"widget\" data-settings=\"{&quot;_animation&quot;:&quot;fadeIn&quot;}\" data-widget_type=\"text-editor.default\">\n\t\t\t\t\t\t\t\t\t<p>\u03a9\u03c2 \u03b9\u03b4\u03b9\u03c9\u03c4\u03b9\u03ba\u03ae \u03b5\u03c4\u03b1\u03b9\u03c1\u03b5\u03af\u03b1 Lavin Consultancy \u03c0\u03bf\u03c5 \u03b5\u03af\u03bd\u03b1\u03b9 \u03b5\u03b3\u03b3\u03b5\u03b3\u03c1\u03b1\u03bc\u03bc\u03ad\u03bd\u03b7 \u03c3\u03c4\u03bf \u03cc\u03bd\u03bf\u03bc\u03b1 Nevin Ta\u015ftan, \u03b5\u03c0\u03b5\u03be\u03b5\u03c1\u03b3\u03b1\u03b6\u03cc\u03bc\u03b1\u03c3\u03c4\u03b5, \u03b1\u03c0\u03bf\u03b8\u03b7\u03ba\u03b5\u03cd\u03bf\u03c5\u03bc\u03b5 \u03ba\u03b1\u03b9 \u03c0\u03c1\u03bf\u03c3\u03c4\u03b1\u03c4\u03b5\u03cd\u03bf\u03c5\u03bc\u03b5 \u03c4\u03b1 \u03c0\u03c1\u03bf\u03c3\u03c9\u03c0\u03b9\u03ba\u03ac \u03c3\u03b1\u03c2 \u03b4\u03b5\u03b4\u03bf\u03bc\u03ad\u03bd\u03b1 \u03c3\u03cd\u03bc\u03c6\u03c9\u03bd\u03b1 \u03bc\u03b5 \u03c4\u03bf\u03bd \u03bd\u03cc\u03bc\u03bf \u03c3\u03c4\u03bf \u03c0\u03bb\u03b1\u03af\u03c3\u03b9\u03bf \u03c4\u03bf\u03c5 \u03bd\u03cc\u03bc\u03bf\u03c5 \u03c0\u03b5\u03c1\u03af \u03c0\u03c1\u03bf\u03c3\u03c4\u03b1\u03c3\u03af\u03b1\u03c2 \u03c0\u03c1\u03bf\u03c3\u03c9\u03c0\u03b9\u03ba\u03ce\u03bd \u03b4\u03b5\u03b4\u03bf\u03bc\u03ad\u03bd\u03c9\u03bd \u03b1\u03c1\u03b9\u03b8. 6698 (\"KVKK\").<\/p><p>\ud83d\udd39 1. \u03a5\u03c0\u03b5\u03cd\u03b8\u03c5\u03bd\u03bf\u03c2 \u03b5\u03c0\u03b5\u03be\u03b5\u03c1\u03b3\u03b1\u03c3\u03af\u03b1\u03c2 \u03b4\u03b5\u03b4\u03bf\u03bc\u03ad\u03bd\u03c9\u03bd<br \/>\u03a3\u03cd\u03bc\u03c6\u03c9\u03bd\u03b1 \u03bc\u03b5 \u03c4\u03b7\u03bd LPPD, \u03c4\u03b1 \u03c0\u03c1\u03bf\u03c3\u03c9\u03c0\u03b9\u03ba\u03ac \u03c3\u03b1\u03c2 \u03b4\u03b5\u03b4\u03bf\u03bc\u03ad\u03bd\u03b1 \u03c5\u03c0\u03bf\u03b2\u03ac\u03bb\u03bb\u03bf\u03bd\u03c4\u03b1\u03b9 \u03c3\u03b5 \u03b5\u03c0\u03b5\u03be\u03b5\u03c1\u03b3\u03b1\u03c3\u03af\u03b1 \u03b1\u03c0\u03cc \u03c4\u03b7\u03bd Lavin Dan\u0131\u015fmanl\u0131k \u015eah\u0131s \u015eirketi \u03c0\u03bf\u03c5 \u03b5\u03af\u03bd\u03b1\u03b9 \u03b5\u03b3\u03b3\u03b5\u03b3\u03c1\u03b1\u03bc\u03bc\u03ad\u03bd\u03b7 \u03c3\u03c4\u03bf \u03cc\u03bd\u03bf\u03bc\u03b1 Nevin Ta\u015ftan \u03c9\u03c2 \u03c5\u03c0\u03b5\u03cd\u03b8\u03c5\u03bd\u03bf\u03c2 \u03b5\u03c0\u03b5\u03be\u03b5\u03c1\u03b3\u03b1\u03c3\u03af\u03b1\u03c2.<\/p><p>\ud83d\udd39 2. \u03a0\u03c1\u03bf\u03c3\u03c9\u03c0\u03b9\u03ba\u03ac \u03b4\u03b5\u03b4\u03bf\u03bc\u03ad\u03bd\u03b1 \u03c0\u03bf\u03c5 \u03c3\u03c5\u03bb\u03bb\u03ad\u03b3\u03bf\u03bd\u03c4\u03b1\u03b9<br \/>\u03a4\u03b1 \u03b1\u03ba\u03cc\u03bb\u03bf\u03c5\u03b8\u03b1 \u03b4\u03b5\u03b4\u03bf\u03bc\u03ad\u03bd\u03b1 \u03c0\u03c1\u03bf\u03c3\u03c9\u03c0\u03b9\u03ba\u03bf\u03cd \u03c7\u03b1\u03c1\u03b1\u03ba\u03c4\u03ae\u03c1\u03b1 \u03bc\u03c0\u03bf\u03c1\u03bf\u03cd\u03bd \u03bd\u03b1 \u03b1\u03c0\u03bf\u03c4\u03b5\u03bb\u03ad\u03c3\u03bf\u03c5\u03bd \u03b1\u03bd\u03c4\u03b9\u03ba\u03b5\u03af\u03bc\u03b5\u03bd\u03bf \u03b5\u03c0\u03b5\u03be\u03b5\u03c1\u03b3\u03b1\u03c3\u03af\u03b1\u03c2:<\/p><p>\u03a3\u03c4\u03bf\u03b9\u03c7\u03b5\u03af\u03b1 \u03c4\u03b1\u03c5\u03c4\u03cc\u03c4\u03b7\u03c4\u03b1\u03c2 (\u03cc\u03bd\u03bf\u03bc\u03b1, \u03b5\u03c0\u03ce\u03bd\u03c5\u03bc\u03bf, \u03b7\u03bc\u03b5\u03c1\u03bf\u03bc\u03b7\u03bd\u03af\u03b1 \u03b3\u03ad\u03bd\u03bd\u03b7\u03c3\u03b7\u03c2, \u03b5\u03b8\u03bd\u03b9\u03ba\u03cc\u03c4\u03b7\u03c4\u03b1 \u03ba.\u03bb\u03c0.)<br \/>\u03a3\u03c4\u03bf\u03b9\u03c7\u03b5\u03af\u03b1 \u03b5\u03c0\u03b9\u03ba\u03bf\u03b9\u03bd\u03c9\u03bd\u03af\u03b1\u03c2 (\u03b1\u03c1\u03b9\u03b8\u03bc\u03cc\u03c2 \u03c4\u03b7\u03bb\u03b5\u03c6\u03ce\u03bd\u03bf\u03c5, \u03b4\u03b9\u03b5\u03cd\u03b8\u03c5\u03bd\u03c3\u03b7, \u03b7\u03bb\u03b5\u03ba\u03c4\u03c1\u03bf\u03bd\u03b9\u03ba\u03cc \u03c4\u03b1\u03c7\u03c5\u03b4\u03c1\u03bf\u03bc\u03b5\u03af\u03bf \u03ba.\u03bb\u03c0.)<br \/>\u03a0\u03bb\u03b7\u03c1\u03bf\u03c6\u03bf\u03c1\u03af\u03b5\u03c2 \u03b3\u03b9\u03b1 \u03c4\u03b7\u03bd \u03b5\u03c0\u03b1\u03b3\u03b3\u03b5\u03bb\u03bc\u03b1\u03c4\u03b9\u03ba\u03ae \u03b5\u03bc\u03c0\u03b5\u03b9\u03c1\u03af\u03b1<br \/>\u03a0\u03bb\u03b7\u03c1\u03bf\u03c6\u03bf\u03c1\u03af\u03b5\u03c2 \u03b1\u03bd\u03b1\u03c6\u03bf\u03c1\u03ac\u03c2<br \/>\u03a0\u03bb\u03b7\u03c1\u03bf\u03c6\u03bf\u03c1\u03af\u03b5\u03c2 \u03b3\u03b9\u03b1 \u03c4\u03b7\u03bd \u03c5\u03b3\u03b5\u03af\u03b1 (\u03b5\u03bc\u03c0\u03b5\u03b9\u03c1\u03af\u03b1 \u03c0\u03b5\u03c1\u03af\u03b8\u03b1\u03bb\u03c8\u03b7\u03c2 \u03b1\u03c3\u03b8\u03b5\u03bd\u03ce\u03bd \u03ba.\u03bb\u03c0.)<br \/>\u039f\u03c0\u03c4\u03b9\u03ba\u03bf\u03b1\u03ba\u03bf\u03c5\u03c3\u03c4\u03b9\u03ba\u03ac \u03b1\u03c1\u03c7\u03b5\u03af\u03b1 (\u03c3\u03b7\u03bc\u03b5\u03b9\u03ce\u03c3\u03b5\u03b9\u03c2 \u03c3\u03c5\u03bd\u03b5\u03bd\u03c4\u03b5\u03cd\u03be\u03b5\u03c9\u03bd, \u03c6\u03c9\u03c4\u03bf\u03b3\u03c1\u03b1\u03c6\u03af\u03b5\u03c2)<br \/>\u039a\u03b1\u03b8\u03b5\u03c3\u03c4\u03ce\u03c2 \u03ac\u03b4\u03b5\u03b9\u03b1\u03c2 \u03b4\u03b9\u03b1\u03bc\u03bf\u03bd\u03ae\u03c2<br \/>\u03a3\u03c4\u03bf\u03b9\u03c7\u03b5\u03af\u03b1 \u03b3\u03bf\u03bd\u03ad\u03c9\u03bd (\u03c3\u03b5 \u03c0\u03b5\u03c1\u03af\u03c0\u03c4\u03c9\u03c3\u03b7 \u03c6\u03c1\u03bf\u03bd\u03c4\u03af\u03b4\u03b1\u03c2 \u03c0\u03b1\u03b9\u03b4\u03b9\u03ce\u03bd)<br \/>\u039c\u03ad\u03b8\u03bf\u03b4\u03bf\u03b9 \u03c3\u03c5\u03bb\u03bb\u03bf\u03b3\u03ae\u03c2 \u03c0\u03c1\u03bf\u03c3\u03c9\u03c0\u03b9\u03ba\u03ce\u03bd \u03b4\u03b5\u03b4\u03bf\u03bc\u03ad\u03bd\u03c9\u03bd<br \/>WhatsApp, SMS \u03ba\u03b1\u03b9 \u03c4\u03b7\u03bb\u03b5\u03c6\u03c9\u03bd\u03b9\u03ba\u03ad\u03c2 \u03ba\u03bb\u03ae\u03c3\u03b5\u03b9\u03c2<br \/>\u0391\u03b9\u03c4\u03ae\u03c3\u03b5\u03b9\u03c2 \u03c0\u03bf\u03c5 \u03c5\u03c0\u03bf\u03b2\u03ac\u03bb\u03bb\u03bf\u03bd\u03c4\u03b1\u03b9 \u03bc\u03ad\u03c3\u03c9 \u03c4\u03bf\u03c5 www.istanbulbakicisi.com<br \/>\u03a3\u03c5\u03bd\u03b5\u03bd\u03c4\u03b5\u03cd\u03be\u03b5\u03b9\u03c2 \u03c0\u03c1\u03cc\u03c3\u03c9\u03c0\u03bf \u03bc\u03b5 \u03c0\u03c1\u03cc\u03c3\u03c9\u03c0\u03bf<br \/>\u0388\u03b3\u03b3\u03c1\u03b1\u03c6\u03b1 \u03ba\u03b1\u03b9 \u03b2\u03b9\u03bf\u03b3\u03c1\u03b1\u03c6\u03b9\u03ba\u03ac \u03c3\u03b7\u03bc\u03b5\u03b9\u03ce\u03bc\u03b1\u03c4\u03b1 \u03c0\u03bf\u03c5 \u03c5\u03c0\u03bf\u03b2\u03ac\u03bb\u03bb\u03bf\u03bd\u03c4\u03b1\u03b9 \u03b1\u03c0\u03cc \u03c4\u03bf\u03bd \u03c5\u03c0\u03bf\u03c8\u03ae\u03c6\u03b9\u03bf<br \/>\ud83d\udd39 4. \u03a3\u03ba\u03bf\u03c0\u03bf\u03af \u03b5\u03c0\u03b5\u03be\u03b5\u03c1\u03b3\u03b1\u03c3\u03af\u03b1\u03c2 \u03c0\u03c1\u03bf\u03c3\u03c9\u03c0\u03b9\u03ba\u03ce\u03bd \u03b4\u03b5\u03b4\u03bf\u03bc\u03ad\u03bd\u03c9\u03bd<br \/>\u0393\u03b9\u03b1 \u03c4\u03b7\u03bd \u03b1\u03be\u03b9\u03bf\u03bb\u03cc\u03b3\u03b7\u03c3\u03b7 \u03c4\u03c9\u03bd \u03b1\u03b9\u03c4\u03ae\u03c3\u03b5\u03c9\u03bd \u03b5\u03c1\u03b3\u03b1\u03c3\u03af\u03b1\u03c2<br \/>\u0391\u03bd\u03c4\u03b9\u03c3\u03c4\u03bf\u03af\u03c7\u03b9\u03c3\u03b7 \u03bc\u03b5 \u03ba\u03b1\u03c4\u03ac\u03bb\u03bb\u03b7\u03bb\u03bf\u03c5\u03c2 \u03b5\u03c1\u03b3\u03bf\u03b4\u03cc\u03c4\u03b5\u03c2<br \/>\u03a0\u03b1\u03c1\u03bf\u03c7\u03ae \u03b5\u03c0\u03b9\u03ba\u03bf\u03b9\u03bd\u03c9\u03bd\u03af\u03b1\u03c2<br \/>\u03a0\u03b1\u03c1\u03bf\u03c7\u03ae \u03c0\u03bb\u03b7\u03c1\u03bf\u03c6\u03bf\u03c1\u03b9\u03ce\u03bd \u03c3\u03b5 \u03b5\u03c0\u03af\u03c3\u03b7\u03bc\u03bf\u03c5\u03c2 \u03c6\u03bf\u03c1\u03b5\u03af\u03c2 \u03cc\u03c4\u03b1\u03bd \u03b5\u03af\u03bd\u03b1\u03b9 \u03b1\u03c0\u03b1\u03c1\u03b1\u03af\u03c4\u03b7\u03c4\u03bf (\u03c0.\u03c7. \u0130\u015eKUR)<br \/>\u0392\u03b5\u03bb\u03c4\u03af\u03c9\u03c3\u03b7 \u03c4\u03b7\u03c2 \u03c0\u03bf\u03b9\u03cc\u03c4\u03b7\u03c4\u03b1\u03c2 \u03c4\u03c9\u03bd \u03c5\u03c0\u03b7\u03c1\u03b5\u03c3\u03b9\u03ce\u03bd \u03ba\u03b1\u03b9 \u03c4\u03ae\u03c1\u03b7\u03c3\u03b7 \u03b1\u03c1\u03c7\u03b5\u03af\u03c9\u03bd<br \/>\ud83d\udd39 5. \u039c\u03ad\u03c1\u03b7 \u03c3\u03c4\u03b1 \u03bf\u03c0\u03bf\u03af\u03b1 \u03bc\u03c0\u03bf\u03c1\u03bf\u03cd\u03bd \u03bd\u03b1 \u03b4\u03b9\u03b1\u03b2\u03b9\u03b2\u03b1\u03c3\u03c4\u03bf\u03cd\u03bd \u03b4\u03b5\u03b4\u03bf\u03bc\u03ad\u03bd\u03b1<br \/>\u03a0\u03c1\u03cc\u03c3\u03c9\u03c0\u03b1 \u03ba\u03b1\u03b9 \u03bf\u03c1\u03b3\u03b1\u03bd\u03b9\u03c3\u03bc\u03bf\u03af \u03b5\u03c1\u03b3\u03bf\u03b4\u03cc\u03c4\u03b5\u03c2<br \/>\u038c\u03c4\u03b1\u03bd \u03ba\u03c1\u03af\u03bd\u03b5\u03c4\u03b1\u03b9 \u03b1\u03c0\u03b1\u03c1\u03b1\u03af\u03c4\u03b7\u03c4\u03bf, \u03b5\u03c0\u03af\u03c3\u03b7\u03bc\u03b1 \u03cc\u03c1\u03b3\u03b1\u03bd\u03b1 (\u0130\u015eKUR, SGK \u03ba.\u03bb\u03c0.)<br \/>\u0395\u03c0\u03b1\u03b3\u03b3\u03b5\u03bb\u03bc\u03b1\u03c4\u03af\u03b5\u03c2, \u03cc\u03c0\u03c9\u03c2 \u03b4\u03b9\u03ba\u03b7\u03b3\u03cc\u03c1\u03bf\u03b9 \u03ba\u03b1\u03b9 \u03c7\u03c1\u03b7\u03bc\u03b1\u03c4\u03bf\u03bf\u03b9\u03ba\u03bf\u03bd\u03bf\u03bc\u03b9\u03ba\u03bf\u03af \u03c3\u03cd\u03bc\u03b2\u03bf\u03c5\u03bb\u03bf\u03b9, \u03b1\u03c0\u03cc \u03c4\u03bf\u03c5\u03c2 \u03bf\u03c0\u03bf\u03af\u03bf\u03c5\u03c2 \u03bb\u03b1\u03bc\u03b2\u03ac\u03bd\u03bf\u03c5\u03bc\u03b5 \u03c5\u03c0\u03b7\u03c1\u03b5\u03c3\u03af\u03b5\u03c2 \u03c3\u03c4\u03bf \u03c0\u03bb\u03b1\u03af\u03c3\u03b9\u03bf \u03c4\u03c9\u03bd \u03bd\u03bf\u03bc\u03b9\u03ba\u03ce\u03bd \u03bc\u03b1\u03c2 \u03c5\u03c0\u03bf\u03c7\u03c1\u03b5\u03ce\u03c3\u03b5\u03c9\u03bd<br \/>\u0394\u03b5\u03bd \u03c5\u03c0\u03ac\u03c1\u03c7\u03b5\u03b9 \u03bc\u03b5\u03c4\u03b1\u03c6\u03bf\u03c1\u03ac \u03b4\u03b5\u03b4\u03bf\u03bc\u03ad\u03bd\u03c9\u03bd \u03c3\u03c4\u03bf \u03b5\u03be\u03c9\u03c4\u03b5\u03c1\u03b9\u03ba\u03cc.<\/p><p>\ud83d\udd39 6. \u03a0\u03b5\u03c1\u03af\u03bf\u03b4\u03bf\u03c2 \u03b4\u03b9\u03b1\u03c4\u03ae\u03c1\u03b7\u03c3\u03b7\u03c2 \u03b4\u03b5\u03b4\u03bf\u03bc\u03ad\u03bd\u03c9\u03bd<br \/>\u03a4\u03b1 \u03c0\u03c1\u03bf\u03c3\u03c9\u03c0\u03b9\u03ba\u03ac \u03c3\u03b1\u03c2 \u03b4\u03b5\u03b4\u03bf\u03bc\u03ad\u03bd\u03b1 \u03b1\u03c0\u03bf\u03b8\u03b7\u03ba\u03b5\u03cd\u03bf\u03bd\u03c4\u03b1\u03b9 \u03b3\u03b9\u03b1 \u03c4\u03bf \u03c7\u03c1\u03bf\u03bd\u03b9\u03ba\u03cc \u03b4\u03b9\u03ac\u03c3\u03c4\u03b7\u03bc\u03b1 \u03c0\u03bf\u03c5 \u03b1\u03c0\u03b1\u03b9\u03c4\u03b5\u03af\u03c4\u03b1\u03b9 \u03b1\u03c0\u03cc \u03c4\u03bf \u03c3\u03ba\u03bf\u03c0\u03cc \u03c4\u03b7\u03c2 \u03b5\u03c0\u03b5\u03be\u03b5\u03c1\u03b3\u03b1\u03c3\u03af\u03b1\u03c2 \u03ba\u03b1\u03b9 \u03b3\u03b9\u03b1 \u03c4\u03bf \u03c7\u03c1\u03bf\u03bd\u03b9\u03ba\u03cc \u03b4\u03b9\u03ac\u03c3\u03c4\u03b7\u03bc\u03b1 \u03c0\u03bf\u03c5 \u03c0\u03c1\u03bf\u03b2\u03bb\u03ad\u03c0\u03b5\u03c4\u03b1\u03b9 \u03b1\u03c0\u03cc \u03c4\u03b9\u03c2 \u03bd\u03bf\u03bc\u03b9\u03ba\u03ad\u03c2 \u03c5\u03c0\u03bf\u03c7\u03c1\u03b5\u03ce\u03c3\u03b5\u03b9\u03c2.<\/p><p>\ud83d\udd39 7. \u03a4\u03b1 \u03b4\u03b9\u03ba\u03b1\u03b9\u03ce\u03bc\u03b1\u03c4\u03ac \u03c3\u03b1\u03c2 \u03b2\u03ac\u03c3\u03b5\u03b9 \u03c4\u03bf\u03c5 KVKK<br \/>\u0393\u03b9\u03b1 \u03bd\u03b1 \u03bc\u03ac\u03b8\u03b5\u03c4\u03b5 \u03b1\u03bd \u03c4\u03b1 \u03c0\u03c1\u03bf\u03c3\u03c9\u03c0\u03b9\u03ba\u03ac \u03c3\u03b1\u03c2 \u03b4\u03b5\u03b4\u03bf\u03bc\u03ad\u03bd\u03b1 \u03c5\u03c0\u03bf\u03b2\u03ac\u03bb\u03bb\u03bf\u03bd\u03c4\u03b1\u03b9 \u03c3\u03b5 \u03b5\u03c0\u03b5\u03be\u03b5\u03c1\u03b3\u03b1\u03c3\u03af\u03b1 \u03ae \u03cc\u03c7\u03b9<br \/>\u0395\u03ac\u03bd \u03ad\u03c7\u03b5\u03b9 \u03c5\u03c0\u03bf\u03b2\u03bb\u03b7\u03b8\u03b5\u03af \u03c3\u03b5 \u03b5\u03c0\u03b5\u03be\u03b5\u03c1\u03b3\u03b1\u03c3\u03af\u03b1, \u03bd\u03b1 \u03b6\u03b7\u03c4\u03ae\u03c3\u03b5\u03c4\u03b5 \u03c0\u03bb\u03b7\u03c1\u03bf\u03c6\u03bf\u03c1\u03af\u03b5\u03c2 \u03c3\u03c7\u03b5\u03c4\u03b9\u03ba\u03ac \u03bc\u03b5 \u03b1\u03c5\u03c4\u03ae\u03bd<br \/>\u039d\u03b1 \u03bc\u03ac\u03b8\u03b5\u03c4\u03b5 \u03c4\u03bf \u03c3\u03ba\u03bf\u03c0\u03cc \u03c4\u03b7\u03c2 \u03b5\u03c0\u03b5\u03be\u03b5\u03c1\u03b3\u03b1\u03c3\u03af\u03b1\u03c2 \u03ba\u03b1\u03b9 \u03ba\u03b1\u03c4\u03ac \u03c0\u03cc\u03c3\u03bf\u03bd \u03c7\u03c1\u03b7\u03c3\u03b9\u03bc\u03bf\u03c0\u03bf\u03b9\u03b5\u03af\u03c4\u03b1\u03b9 \u03ba\u03b1\u03c4\u03ac\u03bb\u03bb\u03b7\u03bb\u03b1<br \/>\u039d\u03b1 \u03b3\u03bd\u03c9\u03c1\u03af\u03b6\u03b5\u03c4\u03b5 \u03c4\u03b1 \u03c4\u03c1\u03af\u03c4\u03b1 \u03bc\u03ad\u03c1\u03b7 \u03c3\u03c4\u03b1 \u03bf\u03c0\u03bf\u03af\u03b1 \u03b4\u03b9\u03b1\u03b2\u03b9\u03b2\u03ac\u03b6\u03bf\u03bd\u03c4\u03b1\u03b9 \u03c4\u03b1 \u03b4\u03b5\u03b4\u03bf\u03bc\u03ad\u03bd\u03b1<br \/>\u0391\u03af\u03c4\u03b7\u03c3\u03b7 \u03b4\u03b9\u03cc\u03c1\u03b8\u03c9\u03c3\u03b7\u03c2 \u03c3\u03b5 \u03c0\u03b5\u03c1\u03af\u03c0\u03c4\u03c9\u03c3\u03b7 \u03b5\u03bb\u03bb\u03b9\u03c0\u03bf\u03cd\u03c2 \u03ae \u03b5\u03c3\u03c6\u03b1\u03bb\u03bc\u03ad\u03bd\u03b7\u03c2 \u03b5\u03c0\u03b5\u03be\u03b5\u03c1\u03b3\u03b1\u03c3\u03af\u03b1\u03c2<br \/>\u0391\u03af\u03c4\u03b7\u03bc\u03b1 \u03b4\u03b9\u03b1\u03b3\u03c1\u03b1\u03c6\u03ae\u03c2 \u03ae \u03ba\u03b1\u03c4\u03b1\u03c3\u03c4\u03c1\u03bf\u03c6\u03ae\u03c2<br \/>\u039c\u03c0\u03bf\u03c1\u03b5\u03af\u03c4\u03b5 \u03bd\u03b1 \u03c3\u03c4\u03b5\u03af\u03bb\u03b5\u03c4\u03b5 \u03c4\u03b1 \u03b1\u03b9\u03c4\u03ae\u03bc\u03b1\u03c4\u03ac \u03c3\u03b1\u03c2 \u03c3\u03c4\u03b7\u03bd \u03c0\u03b1\u03c1\u03b1\u03ba\u03ac\u03c4\u03c9 \u03b4\u03b9\u03b5\u03cd\u03b8\u03c5\u03bd\u03c3\u03b7 \u03b5\u03c0\u03b9\u03ba\u03bf\u03b9\u03bd\u03c9\u03bd\u03af\u03b1\u03c2:<br \/>\ud83d\udce7 info@istanbulbakicisi.com<\/p>\t\t\t\t\t\t\t\t<\/div>\n\t\t\t\t<\/div>\n\t\t\t\t<\/div>\n\t\t\t\t\t<\/div>\n\t\t\t\t<\/div>\n\t\t\t\t<\/div>\n\t\t\t\t<\/div>","protected":false},"excerpt":{"rendered":"<p>KVKK Ana Sayfa KVKK KVKK Nevin Ta\u015ftan ad\u0131na kay\u0131tl\u0131 Lavin Dan\u0131\u015fmanl\u0131k \u015eah\u0131s \u015eirketi olarak, 6698 say\u0131l\u0131 Ki\u015fisel Verilerin Korunmas\u0131 Kanunu (\u201cKVKK\u201d) kapsam\u0131nda ki\u015fisel verilerinizi hukuka uygun \u015fekilde i\u015fliyor, sakl\u0131yor ve koruyoruz. \ud83d\udd39 1. Veri SorumlusuKVKK uyar\u0131nca, ki\u015fisel verileriniz veri sorumlusu s\u0131fat\u0131yla Nevin Ta\u015ftan ad\u0131na kay\u0131tl\u0131 Lavin Dan\u0131\u015fmanl\u0131k \u015eah\u0131s \u015eirketi taraf\u0131ndan i\u015flenmektedir. \ud83d\udd39 2. Toplanan Ki\u015fisel [&hellip;]<\/p>","protected":false},"author":1,"featured_media":0,"parent":0,"menu_order":0,"comment_status":"closed","ping_status":"closed","template":"","meta":{"footnotes":""},"class_list":["post-198","page","type-page","status-publish","hentry"],"_links":{"self":[{"href":"https:\/\/istanbulbakicim.com\/el\/wp-json\/wp\/v2\/pages\/198","targetHints":{"allow":["GET"]}}],"collection":[{"href":"https:\/\/istanbulbakicim.com\/el\/wp-json\/wp\/v2\/pages"}],"about":[{"href":"https:\/\/istanbulbakicim.com\/el\/wp-json\/wp\/v2\/types\/page"}],"author":[{"embeddable":true,"href":"https:\/\/istanbulbakicim.com\/el\/wp-json\/wp\/v2\/users\/1"}],"replies":[{"embeddable":true,"href":"https:\/\/istanbulbakicim.com\/el\/wp-json\/wp\/v2\/comments?post=198"}],"version-history":[{"count":4,"href":"https:\/\/istanbulbakicim.com\/el\/wp-json\/wp\/v2\/pages\/198\/revisions"}],"predecessor-version":[{"id":203,"href":"https:\/\/istanbulbakicim.com\/el\/wp-json\/wp\/v2\/pages\/198\/revisions\/203"}],"wp:attachment":[{"href":"https:\/\/istanbulbakicim.com\/el\/wp-json\/wp\/v2\/media?parent=198"}],"curies":[{"name":"wp","href":"https:\/\/api.w.org\/{rel}","templated":true}]}}