{"id":83,"date":"2025-09-26T16:34:56","date_gmt":"2025-09-26T16:34:56","guid":{"rendered":"https:\/\/istanbulbakicim.com\/?page_id=83"},"modified":"2025-10-20T11:56:51","modified_gmt":"2025-10-20T11:56:51","slug":"hasta-bakici","status":"publish","type":"page","link":"https:\/\/istanbulbakicim.com\/de\/hasta-bakici\/","title":{"rendered":"Patientenbetreuer"},"content":{"rendered":"<div data-elementor-type=\"wp-page\" data-elementor-id=\"83\" class=\"elementor elementor-83\" data-elementor-post-type=\"page\">\n\t\t\t\t<div class=\"elementor-element elementor-element-1a6b4d1e e-flex e-con-boxed e-con e-parent\" data-id=\"1a6b4d1e\" data-element_type=\"container\" data-settings=\"{&quot;background_background&quot;:&quot;classic&quot;}\">\n\t\t\t\t\t<div class=\"e-con-inner\">\n\t\t<div class=\"elementor-element elementor-element-15d19ab3 e-con-full e-flex e-con e-child\" data-id=\"15d19ab3\" data-element_type=\"container\">\n\t\t\t\t<div class=\"elementor-element elementor-element-4c76fa9b elementor-invisible elementor-widget elementor-widget-heading\" data-id=\"4c76fa9b\" data-element_type=\"widget\" data-settings=\"{&quot;_animation&quot;:&quot;fadeIn&quot;}\" data-widget_type=\"heading.default\">\n\t\t\t\t\t<h2 class=\"elementor-heading-title elementor-size-default\">Patientenbetreuer<\/h2>\t\t\t\t<\/div>\n\t\t\t\t<\/div>\n\t\t\t\t\t<\/div>\n\t\t\t\t<\/div>\n\t\t<div class=\"elementor-element elementor-element-ce61bf0 e-con-full e-flex e-con e-parent\" data-id=\"ce61bf0\" data-element_type=\"container\" data-settings=\"{&quot;background_background&quot;:&quot;classic&quot;}\">\n\t\t<div class=\"elementor-element elementor-element-3f79f405 e-flex e-con-boxed e-con e-child\" data-id=\"3f79f405\" data-element_type=\"container\">\n\t\t\t\t\t<div class=\"e-con-inner\">\n\t\t<div class=\"elementor-element elementor-element-94af3af e-con-full e-flex e-con e-child\" data-id=\"94af3af\" data-element_type=\"container\">\n\t\t<div class=\"elementor-element elementor-element-796e0848 e-con-full e-flex elementor-invisible e-con e-child\" data-id=\"796e0848\" data-element_type=\"container\" data-settings=\"{&quot;animation&quot;:&quot;fadeIn&quot;}\">\n\t\t\t\t<div class=\"elementor-element elementor-element-1af31a25 elementor-invisible elementor-widget elementor-widget-text-editor\" data-id=\"1af31a25\" data-element_type=\"widget\" data-settings=\"{&quot;_animation&quot;:&quot;fadeIn&quot;}\" data-widget_type=\"text-editor.default\">\n\t\t\t\t\t\t\t\t\t<p>Wir bieten einen Krankenpflegedienst an, bei dem Sie die famili\u00e4re W\u00e4rme sp\u00fcren, die der wichtigste numerische Wert des Sektors ist. Wenn Sie in der Suchmaschine als Krankenpfleger eingeben, werden Sie viele Unternehmen sehen, die viele Dienstleistungen anbieten. Allerdings kann jeder diese Dienstleistung anbieten, wichtig ist nur, dass man diese Dienstleistung mit dem richtigen Personal anbietet. Es ist immer ein Privileg, alle Pflegedienste, die in unserem Land ben\u00f6tigt werden, durch die Leitung von Teams professionell zu tun.<\/p><p>Einige der Dienstleistungen, die unsere Mitarbeiter, die die Aufgabe des Patientenbetreuers \u00fcbernehmen, f\u00fcr Ihre Patienten erbringen werden,<\/p><p>T\u00e4gliche Routinekontrolle von Temperatur, Puls und Blutdruck,<br \/>\u00c4rztlich empfohlene Massagen und Bewegungsf\u00f6rderung,<br \/>Zubereitung und F\u00fctterung der vom Arzt empfohlenen Mahlzeiten,<br \/>Waschen und B\u00fcgeln der Patientenkleidung,<br \/>Unterst\u00fctzung kranker Personen beim Umkleiden,<br \/>Unterst\u00fctzung bei der pers\u00f6nlichen Pflege,<br \/>Erforderlichenfalls Verschraubungen und Schieber,<br \/>Unterst\u00fctzung von Patienten mit Gehbehinderungen beim Gehen und ggf. Rollstuhlunterst\u00fctzung,<br \/>T\u00e4glich begleitende Zeitungen, B\u00fccher und Fernsehsendungen,<br \/>Unser Team sorgt f\u00fcr alle notwendigen und zus\u00e4tzlichen Anforderungen, die Ihre Patienten in ihrem t\u00e4glichen Leben als Pflegekraft erf\u00fcllen m\u00fcssen.<\/p><p>Wenn Sie eine Pflegekraft ben\u00f6tigen, k\u00f6nnen Sie sich an ein Expertenteam wenden, das Sie unterst\u00fctzt. Wir k\u00f6nnen Ihren Patienten im Krankenhaus oder zu Hause einen station\u00e4ren oder t\u00e4glichen Pflegedienst zur Verf\u00fcgung stellen. Die Teams, die wir aus den von uns seit vielen Jahren in diesem Bereich erbrachten Dienstleistungen vermitteln, sind fachlich geschulte Personen.<\/p><p>\u00a0<\/p><p>Professioneller Patientenbetreuer<br \/>Wenn Sie uns kontaktieren, teilen wir Ihnen die Daten des Experten mit 3 Fotos und Referenzen mit und \u00fcberlassen Ihnen die Wahl. Wenn Sie dann noch am selben Tag zur\u00fcckkommen, beginnt der Experte mit dem Service, indem er die Person zu Ihnen schickt. F\u00fcr den Service w\u00e4hlen wir immer Leute aus, die ihr Handwerk verstehen.<\/p><p>Wir wissen, wie kostbar Zeit ist. Wenn Sie einen idealen Experten brauchen, k\u00f6nnen Sie sich von uns beraten lassen, indem Sie aus unserem Portfolio ausw\u00e4hlen. Die schnelle und zuverl\u00e4ssige Rain-Beratung ist mit ihrer Erfahrung und ihrem Wissen immer einsatzbereit. Sie k\u00f6nnen sich an unser professionelles und ideales Unternehmen wenden, um eine gute Unterst\u00fctzung zu erhalten. Sie k\u00f6nnen nicht nur eine einzelne Person beauftragen, sondern auch Mann und Frau aus unserem Unternehmen f\u00fcr Ihre Haus- und Gartenarbeiten.<\/p><p>\u00a0<\/p><p>Istanbul Patientenbetreuer<br \/>Wir haben die Zahl der Menschen, die so viele Menschen wie n\u00f6tig in Ihrem Haus oder Arbeitspl\u00e4tze zu senden. Gegenw\u00e4rtig ist unser Team in allen Bezirken Istanbuls t\u00e4tig und wird mit dem Anstieg des numerischen Wertes unserer Marke in der Entwicklungszeit die gesamte T\u00fcrkei bedienen. Unabh\u00e4ngig davon, in welchem Teil von Istanbul Sie sich befinden, k\u00f6nnen Sie noch am selben Tag einen Krankenpflegedienst bekommen, wenn Sie wollen.<\/p><p>Alle von uns vermittelten Mitarbeiter sind sehr erfahren und haben Erfahrung im Bereich der Patientenbetreuung. Die Personaldaten werden von Ihnen \u00fcbermittelt und erreichen uns per Telefon. W\u00e4hrend Sie Ihre Aufgaben erf\u00fcllen, werden sich die von uns vermittelten Personen Ihren Patienten mit famili\u00e4rer Liebe n\u00e4hern. Es wird sogar sozusagen auf Augenh\u00f6he sein und den besten Service bieten. Wenn Sie eine professionelle Patientenbetreuung w\u00fcnschen, k\u00f6nnen Sie den genauesten Service erhalten, indem Sie sich an uns wenden und unserer Familie beitreten.<\/p><p>Wir sehen Sie nie als Kunden an. Sobald wir zu arbeiten beginnen, sehen wir Sie als unsere Familie.<\/p>\t\t\t\t\t\t\t\t<\/div>\n\t\t\t\t<\/div>\n\t\t\t\t<\/div>\n\t\t\t\t\t<\/div>\n\t\t\t\t<\/div>\n\t\t\t\t<\/div>\n\t\t<div class=\"elementor-element elementor-element-4303e87e e-flex e-con-boxed e-con e-parent\" data-id=\"4303e87e\" data-element_type=\"container\" data-settings=\"{&quot;background_background&quot;:&quot;classic&quot;}\">\n\t\t\t\t\t<div class=\"e-con-inner\">\n\t\t<div class=\"elementor-element elementor-element-2d0b275 e-con-full e-flex e-con e-child\" data-id=\"2d0b275\" data-element_type=\"container\">\n\t\t<div class=\"elementor-element elementor-element-7107cc9 e-con-full e-flex e-con e-child\" data-id=\"7107cc9\" data-element_type=\"container\">\n\t\t\t\t<\/div>\n\t\t<div class=\"elementor-element elementor-element-3c0d831c e-con-full e-flex e-con e-child\" data-id=\"3c0d831c\" data-element_type=\"container\">\n\t\t\t\t<div class=\"elementor-element elementor-element-28abd9b0 elementor-widget elementor-widget-elementskit-client-logo\" data-id=\"28abd9b0\" data-element_type=\"widget\" data-widget_type=\"elementskit-client-logo.default\">\n\t\t\t\t\t<div class=\"ekit-wid-con\" >\t\t<div class=\"elementskit-clients-slider  simple_logo_image\" data-config=\"{&quot;rtl&quot;:false,&quot;arrows&quot;:false,&quot;dots&quot;:false,&quot;autoplay&quot;:true,&quot;speed&quot;:1000,&quot;slidesPerView&quot;:4,&quot;slidesPerGroup&quot;:1,&quot;pauseOnHover&quot;:true,&quot;loop&quot;:false,&quot;breakpoints&quot;:{&quot;320&quot;:{&quot;slidesPerView&quot;:1,&quot;slidesPerGroup&quot;:1,&quot;spaceBetween&quot;:10},&quot;768&quot;:{&quot;slidesPerView&quot;:2,&quot;slidesPerGroup&quot;:1,&quot;spaceBetween&quot;:10},&quot;1024&quot;:{&quot;slidesPerView&quot;:4,&quot;slidesPerGroup&quot;:1,&quot;spaceBetween&quot;:15}}}\" data-direction=\"\">\n\t\t\t<div class=\"ekit-main-swiper swiper\">\n\t\t\t\t<div class=\"swiper-wrapper\">\n\t\t\t\t\t\t\t\t\t\t\t<div class=\"elementskit-client-slider-item swiper-slide\">\n\t\t\t\t\t\t\t<div class=\"swiper-slide-inner\">\n\t\t\t\t\t\t\t\t<div class=\"single-client image-switcher\" title=\"Titel #1\">\n\t\t\t\t\t\t\t\t\t\t\t\t\t\t\t\t\t\t\t<div class=\"content-image\">\n\t\t\t\t\t\t\t\t\t\t\t<img decoding=\"async\" width=\"256\" height=\"54\" src=\"https:\/\/istanbulbakicim.com\/wp-content\/uploads\/2025\/09\/referans-6.png\" class=\"\" alt=\"\" \/>\t\t\t\t\t\t\t\t\t\t<\/div>\n\t\t\t\t\t\t\t\t\t\t\t\t\t\t\t\t\t<\/div>\n\t\t\t\t\t\t\t<\/div>\n\t\t\t\t\t\t<\/div>\n\t\t\t\t\t\t\t\t\t\t\t<div class=\"elementskit-client-slider-item swiper-slide\">\n\t\t\t\t\t\t\t<div class=\"swiper-slide-inner\">\n\t\t\t\t\t\t\t\t<div class=\"single-client image-switcher\" title=\"Titel #2\">\n\t\t\t\t\t\t\t\t\t\t\t\t\t\t\t\t\t\t\t<div class=\"content-image\">\n\t\t\t\t\t\t\t\t\t\t\t<img decoding=\"async\" width=\"256\" height=\"28\" src=\"https:\/\/istanbulbakicim.com\/wp-content\/uploads\/2025\/09\/referans-2.png\" class=\"\" alt=\"\" \/>\t\t\t\t\t\t\t\t\t\t<\/div>\n\t\t\t\t\t\t\t\t\t\t\t\t\t\t\t\t\t<\/div>\n\t\t\t\t\t\t\t<\/div>\n\t\t\t\t\t\t<\/div>\n\t\t\t\t\t\t\t\t\t\t\t<div class=\"elementskit-client-slider-item swiper-slide\">\n\t\t\t\t\t\t\t<div class=\"swiper-slide-inner\">\n\t\t\t\t\t\t\t\t<div class=\"single-client image-switcher\" title=\"Titel #3\">\n\t\t\t\t\t\t\t\t\t\t\t\t\t\t\t\t\t\t\t<div class=\"content-image\">\n\t\t\t\t\t\t\t\t\t\t\t<img decoding=\"async\" width=\"256\" height=\"36\" src=\"https:\/\/istanbulbakicim.com\/wp-content\/uploads\/2025\/09\/referans-1.png\" class=\"\" alt=\"\" \/>\t\t\t\t\t\t\t\t\t\t<\/div>\n\t\t\t\t\t\t\t\t\t\t\t\t\t\t\t\t\t<\/div>\n\t\t\t\t\t\t\t<\/div>\n\t\t\t\t\t\t<\/div>\n\t\t\t\t\t\t\t\t\t\t\t<div class=\"elementskit-client-slider-item swiper-slide\">\n\t\t\t\t\t\t\t<div class=\"swiper-slide-inner\">\n\t\t\t\t\t\t\t\t<div class=\"single-client image-switcher\" title=\"Titel #4\">\n\t\t\t\t\t\t\t\t\t\t\t\t\t\t\t\t\t\t\t<div class=\"content-image\">\n\t\t\t\t\t\t\t\t\t\t\t<img loading=\"lazy\" decoding=\"async\" width=\"256\" height=\"46\" src=\"https:\/\/istanbulbakicim.com\/wp-content\/uploads\/2025\/09\/referans-5.png\" class=\"\" alt=\"\" \/>\t\t\t\t\t\t\t\t\t\t<\/div>\n\t\t\t\t\t\t\t\t\t\t\t\t\t\t\t\t\t<\/div>\n\t\t\t\t\t\t\t<\/div>\n\t\t\t\t\t\t<\/div>\n\t\t\t\t\t\t\t\t\t<\/div>\n\n\t\t\t\t\n\t\t\t\t\t\t\t<\/div><!-- .elementskit-clients-slider END -->\n\t\t<\/div>\n\t\t<\/div>\t\t\t\t<\/div>\n\t\t\t\t<\/div>\n\t\t\t\t<\/div>\n\t\t\t\t\t<\/div>\n\t\t\t\t<\/div>\n\t\t\t\t<\/div>","protected":false},"excerpt":{"rendered":"<p>Patientenbetreuer Wir bieten den Service eines Patientenbetreuers an, indem wir Sie die W\u00e4rme der Familie sp\u00fcren lassen, was der wichtigste numerische Wert des Sektors ist. Wenn Sie in der Suchmaschine als Krankenpfleger eingeben, werden Sie viele Unternehmen sehen, die viele Dienstleistungen anbieten. Allerdings kann jeder diese Dienstleistung anbieten, wichtig ist nur, dass man diese Dienstleistung mit dem richtigen Personal anbietet. Es ist immer ein Privileg, alle Pflegedienste, die in unserem Land ben\u00f6tigt werden, durch die Leitung von professionellen Teams zu tun. Patientenbetreuer [...]<\/p>","protected":false},"author":1,"featured_media":0,"parent":0,"menu_order":0,"comment_status":"closed","ping_status":"closed","template":"","meta":{"footnotes":""},"class_list":["post-83","page","type-page","status-publish","hentry"],"_links":{"self":[{"href":"https:\/\/istanbulbakicim.com\/de\/wp-json\/wp\/v2\/pages\/83","targetHints":{"allow":["GET"]}}],"collection":[{"href":"https:\/\/istanbulbakicim.com\/de\/wp-json\/wp\/v2\/pages"}],"about":[{"href":"https:\/\/istanbulbakicim.com\/de\/wp-json\/wp\/v2\/types\/page"}],"author":[{"embeddable":true,"href":"https:\/\/istanbulbakicim.com\/de\/wp-json\/wp\/v2\/users\/1"}],"replies":[{"embeddable":true,"href":"https:\/\/istanbulbakicim.com\/de\/wp-json\/wp\/v2\/comments?post=83"}],"version-history":[{"count":11,"href":"https:\/\/istanbulbakicim.com\/de\/wp-json\/wp\/v2\/pages\/83\/revisions"}],"predecessor-version":[{"id":376,"href":"https:\/\/istanbulbakicim.com\/de\/wp-json\/wp\/v2\/pages\/83\/revisions\/376"}],"wp:attachment":[{"href":"https:\/\/istanbulbakicim.com\/de\/wp-json\/wp\/v2\/media?parent=83"}],"curies":[{"name":"wp","href":"https:\/\/api.w.org\/{rel}","templated":true}]}}