{"id":78,"date":"2025-09-26T16:33:34","date_gmt":"2025-09-26T16:33:34","guid":{"rendered":"https:\/\/istanbulbakicim.com\/?page_id=78"},"modified":"2025-10-20T11:55:11","modified_gmt":"2025-10-20T11:55:11","slug":"yasli-bakici","status":"publish","type":"page","link":"https:\/\/istanbulbakicim.com\/de\/yasli-bakici\/","title":{"rendered":"\u00c4ltere Pflegerin"},"content":{"rendered":"<div data-elementor-type=\"wp-page\" data-elementor-id=\"78\" class=\"elementor elementor-78\" data-elementor-post-type=\"page\">\n\t\t\t\t<div class=\"elementor-element elementor-element-1c2d94aa e-flex e-con-boxed e-con e-parent\" data-id=\"1c2d94aa\" data-element_type=\"container\" data-settings=\"{&quot;background_background&quot;:&quot;classic&quot;}\">\n\t\t\t\t\t<div class=\"e-con-inner\">\n\t\t<div class=\"elementor-element elementor-element-2efcce84 e-con-full e-flex e-con e-child\" data-id=\"2efcce84\" data-element_type=\"container\">\n\t\t\t\t<div class=\"elementor-element elementor-element-5b1b9c96 elementor-invisible elementor-widget elementor-widget-heading\" data-id=\"5b1b9c96\" data-element_type=\"widget\" data-settings=\"{&quot;_animation&quot;:&quot;fadeIn&quot;}\" data-widget_type=\"heading.default\">\n\t\t\t\t\t<h2 class=\"elementor-heading-title elementor-size-default\">\u00c4ltere Pflegerin<\/h2>\t\t\t\t<\/div>\n\t\t\t\t<\/div>\n\t\t\t\t\t<\/div>\n\t\t\t\t<\/div>\n\t\t<div class=\"elementor-element elementor-element-614ff824 e-con-full e-flex e-con e-parent\" data-id=\"614ff824\" data-element_type=\"container\" data-settings=\"{&quot;background_background&quot;:&quot;classic&quot;}\">\n\t\t<div class=\"elementor-element elementor-element-23eaa345 e-flex e-con-boxed e-con e-child\" data-id=\"23eaa345\" data-element_type=\"container\">\n\t\t\t\t\t<div class=\"e-con-inner\">\n\t\t<div class=\"elementor-element elementor-element-38b6901e e-con-full e-flex e-con e-child\" data-id=\"38b6901e\" data-element_type=\"container\">\n\t\t<div class=\"elementor-element elementor-element-4091720 e-con-full e-flex elementor-invisible e-con e-child\" data-id=\"4091720\" data-element_type=\"container\" data-settings=\"{&quot;animation&quot;:&quot;fadeIn&quot;}\">\n\t\t\t\t<div class=\"elementor-element elementor-element-5301dc79 elementor-invisible elementor-widget elementor-widget-text-editor\" data-id=\"5301dc79\" data-element_type=\"widget\" data-settings=\"{&quot;_animation&quot;:&quot;fadeIn&quot;}\" data-widget_type=\"text-editor.default\">\n\t\t\t\t\t\t\t\t\t<p>Bei der Bereitstellung von Altenpflegedienstleistungen wird auf die Menschen geachtet, die aufwachsen, ohne uns ihre ganze Liebe und Zuneigung vorzuenthalten. Unsere gesch\u00e4tzten Eltern, die uns in diese Tage gebracht haben, wenn sie alt werden oder im t\u00e4glichen Leben; Wir bieten immer Service, um Sie auf die richtige Person, die Sie mit Liebe und Mitgef\u00fchl n\u00e4hern kann, wenn sie Hilfe ben\u00f6tigen. Wir stellen die Eigenschaften vor, die in den Menschen gefunden werden sollten, die den richtigen Altenpflegedienst f\u00fcr Ihren Zweck bieten werden.<\/p><p>Einige der Service-Details im Einklang mit unserem Team Personal als Betreuer f\u00fcr \u00e4ltere Menschen eingesetzt,<\/p><p>Anpassung an die h\u00e4usliche Umgebung, in der \u00e4ltere Menschen leben,<br \/>Halten Sie die Wohnr\u00e4ume stets sauber, um Hygiene- und Gesundheitsprobleme zu vermeiden,<br \/>Unterst\u00fctzt \u00e4ltere Menschen, indem er sie ins Krankenhaus oder zur Arztkontrolle begleitet,<br \/>Im Falle eines zuf\u00e4lligen Gesundheitsproblems, das bei \u00e4lteren Menschen auftreten kann, wird zun\u00e4chst das Gesundheitsteam und dann die Angeh\u00f6rigen informiert,<br \/>\u00c4ltere Menschen werden aufgrund ihres fortschreitenden Alters in allen Belangen des t\u00e4glichen Lebens unterst\u00fctzt,<br \/>Die als Altenpfleger eingesetzten Personen sind freundlich und erfahren,<br \/>Die w\u00f6chentliche Organisation wird anhand der Lebensmittelliste \u00e4lterer Menschen vorgenommen,<br \/>Unsere Altenpflegerinnen und Altenpfleger sind hilfsbereite, tolerante, geduldige und sorgf\u00e4ltige Menschen,<br \/>Er wird wie ein Sohn umsorgt und \u00fcbernimmt alle Pflichten.<\/p><p>Es ist eine gro\u00dfe Ehre f\u00fcr uns, Hunderte von \u00e4lteren Pflegern zu unterst\u00fctzen. Wir sind stolz auf alle unsere Dienstleistungen f\u00fcr Pflegekr\u00e4fte. Alle unsere Arbeiten in den Istanbuler Stadtteilen werden mit unserem professionellen Dienstleistungsverst\u00e4ndnis durchgef\u00fchrt.<\/p><p>\u00a0<\/p><p>Erfahrene Altenpflegerin<br \/>Das liegt an dem Respekt, den wir ihnen entgegenbringen. Der Mensch wird geboren und braucht Pflege. Nachdem er ein bestimmtes Alter erreicht hat, beginnt er sein Leben, und in dieser kurzen Zeit steht er auf seinen eigenen F\u00fc\u00dfen, und sein Alter beginnt sich zu entwickeln. Auch nach diesem Alter braucht er noch Pflege. Manche unserer \u00e4lteren Veteranen erwarten Aufmerksamkeit wie ein Baby und wollen Mitgef\u00fchl. Das wissen wir nur aus unserer Erfahrung, die wir mit unseren Dienstleistungen gemacht haben.<\/p><p>Wir alle haben bestimmte Verpflichtungen. Wenn Sie aufgrund von Lebensumst\u00e4nden arbeiten m\u00fcssen, ben\u00f6tigen Sie vielleicht eine erfahrene Altenpflegerin oder Krankenpflegerin. Wir haben eine professionelle Dienstleistung in diesen Sektor gebracht, indem wir festgestellt haben, dass es keinen professionellen Arbeitsteil gibt, den wir als die wichtigste Anforderung des Sektors ansehen. Wir leiten Sie sozusagen nicht an, indem wir Sie nicht unbedingt als Experten anleiten.<\/p><p>\u00a0<\/p><p>Istanbul \u00c4ltere Pflegerin<br \/>Unser gesamtes Team von Mitarbeitern hat ein professionelles Dienstleistungsverst\u00e4ndnis. Wir m\u00f6chten Ihnen den besten Service bieten, indem wir Ihnen Personal zur Verf\u00fcgung stellen, das Experten in allen von Ihnen gew\u00fcnschten Pflegediensten ist. Unser Unternehmen ist in allen Bezirken Istanbuls in Istanbul einsatzbereit. Wenn Sie eine Seniorenbetreuerin suchen, egal in welchem Stadtteil von Istanbul Sie sich befinden, wird Ihnen ein Personal geschickt, auf das Sie sich verlassen k\u00f6nnen.<\/p><p>Ya\u011fmur Beratung hat alle Zertifikate durch die Bereitstellung von Istanbul Pfleger Service f\u00fcr viele Jahre. Sie bieten einen viel besseren Service in ihren Bereichen mit der Ausbildung bieten wir unseren Mitarbeitern, die wir als Altenpfleger in bestimmten Abst\u00e4nden leiten.<\/p><p>Unsere \u00e4lteren Menschen verdienen den besten Service und die beste Pflege. Wir sind uns dessen bewusst und k\u00fcmmern uns liebevoll und tolerant um alle unsere Veteranen und \u00e4lteren Menschen.<\/p>\t\t\t\t\t\t\t\t<\/div>\n\t\t\t\t<\/div>\n\t\t\t\t<\/div>\n\t\t\t\t\t<\/div>\n\t\t\t\t<\/div>\n\t\t\t\t<\/div>\n\t\t\t\t<\/div>","protected":false},"excerpt":{"rendered":"<p>Ya\u015fl\u0131 Bak\u0131c\u0131 Ya\u015fl\u0131 bak\u0131c\u0131 hizmeti verilirken, b\u00fct\u00fcn sevgi ve \u015fefkatlerini bizlerden esirgemeden b\u00fcy\u00fcten \u015fah\u0131slara \u00f6zen g\u00f6sterilmektedir. Bizleri bu g\u00fcnlere ula\u015ft\u0131ran sayg\u0131n ebeveynlerimiz, ya\u015fland\u0131klar\u0131nda ya da g\u00fcnl\u00fck hayatta ; yard\u0131mc\u0131ya gereksinim duyduklar\u0131nda sevgi ve \u015fefkatle yakla\u015fabilecek do\u011fru bireyi sizlere y\u00f6nlendirmek amac\u0131yla her vakit hizmet vermekteyiz. Do\u011fru ya\u015fl\u0131 bak\u0131c\u0131 hizmeti verecek \u015fah\u0131slarda bulunmas\u0131 gereken \u00f6zellikleri sizin amac\u0131yla [&hellip;]<\/p>","protected":false},"author":1,"featured_media":0,"parent":0,"menu_order":0,"comment_status":"closed","ping_status":"closed","template":"","meta":{"footnotes":""},"class_list":["post-78","page","type-page","status-publish","hentry"],"_links":{"self":[{"href":"https:\/\/istanbulbakicim.com\/de\/wp-json\/wp\/v2\/pages\/78","targetHints":{"allow":["GET"]}}],"collection":[{"href":"https:\/\/istanbulbakicim.com\/de\/wp-json\/wp\/v2\/pages"}],"about":[{"href":"https:\/\/istanbulbakicim.com\/de\/wp-json\/wp\/v2\/types\/page"}],"author":[{"embeddable":true,"href":"https:\/\/istanbulbakicim.com\/de\/wp-json\/wp\/v2\/users\/1"}],"replies":[{"embeddable":true,"href":"https:\/\/istanbulbakicim.com\/de\/wp-json\/wp\/v2\/comments?post=78"}],"version-history":[{"count":10,"href":"https:\/\/istanbulbakicim.com\/de\/wp-json\/wp\/v2\/pages\/78\/revisions"}],"predecessor-version":[{"id":373,"href":"https:\/\/istanbulbakicim.com\/de\/wp-json\/wp\/v2\/pages\/78\/revisions\/373"}],"wp:attachment":[{"href":"https:\/\/istanbulbakicim.com\/de\/wp-json\/wp\/v2\/media?parent=78"}],"curies":[{"name":"wp","href":"https:\/\/api.w.org\/{rel}","templated":true}]}}