{"id":76,"date":"2025-09-26T16:33:17","date_gmt":"2025-09-26T16:33:17","guid":{"rendered":"https:\/\/istanbulbakicim.com\/?page_id=76"},"modified":"2025-10-20T12:05:36","modified_gmt":"2025-10-20T12:05:36","slug":"blog","status":"publish","type":"page","link":"https:\/\/istanbulbakicim.com\/de\/blog\/","title":{"rendered":"Blog"},"content":{"rendered":"<div data-elementor-type=\"wp-page\" data-elementor-id=\"76\" class=\"elementor elementor-76\" data-elementor-post-type=\"page\">\n\t\t\t\t<div class=\"elementor-element elementor-element-5f910d23 e-flex e-con-boxed e-con e-parent\" data-id=\"5f910d23\" data-element_type=\"container\" data-settings=\"{&quot;background_background&quot;:&quot;classic&quot;}\">\n\t\t\t\t\t<div class=\"e-con-inner\">\n\t\t<div class=\"elementor-element elementor-element-4e20db50 e-con-full e-flex elementor-invisible e-con e-child\" data-id=\"4e20db50\" data-element_type=\"container\" data-settings=\"{&quot;animation&quot;:&quot;fadeIn&quot;}\">\n\t\t\t\t<div class=\"elementor-element elementor-element-3f539636 elementor-invisible elementor-widget elementor-widget-heading\" data-id=\"3f539636\" data-element_type=\"widget\" data-settings=\"{&quot;_animation&quot;:&quot;fadeIn&quot;}\" data-widget_type=\"heading.default\">\n\t\t\t\t\t<h2 class=\"elementor-heading-title elementor-size-default\">Blog<\/h2>\t\t\t\t<\/div>\n\t\t<div class=\"elementor-element elementor-element-79dfd37f e-con-full e-flex e-con e-child\" data-id=\"79dfd37f\" data-element_type=\"container\">\n\t\t\t\t<div class=\"elementor-element elementor-element-1c8d991d elementor-icon-list--layout-inline elementor-icon-list-ico-position-10 elementor-list-item-link-full_width elementor-invisible elementor-widget elementor-widget-icon-list\" data-id=\"1c8d991d\" data-element_type=\"widget\" data-settings=\"{&quot;_animation&quot;:&quot;fadeIn&quot;}\" data-widget_type=\"icon-list.default\">\n\t\t\t\t\t\t\t<ul class=\"elementor-icon-list-items elementor-inline-items\">\n\t\t\t\t\t\t\t<li class=\"elementor-icon-list-item elementor-inline-item\">\n\t\t\t\t\t\t\t\t\t\t\t<a href=\"https:\/\/istanbulbakicim.com\/de\/\">\n\n\t\t\t\t\t\t\t\t\t\t\t<span class=\"elementor-icon-list-text\">Hauptseite<\/span>\n\t\t\t\t\t\t\t\t\t\t\t<\/a>\n\t\t\t\t\t\t\t\t\t<\/li>\n\t\t\t\t\t\t\t\t<li class=\"elementor-icon-list-item elementor-inline-item\">\n\t\t\t\t\t\t\t\t\t\t\t<span class=\"elementor-icon-list-icon\">\n\t\t\t\t\t\t\t<svg aria-hidden=\"true\" class=\"e-font-icon-svg e-fas-chevron-right\" viewbox=\"0 0 320 512\" xmlns=\"http:\/\/www.w3.org\/2000\/svg\"><path d=\"M285.476 272.971L91.132 467.314c-9.373 9.373-24.569 9.373-33.941 0l-22.667-22.667c-9.357-9.357-9.375-24.522-.04-33.901L188.505 256 34.484 101.255c-9.335-9.379-9.317-24.544.04-33.901l22.667-22.667c9.373-9.373 24.569-9.373 33.941 0L285.475 239.03c9.373 9.372 9.373 24.568.001 33.941z\"><\/path><\/svg>\t\t\t\t\t\t<\/span>\n\t\t\t\t\t\t\t\t\t\t<span class=\"elementor-icon-list-text\"><\/span>\n\t\t\t\t\t\t\t\t\t<\/li>\n\t\t\t\t\t\t\t\t<li class=\"elementor-icon-list-item elementor-inline-item\">\n\t\t\t\t\t\t\t\t\t\t<span class=\"elementor-icon-list-text\">Blog<\/span>\n\t\t\t\t\t\t\t\t\t<\/li>\n\t\t\t\t\t\t<\/ul>\n\t\t\t\t\t\t<\/div>\n\t\t\t\t<\/div>\n\t\t\t\t<\/div>\n\t\t\t\t\t<\/div>\n\t\t\t\t<\/div>\n\t\t<div class=\"elementor-element elementor-element-978522e e-flex e-con-boxed e-con e-parent\" data-id=\"978522e\" data-element_type=\"container\" data-settings=\"{&quot;background_background&quot;:&quot;classic&quot;}\">\n\t\t\t\t\t<div class=\"e-con-inner\">\n\t\t<div class=\"elementor-element elementor-element-512827b8 e-con-full e-flex e-con e-child\" data-id=\"512827b8\" data-element_type=\"container\">\n\t\t<div class=\"elementor-element elementor-element-3e7a30d4 e-con-full e-flex e-con e-child\" data-id=\"3e7a30d4\" data-element_type=\"container\">\n\t\t\t\t<div class=\"elementor-element elementor-element-dcad6e4 elementor-invisible elementor-widget elementor-widget-heading\" data-id=\"dcad6e4\" data-element_type=\"widget\" data-settings=\"{&quot;_animation&quot;:&quot;fadeInUp&quot;}\" data-widget_type=\"heading.default\">\n\t\t\t\t\t<h2 class=\"elementor-heading-title elementor-size-default\">BLOG<\/h2>\t\t\t\t<\/div>\n\t\t\t\t<div class=\"elementor-element elementor-element-3694c0d9 elementor-invisible elementor-widget elementor-widget-heading\" data-id=\"3694c0d9\" data-element_type=\"widget\" data-settings=\"{&quot;_animation&quot;:&quot;fadeInUp&quot;}\" data-widget_type=\"heading.default\">\n\t\t\t\t\t<h2 class=\"elementor-heading-title elementor-size-default\">Nachrichten und Ratschl\u00e4ge<\/h2>\t\t\t\t<\/div>\n\t\t\t\t<div class=\"elementor-element elementor-element-6f4db392 elementor-widget__width-auto elementor-invisible elementor-widget elementor-widget-text-editor\" data-id=\"6f4db392\" data-element_type=\"widget\" data-settings=\"{&quot;_animation&quot;:&quot;fadeInUp&quot;}\" data-widget_type=\"text-editor.default\">\n\t\t\t\t\t\t\t\t\t<p>Tipps, Anleitungen und aktuelle Nachrichten zur Pflege Ihrer Angeh\u00f6rigen.<\/p>\t\t\t\t\t\t\t\t<\/div>\n\t\t\t\t<\/div>\n\t\t\t\t<\/div>\n\t\t\t\t\t<\/div>\n\t\t\t\t<\/div>\n\t\t<div class=\"elementor-element elementor-element-de614e1 e-flex e-con-boxed e-con e-parent\" data-id=\"de614e1\" data-element_type=\"container\" data-settings=\"{&quot;background_background&quot;:&quot;classic&quot;}\">\n\t\t\t\t\t<div class=\"e-con-inner\">\n\t\t<div class=\"elementor-element elementor-element-1e6a359e e-con-full e-flex elementor-invisible e-con e-child\" data-id=\"1e6a359e\" data-element_type=\"container\" data-settings=\"{&quot;background_background&quot;:&quot;classic&quot;,&quot;animation&quot;:&quot;fadeInUp&quot;}\">\n\t\t<div class=\"elementor-element elementor-element-6a2a5603 e-con-full e-flex e-con e-child\" data-id=\"6a2a5603\" data-element_type=\"container\">\n\t\t\t\t<div class=\"elementor-element elementor-element-5185aaac elementor-widget__width-initial elementor-widget elementor-widget-heading\" data-id=\"5185aaac\" data-element_type=\"widget\" data-widget_type=\"heading.default\">\n\t\t\t\t\t<h2 class=\"elementor-heading-title elementor-size-default\">Beginnen Sie noch heute mit den Pflegeleistungen<\/h2>\t\t\t\t<\/div>\n\t\t\t\t<div class=\"elementor-element elementor-element-61bffe6f elementor-widget elementor-widget-text-editor\" data-id=\"61bffe6f\" data-element_type=\"widget\" data-widget_type=\"text-editor.default\">\n\t\t\t\t\t\t\t\t\t<p data-start=\"83\" data-end=\"257\"><strong data-start=\"83\" data-end=\"255\">Nach dem Motto \"Gesundheit ist der wertvollste Schatz\" bieten wir mit unserem erfahrenen und professionellen Team zuverl\u00e4ssige Dienstleistungen in der Alten-, Kinder- und Krankenpflege sowie h\u00e4usliche Dienstleistungen in Istanbul an.<\/strong><\/p>\t\t\t\t\t\t\t\t<\/div>\n\t\t\t\t<\/div>\n\t\t<div class=\"elementor-element elementor-element-422f3596 e-con-full e-flex e-con e-child\" data-id=\"422f3596\" data-element_type=\"container\">\n\t\t\t\t<div class=\"elementor-element elementor-element-52038e92 elementor-align-justify elementor-widget__width-initial elementor-widget elementor-widget-button\" data-id=\"52038e92\" data-element_type=\"widget\" data-widget_type=\"button.default\">\n\t\t\t\t\t\t\t\t\t\t<a class=\"elementor-button elementor-button-link elementor-size-sm\" href=\"tel:05332913881\">\n\t\t\t\t\t\t<span class=\"elementor-button-content-wrapper\">\n\t\t\t\t\t\t\t\t\t<span class=\"elementor-button-text\">Nehmen Sie Kontakt auf!<\/span>\n\t\t\t\t\t<\/span>\n\t\t\t\t\t<\/a>\n\t\t\t\t\t\t\t\t<\/div>\n\t\t\t\t<\/div>\n\t\t\t\t<\/div>\n\t\t\t\t\t<\/div>\n\t\t\t\t<\/div>\n\t\t<div class=\"elementor-element elementor-element-297f4c5 e-flex e-con-boxed e-con e-parent\" data-id=\"297f4c5\" data-element_type=\"container\" data-settings=\"{&quot;background_background&quot;:&quot;classic&quot;}\">\n\t\t\t\t\t<div class=\"e-con-inner\">\n\t\t<div class=\"elementor-element elementor-element-38643f62 e-con-full e-flex e-con e-child\" data-id=\"38643f62\" data-element_type=\"container\">\n\t\t<div class=\"elementor-element elementor-element-1e5047e8 e-con-full e-flex elementor-invisible e-con e-child\" data-id=\"1e5047e8\" data-element_type=\"container\" data-settings=\"{&quot;animation&quot;:&quot;fadeInUp&quot;}\">\n\t\t\t\t<div class=\"elementor-element elementor-element-3b67df00 elementor-widget elementor-widget-heading\" data-id=\"3b67df00\" data-element_type=\"widget\" data-widget_type=\"heading.default\">\n\t\t\t\t\t<h2 class=\"elementor-heading-title elementor-size-default\">H\u00e4ufig gestellte Fragen, ehrliche Antworten<\/h2>\t\t\t\t<\/div>\n\t\t\t\t<\/div>\n\t\t<div class=\"elementor-element elementor-element-475e3e01 e-con-full animated-slow e-flex elementor-invisible e-con e-child\" data-id=\"475e3e01\" data-element_type=\"container\" data-settings=\"{&quot;animation&quot;:&quot;fadeInUp&quot;}\">\n\t\t<div class=\"elementor-element elementor-element-5e448637 e-con-full e-flex e-con e-child\" data-id=\"5e448637\" data-element_type=\"container\">\n\t\t\t\t<div class=\"elementor-element elementor-element-48d34b51 elementor-widget elementor-widget-elementskit-accordion\" data-id=\"48d34b51\" data-element_type=\"widget\" data-widget_type=\"elementskit-accordion.default\">\n\t\t\t\t\t<div class=\"ekit-wid-con\" >\n        <div class=\"elementskit-accordion accoedion-primary\" id=\"accordion-69e4b1cc409ff\">\n\n            \n                <div class=\"elementskit-card active\">\n                    <div class=\"elementskit-card-header\" id=\"primaryHeading-0-48d34b51\">\n                        <a href=\"#collapse-2ec194e69e4b1cc409ff\" class=\"ekit-accordion--toggler elementskit-btn-link collapsed\" data-ekit-toggle=\"collapse\" data-target=\"#Collapse-2ec194e69e4b1cc409ff\" aria-expanded=\"true\" aria-controls=\"Collapse-2ec194e69e4b1cc409ff\">\n                            \n                            <span class=\"ekit-accordion-title\">Welche Art von h\u00e4uslichen Pflegediensten bieten Sie an?<\/span>\n\n                            \n                                <div class=\"ekit_accordion_icon_group\">\n                                    <div class=\"ekit_accordion_normal_icon\">\n                                        <!-- Normal Icon -->\n\t\t\t\t\t\t\t\t\t\t<i class=\"icon icon-down-arrow1\"><\/i>                                    <\/div>\n\n                                    <div class=\"ekit_accordion_active_icon\">\n                                        <!-- Active Icon -->\n\t\t\t\t\t\t\t\t\t\t<i class=\"icon icon-up-arrow1\"><\/i>                                    <\/div>\n                                <\/div>\n\n                            \n                                                    <\/a>\n                    <\/div>\n\n                    <div id=\"Collapse-2ec194e69e4b1cc409ff\" class=\"show collapse\" aria-labelledby=\"primaryHeading-0-48d34b51\" data-parent=\"#accordion-69e4b1cc409ff\">\n\n                        <div class=\"elementskit-card-body ekit-accordion--content\">\n                            <p>Wir bieten eine Reihe von Dienstleistungen an, die Sie bequem zu Hause in Anspruch nehmen k\u00f6nnen. Dazu geh\u00f6ren pers\u00f6nliche Betreuung (z. B. Baden und K\u00f6rperpflege), Begleitung, Pflege, Hilfe bei der Medikamenteneinnahme, Unterst\u00fctzung bei der Mobilit\u00e4t, Genesung nach Operationen und vieles mehr.<\/p>                        <\/div>\n\n                    <\/div>\n\n                <\/div><!-- .elementskit-card END -->\n\n                \n                <div class=\"elementskit-card\">\n                    <div class=\"elementskit-card-header\" id=\"primaryHeading-1-48d34b51\">\n                        <a href=\"#collapse-6d72c5569e4b1cc409ff\" class=\"ekit-accordion--toggler elementskit-btn-link collapsed\" data-ekit-toggle=\"collapse\" data-target=\"#Collapse-6d72c5569e4b1cc409ff\" aria-expanded=\"false\" aria-controls=\"Collapse-6d72c5569e4b1cc409ff\">\n                            \n                            <span class=\"ekit-accordion-title\">Woher wei\u00df ich, welcher Dienst der richtige f\u00fcr meinen Angeh\u00f6rigen ist?<\/span>\n\n                            \n                                <div class=\"ekit_accordion_icon_group\">\n                                    <div class=\"ekit_accordion_normal_icon\">\n                                        <!-- Normal Icon -->\n\t\t\t\t\t\t\t\t\t\t<i class=\"icon icon-down-arrow1\"><\/i>                                    <\/div>\n\n                                    <div class=\"ekit_accordion_active_icon\">\n                                        <!-- Active Icon -->\n\t\t\t\t\t\t\t\t\t\t<i class=\"icon icon-up-arrow1\"><\/i>                                    <\/div>\n                                <\/div>\n\n                            \n                                                    <\/a>\n                    <\/div>\n\n                    <div id=\"Collapse-6d72c5569e4b1cc409ff\" class=\"collapse\" aria-labelledby=\"primaryHeading-1-48d34b51\" data-parent=\"#accordion-69e4b1cc409ff\">\n\n                        <div class=\"elementskit-card-body ekit-accordion--content\">\n                            <p>Unser Team wird gemeinsam mit Ihnen in einem kostenlosen Beratungsgespr\u00e4ch die Bed\u00fcrfnisse Ihres Angeh\u00f6rigen einsch\u00e4tzen und einen Pflegeplan empfehlen, der seinem Zustand, seinem Lebensstil und seinen Vorlieben entspricht.<\/p>                        <\/div>\n\n                    <\/div>\n\n                <\/div><!-- .elementskit-card END -->\n\n                \n                <div class=\"elementskit-card\">\n                    <div class=\"elementskit-card-header\" id=\"primaryHeading-2-48d34b51\">\n                        <a href=\"#collapse-40a6ac069e4b1cc409ff\" class=\"ekit-accordion--toggler elementskit-btn-link collapsed\" data-ekit-toggle=\"collapse\" data-target=\"#Collapse-40a6ac069e4b1cc409ff\" aria-expanded=\"false\" aria-controls=\"Collapse-40a6ac069e4b1cc409ff\">\n                            \n                            <span class=\"ekit-accordion-title\">Sind Ihre Pflegekr\u00e4fte geschult und zertifiziert?<\/span>\n\n                            \n                                <div class=\"ekit_accordion_icon_group\">\n                                    <div class=\"ekit_accordion_normal_icon\">\n                                        <!-- Normal Icon -->\n\t\t\t\t\t\t\t\t\t\t<i class=\"icon icon-down-arrow1\"><\/i>                                    <\/div>\n\n                                    <div class=\"ekit_accordion_active_icon\">\n                                        <!-- Active Icon -->\n\t\t\t\t\t\t\t\t\t\t<i class=\"icon icon-up-arrow1\"><\/i>                                    <\/div>\n                                <\/div>\n\n                            \n                                                    <\/a>\n                    <\/div>\n\n                    <div id=\"Collapse-40a6ac069e4b1cc409ff\" class=\"collapse\" aria-labelledby=\"primaryHeading-2-48d34b51\" data-parent=\"#accordion-69e4b1cc409ff\">\n\n                        <div class=\"elementskit-card-body ekit-accordion--content\">\n                            <p>Beschreibung. Alle unsere Wartungsmitarbeiter sind professionell geschult, Hintergrund \u00fcberpr\u00fcft und zertifiziert, um Ihre Familie mit den h\u00f6chsten Standards der Pflege und Sicherheit zu bieten.<\/p>                        <\/div>\n\n                    <\/div>\n\n                <\/div><!-- .elementskit-card END -->\n\n                \n                <div class=\"elementskit-card\">\n                    <div class=\"elementskit-card-header\" id=\"primaryHeading-3-48d34b51\">\n                        <a href=\"#collapse-89aa97469e4b1cc409ff\" class=\"ekit-accordion--toggler elementskit-btn-link collapsed\" data-ekit-toggle=\"collapse\" data-target=\"#Collapse-89aa97469e4b1cc409ff\" aria-expanded=\"false\" aria-controls=\"Collapse-89aa97469e4b1cc409ff\">\n                            \n                            <span class=\"ekit-accordion-title\">Kann ich den Wartungsplan und -umfang individuell anpassen?<\/span>\n\n                            \n                                <div class=\"ekit_accordion_icon_group\">\n                                    <div class=\"ekit_accordion_normal_icon\">\n                                        <!-- Normal Icon -->\n\t\t\t\t\t\t\t\t\t\t<i class=\"icon icon-down-arrow1\"><\/i>                                    <\/div>\n\n                                    <div class=\"ekit_accordion_active_icon\">\n                                        <!-- Active Icon -->\n\t\t\t\t\t\t\t\t\t\t<i class=\"icon icon-up-arrow1\"><\/i>                                    <\/div>\n                                <\/div>\n\n                            \n                                                    <\/a>\n                    <\/div>\n\n                    <div id=\"Collapse-89aa97469e4b1cc409ff\" class=\"collapse\" aria-labelledby=\"primaryHeading-3-48d34b51\" data-parent=\"#accordion-69e4b1cc409ff\">\n\n                        <div class=\"elementskit-card-body ekit-accordion--content\">\n                            <p>Unbedingt. Wir bieten flexible Wartungspl\u00e4ne an, von wenigen Stunden pro Woche bis hin zu 24\/7-Support. W\u00e4hlen Sie den Plan, der am besten zu Ihnen passt, und wir passen ihn an Ihre Bed\u00fcrfnisse an.<\/p>                        <\/div>\n\n                    <\/div>\n\n                <\/div><!-- .elementskit-card END -->\n\n                \n                <div class=\"elementskit-card\">\n                    <div class=\"elementskit-card-header\" id=\"primaryHeading-4-48d34b51\">\n                        <a href=\"#collapse-563443369e4b1cc409ff\" class=\"ekit-accordion--toggler elementskit-btn-link collapsed\" data-ekit-toggle=\"collapse\" data-target=\"#Collapse-563443369e4b1cc409ff\" aria-expanded=\"false\" aria-controls=\"Collapse-563443369e4b1cc409ff\">\n                            \n                            <span class=\"ekit-accordion-title\">Sind h\u00e4usliche Pflegedienste durch Versicherungen oder staatliche Programme abgedeckt?<\/span>\n\n                            \n                                <div class=\"ekit_accordion_icon_group\">\n                                    <div class=\"ekit_accordion_normal_icon\">\n                                        <!-- Normal Icon -->\n\t\t\t\t\t\t\t\t\t\t<i class=\"icon icon-down-arrow1\"><\/i>                                    <\/div>\n\n                                    <div class=\"ekit_accordion_active_icon\">\n                                        <!-- Active Icon -->\n\t\t\t\t\t\t\t\t\t\t<i class=\"icon icon-up-arrow1\"><\/i>                                    <\/div>\n                                <\/div>\n\n                            \n                                                    <\/a>\n                    <\/div>\n\n                    <div id=\"Collapse-563443369e4b1cc409ff\" class=\"collapse\" aria-labelledby=\"primaryHeading-4-48d34b51\" data-parent=\"#accordion-69e4b1cc409ff\">\n\n                        <div class=\"elementskit-card-body ekit-accordion--content\">\n                            <p>Der Versicherungsschutz h\u00e4ngt von Ihrem Anbieter und der Art der Dienstleistung ab. Wir helfen Ihnen gerne bei der Pr\u00fcfung der Anspruchsberechtigung und bei der Erledigung aller mit der Versicherung verbundenen Formalit\u00e4ten.<\/p>                        <\/div>\n\n                    <\/div>\n\n                <\/div><!-- .elementskit-card END -->\n\n                \n                <div class=\"elementskit-card\">\n                    <div class=\"elementskit-card-header\" id=\"primaryHeading-5-48d34b51\">\n                        <a href=\"#collapse-ac852ce69e4b1cc409ff\" class=\"ekit-accordion--toggler elementskit-btn-link collapsed\" data-ekit-toggle=\"collapse\" data-target=\"#Collapse-ac852ce69e4b1cc409ff\" aria-expanded=\"false\" aria-controls=\"Collapse-ac852ce69e4b1cc409ff\">\n                            \n                            <span class=\"ekit-accordion-title\">Wie kann ich Ihre Dienste in Anspruch nehmen?<\/span>\n\n                            \n                                <div class=\"ekit_accordion_icon_group\">\n                                    <div class=\"ekit_accordion_normal_icon\">\n                                        <!-- Normal Icon -->\n\t\t\t\t\t\t\t\t\t\t<i class=\"icon icon-down-arrow1\"><\/i>                                    <\/div>\n\n                                    <div class=\"ekit_accordion_active_icon\">\n                                        <!-- Active Icon -->\n\t\t\t\t\t\t\t\t\t\t<i class=\"icon icon-up-arrow1\"><\/i>                                    <\/div>\n                                <\/div>\n\n                            \n                                                    <\/a>\n                    <\/div>\n\n                    <div id=\"Collapse-ac852ce69e4b1cc409ff\" class=\"collapse\" aria-labelledby=\"primaryHeading-5-48d34b51\" data-parent=\"#accordion-69e4b1cc409ff\">\n\n                        <div class=\"elementskit-card-body ekit-accordion--content\">\n                            <p>Kontaktieren Sie uns einfach per Telefon oder \u00fcber unsere Website. Wir werden Ihre Bed\u00fcrfnisse besprechen und einen f\u00fcr Ihre Situation geeigneten Pflegeplan erstellen.<\/p>                        <\/div>\n\n                    <\/div>\n\n                <\/div><!-- .elementskit-card END -->\n\n                                        <\/div>\n    <\/div>\t\t\t\t<\/div>\n\t\t\t\t<\/div>\n\t\t\t\t<\/div>\n\t\t\t\t<\/div>\n\t\t\t\t\t<\/div>\n\t\t\t\t<\/div>\n\t\t\t\t<\/div>","protected":false},"excerpt":{"rendered":"<p>Blog Home Blog BLOG Nachrichten und Ratschl\u00e4ge Tipps, Anleitungen und aktuelle Nachrichten \u00fcber die Pflege Ihrer Angeh\u00f6rigen. Beginnen Sie noch heute mit den Pflegedienstleistungen Mit dem Verst\u00e4ndnis, dass \"Gesundheit der wertvollste Schatz ist\", bieten wir mit unserem erfahrenen und professionellen Team zuverl\u00e4ssige Dienstleistungen in der Alten-, Kinder- und Krankenpflege und h\u00e4uslichen Dienstleistungen in Istanbul an. Kontaktieren Sie uns! H\u00e4ufig gestellte Fragen, ehrliche Antworten Welche Art von h\u00e4uslicher Pflege bieten Sie an?<\/p>","protected":false},"author":1,"featured_media":0,"parent":0,"menu_order":0,"comment_status":"closed","ping_status":"closed","template":"","meta":{"footnotes":""},"class_list":["post-76","page","type-page","status-publish","hentry"],"_links":{"self":[{"href":"https:\/\/istanbulbakicim.com\/de\/wp-json\/wp\/v2\/pages\/76","targetHints":{"allow":["GET"]}}],"collection":[{"href":"https:\/\/istanbulbakicim.com\/de\/wp-json\/wp\/v2\/pages"}],"about":[{"href":"https:\/\/istanbulbakicim.com\/de\/wp-json\/wp\/v2\/types\/page"}],"author":[{"embeddable":true,"href":"https:\/\/istanbulbakicim.com\/de\/wp-json\/wp\/v2\/users\/1"}],"replies":[{"embeddable":true,"href":"https:\/\/istanbulbakicim.com\/de\/wp-json\/wp\/v2\/comments?post=76"}],"version-history":[{"count":13,"href":"https:\/\/istanbulbakicim.com\/de\/wp-json\/wp\/v2\/pages\/76\/revisions"}],"predecessor-version":[{"id":394,"href":"https:\/\/istanbulbakicim.com\/de\/wp-json\/wp\/v2\/pages\/76\/revisions\/394"}],"wp:attachment":[{"href":"https:\/\/istanbulbakicim.com\/de\/wp-json\/wp\/v2\/media?parent=76"}],"curies":[{"name":"wp","href":"https:\/\/api.w.org\/{rel}","templated":true}]}}