{"id":74,"date":"2025-09-26T16:32:22","date_gmt":"2025-09-26T16:32:22","guid":{"rendered":"https:\/\/istanbulbakicim.com\/?page_id=74"},"modified":"2025-09-27T08:10:01","modified_gmt":"2025-09-27T08:10:01","slug":"hizmetlerimiz","status":"publish","type":"page","link":"https:\/\/istanbulbakicim.com\/de\/hizmetlerimiz\/","title":{"rendered":"Unsere Dienstleistungen"},"content":{"rendered":"<div data-elementor-type=\"wp-page\" data-elementor-id=\"74\" class=\"elementor elementor-74\" data-elementor-post-type=\"page\">\n\t\t\t\t<div class=\"elementor-element elementor-element-22242df4 e-flex e-con-boxed e-con e-parent\" data-id=\"22242df4\" data-element_type=\"container\" data-settings=\"{&quot;background_background&quot;:&quot;classic&quot;}\">\n\t\t\t\t\t<div class=\"e-con-inner\">\n\t\t<div class=\"elementor-element elementor-element-3679e904 e-con-full e-flex e-con e-child\" data-id=\"3679e904\" data-element_type=\"container\">\n\t\t\t\t<div class=\"elementor-element elementor-element-2a87a793 elementor-invisible elementor-widget elementor-widget-heading\" data-id=\"2a87a793\" data-element_type=\"widget\" data-settings=\"{&quot;_animation&quot;:&quot;fadeIn&quot;}\" data-widget_type=\"heading.default\">\n\t\t\t\t\t<h2 class=\"elementor-heading-title elementor-size-default\">Unsere Dienstleistungen<\/h2>\t\t\t\t<\/div>\n\t\t<div class=\"elementor-element elementor-element-44aa56c4 e-con-full e-flex e-con e-child\" data-id=\"44aa56c4\" data-element_type=\"container\">\n\t\t\t\t<div class=\"elementor-element elementor-element-6107b088 elementor-icon-list--layout-inline elementor-icon-list-ico-position-10 elementor-list-item-link-full_width elementor-invisible elementor-widget elementor-widget-icon-list\" data-id=\"6107b088\" data-element_type=\"widget\" data-settings=\"{&quot;_animation&quot;:&quot;fadeIn&quot;}\" data-widget_type=\"icon-list.default\">\n\t\t\t\t\t\t\t<ul class=\"elementor-icon-list-items elementor-inline-items\">\n\t\t\t\t\t\t\t<li class=\"elementor-icon-list-item elementor-inline-item\">\n\t\t\t\t\t\t\t\t\t\t\t<a href=\"https:\/\/istanbulbakicim.com\/de\/\">\n\n\t\t\t\t\t\t\t\t\t\t\t<span class=\"elementor-icon-list-text\">Hauptseite<\/span>\n\t\t\t\t\t\t\t\t\t\t\t<\/a>\n\t\t\t\t\t\t\t\t\t<\/li>\n\t\t\t\t\t\t\t\t<li class=\"elementor-icon-list-item elementor-inline-item\">\n\t\t\t\t\t\t\t\t\t\t\t<span class=\"elementor-icon-list-icon\">\n\t\t\t\t\t\t\t<svg aria-hidden=\"true\" class=\"e-font-icon-svg e-fas-chevron-right\" viewbox=\"0 0 320 512\" xmlns=\"http:\/\/www.w3.org\/2000\/svg\"><path d=\"M285.476 272.971L91.132 467.314c-9.373 9.373-24.569 9.373-33.941 0l-22.667-22.667c-9.357-9.357-9.375-24.522-.04-33.901L188.505 256 34.484 101.255c-9.335-9.379-9.317-24.544.04-33.901l22.667-22.667c9.373-9.373 24.569-9.373 33.941 0L285.475 239.03c9.373 9.372 9.373 24.568.001 33.941z\"><\/path><\/svg>\t\t\t\t\t\t<\/span>\n\t\t\t\t\t\t\t\t\t\t<span class=\"elementor-icon-list-text\"><\/span>\n\t\t\t\t\t\t\t\t\t<\/li>\n\t\t\t\t\t\t\t\t<li class=\"elementor-icon-list-item elementor-inline-item\">\n\t\t\t\t\t\t\t\t\t\t<span class=\"elementor-icon-list-text\">Unsere Dienstleistungen<\/span>\n\t\t\t\t\t\t\t\t\t<\/li>\n\t\t\t\t\t\t<\/ul>\n\t\t\t\t\t\t<\/div>\n\t\t\t\t<\/div>\n\t\t\t\t<\/div>\n\t\t\t\t\t<\/div>\n\t\t\t\t<\/div>\n\t\t<div class=\"elementor-element elementor-element-603d697e e-flex e-con-boxed e-con e-parent\" data-id=\"603d697e\" data-element_type=\"container\" data-settings=\"{&quot;background_background&quot;:&quot;classic&quot;}\">\n\t\t\t\t\t<div class=\"e-con-inner\">\n\t\t<div class=\"elementor-element elementor-element-7edf69fc e-con-full e-flex e-con e-child\" data-id=\"7edf69fc\" data-element_type=\"container\">\n\t\t<div class=\"elementor-element elementor-element-67536bcb e-con-full e-flex elementor-invisible e-con e-child\" data-id=\"67536bcb\" data-element_type=\"container\" data-settings=\"{&quot;animation&quot;:&quot;fadeInUp&quot;}\">\n\t\t\t\t<div class=\"elementor-element elementor-element-1ffa9137 elementor-widget elementor-widget-heading\" data-id=\"1ffa9137\" data-element_type=\"widget\" data-widget_type=\"heading.default\">\n\t\t\t\t\t<h2 class=\"elementor-heading-title elementor-size-default\">Unsere Dienstleistungen<\/h2>\t\t\t\t<\/div>\n\t\t\t\t<div class=\"elementor-element elementor-element-2ce8e563 elementor-widget__width-initial elementor-widget elementor-widget-heading\" data-id=\"2ce8e563\" data-element_type=\"widget\" data-widget_type=\"heading.default\">\n\t\t\t\t\t<h2 class=\"elementor-heading-title elementor-size-default\">Umfassende Betreuung, die sich wie eine Familie anf\u00fchlt<\/h2>\t\t\t\t<\/div>\n\t\t\t\t<\/div>\n\t\t<div class=\"elementor-element elementor-element-7b6a1828 e-grid e-con-full elementor-invisible e-con e-child\" data-id=\"7b6a1828\" data-element_type=\"container\" data-settings=\"{&quot;animation&quot;:&quot;fadeInUp&quot;}\">\n\t\t<div class=\"elementor-element elementor-element-7d897131 e-con-full e-flex e-con e-child\" data-id=\"7d897131\" data-element_type=\"container\" data-settings=\"{&quot;background_background&quot;:&quot;classic&quot;}\">\n\t\t<div class=\"elementor-element elementor-element-174c388a e-con-full e-flex e-con e-child\" data-id=\"174c388a\" data-element_type=\"container\">\n\t\t\t\t<div class=\"elementor-element elementor-element-3ce2c50a elementor-widget elementor-widget-heading\" data-id=\"3ce2c50a\" data-element_type=\"widget\" data-widget_type=\"heading.default\">\n\t\t\t\t\t<h2 class=\"elementor-heading-title elementor-size-default\">Unterst\u00fctzung bei der Medikation<\/h2>\t\t\t\t<\/div>\n\t\t\t\t<div class=\"elementor-element elementor-element-3ac563e6 elementor-widget elementor-widget-text-editor\" data-id=\"3ac563e6\" data-element_type=\"widget\" data-widget_type=\"text-editor.default\">\n\t\t\t\t\t\t\t\t\t<p>Wir sorgen daf\u00fcr, dass \u00e4ltere Menschen ihre Medikamente regelm\u00e4\u00dfig und korrekt einnehmen. Wir halten die Einnahmezeiten ein und unterst\u00fctzen sie ohne Unterbrechung.<\/p>\t\t\t\t\t\t\t\t<\/div>\n\t\t\t\t<\/div>\n\t\t<div class=\"elementor-element elementor-element-3c477c5f e-con-full e-flex e-con e-child\" data-id=\"3c477c5f\" data-element_type=\"container\" data-settings=\"{&quot;background_background&quot;:&quot;classic&quot;}\">\n\t\t\t\t<\/div>\n\t\t\t\t<\/div>\n\t\t<div class=\"elementor-element elementor-element-650711d0 e-con-full e-flex e-con e-child\" data-id=\"650711d0\" data-element_type=\"container\" data-settings=\"{&quot;background_background&quot;:&quot;classic&quot;}\">\n\t\t<div class=\"elementor-element elementor-element-7179d537 e-con-full e-flex e-con e-child\" data-id=\"7179d537\" data-element_type=\"container\">\n\t\t\t\t<div class=\"elementor-element elementor-element-25c83f9 elementor-widget elementor-widget-heading\" data-id=\"25c83f9\" data-element_type=\"widget\" data-widget_type=\"heading.default\">\n\t\t\t\t\t<h2 class=\"elementor-heading-title elementor-size-default\">K\u00f6rperpflege<\/h2>\t\t\t\t<\/div>\n\t\t\t\t<div class=\"elementor-element elementor-element-75bc47d8 elementor-widget elementor-widget-text-editor\" data-id=\"75bc47d8\" data-element_type=\"widget\" data-widget_type=\"text-editor.default\">\n\t\t\t\t\t\t\t\t\t<p>Wir unterst\u00fctzen sie bei der t\u00e4glichen K\u00f6rperpflege. Wir sorgen daf\u00fcr, dass sich \u00e4ltere Menschen sauber, wohl und gepflegt f\u00fchlen.<\/p>\t\t\t\t\t\t\t\t<\/div>\n\t\t\t\t<\/div>\n\t\t<div class=\"elementor-element elementor-element-12e5ecc5 e-con-full e-flex e-con e-child\" data-id=\"12e5ecc5\" data-element_type=\"container\" data-settings=\"{&quot;background_background&quot;:&quot;classic&quot;}\">\n\t\t\t\t<\/div>\n\t\t\t\t<\/div>\n\t\t<div class=\"elementor-element elementor-element-4bbd7664 e-con-full e-flex e-con e-child\" data-id=\"4bbd7664\" data-element_type=\"container\" data-settings=\"{&quot;background_background&quot;:&quot;classic&quot;}\">\n\t\t<div class=\"elementor-element elementor-element-3ce15365 e-con-full e-flex e-con e-child\" data-id=\"3ce15365\" data-element_type=\"container\">\n\t\t\t\t<div class=\"elementor-element elementor-element-61dda05 elementor-widget elementor-widget-heading\" data-id=\"61dda05\" data-element_type=\"widget\" data-widget_type=\"heading.default\">\n\t\t\t\t\t<h2 class=\"elementor-heading-title elementor-size-default\">Hausbesuche<\/h2>\t\t\t\t<\/div>\n\t\t\t\t<div class=\"elementor-element elementor-element-24cd843d elementor-widget elementor-widget-text-editor\" data-id=\"24cd843d\" data-element_type=\"widget\" data-widget_type=\"text-editor.default\">\n\t\t\t\t\t\t\t\t\t<p>Wir \u00fcberpr\u00fcfen die Bed\u00fcrfnisse \u00e4lterer Menschen durch regelm\u00e4\u00dfige Hausbesuche. Wir geben ihnen Vertrauen und Unterst\u00fctzung, indem wir ihnen das Gef\u00fchl geben, dass sie nicht allein sind.<\/p>\t\t\t\t\t\t\t\t<\/div>\n\t\t\t\t<\/div>\n\t\t<div class=\"elementor-element elementor-element-6d258427 e-con-full e-flex e-con e-child\" data-id=\"6d258427\" data-element_type=\"container\" data-settings=\"{&quot;background_background&quot;:&quot;classic&quot;}\">\n\t\t\t\t<\/div>\n\t\t\t\t<\/div>\n\t\t<div class=\"elementor-element elementor-element-6c77980d e-con-full e-flex e-con e-child\" data-id=\"6c77980d\" data-element_type=\"container\" data-settings=\"{&quot;background_background&quot;:&quot;classic&quot;}\">\n\t\t<div class=\"elementor-element elementor-element-20f48506 e-con-full e-flex e-con e-child\" data-id=\"20f48506\" data-element_type=\"container\">\n\t\t\t\t<div class=\"elementor-element elementor-element-599e77bc elementor-widget elementor-widget-heading\" data-id=\"599e77bc\" data-element_type=\"widget\" data-widget_type=\"heading.default\">\n\t\t\t\t\t<h2 class=\"elementor-heading-title elementor-size-default\">Mobilit\u00e4tshilfe<\/h2>\t\t\t\t<\/div>\n\t\t\t\t<div class=\"elementor-element elementor-element-c1b795 elementor-widget elementor-widget-text-editor\" data-id=\"c1b795\" data-element_type=\"widget\" data-widget_type=\"text-editor.default\">\n\t\t\t\t\t\t\t\t\t<p>Wir bieten sichere Unterst\u00fctzung bei allt\u00e4glichen Bewegungen wie Gehen, Sitzen und Aufstehen. Wir helfen \u00e4lteren Menschen, aktiv und unabh\u00e4ngig zu bleiben.<\/p>\t\t\t\t\t\t\t\t<\/div>\n\t\t\t\t<\/div>\n\t\t<div class=\"elementor-element elementor-element-5ee49f7f e-con-full e-flex e-con e-child\" data-id=\"5ee49f7f\" data-element_type=\"container\" data-settings=\"{&quot;background_background&quot;:&quot;classic&quot;}\">\n\t\t\t\t<\/div>\n\t\t\t\t<\/div>\n\t\t\t\t<\/div>\n\t\t\t\t<\/div>\n\t\t\t\t\t<\/div>\n\t\t\t\t<\/div>\n\t\t<div class=\"elementor-element elementor-element-57841399 e-flex e-con-boxed e-con e-parent\" data-id=\"57841399\" data-element_type=\"container\" data-settings=\"{&quot;background_background&quot;:&quot;classic&quot;}\">\n\t\t\t\t\t<div class=\"e-con-inner\">\n\t\t<div class=\"elementor-element elementor-element-3bc30b11 e-con-full e-flex e-con e-child\" data-id=\"3bc30b11\" data-element_type=\"container\">\n\t\t<div class=\"elementor-element elementor-element-68d48803 e-con-full e-flex elementor-invisible e-con e-child\" data-id=\"68d48803\" data-element_type=\"container\" data-settings=\"{&quot;animation&quot;:&quot;fadeInUp&quot;}\">\n\t\t\t\t<div class=\"elementor-element elementor-element-426290ea elementor-widget elementor-widget-heading\" data-id=\"426290ea\" data-element_type=\"widget\" data-widget_type=\"heading.default\">\n\t\t\t\t\t<h2 class=\"elementor-heading-title elementor-size-default\">Warum uns w\u00e4hlen?<\/h2>\t\t\t\t<\/div>\n\t\t\t\t<div class=\"elementor-element elementor-element-1d4f852e elementor-widget__width-initial elementor-widget elementor-widget-heading\" data-id=\"1d4f852e\" data-element_type=\"widget\" data-widget_type=\"heading.default\">\n\t\t\t\t\t<h2 class=\"elementor-heading-title elementor-size-default\">Warum sollten Sie uns f\u00fcr h\u00e4usliche Pflegedienste w\u00e4hlen?<\/h2>\t\t\t\t<\/div>\n\t\t\t\t<div class=\"elementor-element elementor-element-400a580d elementor-widget__width-initial elementor-widget elementor-widget-text-editor\" data-id=\"400a580d\" data-element_type=\"widget\" data-widget_type=\"text-editor.default\">\n\t\t\t\t\t\t\t\t\t<p>Denn wir k\u00fcmmern uns um die Sicherheit, die Gesundheit und den Komfort Ihrer Angeh\u00f6rigen wie um unsere eigene Familie.<\/p>\t\t\t\t\t\t\t\t<\/div>\n\t\t\t\t<\/div>\n\t\t<div class=\"elementor-element elementor-element-24b5521 e-con-full e-flex e-con e-child\" data-id=\"24b5521\" data-element_type=\"container\">\n\t\t<div class=\"elementor-element elementor-element-6501c817 e-con-full e-flex e-con e-child\" data-id=\"6501c817\" data-element_type=\"container\">\n\t\t<div class=\"elementor-element elementor-element-4b4cff6 e-grid e-con-full e-con e-child\" data-id=\"4b4cff6\" data-element_type=\"container\">\n\t\t<div class=\"elementor-element elementor-element-754a2919 e-con-full e-flex elementor-invisible e-con e-child\" data-id=\"754a2919\" data-element_type=\"container\" data-settings=\"{&quot;background_background&quot;:&quot;classic&quot;,&quot;animation&quot;:&quot;fadeInUp&quot;}\">\n\t\t\t\t<div class=\"elementor-element elementor-element-7893f1c7 elementor-position-left elementor-view-default elementor-mobile-position-top elementor-widget elementor-widget-icon-box\" data-id=\"7893f1c7\" data-element_type=\"widget\" data-widget_type=\"icon-box.default\">\n\t\t\t\t\t\t\t<div class=\"elementor-icon-box-wrapper\">\n\n\t\t\t\t\t\t<div class=\"elementor-icon-box-icon\">\n\t\t\t\t<span  class=\"elementor-icon\">\n\t\t\t\t<svg aria-hidden=\"true\" class=\"e-font-icon-svg e-fas-check\" viewbox=\"0 0 512 512\" xmlns=\"http:\/\/www.w3.org\/2000\/svg\"><path d=\"M173.898 439.404l-166.4-166.4c-9.997-9.997-9.997-26.206 0-36.204l36.203-36.204c9.997-9.998 26.207-9.998 36.204 0L192 312.69 432.095 72.596c9.997-9.997 26.207-9.997 36.204 0l36.203 36.204c9.997 9.997 9.997 26.206 0 36.204l-294.4 294.401c-9.998 9.997-26.207 9.997-36.204-.001z\"><\/path><\/svg>\t\t\t\t<\/span>\n\t\t\t<\/div>\n\t\t\t\n\t\t\t\t\t\t<div class=\"elementor-icon-box-content\">\n\n\t\t\t\t\t\t\t\t\t<h3 class=\"elementor-icon-box-title\">\n\t\t\t\t\t\t<span  >\n\t\t\t\t\t\t\tPersonalisierte Pflege\t\t\t\t\t\t<\/span>\n\t\t\t\t\t<\/h3>\n\t\t\t\t\n\t\t\t\t\t\t\t\t\t<p class=\"elementor-icon-box-description\">\n\t\t\t\t\t\tWir behandeln jeden Kunden wie ein Mitglied unserer Familie. Unser Ansatz ist auf die Bed\u00fcrfnisse, Vorlieben und den Komfort jedes Einzelnen zugeschnitten und bietet eine Betreuung, die sich wirklich pers\u00f6nlich anf\u00fchlt.\t\t\t\t\t<\/p>\n\t\t\t\t\n\t\t\t<\/div>\n\t\t\t\n\t\t<\/div>\n\t\t\t\t\t\t<\/div>\n\t\t\t\t<\/div>\n\t\t<div class=\"elementor-element elementor-element-1d82e6a2 e-con-full e-flex elementor-invisible e-con e-child\" data-id=\"1d82e6a2\" data-element_type=\"container\" data-settings=\"{&quot;background_background&quot;:&quot;classic&quot;,&quot;animation&quot;:&quot;fadeInUp&quot;}\">\n\t\t\t\t<div class=\"elementor-element elementor-element-6374ebc3 elementor-position-left elementor-view-default elementor-mobile-position-top elementor-widget elementor-widget-icon-box\" data-id=\"6374ebc3\" data-element_type=\"widget\" data-widget_type=\"icon-box.default\">\n\t\t\t\t\t\t\t<div class=\"elementor-icon-box-wrapper\">\n\n\t\t\t\t\t\t<div class=\"elementor-icon-box-icon\">\n\t\t\t\t<span  class=\"elementor-icon\">\n\t\t\t\t<svg aria-hidden=\"true\" class=\"e-font-icon-svg e-fas-check\" viewbox=\"0 0 512 512\" xmlns=\"http:\/\/www.w3.org\/2000\/svg\"><path d=\"M173.898 439.404l-166.4-166.4c-9.997-9.997-9.997-26.206 0-36.204l36.203-36.204c9.997-9.998 26.207-9.998 36.204 0L192 312.69 432.095 72.596c9.997-9.997 26.207-9.997 36.204 0l36.203 36.204c9.997 9.997 9.997 26.206 0 36.204l-294.4 294.401c-9.998 9.997-26.207 9.997-36.204-.001z\"><\/path><\/svg>\t\t\t\t<\/span>\n\t\t\t<\/div>\n\t\t\t\n\t\t\t\t\t\t<div class=\"elementor-icon-box-content\">\n\n\t\t\t\t\t\t\t\t\t<h3 class=\"elementor-icon-box-title\">\n\t\t\t\t\t\t<span  >\n\t\t\t\t\t\t\tVertrauensw\u00fcrdige Fachleute\t\t\t\t\t\t<\/span>\n\t\t\t\t\t<\/h3>\n\t\t\t\t\n\t\t\t\t\t\t\t\t\t<p class=\"elementor-icon-box-description\">\n\t\t\t\t\t\tUnsere Pflegekr\u00e4fte werden sorgf\u00e4ltig ausgew\u00e4hlt, geschult und auf ihren Hintergrund \u00fcberpr\u00fcft, um eine zuverl\u00e4ssige Betreuung zu gew\u00e4hrleisten und Ihnen ein Gef\u00fchl der Sicherheit zu geben.\t\t\t\t\t<\/p>\n\t\t\t\t\n\t\t\t<\/div>\n\t\t\t\n\t\t<\/div>\n\t\t\t\t\t\t<\/div>\n\t\t\t\t<\/div>\n\t\t<div class=\"elementor-element elementor-element-d8e8317 e-con-full e-flex elementor-invisible e-con e-child\" data-id=\"d8e8317\" data-element_type=\"container\" data-settings=\"{&quot;background_background&quot;:&quot;classic&quot;,&quot;animation&quot;:&quot;fadeInUp&quot;}\">\n\t\t\t\t<div class=\"elementor-element elementor-element-76079e1b elementor-position-left elementor-view-default elementor-mobile-position-top elementor-widget elementor-widget-icon-box\" data-id=\"76079e1b\" data-element_type=\"widget\" data-widget_type=\"icon-box.default\">\n\t\t\t\t\t\t\t<div class=\"elementor-icon-box-wrapper\">\n\n\t\t\t\t\t\t<div class=\"elementor-icon-box-icon\">\n\t\t\t\t<span  class=\"elementor-icon\">\n\t\t\t\t<svg aria-hidden=\"true\" class=\"e-font-icon-svg e-fas-check\" viewbox=\"0 0 512 512\" xmlns=\"http:\/\/www.w3.org\/2000\/svg\"><path d=\"M173.898 439.404l-166.4-166.4c-9.997-9.997-9.997-26.206 0-36.204l36.203-36.204c9.997-9.998 26.207-9.998 36.204 0L192 312.69 432.095 72.596c9.997-9.997 26.207-9.997 36.204 0l36.203 36.204c9.997 9.997 9.997 26.206 0 36.204l-294.4 294.401c-9.998 9.997-26.207 9.997-36.204-.001z\"><\/path><\/svg>\t\t\t\t<\/span>\n\t\t\t<\/div>\n\t\t\t\n\t\t\t\t\t\t<div class=\"elementor-icon-box-content\">\n\n\t\t\t\t\t\t\t\t\t<h3 class=\"elementor-icon-box-title\">\n\t\t\t\t\t\t<span  >\n\t\t\t\t\t\t\tSchneller Service\t\t\t\t\t\t<\/span>\n\t\t\t\t\t<\/h3>\n\t\t\t\t\n\t\t\t\t\t\t\t\t\t<p class=\"elementor-icon-box-description\">\n\t\t\t\t\t\tGanz gleich, ob Sie nur ein paar Stunden Hilfe oder eine Vollzeitbetreuung ben\u00f6tigen, unsere Betreuungspl\u00e4ne sind flexibel und k\u00f6nnen sich an Ihre Bed\u00fcrfnisse anpassen.\t\t\t\t\t<\/p>\n\t\t\t\t\n\t\t\t<\/div>\n\t\t\t\n\t\t<\/div>\n\t\t\t\t\t\t<\/div>\n\t\t\t\t<\/div>\n\t\t<div class=\"elementor-element elementor-element-bbee953 e-con-full e-flex elementor-invisible e-con e-child\" data-id=\"bbee953\" data-element_type=\"container\" data-settings=\"{&quot;background_background&quot;:&quot;classic&quot;,&quot;animation&quot;:&quot;fadeInUp&quot;}\">\n\t\t\t\t<div class=\"elementor-element elementor-element-5dddce56 elementor-position-left elementor-view-default elementor-mobile-position-top elementor-widget elementor-widget-icon-box\" data-id=\"5dddce56\" data-element_type=\"widget\" data-widget_type=\"icon-box.default\">\n\t\t\t\t\t\t\t<div class=\"elementor-icon-box-wrapper\">\n\n\t\t\t\t\t\t<div class=\"elementor-icon-box-icon\">\n\t\t\t\t<span  class=\"elementor-icon\">\n\t\t\t\t<svg aria-hidden=\"true\" class=\"e-font-icon-svg e-fas-check\" viewbox=\"0 0 512 512\" xmlns=\"http:\/\/www.w3.org\/2000\/svg\"><path d=\"M173.898 439.404l-166.4-166.4c-9.997-9.997-9.997-26.206 0-36.204l36.203-36.204c9.997-9.998 26.207-9.998 36.204 0L192 312.69 432.095 72.596c9.997-9.997 26.207-9.997 36.204 0l36.203 36.204c9.997 9.997 9.997 26.206 0 36.204l-294.4 294.401c-9.998 9.997-26.207 9.997-36.204-.001z\"><\/path><\/svg>\t\t\t\t<\/span>\n\t\t\t<\/div>\n\t\t\t\n\t\t\t\t\t\t<div class=\"elementor-icon-box-content\">\n\n\t\t\t\t\t\t\t\t\t<h3 class=\"elementor-icon-box-title\">\n\t\t\t\t\t\t<span  >\n\t\t\t\t\t\t\tWir sind immer f\u00fcr Sie da\t\t\t\t\t\t<\/span>\n\t\t\t\t\t<\/h3>\n\t\t\t\t\n\t\t\t\t\t\t\t\t\t<p class=\"elementor-icon-box-description\">\n\t\t\t\t\t\tVon der ersten Beratung bis zur laufenden Betreuung steht Ihnen unser Team bei jedem Schritt mit Einf\u00fchlungsverm\u00f6gen, Professionalit\u00e4t und Freundlichkeit zur Seite.\t\t\t\t\t<\/p>\n\t\t\t\t\n\t\t\t<\/div>\n\t\t\t\n\t\t<\/div>\n\t\t\t\t\t\t<\/div>\n\t\t\t\t<\/div>\n\t\t\t\t<\/div>\n\t\t\t\t<\/div>\n\t\t\t\t<\/div>\n\t\t\t\t<\/div>\n\t\t\t\t\t<\/div>\n\t\t\t\t<\/div>\n\t\t<div class=\"elementor-element elementor-element-2776e3b1 e-flex e-con-boxed e-con e-parent\" data-id=\"2776e3b1\" data-element_type=\"container\" data-settings=\"{&quot;background_background&quot;:&quot;classic&quot;}\">\n\t\t\t\t\t<div class=\"e-con-inner\">\n\t\t<div class=\"elementor-element elementor-element-5f182267 e-con-full e-flex elementor-invisible e-con e-child\" data-id=\"5f182267\" data-element_type=\"container\" data-settings=\"{&quot;background_background&quot;:&quot;classic&quot;,&quot;animation&quot;:&quot;fadeInUp&quot;}\">\n\t\t<div class=\"elementor-element elementor-element-72702ea1 e-con-full e-flex e-con e-child\" data-id=\"72702ea1\" data-element_type=\"container\">\n\t\t\t\t<div class=\"elementor-element elementor-element-154f417b elementor-widget__width-initial elementor-widget elementor-widget-heading\" data-id=\"154f417b\" data-element_type=\"widget\" data-widget_type=\"heading.default\">\n\t\t\t\t\t<h2 class=\"elementor-heading-title elementor-size-default\">Beginnen Sie heute mit Care<\/h2>\t\t\t\t<\/div>\n\t\t\t\t<div class=\"elementor-element elementor-element-415e17c3 elementor-widget elementor-widget-text-editor\" data-id=\"415e17c3\" data-element_type=\"widget\" data-widget_type=\"text-editor.default\">\n\t\t\t\t\t\t\t\t\t<p>Suchen Sie unverz\u00fcglich professionelle Hilfe f\u00fcr Ihre Angeh\u00f6rigen. Ein kleiner Schritt, den Sie heute tun, wird ihre Lebensqualit\u00e4t morgen erheblich verbessern.<\/p>\t\t\t\t\t\t\t\t<\/div>\n\t\t\t\t<\/div>\n\t\t<div class=\"elementor-element elementor-element-44805e49 e-con-full e-flex e-con e-child\" data-id=\"44805e49\" data-element_type=\"container\">\n\t\t\t\t<div class=\"elementor-element elementor-element-166b66c4 elementor-align-justify elementor-widget__width-initial elementor-widget elementor-widget-button\" data-id=\"166b66c4\" data-element_type=\"widget\" data-widget_type=\"button.default\">\n\t\t\t\t\t\t\t\t\t\t<a class=\"elementor-button elementor-button-link elementor-size-sm\" href=\"tel:05321361934\">\n\t\t\t\t\t\t<span class=\"elementor-button-content-wrapper\">\n\t\t\t\t\t\t<span class=\"elementor-button-icon\">\n\t\t\t\t<svg aria-hidden=\"true\" class=\"e-font-icon-svg e-fas-phone-alt\" viewbox=\"0 0 512 512\" xmlns=\"http:\/\/www.w3.org\/2000\/svg\"><path d=\"M497.39 361.8l-112-48a24 24 0 0 0-28 6.9l-49.6 60.6A370.66 370.66 0 0 1 130.6 204.11l60.6-49.6a23.94 23.94 0 0 0 6.9-28l-48-112A24.16 24.16 0 0 0 122.6.61l-104 24A24 24 0 0 0 0 48c0 256.5 207.9 464 464 464a24 24 0 0 0 23.4-18.6l24-104a24.29 24.29 0 0 0-14.01-27.6z\"><\/path><\/svg>\t\t\t<\/span>\n\t\t\t\t\t\t\t\t\t<span class=\"elementor-button-text\">Rufen Sie uns an!<\/span>\n\t\t\t\t\t<\/span>\n\t\t\t\t\t<\/a>\n\t\t\t\t\t\t\t\t<\/div>\n\t\t\t\t<\/div>\n\t\t\t\t<\/div>\n\t\t\t\t\t<\/div>\n\t\t\t\t<\/div>\n\t\t\t\t<\/div>","protected":false},"excerpt":{"rendered":"<p>Hizmetlerimiz Ana Sayfa Hizmetlerimiz Hizmetlerimiz Aile Gibi Hissettiren Kapsaml\u0131 Bak\u0131m \u0130la\u00e7 Deste\u011fi Ya\u015fl\u0131 bireylerin ila\u00e7lar\u0131n\u0131 d\u00fczenli ve do\u011fru \u015fekilde almalar\u0131n\u0131 sa\u011fl\u0131yoruz. \u0130la\u00e7 saatlerini takip ederek aksatmadan destek veriyoruz. Ki\u015fisel Bak\u0131m G\u00fcnl\u00fck ki\u015fisel bak\u0131m ihtiya\u00e7lar\u0131nda destek oluyoruz. Ya\u015fl\u0131 bireylerin temiz, rahat ve bak\u0131ml\u0131 hissetmelerini sa\u011fl\u0131yoruz. Ev Ziyaretleri D\u00fczenli ev ziyaretleriyle ya\u015fl\u0131 bireylerin ihtiya\u00e7lar\u0131n\u0131 kontrol ediyoruz. Onlara [&hellip;]<\/p>","protected":false},"author":1,"featured_media":0,"parent":0,"menu_order":0,"comment_status":"closed","ping_status":"closed","template":"","meta":{"footnotes":""},"class_list":["post-74","page","type-page","status-publish","hentry"],"_links":{"self":[{"href":"https:\/\/istanbulbakicim.com\/de\/wp-json\/wp\/v2\/pages\/74","targetHints":{"allow":["GET"]}}],"collection":[{"href":"https:\/\/istanbulbakicim.com\/de\/wp-json\/wp\/v2\/pages"}],"about":[{"href":"https:\/\/istanbulbakicim.com\/de\/wp-json\/wp\/v2\/types\/page"}],"author":[{"embeddable":true,"href":"https:\/\/istanbulbakicim.com\/de\/wp-json\/wp\/v2\/users\/1"}],"replies":[{"embeddable":true,"href":"https:\/\/istanbulbakicim.com\/de\/wp-json\/wp\/v2\/comments?post=74"}],"version-history":[{"count":4,"href":"https:\/\/istanbulbakicim.com\/de\/wp-json\/wp\/v2\/pages\/74\/revisions"}],"predecessor-version":[{"id":227,"href":"https:\/\/istanbulbakicim.com\/de\/wp-json\/wp\/v2\/pages\/74\/revisions\/227"}],"wp:attachment":[{"href":"https:\/\/istanbulbakicim.com\/de\/wp-json\/wp\/v2\/media?parent=74"}],"curies":[{"name":"wp","href":"https:\/\/api.w.org\/{rel}","templated":true}]}}