{"id":60,"date":"2025-09-26T16:20:51","date_gmt":"2025-09-26T16:20:51","guid":{"rendered":"https:\/\/istanbulbakicim.com\/?page_id=60"},"modified":"2025-10-20T12:11:38","modified_gmt":"2025-10-20T12:11:38","slug":"hakkimizda","status":"publish","type":"page","link":"https:\/\/istanbulbakicim.com\/de\/hakkimizda\/","title":{"rendered":"\u00dcber uns"},"content":{"rendered":"<div data-elementor-type=\"wp-page\" data-elementor-id=\"60\" class=\"elementor elementor-60\" data-elementor-post-type=\"page\">\n\t\t\t\t<div class=\"elementor-element elementor-element-7e2a2df3 e-flex e-con-boxed e-con e-parent\" data-id=\"7e2a2df3\" data-element_type=\"container\" data-settings=\"{&quot;background_background&quot;:&quot;classic&quot;}\">\n\t\t\t\t\t<div class=\"e-con-inner\">\n\t\t<div class=\"elementor-element elementor-element-600d919f e-con-full e-flex e-con e-child\" data-id=\"600d919f\" data-element_type=\"container\">\n\t\t\t\t<div class=\"elementor-element elementor-element-56fdfb41 elementor-invisible elementor-widget elementor-widget-heading\" data-id=\"56fdfb41\" data-element_type=\"widget\" data-settings=\"{&quot;_animation&quot;:&quot;fadeIn&quot;}\" data-widget_type=\"heading.default\">\n\t\t\t\t\t<h2 class=\"elementor-heading-title elementor-size-default\">\u00dcber uns<\/h2>\t\t\t\t<\/div>\n\t\t<div class=\"elementor-element elementor-element-640dea60 e-con-full e-flex e-con e-child\" data-id=\"640dea60\" data-element_type=\"container\">\n\t\t\t\t<div class=\"elementor-element elementor-element-332b2db6 elementor-icon-list--layout-inline elementor-icon-list-ico-position-10 elementor-list-item-link-full_width elementor-invisible elementor-widget elementor-widget-icon-list\" data-id=\"332b2db6\" data-element_type=\"widget\" data-settings=\"{&quot;_animation&quot;:&quot;fadeIn&quot;}\" data-widget_type=\"icon-list.default\">\n\t\t\t\t\t\t\t<ul class=\"elementor-icon-list-items elementor-inline-items\">\n\t\t\t\t\t\t\t<li class=\"elementor-icon-list-item elementor-inline-item\">\n\t\t\t\t\t\t\t\t\t\t\t<a href=\"https:\/\/istanbulbakicim.com\/de\/\">\n\n\t\t\t\t\t\t\t\t\t\t\t<span class=\"elementor-icon-list-text\">Hauptseite<\/span>\n\t\t\t\t\t\t\t\t\t\t\t<\/a>\n\t\t\t\t\t\t\t\t\t<\/li>\n\t\t\t\t\t\t\t\t<li class=\"elementor-icon-list-item elementor-inline-item\">\n\t\t\t\t\t\t\t\t\t\t\t<span class=\"elementor-icon-list-icon\">\n\t\t\t\t\t\t\t<svg aria-hidden=\"true\" class=\"e-font-icon-svg e-fas-chevron-right\" viewbox=\"0 0 320 512\" xmlns=\"http:\/\/www.w3.org\/2000\/svg\"><path d=\"M285.476 272.971L91.132 467.314c-9.373 9.373-24.569 9.373-33.941 0l-22.667-22.667c-9.357-9.357-9.375-24.522-.04-33.901L188.505 256 34.484 101.255c-9.335-9.379-9.317-24.544.04-33.901l22.667-22.667c9.373-9.373 24.569-9.373 33.941 0L285.475 239.03c9.373 9.372 9.373 24.568.001 33.941z\"><\/path><\/svg>\t\t\t\t\t\t<\/span>\n\t\t\t\t\t\t\t\t\t\t<span class=\"elementor-icon-list-text\"><\/span>\n\t\t\t\t\t\t\t\t\t<\/li>\n\t\t\t\t\t\t\t\t<li class=\"elementor-icon-list-item elementor-inline-item\">\n\t\t\t\t\t\t\t\t\t\t<span class=\"elementor-icon-list-text\">\u00dcber uns<\/span>\n\t\t\t\t\t\t\t\t\t<\/li>\n\t\t\t\t\t\t<\/ul>\n\t\t\t\t\t\t<\/div>\n\t\t\t\t<\/div>\n\t\t\t\t<\/div>\n\t\t\t\t\t<\/div>\n\t\t\t\t<\/div>\n\t\t<div class=\"elementor-element elementor-element-9f39ab3 e-flex e-con-boxed e-con e-parent\" data-id=\"9f39ab3\" data-element_type=\"container\" data-settings=\"{&quot;background_background&quot;:&quot;classic&quot;}\">\n\t\t\t\t\t<div class=\"e-con-inner\">\n\t\t<div class=\"elementor-element elementor-element-e108ef4 e-flex e-con-boxed e-con e-child\" data-id=\"e108ef4\" data-element_type=\"container\">\n\t\t\t\t\t<div class=\"e-con-inner\">\n\t\t<div class=\"elementor-element elementor-element-751bf01 e-flex e-con-boxed elementor-invisible e-con e-child\" data-id=\"751bf01\" data-element_type=\"container\" data-settings=\"{&quot;animation&quot;:&quot;fadeIn&quot;}\">\n\t\t\t\t\t<div class=\"e-con-inner\">\n\t\t\t\t<div class=\"elementor-element elementor-element-d790ee8 elementor-widget elementor-widget-heading\" data-id=\"d790ee8\" data-element_type=\"widget\" data-widget_type=\"heading.default\">\n\t\t\t\t\t<h2 class=\"elementor-heading-title elementor-size-default\">\u00dcber uns<\/h2>\t\t\t\t<\/div>\n\t\t\t\t<div class=\"elementor-element elementor-element-d9b7daf elementor-widget elementor-widget-heading\" data-id=\"d9b7daf\" data-element_type=\"widget\" data-widget_type=\"heading.default\">\n\t\t\t\t\t<h2 class=\"elementor-heading-title elementor-size-default\">Mit unseren vollst\u00e4ndigen, sorgf\u00e4ltigen und professionellen Dienstleistungen erklimmen wir weiterhin die Stufen in diesem Sektor, in dem wir Tag f\u00fcr Tag eine feste Gr\u00f6\u00dfe sind.\n<\/h2>\t\t\t\t<\/div>\n\t\t\t\t<div class=\"elementor-element elementor-element-f112b3f elementor-widget elementor-widget-text-editor\" data-id=\"f112b3f\" data-element_type=\"widget\" data-widget_type=\"text-editor.default\">\n\t\t\t\t\t\t\t\t\t<p>Wir bieten Mitgef\u00fchl und Vertrauen f\u00fcr Ihre Lieben mit unseren Pflegeleistungen, die wir in Istanbul begonnen haben. Wir sind stolz darauf, Familien mit unserem geschulten und referenzierten Personal in der Alten-, Kranken- und Kinderpflege sowie bei h\u00e4uslichen Unterst\u00fctzungsdiensten zur Seite zu stehen.<\/p>\t\t\t\t\t\t\t\t<\/div>\n\t\t<div class=\"elementor-element elementor-element-a7f5a71 e-con-full e-flex e-con e-child\" data-id=\"a7f5a71\" data-element_type=\"container\">\n\t\t<div class=\"elementor-element elementor-element-c60d7f2 e-con-full e-flex e-con e-child\" data-id=\"c60d7f2\" data-element_type=\"container\">\n\t\t\t\t<div class=\"elementor-element elementor-element-cb7c615 elementor-widget elementor-widget-heading\" data-id=\"cb7c615\" data-element_type=\"widget\" data-widget_type=\"heading.default\">\n\t\t\t\t\t<h2 class=\"elementor-heading-title elementor-size-default\">Unsere Vision<\/h2>\t\t\t\t<\/div>\n\t\t\t\t<div class=\"elementor-element elementor-element-28c3a24 elementor-widget elementor-widget-text-editor\" data-id=\"28c3a24\" data-element_type=\"widget\" data-widget_type=\"text-editor.default\">\n\t\t\t\t\t\t\t\t\t<p>Ausgehend von der Erkenntnis, dass \"Gesundheit der wertvollste Schatz des Menschen ist\", sind wir seit Jahren in den Bereichen Altenpflege, Kinderbetreuung, Krankenpflege und h\u00e4usliche Dienstleistungen in Istanbul t\u00e4tig. Mit unseren geschulten, professionellen und zuverl\u00e4ssigen Mitarbeitern bieten wir unseren gesch\u00e4tzten Familien weiterhin einen engagierten Service.<\/p>\t\t\t\t\t\t\t\t<\/div>\n\t\t\t\t<\/div>\n\t\t<div class=\"elementor-element elementor-element-5b46077 e-con-full e-flex e-con e-child\" data-id=\"5b46077\" data-element_type=\"container\">\n\t\t\t\t<div class=\"elementor-element elementor-element-252de8a elementor-widget elementor-widget-heading\" data-id=\"252de8a\" data-element_type=\"widget\" data-widget_type=\"heading.default\">\n\t\t\t\t\t<h2 class=\"elementor-heading-title elementor-size-default\">Unser Auftrag<\/h2>\t\t\t\t<\/div>\n\t\t\t\t<div class=\"elementor-element elementor-element-7878540 elementor-widget elementor-widget-text-editor\" data-id=\"7878540\" data-element_type=\"widget\" data-widget_type=\"text-editor.default\">\n\t\t\t\t\t\t\t\t\t<p>Wir sind eine gro\u00dfe Familie. Wir w\u00e4hlen unsere Mitarbeiter f\u00fcr jeden Bereich unserer Dienstleistungen sorgf\u00e4ltig aus, darunter Patientenbetreuer, Altenbetreuer, Kinderbetreuer, Babysitter, Live-in-Betreuer, Krankenschwestern und -pfleger sowie spezielle Pflege- und Begleitpersonen. Wir haben nicht nur darauf geachtet, dass es sich um ausgebildete und fachkundige Menschen handelt, die Freude an ihrem Beruf haben, sondern auch darauf, dass sie respektvoll sind und \u00fcber eine Gesch\u00e4ftsethik verf\u00fcgen. Wir freuen uns sehr, mit dieser gro\u00dfen Familie, zu der jeden Tag ein neuer Mensch hinzukommt, unseren Weg in angenehmer Weise fortzusetzen und f\u00fcr Sie da zu sein.<\/p>\t\t\t\t\t\t\t\t<\/div>\n\t\t\t\t<\/div>\n\t\t\t\t<\/div>\n\t\t\t\t\t<\/div>\n\t\t\t\t<\/div>\n\t\t\t\t\t<\/div>\n\t\t\t\t<\/div>\n\t\t<div class=\"elementor-element elementor-element-f4a72d5 e-con-full e-flex e-con e-child\" data-id=\"f4a72d5\" data-element_type=\"container\">\n\t\t<div class=\"elementor-element elementor-element-a4ed225 e-con-full e-flex elementor-invisible e-con e-child\" data-id=\"a4ed225\" data-element_type=\"container\" data-settings=\"{&quot;background_background&quot;:&quot;classic&quot;,&quot;animation&quot;:&quot;fadeInUp&quot;}\">\n\t\t\t\t<\/div>\n\t\t<div class=\"elementor-element elementor-element-0a0322b e-con-full e-flex e-con e-child\" data-id=\"0a0322b\" data-element_type=\"container\">\n\t\t<div class=\"elementor-element elementor-element-15ba0f7 e-con-full e-flex elementor-invisible e-con e-child\" data-id=\"15ba0f7\" data-element_type=\"container\" data-settings=\"{&quot;background_background&quot;:&quot;classic&quot;,&quot;animation&quot;:&quot;fadeInUp&quot;}\">\n\t\t\t\t<\/div>\n\t\t<div class=\"elementor-element elementor-element-eff0c4f e-con-full e-flex elementor-invisible e-con e-child\" data-id=\"eff0c4f\" data-element_type=\"container\" data-settings=\"{&quot;background_background&quot;:&quot;classic&quot;,&quot;animation&quot;:&quot;fadeInUp&quot;}\">\n\t\t\t\t<div class=\"elementor-element elementor-element-12df363 elementor-widget elementor-widget-counter\" data-id=\"12df363\" data-element_type=\"widget\" data-widget_type=\"counter.default\">\n\t\t\t\t\t\t\t<div class=\"elementor-counter\">\n\t\t\t<div class=\"elementor-counter-title\">Gl\u00fcckliche Familie<\/div>\t\t\t<div class=\"elementor-counter-number-wrapper\">\n\t\t\t\t<span class=\"elementor-counter-number-prefix\"><\/span>\n\t\t\t\t<span class=\"elementor-counter-number\" data-duration=\"1000\" data-to-value=\"1000\" data-from-value=\"0\" data-delimiter=\",\">0<\/span>\n\t\t\t\t<span class=\"elementor-counter-number-suffix\">+<\/span>\n\t\t\t<\/div>\n\t\t<\/div>\n\t\t\t\t\t\t<\/div>\n\t\t\t\t<\/div>\n\t\t\t\t<\/div>\n\t\t\t\t<\/div>\n\t\t\t\t\t<\/div>\n\t\t\t\t<\/div>\n\t\t<div class=\"elementor-element elementor-element-99fcfcc e-flex e-con-boxed e-con e-parent\" data-id=\"99fcfcc\" data-element_type=\"container\" data-settings=\"{&quot;background_background&quot;:&quot;classic&quot;}\">\n\t\t\t\t\t<div class=\"e-con-inner\">\n\t\t<div class=\"elementor-element elementor-element-0c9b24f e-con-full e-flex e-con e-child\" data-id=\"0c9b24f\" data-element_type=\"container\">\n\t\t<div class=\"elementor-element elementor-element-b2de424 e-con-full e-flex e-con e-child\" data-id=\"b2de424\" data-element_type=\"container\">\n\t\t\t\t<\/div>\n\t\t<div class=\"elementor-element elementor-element-61afbfc e-con-full e-flex e-con e-child\" data-id=\"61afbfc\" data-element_type=\"container\">\n\t\t\t\t<div class=\"elementor-element elementor-element-89ad71b elementor-widget elementor-widget-elementskit-client-logo\" data-id=\"89ad71b\" data-element_type=\"widget\" data-widget_type=\"elementskit-client-logo.default\">\n\t\t\t\t\t<div class=\"ekit-wid-con\" >\t\t<div class=\"elementskit-clients-slider  simple_logo_image\" data-config=\"{&quot;rtl&quot;:false,&quot;arrows&quot;:false,&quot;dots&quot;:false,&quot;autoplay&quot;:true,&quot;speed&quot;:1000,&quot;slidesPerView&quot;:4,&quot;slidesPerGroup&quot;:1,&quot;pauseOnHover&quot;:true,&quot;loop&quot;:false,&quot;breakpoints&quot;:{&quot;320&quot;:{&quot;slidesPerView&quot;:1,&quot;slidesPerGroup&quot;:1,&quot;spaceBetween&quot;:10},&quot;768&quot;:{&quot;slidesPerView&quot;:2,&quot;slidesPerGroup&quot;:1,&quot;spaceBetween&quot;:10},&quot;1024&quot;:{&quot;slidesPerView&quot;:4,&quot;slidesPerGroup&quot;:1,&quot;spaceBetween&quot;:15}}}\" data-direction=\"\">\n\t\t\t<div class=\"ekit-main-swiper swiper\">\n\t\t\t\t<div class=\"swiper-wrapper\">\n\t\t\t\t\t\t\t\t\t\t\t<div class=\"elementskit-client-slider-item swiper-slide\">\n\t\t\t\t\t\t\t<div class=\"swiper-slide-inner\">\n\t\t\t\t\t\t\t\t<div class=\"single-client image-switcher\" title=\"Allianz\">\n\t\t\t\t\t\t\t\t\t\t\t\t\t\t\t\t\t\t\t<div class=\"content-image\">\n\t\t\t\t\t\t\t\t\t\t\t<img decoding=\"async\" width=\"256\" height=\"54\" src=\"https:\/\/istanbulbakicim.com\/wp-content\/uploads\/2025\/10\/r1.png\" class=\"\" alt=\"\" srcset=\"https:\/\/istanbulbakicim.com\/wp-content\/uploads\/2025\/10\/r1.png 256w, https:\/\/istanbulbakicim.com\/wp-content\/uploads\/2025\/10\/r1-18x4.png 18w\" sizes=\"(max-width: 256px) 100vw, 256px\" \/>\t\t\t\t\t\t\t\t\t\t<\/div>\n\t\t\t\t\t\t\t\t\t\t\t\t\t\t\t\t\t<\/div>\n\t\t\t\t\t\t\t<\/div>\n\t\t\t\t\t\t<\/div>\n\t\t\t\t\t\t\t\t\t\t\t<div class=\"elementskit-client-slider-item swiper-slide\">\n\t\t\t\t\t\t\t<div class=\"swiper-slide-inner\">\n\t\t\t\t\t\t\t\t<div class=\"single-client image-switcher\" title=\"Ac\u0131badem\">\n\t\t\t\t\t\t\t\t\t\t\t\t\t\t\t\t\t\t\t<div class=\"content-image\">\n\t\t\t\t\t\t\t\t\t\t\t<img decoding=\"async\" width=\"256\" height=\"54\" src=\"https:\/\/istanbulbakicim.com\/wp-content\/uploads\/2025\/10\/r2.png\" class=\"\" alt=\"\" srcset=\"https:\/\/istanbulbakicim.com\/wp-content\/uploads\/2025\/10\/r2.png 256w, https:\/\/istanbulbakicim.com\/wp-content\/uploads\/2025\/10\/r2-18x4.png 18w\" sizes=\"(max-width: 256px) 100vw, 256px\" \/>\t\t\t\t\t\t\t\t\t\t<\/div>\n\t\t\t\t\t\t\t\t\t\t\t\t\t\t\t\t\t<\/div>\n\t\t\t\t\t\t\t<\/div>\n\t\t\t\t\t\t<\/div>\n\t\t\t\t\t\t\t\t\t\t\t<div class=\"elementskit-client-slider-item swiper-slide\">\n\t\t\t\t\t\t\t<div class=\"swiper-slide-inner\">\n\t\t\t\t\t\t\t\t<div class=\"single-client image-switcher\" title=\"Aras\">\n\t\t\t\t\t\t\t\t\t\t\t\t\t\t\t\t\t\t\t<div class=\"content-image\">\n\t\t\t\t\t\t\t\t\t\t\t<img decoding=\"async\" width=\"256\" height=\"54\" src=\"https:\/\/istanbulbakicim.com\/wp-content\/uploads\/2025\/10\/r3.png\" class=\"\" alt=\"\" srcset=\"https:\/\/istanbulbakicim.com\/wp-content\/uploads\/2025\/10\/r3.png 256w, https:\/\/istanbulbakicim.com\/wp-content\/uploads\/2025\/10\/r3-18x4.png 18w\" sizes=\"(max-width: 256px) 100vw, 256px\" \/>\t\t\t\t\t\t\t\t\t\t<\/div>\n\t\t\t\t\t\t\t\t\t\t\t\t\t\t\t\t\t<\/div>\n\t\t\t\t\t\t\t<\/div>\n\t\t\t\t\t\t<\/div>\n\t\t\t\t\t\t\t\t\t\t\t<div class=\"elementskit-client-slider-item swiper-slide\">\n\t\t\t\t\t\t\t<div class=\"swiper-slide-inner\">\n\t\t\t\t\t\t\t\t<div class=\"single-client image-switcher\" title=\"Titel #4\">\n\t\t\t\t\t\t\t\t\t\t\t\t\t\t\t\t\t\t\t<div class=\"content-image\">\n\t\t\t\t\t\t\t\t\t\t\t<img loading=\"lazy\" decoding=\"async\" width=\"256\" height=\"54\" src=\"https:\/\/istanbulbakicim.com\/wp-content\/uploads\/2025\/10\/r4.png\" class=\"\" alt=\"\" srcset=\"https:\/\/istanbulbakicim.com\/wp-content\/uploads\/2025\/10\/r4.png 256w, https:\/\/istanbulbakicim.com\/wp-content\/uploads\/2025\/10\/r4-18x4.png 18w\" sizes=\"(max-width: 256px) 100vw, 256px\" \/>\t\t\t\t\t\t\t\t\t\t<\/div>\n\t\t\t\t\t\t\t\t\t\t\t\t\t\t\t\t\t<\/div>\n\t\t\t\t\t\t\t<\/div>\n\t\t\t\t\t\t<\/div>\n\t\t\t\t\t\t\t\t\t<\/div>\n\n\t\t\t\t\n\t\t\t\t\t\t\t<\/div><!-- .elementskit-clients-slider END -->\n\t\t<\/div>\n\t\t<\/div>\t\t\t\t<\/div>\n\t\t\t\t<\/div>\n\t\t\t\t<\/div>\n\t\t\t\t\t<\/div>\n\t\t\t\t<\/div>\n\t\t<div class=\"elementor-element elementor-element-0564c18 e-flex e-con-boxed e-con e-parent\" data-id=\"0564c18\" data-element_type=\"container\" data-settings=\"{&quot;background_background&quot;:&quot;classic&quot;}\">\n\t\t\t\t\t<div class=\"e-con-inner\">\n\t\t<div class=\"elementor-element elementor-element-c1873d1 e-con-full e-flex e-con e-child\" data-id=\"c1873d1\" data-element_type=\"container\">\n\t\t\t\t<div class=\"elementor-element elementor-element-2ffdc7d elementor-invisible elementor-widget elementor-widget-heading\" data-id=\"2ffdc7d\" data-element_type=\"widget\" data-settings=\"{&quot;_animation&quot;:&quot;fadeIn&quot;}\" data-widget_type=\"heading.default\">\n\t\t\t\t\t<h2 class=\"elementor-heading-title elementor-size-default\">Referenz<\/h2>\t\t\t\t<\/div>\n\t\t\t\t<div class=\"elementor-element elementor-element-75b7933 elementor-invisible elementor-widget elementor-widget-heading\" data-id=\"75b7933\" data-element_type=\"widget\" data-settings=\"{&quot;_animation&quot;:&quot;fadeIn&quot;}\" data-widget_type=\"heading.default\">\n\t\t\t\t\t<h2 class=\"elementor-heading-title elementor-size-default\">Was Eltern \u00fcber uns sagen\n<\/h2>\t\t\t\t<\/div>\n\t\t\t\t<\/div>\n\t\t<div class=\"elementor-element elementor-element-5edd3a0 e-con-full e-flex e-con e-child\" data-id=\"5edd3a0\" data-element_type=\"container\">\n\t\t<div class=\"elementor-element elementor-element-c00ba1d e-grid e-con-full elementor-invisible e-con e-child\" data-id=\"c00ba1d\" data-element_type=\"container\" data-settings=\"{&quot;animation&quot;:&quot;fadeInLeft&quot;}\">\n\t\t<div class=\"elementor-element elementor-element-1c595f0 e-con-full e-flex e-con e-child\" data-id=\"1c595f0\" data-element_type=\"container\" data-settings=\"{&quot;background_background&quot;:&quot;classic&quot;}\">\n\t\t\t\t<div class=\"elementor-element elementor-element-872012b elementor-widget elementor-widget-testimonial\" data-id=\"872012b\" data-element_type=\"widget\" data-widget_type=\"testimonial.default\">\n\t\t\t\t\t\t\t<div class=\"elementor-testimonial-wrapper\">\n\t\t\t\t\t\t\t<div class=\"elementor-testimonial-content\">Wir waren auf der Suche nach einer zuverl\u00e4ssigen und einf\u00fchlsamen Pflegekraft f\u00fcr meine Mutter. Dank Istanbul Bak\u0131c\u0131m haben wir einen professionellen und aufrichtigen Service erhalten. Wir werden nicht mehr zur\u00fcckgelassen.<\/div>\n\t\t\t\n\t\t\t\t\t\t<div class=\"elementor-testimonial-meta elementor-has-image elementor-testimonial-image-position-top\">\n\t\t\t\t<div class=\"elementor-testimonial-meta-inner\">\n\t\t\t\t\t\t\t\t\t\t\t<div class=\"elementor-testimonial-image\">\n\t\t\t\t\t\t\t<img loading=\"lazy\" decoding=\"async\" width=\"1250\" height=\"1250\" src=\"https:\/\/istanbulbakicim.com\/wp-content\/uploads\/2025\/09\/images-RDF7WKF.webp\" class=\"attachment-full size-full wp-image-32\" alt=\"\" srcset=\"https:\/\/istanbulbakicim.com\/wp-content\/uploads\/2025\/09\/images-RDF7WKF.webp 1250w, https:\/\/istanbulbakicim.com\/wp-content\/uploads\/2025\/09\/images-RDF7WKF-300x300.webp 300w, https:\/\/istanbulbakicim.com\/wp-content\/uploads\/2025\/09\/images-RDF7WKF-1024x1024.webp 1024w, https:\/\/istanbulbakicim.com\/wp-content\/uploads\/2025\/09\/images-RDF7WKF-150x150.webp 150w, https:\/\/istanbulbakicim.com\/wp-content\/uploads\/2025\/09\/images-RDF7WKF-768x768.webp 768w\" sizes=\"(max-width: 1250px) 100vw, 1250px\" \/>\t\t\t\t\t\t<\/div>\n\t\t\t\t\t\n\t\t\t\t\t\t\t\t\t\t<div class=\"elementor-testimonial-details\">\n\t\t\t\t\t\t\t\t\t\t\t\t\t\t<div class=\"elementor-testimonial-name\">G\u00f6n\u00fcl Sayar<\/div>\n\t\t\t\t\t\t\t\t\t\t\t\t\t\t\t\t\t\t\t\t\t\t<div class=\"elementor-testimonial-job\">Kunde<\/div>\n\t\t\t\t\t\t\t\t\t\t\t\t\t<\/div>\n\t\t\t\t\t\t\t\t\t<\/div>\n\t\t\t<\/div>\n\t\t\t\t\t<\/div>\n\t\t\t\t\t\t<\/div>\n\t\t\t\t<\/div>\n\t\t<div class=\"elementor-element elementor-element-9470c01 e-con-full e-flex e-con e-child\" data-id=\"9470c01\" data-element_type=\"container\" data-settings=\"{&quot;background_background&quot;:&quot;classic&quot;}\">\n\t\t\t\t<div class=\"elementor-element elementor-element-0d75483 elementor-widget elementor-widget-testimonial\" data-id=\"0d75483\" data-element_type=\"widget\" data-widget_type=\"testimonial.default\">\n\t\t\t\t\t\t\t<div class=\"elementor-testimonial-wrapper\">\n\t\t\t\t\t\t\t<div class=\"elementor-testimonial-content\">Es war sehr wichtig f\u00fcr uns, eine erfahrene Pflegekraft zu finden, die den Bed\u00fcrfnissen meines Vaters gerecht wird. Dank der Dienstleistung, die wir hier erhalten haben, haben wir als Familie Frieden gefunden.<\/div>\n\t\t\t\n\t\t\t\t\t\t<div class=\"elementor-testimonial-meta elementor-has-image elementor-testimonial-image-position-top\">\n\t\t\t\t<div class=\"elementor-testimonial-meta-inner\">\n\t\t\t\t\t\t\t\t\t\t\t<div class=\"elementor-testimonial-image\">\n\t\t\t\t\t\t\t<img loading=\"lazy\" decoding=\"async\" width=\"2000\" height=\"2000\" src=\"https:\/\/istanbulbakicim.com\/wp-content\/uploads\/2025\/09\/images-77W8Q6B.webp\" class=\"attachment-full size-full wp-image-33\" alt=\"\" srcset=\"https:\/\/istanbulbakicim.com\/wp-content\/uploads\/2025\/09\/images-77W8Q6B.webp 2000w, https:\/\/istanbulbakicim.com\/wp-content\/uploads\/2025\/09\/images-77W8Q6B-300x300.webp 300w, https:\/\/istanbulbakicim.com\/wp-content\/uploads\/2025\/09\/images-77W8Q6B-1024x1024.webp 1024w, https:\/\/istanbulbakicim.com\/wp-content\/uploads\/2025\/09\/images-77W8Q6B-150x150.webp 150w, https:\/\/istanbulbakicim.com\/wp-content\/uploads\/2025\/09\/images-77W8Q6B-768x768.webp 768w, https:\/\/istanbulbakicim.com\/wp-content\/uploads\/2025\/09\/images-77W8Q6B-1536x1536.webp 1536w\" sizes=\"(max-width: 2000px) 100vw, 2000px\" \/>\t\t\t\t\t\t<\/div>\n\t\t\t\t\t\n\t\t\t\t\t\t\t\t\t\t<div class=\"elementor-testimonial-details\">\n\t\t\t\t\t\t\t\t\t\t\t\t\t\t<div class=\"elementor-testimonial-name\">Seniha Atasayar<\/div>\n\t\t\t\t\t\t\t\t\t\t\t\t\t\t\t\t\t\t\t\t\t\t<div class=\"elementor-testimonial-job\">Kunde<\/div>\n\t\t\t\t\t\t\t\t\t\t\t\t\t<\/div>\n\t\t\t\t\t\t\t\t\t<\/div>\n\t\t\t<\/div>\n\t\t\t\t\t<\/div>\n\t\t\t\t\t\t<\/div>\n\t\t\t\t<\/div>\n\t\t<div class=\"elementor-element elementor-element-a370d67 e-con-full e-flex e-con e-child\" data-id=\"a370d67\" data-element_type=\"container\" data-settings=\"{&quot;background_background&quot;:&quot;classic&quot;}\">\n\t\t\t\t<div class=\"elementor-element elementor-element-cc578ac elementor-widget elementor-widget-testimonial\" data-id=\"cc578ac\" data-element_type=\"widget\" data-widget_type=\"testimonial.default\">\n\t\t\t\t\t\t\t<div class=\"elementor-testimonial-wrapper\">\n\t\t\t\t\t\t\t<div class=\"elementor-testimonial-content\">Vertrauen, Geduld und Professionalit\u00e4t sind in der Altenpflege sehr wichtig. Das Team von My Istanbul Carer hat uns genau das geboten. Wir sind sehr zufrieden mit dem Service, den wir erhalten haben.<\/div>\n\t\t\t\n\t\t\t\t\t\t<div class=\"elementor-testimonial-meta elementor-has-image elementor-testimonial-image-position-top\">\n\t\t\t\t<div class=\"elementor-testimonial-meta-inner\">\n\t\t\t\t\t\t\t\t\t\t\t<div class=\"elementor-testimonial-image\">\n\t\t\t\t\t\t\t<img loading=\"lazy\" decoding=\"async\" width=\"1000\" height=\"1000\" src=\"https:\/\/istanbulbakicim.com\/wp-content\/uploads\/2025\/09\/images-B6H5B82.webp\" class=\"attachment-full size-full wp-image-34\" alt=\"\" srcset=\"https:\/\/istanbulbakicim.com\/wp-content\/uploads\/2025\/09\/images-B6H5B82.webp 1000w, https:\/\/istanbulbakicim.com\/wp-content\/uploads\/2025\/09\/images-B6H5B82-300x300.webp 300w, https:\/\/istanbulbakicim.com\/wp-content\/uploads\/2025\/09\/images-B6H5B82-150x150.webp 150w, https:\/\/istanbulbakicim.com\/wp-content\/uploads\/2025\/09\/images-B6H5B82-768x768.webp 768w\" sizes=\"(max-width: 1000px) 100vw, 1000px\" \/>\t\t\t\t\t\t<\/div>\n\t\t\t\t\t\n\t\t\t\t\t\t\t\t\t\t<div class=\"elementor-testimonial-details\">\n\t\t\t\t\t\t\t\t\t\t\t\t\t\t<div class=\"elementor-testimonial-name\">Adem Turhan<\/div>\n\t\t\t\t\t\t\t\t\t\t\t\t\t\t\t\t\t\t\t\t\t\t<div class=\"elementor-testimonial-job\">Kunde<\/div>\n\t\t\t\t\t\t\t\t\t\t\t\t\t<\/div>\n\t\t\t\t\t\t\t\t\t<\/div>\n\t\t\t<\/div>\n\t\t\t\t\t<\/div>\n\t\t\t\t\t\t<\/div>\n\t\t\t\t<\/div>\n\t\t\t\t<\/div>\n\t\t\t\t<\/div>\n\t\t\t\t\t<\/div>\n\t\t\t\t<\/div>\n\t\t\t\t<\/div>","protected":false},"excerpt":{"rendered":"<p>Hakk\u0131m\u0131zda Ana Sayfa Hakk\u0131m\u0131zda Hakk\u0131m\u0131zda Eksiksiz, titiz ve profesyonel hizmetlerimiz ile her ge\u00e7en g\u00fcn kal\u0131c\u0131 oldu\u011fumuz bu sekt\u00f6rde basamaklar\u0131 t\u0131rmanmaya devam ediyoruz. \u0130stanbul\u2019da ba\u015flad\u0131\u011f\u0131m\u0131z bak\u0131m hizmetlerimizle, sevdiklerinize \u015fefkat ve g\u00fcven sunuyoruz. Ya\u015fl\u0131, hasta ve \u00e7ocuk bak\u0131m\u0131 ile evde destek hizmetlerinde, e\u011fitimli ve referansl\u0131 kadromuzla ailelerin yan\u0131nda olmaktan gurur duyuyoruz. Vizyonumuz \u201cSa\u011fl\u0131k, insan\u0131n en de\u011ferli hazinesidir\u201d [&hellip;]<\/p>","protected":false},"author":1,"featured_media":0,"parent":0,"menu_order":0,"comment_status":"closed","ping_status":"closed","template":"","meta":{"footnotes":""},"class_list":["post-60","page","type-page","status-publish","hentry"],"_links":{"self":[{"href":"https:\/\/istanbulbakicim.com\/de\/wp-json\/wp\/v2\/pages\/60","targetHints":{"allow":["GET"]}}],"collection":[{"href":"https:\/\/istanbulbakicim.com\/de\/wp-json\/wp\/v2\/pages"}],"about":[{"href":"https:\/\/istanbulbakicim.com\/de\/wp-json\/wp\/v2\/types\/page"}],"author":[{"embeddable":true,"href":"https:\/\/istanbulbakicim.com\/de\/wp-json\/wp\/v2\/users\/1"}],"replies":[{"embeddable":true,"href":"https:\/\/istanbulbakicim.com\/de\/wp-json\/wp\/v2\/comments?post=60"}],"version-history":[{"count":19,"href":"https:\/\/istanbulbakicim.com\/de\/wp-json\/wp\/v2\/pages\/60\/revisions"}],"predecessor-version":[{"id":409,"href":"https:\/\/istanbulbakicim.com\/de\/wp-json\/wp\/v2\/pages\/60\/revisions\/409"}],"wp:attachment":[{"href":"https:\/\/istanbulbakicim.com\/de\/wp-json\/wp\/v2\/media?parent=60"}],"curies":[{"name":"wp","href":"https:\/\/api.w.org\/{rel}","templated":true}]}}