{"id":383,"date":"2025-10-20T12:01:57","date_gmt":"2025-10-20T12:01:57","guid":{"rendered":"https:\/\/istanbulbakicim.com\/?page_id=383"},"modified":"2025-10-20T12:04:50","modified_gmt":"2025-10-20T12:04:50","slug":"villa-personeli","status":"publish","type":"page","link":"https:\/\/istanbulbakicim.com\/de\/villa-personeli\/","title":{"rendered":"Villa Personal"},"content":{"rendered":"<div data-elementor-type=\"wp-page\" data-elementor-id=\"383\" class=\"elementor elementor-383\" data-elementor-post-type=\"page\">\n\t\t\t\t<div class=\"elementor-element elementor-element-947f65f e-flex e-con-boxed e-con e-parent\" data-id=\"947f65f\" data-element_type=\"container\" data-settings=\"{&quot;background_background&quot;:&quot;classic&quot;}\">\n\t\t\t\t\t<div class=\"e-con-inner\">\n\t\t<div class=\"elementor-element elementor-element-90a6252 e-con-full e-flex e-con e-child\" data-id=\"90a6252\" data-element_type=\"container\">\n\t\t\t\t<div class=\"elementor-element elementor-element-0389680 elementor-invisible elementor-widget elementor-widget-heading\" data-id=\"0389680\" data-element_type=\"widget\" data-settings=\"{&quot;_animation&quot;:&quot;fadeIn&quot;}\" data-widget_type=\"heading.default\">\n\t\t\t\t\t<h2 class=\"elementor-heading-title elementor-size-default\">Villa Personal<\/h2>\t\t\t\t<\/div>\n\t\t\t\t<\/div>\n\t\t\t\t\t<\/div>\n\t\t\t\t<\/div>\n\t\t<div class=\"elementor-element elementor-element-a2121ea e-con-full e-flex e-con e-parent\" data-id=\"a2121ea\" data-element_type=\"container\" data-settings=\"{&quot;background_background&quot;:&quot;classic&quot;}\">\n\t\t<div class=\"elementor-element elementor-element-4e03ce3 e-flex e-con-boxed e-con e-child\" data-id=\"4e03ce3\" data-element_type=\"container\">\n\t\t\t\t\t<div class=\"e-con-inner\">\n\t\t<div class=\"elementor-element elementor-element-3462c9b e-con-full e-flex e-con e-child\" data-id=\"3462c9b\" data-element_type=\"container\">\n\t\t<div class=\"elementor-element elementor-element-35ed229 e-con-full e-flex elementor-invisible e-con e-child\" data-id=\"35ed229\" data-element_type=\"container\" data-settings=\"{&quot;animation&quot;:&quot;fadeIn&quot;}\">\n\t\t\t\t<div class=\"elementor-element elementor-element-fd6341f elementor-invisible elementor-widget elementor-widget-text-editor\" data-id=\"fd6341f\" data-element_type=\"widget\" data-settings=\"{&quot;_animation&quot;:&quot;fadeIn&quot;}\" data-widget_type=\"text-editor.default\">\n\t\t\t\t\t\t\t\t\t<p class=\"p1\">Villen haben einen anderen Grundriss als andere H\u00e4user mit gro\u00dfen Wohnfl\u00e4chen und besonderen Serviceanforderungen.<\/p><p class=\"p1\">Als my Istanbul Caretaker bieten wir Ihnen professionelle Unterst\u00fctzung in allen Details von der Reinigung bis zur Gartenpflege, von der G\u00e4stebetreuung bis zur Sicherheit in den Villen.<\/p><p class=\"p1\">Erfahren und zuverl\u00e4ssig <span class=\"s1\"><b>Villenpersonal<\/b><\/span> unser Team sorgt daf\u00fcr, dass Sie die Ordnung und den Komfort Ihres Wohnraums vollst\u00e4ndig erhalten.<\/p><p>\u00a0<\/p><h3><span style=\"color: #000000;\"><b>Erfahrenes und geschultes Personal<\/b><\/span><\/h3><p class=\"p1\">Jede Villa wird von Fachleuten betreut, die auf ihren Arbeitsbereich spezialisiert sind und \u00fcber langj\u00e4hrige Erfahrung verf\u00fcgen.<\/p><p class=\"p1\">Unsere Mitarbeiter, die speziell in den Bereichen Housekeeping, Reinigung, B\u00fcgeln, Service und Gastfreundschaft ausgebildet sind, sorgen f\u00fcr hohe Qualit\u00e4tsstandards.<\/p><p class=\"p1\">Unser Team mit zuverl\u00e4ssigen Referenzen legt Wert auf Ordnung und Ruhe in jedem Bereich Ihrer Villa.<\/p><p>\u00a0<\/p><h3><span style=\"color: #000000;\"><b>Personalisierter Service-Ansatz<\/b><\/span><\/h3><p class=\"p1\">Jede Villa hat eine andere Struktur, jede Familie hat einen anderen Lebensstil.<\/p><p class=\"p1\">Aus diesem Grund stimmen wir als Istanbul Carer die Serviceplanung vollst\u00e4ndig auf Sie ab.<\/p><p class=\"p1\">Ganz gleich, ob Sie Unterst\u00fctzung in Vollzeit oder in Teilzeit ben\u00f6tigen, wir bieten flexible L\u00f6sungen, die Ihren Bed\u00fcrfnissen entsprechen.<\/p><p class=\"p1\">Unser Ziel ist es, Ihren Lebensraum so zu gestalten, dass er Ihren Erwartungen entspricht und Ihren Komfort erh\u00f6ht.<\/p><p>\u00a0<\/p><h3><span style=\"color: #000000;\"><b>Organisation, Komfort und Vertrauen zusammen<\/b><\/span><\/h3><p class=\"p1\">Neben der Aufrechterhaltung der Ordnung in Ihrer Villa steht f\u00fcr uns auch die Sicherheit Ihres Hauses im Vordergrund.<\/p><p class=\"p1\">Jeder Mitarbeiter arbeitet verantwortungsbewusst und schafft einen sauberen, organisierten und ruhigen Lebensraum.<\/p><p class=\"p1\">Auf diese Weise k\u00f6nnen Sie Ihre Zeit genie\u00dfen und den Komfort genie\u00dfen, alle Details Ihres Hauses in professionelle H\u00e4nde zu legen.<\/p><p>\u00a0<\/p><h3><span style=\"color: #000000;\"><b>Warum Istanbul Carer?<\/b><\/span><\/h3><p class=\"p1\">Geschultes und erfahrenes Villenpersonal<\/p><p class=\"p1\">Personalisierte Serviceplanung<\/p><p class=\"p1\">Zuverl\u00e4ssige Referenz und kontinuierliche \u00dcberwachung<\/p><p class=\"p1\">Flexible Arbeitsmodelle<\/p><p class=\"p1\">Ein Servicekonzept, das Komfort, Vertrauen und Professionalit\u00e4t verbindet<\/p>\t\t\t\t\t\t\t\t<\/div>\n\t\t\t\t<\/div>\n\t\t\t\t<\/div>\n\t\t\t\t\t<\/div>\n\t\t\t\t<\/div>\n\t\t\t\t<\/div>\n\t\t\t\t<\/div>","protected":false},"excerpt":{"rendered":"<p>Villa Personeli Villalar, geni\u015f ya\u015fam alanlar\u0131 ve \u00f6zel hizmet ihtiya\u00e7lar\u0131yla di\u011fer evlerden farkl\u0131 bir d\u00fczene sahiptir. \u0130stanbul Bak\u0131c\u0131m olarak, villalarda temizlikten bah\u00e7e bak\u0131m\u0131na, misafir a\u011f\u0131rlamadan g\u00fcvenli\u011fe kadar t\u00fcm detaylarda profesyonel destek sunuyoruz. Deneyimli ve g\u00fcvenilir villa personeli ekibimiz, ya\u015fam alan\u0131n\u0131z\u0131n d\u00fczenini ve konforunu eksiksiz bir \u015fekilde s\u00fcrd\u00fcrmenizi sa\u011flar. \u00a0 Deneyimli ve E\u011fitimli Personel Kadrosu Her [&hellip;]<\/p>","protected":false},"author":1,"featured_media":0,"parent":0,"menu_order":0,"comment_status":"closed","ping_status":"closed","template":"","meta":{"footnotes":""},"class_list":["post-383","page","type-page","status-publish","hentry"],"_links":{"self":[{"href":"https:\/\/istanbulbakicim.com\/de\/wp-json\/wp\/v2\/pages\/383","targetHints":{"allow":["GET"]}}],"collection":[{"href":"https:\/\/istanbulbakicim.com\/de\/wp-json\/wp\/v2\/pages"}],"about":[{"href":"https:\/\/istanbulbakicim.com\/de\/wp-json\/wp\/v2\/types\/page"}],"author":[{"embeddable":true,"href":"https:\/\/istanbulbakicim.com\/de\/wp-json\/wp\/v2\/users\/1"}],"replies":[{"embeddable":true,"href":"https:\/\/istanbulbakicim.com\/de\/wp-json\/wp\/v2\/comments?post=383"}],"version-history":[{"count":4,"href":"https:\/\/istanbulbakicim.com\/de\/wp-json\/wp\/v2\/pages\/383\/revisions"}],"predecessor-version":[{"id":391,"href":"https:\/\/istanbulbakicim.com\/de\/wp-json\/wp\/v2\/pages\/383\/revisions\/391"}],"wp:attachment":[{"href":"https:\/\/istanbulbakicim.com\/de\/wp-json\/wp\/v2\/media?parent=383"}],"curies":[{"name":"wp","href":"https:\/\/api.w.org\/{rel}","templated":true}]}}