{"id":377,"date":"2025-10-20T11:57:37","date_gmt":"2025-10-20T11:57:37","guid":{"rendered":"https:\/\/istanbulbakicim.com\/?page_id=377"},"modified":"2025-10-20T12:02:05","modified_gmt":"2025-10-20T12:02:05","slug":"bebek-bakici","status":"publish","type":"page","link":"https:\/\/istanbulbakicim.com\/de\/bebek-bakici\/","title":{"rendered":"Baby-Sitter"},"content":{"rendered":"<div data-elementor-type=\"wp-page\" data-elementor-id=\"377\" class=\"elementor elementor-377\" data-elementor-post-type=\"page\">\n\t\t\t\t<div class=\"elementor-element elementor-element-3e1b4a8 e-flex e-con-boxed e-con e-parent\" data-id=\"3e1b4a8\" data-element_type=\"container\" data-settings=\"{&quot;background_background&quot;:&quot;classic&quot;}\">\n\t\t\t\t\t<div class=\"e-con-inner\">\n\t\t<div class=\"elementor-element elementor-element-39640d9 e-con-full e-flex e-con e-child\" data-id=\"39640d9\" data-element_type=\"container\">\n\t\t\t\t<div class=\"elementor-element elementor-element-2097624 elementor-invisible elementor-widget elementor-widget-heading\" data-id=\"2097624\" data-element_type=\"widget\" data-settings=\"{&quot;_animation&quot;:&quot;fadeIn&quot;}\" data-widget_type=\"heading.default\">\n\t\t\t\t\t<h2 class=\"elementor-heading-title elementor-size-default\">Baby-Sitter<\/h2>\t\t\t\t<\/div>\n\t\t\t\t<\/div>\n\t\t\t\t\t<\/div>\n\t\t\t\t<\/div>\n\t\t<div class=\"elementor-element elementor-element-d62d550 e-con-full e-flex e-con e-parent\" data-id=\"d62d550\" data-element_type=\"container\" data-settings=\"{&quot;background_background&quot;:&quot;classic&quot;}\">\n\t\t<div class=\"elementor-element elementor-element-ee8f269 e-flex e-con-boxed e-con e-child\" data-id=\"ee8f269\" data-element_type=\"container\">\n\t\t\t\t\t<div class=\"e-con-inner\">\n\t\t<div class=\"elementor-element elementor-element-accdc92 e-con-full e-flex e-con e-child\" data-id=\"accdc92\" data-element_type=\"container\">\n\t\t<div class=\"elementor-element elementor-element-a99e63d e-con-full e-flex elementor-invisible e-con e-child\" data-id=\"a99e63d\" data-element_type=\"container\" data-settings=\"{&quot;animation&quot;:&quot;fadeIn&quot;}\">\n\t\t\t\t<div class=\"elementor-element elementor-element-464eb08 elementor-invisible elementor-widget elementor-widget-text-editor\" data-id=\"464eb08\" data-element_type=\"widget\" data-settings=\"{&quot;_animation&quot;:&quot;fadeIn&quot;}\" data-widget_type=\"text-editor.default\">\n\t\t\t\t\t\t\t\t\t<p class=\"p1\">Die richtige Pflege f\u00fcr die Gesundheit, das Gl\u00fcck und den Seelenfrieden Ihres Babys ist die Priorit\u00e4t jeder Familie.<\/p><p class=\"p1\">Istanbul Als meine Betreuerin, ausgebildet und erfahren in diesem Bereich <span class=\"s1\"><b>S\u00e4uglingspflegekraft<\/b><\/span> Wir bieten einen sicheren, organisierten und liebevollen Betreuungsprozess mit unserem Team.<\/p><p class=\"p1\">Da Sie wissen, dass jedes Baby einen anderen Rhythmus an Bed\u00fcrfnissen hat, k\u00f6nnen Sie Ihren Pflegeplan vollst\u00e4ndig planen. <span class=\"s1\"><b>je nach Alter, Entwicklungsstand und Charakter Ihres Babys<\/b><\/span> entsprechend.<\/p><h3>\u00a0<\/h3><h3><span style=\"color: #000000;\"><b>Personalisierter Pflegeplan f\u00fcr Ihr Baby<\/b><\/span><\/h3><p class=\"p1\">Jedes Baby ist einzigartig - deshalb sollte auch der Pflegeprozess individuell gestaltet werden.<\/p><p class=\"p1\">Unser Team plant sorgf\u00e4ltig jeden Schritt, von der Ern\u00e4hrung bis zur Schlafenszeit, vom Windelwechseln bis zur Spielzeit.<\/p><p class=\"p1\"><span class=\"s1\"><b>Unser Baby-Pflege-Service<\/b><\/span>k\u00f6nnen sowohl in Vollzeit als auch in Teilzeit angeboten werden.<\/p><p class=\"p1\">Durch die Erstellung eines flexiblen Arbeitsplans, der auf die Bed\u00fcrfnisse der Familien abgestimmt ist, wird eine sichere und nachhaltige Unterst\u00fctzung gew\u00e4hrleistet.<\/p><h3>\u00a0<\/h3><h3><span style=\"color: #000000;\"><b>Erfahrenes und geschultes Betreuungspersonal<\/b><\/span><\/h3><p class=\"p1\">Istanbul Betreuer in meiner Organisation <span class=\"s1\"><b>Kinderbetreuer<\/b><\/span>sind Fachleute, die in der Entwicklung von Kindern und in Erster Hilfe ausgebildet sind.<\/p><p class=\"p1\">Mit unseren Ans\u00e4tzen, die die k\u00f6rperliche, emotionale und soziale Entwicklung von Babys unterst\u00fctzen, tragen wir dazu bei, dass sie sich zu gesunden und gl\u00fccklichen Menschen entwickeln.<\/p><p class=\"p1\">Au\u00dferdem garantieren wir Zuverl\u00e4ssigkeit durch regelm\u00e4\u00dfige interne Audits und Referenzpr\u00fcfungen.<\/p><h3>\u00a0<\/h3><h3><span style=\"color: #000000;\"><b>Kontinuierliche Kommunikation mit den Familien und transparente Folgema\u00dfnahmen<\/b><\/span><\/h3><p class=\"p1\">Wir stehen w\u00e4hrend des gesamten Prozesses der S\u00e4uglingspflege in st\u00e4ndiger Kommunikation mit den Familien und teilen jede Phase mit einem t\u00e4glichen Berichtssystem.<\/p><p class=\"p1\">So k\u00f6nnen die Eltern den Prozess in aller Ruhe verfolgen und die Entwicklung ihres Babys genau beobachten.<\/p><p class=\"p1\">Unser Ziel ist es, eine vertrauensvolle, transparente und langfristige Kommunikation aufzubauen.<\/p><h3>\u00a0<\/h3><h3><span style=\"color: #000000;\"><b>Warum Istanbul Carer?<\/b><\/span><\/h3><ul><li><p class=\"p1\">Geschultes und erfahrenes Babysitterteam<\/p><\/li><li><p class=\"p1\">Personalisierter Pflegeplan<\/p><\/li><li><p class=\"p1\">Zuverl\u00e4ssiges Referenz- und regelm\u00e4\u00dfiges Kontrollsystem<\/p><\/li><li><p class=\"p1\">Flexible Arbeitszeiten<\/p><\/li><li><p class=\"p1\">Familienorientierter Kommunikationsansatz<\/p><\/li><\/ul><p>\u00a0<\/p><p class=\"p1\">Wenn Sie die wertvollste Investition f\u00fcr Ihr Baby t\u00e4tigen wollen,<\/p><p class=\"p1\">Istanbul Carer's professional <span class=\"s1\"><b>Babysitterdienst<\/b><\/span> Treffen Sie ihn.<\/p><p class=\"p1\">Wir sind bei jedem Baby, das mit Liebe w\u00e4chst. \ud83c\udf38<\/p>\t\t\t\t\t\t\t\t<\/div>\n\t\t\t\t<\/div>\n\t\t\t\t<\/div>\n\t\t\t\t\t<\/div>\n\t\t\t\t<\/div>\n\t\t\t\t<\/div>\n\t\t\t\t<\/div>","protected":false},"excerpt":{"rendered":"<p>Babysitter Es ist die Priorit\u00e4t jeder Familie, die richtige Betreuung f\u00fcr die Gesundheit, das Gl\u00fcck und den Seelenfrieden Ihres Babys zu gew\u00e4hrleisten. Als Istanbuler Babysitter bieten wir einen sicheren, regelm\u00e4\u00dfigen und liebevollen Betreuungsprozess mit unserem geschulten und erfahrenen Babysitter-Team. Wir wissen, dass jedes Baby einen anderen Rhythmus an Bed\u00fcrfnissen hat und wir gestalten den Betreuungsplan ganz nach dem Alter, Entwicklungsstand und Charakter Ihres Babys.   Ihr Baby [...]<\/p>","protected":false},"author":1,"featured_media":0,"parent":0,"menu_order":0,"comment_status":"closed","ping_status":"closed","template":"","meta":{"footnotes":""},"class_list":["post-377","page","type-page","status-publish","hentry"],"_links":{"self":[{"href":"https:\/\/istanbulbakicim.com\/de\/wp-json\/wp\/v2\/pages\/377","targetHints":{"allow":["GET"]}}],"collection":[{"href":"https:\/\/istanbulbakicim.com\/de\/wp-json\/wp\/v2\/pages"}],"about":[{"href":"https:\/\/istanbulbakicim.com\/de\/wp-json\/wp\/v2\/types\/page"}],"author":[{"embeddable":true,"href":"https:\/\/istanbulbakicim.com\/de\/wp-json\/wp\/v2\/users\/1"}],"replies":[{"embeddable":true,"href":"https:\/\/istanbulbakicim.com\/de\/wp-json\/wp\/v2\/comments?post=377"}],"version-history":[{"count":7,"href":"https:\/\/istanbulbakicim.com\/de\/wp-json\/wp\/v2\/pages\/377\/revisions"}],"predecessor-version":[{"id":387,"href":"https:\/\/istanbulbakicim.com\/de\/wp-json\/wp\/v2\/pages\/377\/revisions\/387"}],"wp:attachment":[{"href":"https:\/\/istanbulbakicim.com\/de\/wp-json\/wp\/v2\/media?parent=377"}],"curies":[{"name":"wp","href":"https:\/\/api.w.org\/{rel}","templated":true}]}}