{"id":198,"date":"2025-09-26T22:40:32","date_gmt":"2025-09-26T22:40:32","guid":{"rendered":"https:\/\/istanbulbakicim.com\/?page_id=198"},"modified":"2025-09-26T22:48:31","modified_gmt":"2025-09-26T22:48:31","slug":"kvkk","status":"publish","type":"page","link":"https:\/\/istanbulbakicim.com\/de\/kvkk\/","title":{"rendered":"KVKK"},"content":{"rendered":"<div data-elementor-type=\"wp-page\" data-elementor-id=\"198\" class=\"elementor elementor-198\" data-elementor-post-type=\"page\">\n\t\t\t\t<div class=\"elementor-element elementor-element-7d424372 e-flex e-con-boxed e-con e-parent\" data-id=\"7d424372\" data-element_type=\"container\" data-settings=\"{&quot;background_background&quot;:&quot;classic&quot;}\">\n\t\t\t\t\t<div class=\"e-con-inner\">\n\t\t<div class=\"elementor-element elementor-element-7fa8b13a e-con-full e-flex e-con e-child\" data-id=\"7fa8b13a\" data-element_type=\"container\">\n\t\t\t\t<div class=\"elementor-element elementor-element-2d57d83c elementor-invisible elementor-widget elementor-widget-heading\" data-id=\"2d57d83c\" data-element_type=\"widget\" data-settings=\"{&quot;_animation&quot;:&quot;fadeIn&quot;}\" data-widget_type=\"heading.default\">\n\t\t\t\t\t<h2 class=\"elementor-heading-title elementor-size-default\">KVKK<\/h2>\t\t\t\t<\/div>\n\t\t<div class=\"elementor-element elementor-element-1031650b e-con-full e-flex e-con e-child\" data-id=\"1031650b\" data-element_type=\"container\">\n\t\t\t\t<div class=\"elementor-element elementor-element-13fd2f elementor-icon-list--layout-inline elementor-icon-list-ico-position-10 elementor-list-item-link-full_width elementor-invisible elementor-widget elementor-widget-icon-list\" data-id=\"13fd2f\" data-element_type=\"widget\" data-settings=\"{&quot;_animation&quot;:&quot;fadeIn&quot;}\" data-widget_type=\"icon-list.default\">\n\t\t\t\t\t\t\t<ul class=\"elementor-icon-list-items elementor-inline-items\">\n\t\t\t\t\t\t\t<li class=\"elementor-icon-list-item elementor-inline-item\">\n\t\t\t\t\t\t\t\t\t\t\t<a href=\"https:\/\/istanbulbakicim.com\/de\/\">\n\n\t\t\t\t\t\t\t\t\t\t\t<span class=\"elementor-icon-list-text\">Hauptseite<\/span>\n\t\t\t\t\t\t\t\t\t\t\t<\/a>\n\t\t\t\t\t\t\t\t\t<\/li>\n\t\t\t\t\t\t\t\t<li class=\"elementor-icon-list-item elementor-inline-item\">\n\t\t\t\t\t\t\t\t\t\t\t<span class=\"elementor-icon-list-icon\">\n\t\t\t\t\t\t\t<svg aria-hidden=\"true\" class=\"e-font-icon-svg e-fas-chevron-right\" viewbox=\"0 0 320 512\" xmlns=\"http:\/\/www.w3.org\/2000\/svg\"><path d=\"M285.476 272.971L91.132 467.314c-9.373 9.373-24.569 9.373-33.941 0l-22.667-22.667c-9.357-9.357-9.375-24.522-.04-33.901L188.505 256 34.484 101.255c-9.335-9.379-9.317-24.544.04-33.901l22.667-22.667c9.373-9.373 24.569-9.373 33.941 0L285.475 239.03c9.373 9.372 9.373 24.568.001 33.941z\"><\/path><\/svg>\t\t\t\t\t\t<\/span>\n\t\t\t\t\t\t\t\t\t\t<span class=\"elementor-icon-list-text\"><\/span>\n\t\t\t\t\t\t\t\t\t<\/li>\n\t\t\t\t\t\t\t\t<li class=\"elementor-icon-list-item elementor-inline-item\">\n\t\t\t\t\t\t\t\t\t\t<span class=\"elementor-icon-list-text\">KVKK<\/span>\n\t\t\t\t\t\t\t\t\t<\/li>\n\t\t\t\t\t\t<\/ul>\n\t\t\t\t\t\t<\/div>\n\t\t\t\t<\/div>\n\t\t\t\t<\/div>\n\t\t\t\t\t<\/div>\n\t\t\t\t<\/div>\n\t\t<div class=\"elementor-element elementor-element-2812e21e e-con-full e-flex e-con e-parent\" data-id=\"2812e21e\" data-element_type=\"container\" data-settings=\"{&quot;background_background&quot;:&quot;classic&quot;}\">\n\t\t<div class=\"elementor-element elementor-element-1f9988a2 e-flex e-con-boxed e-con e-child\" data-id=\"1f9988a2\" data-element_type=\"container\">\n\t\t\t\t\t<div class=\"e-con-inner\">\n\t\t<div class=\"elementor-element elementor-element-5a0f0128 e-con-full e-flex e-con e-child\" data-id=\"5a0f0128\" data-element_type=\"container\">\n\t\t<div class=\"elementor-element elementor-element-1b891fef e-con-full e-flex e-con e-child\" data-id=\"1b891fef\" data-element_type=\"container\">\n\t\t\t\t<div class=\"elementor-element elementor-element-496ce58b elementor-invisible elementor-widget elementor-widget-heading\" data-id=\"496ce58b\" data-element_type=\"widget\" data-settings=\"{&quot;_animation&quot;:&quot;fadeIn&quot;}\" data-widget_type=\"heading.default\">\n\t\t\t\t\t<h2 class=\"elementor-heading-title elementor-size-default\">KVKK<\/h2>\t\t\t\t<\/div>\n\t\t\t\t<\/div>\n\t\t<div class=\"elementor-element elementor-element-262ccab3 e-con-full e-flex elementor-invisible e-con e-child\" data-id=\"262ccab3\" data-element_type=\"container\" data-settings=\"{&quot;animation&quot;:&quot;fadeIn&quot;}\">\n\t\t\t\t<div class=\"elementor-element elementor-element-6dd72607 elementor-invisible elementor-widget elementor-widget-text-editor\" data-id=\"6dd72607\" data-element_type=\"widget\" data-settings=\"{&quot;_animation&quot;:&quot;fadeIn&quot;}\" data-widget_type=\"text-editor.default\">\n\t\t\t\t\t\t\t\t\t<p>Als Lavin Consultancy Private Company, die auf den Namen Nevin Ta\u015ftan eingetragen ist, verarbeiten, speichern und sch\u00fctzen wir Ihre personenbezogenen Daten in \u00dcbereinstimmung mit dem Gesetz im Rahmen des Gesetzes zum Schutz personenbezogener Daten Nr. 6698 (\"KVKK\").<\/p><p>\ud83d\udd39 1. f\u00fcr die Verarbeitung Verantwortlicher<br \/>Gem\u00e4\u00df dem LPPD werden Ihre personenbezogenen Daten von Lavin Dan\u0131\u015fmanl\u0131k \u015eah\u0131s \u015eirketi, eingetragen im Namen von Nevin Ta\u015ftan, als dem f\u00fcr die Verarbeitung Verantwortlichen verarbeitet.<\/p><p>\ud83d\udd39 2. erfasste personenbezogene Daten<br \/>Die folgenden personenbezogenen Daten k\u00f6nnen verarbeitet werden:<\/p><p>Angaben zur Identit\u00e4t (Vorname, Nachname, Geburtsdatum, Staatsangeh\u00f6rigkeit usw.)<br \/>Kontaktinformationen (Telefonnummer, Adresse, E-Mail usw.)<br \/>Informationen zur Berufserfahrung<br \/>Referenzinformationen<br \/>Gesundheitsinformationen (Erfahrungen mit der Patientenversorgung usw.)<br \/>Audiovisuelle Aufzeichnungen (Interviewnotizen, Fotos)<br \/>Status der Aufenthaltserlaubnis<br \/>Angaben zu den Eltern (im Falle einer Kinderbetreuung)<br \/>Methoden der Erhebung personenbezogener Daten<br \/>WhatsApp, SMS und Telefonanrufe<br \/>Bewerbungen \u00fcber www.istanbulbakicisi.com<br \/>Pers\u00f6nliche Interviews<br \/>Vom Bewerber eingereichte Dokumente und Lebensl\u00e4ufe<br \/>\ud83d\udd39 4. zwecke der verarbeitung personenbezogener daten<br \/>Bewertung von Bewerbungen<br \/>Matching mit geeigneten Arbeitgebern<br \/>Bereitstellung von Kommunikation<br \/>Bereitstellung von Informationen f\u00fcr offizielle Einrichtungen, wenn dies erforderlich ist (z. B. \u0130\u015eKUR)<br \/>Verbesserung der Dienstleistungsqualit\u00e4t und F\u00fchrung von Aufzeichnungen<br \/>\ud83d\udd39 5. Stellen, an die Daten weitergegeben werden d\u00fcrfen<br \/>Personen und Organisationen als Arbeitgeber<br \/>Wenn es f\u00fcr notwendig erachtet wird, offizielle Institutionen (\u0130\u015eKUR, SGK, etc.)<br \/>Fachleute wie Rechtsanw\u00e4lte und Finanzberater, von denen wir im Rahmen der gesetzlichen Verpflichtungen Dienstleistungen erhalten<br \/>Es findet kein Datentransfer ins Ausland statt.<\/p><p>\ud83d\udd39 6. Aufbewahrungsfrist der Daten<br \/>Ihre personenbezogenen Daten werden f\u00fcr den Zeitraum gespeichert, der f\u00fcr den Zweck der Verarbeitung erforderlich ist, sowie f\u00fcr den Zeitraum, der sich aus gesetzlichen Verpflichtungen ergibt.<\/p><p>\ud83d\udd39 7. Ihre Rechte nach der KVKK<br \/>Um zu erfahren, ob Ihre personenbezogenen Daten verarbeitet werden oder nicht<br \/>Falls bearbeitet, um Informationen dar\u00fcber anzufordern<br \/>den Zweck der Verarbeitung zu erfahren und ob sie angemessen verwendet wird<br \/>Kenntnis der Dritten, an die die Daten \u00fcbermittelt werden<br \/>Antrag auf Berichtigung bei unvollst\u00e4ndiger oder fehlerhafter Bearbeitung<br \/>Antrag auf L\u00f6schung oder Vernichtung<br \/>Sie k\u00f6nnen Ihre Anfragen an die unten angegebene Kontaktadresse senden:<br \/>\ud83d\udce7 info@istanbulbakicisi.com<\/p>\t\t\t\t\t\t\t\t<\/div>\n\t\t\t\t<\/div>\n\t\t\t\t<\/div>\n\t\t\t\t\t<\/div>\n\t\t\t\t<\/div>\n\t\t\t\t<\/div>\n\t\t\t\t<\/div>","protected":false},"excerpt":{"rendered":"<p>KVKK Ana Sayfa KVKK KVKK Nevin Ta\u015ftan ad\u0131na kay\u0131tl\u0131 Lavin Dan\u0131\u015fmanl\u0131k \u015eah\u0131s \u015eirketi olarak, 6698 say\u0131l\u0131 Ki\u015fisel Verilerin Korunmas\u0131 Kanunu (\u201cKVKK\u201d) kapsam\u0131nda ki\u015fisel verilerinizi hukuka uygun \u015fekilde i\u015fliyor, sakl\u0131yor ve koruyoruz. \ud83d\udd39 1. Veri SorumlusuKVKK uyar\u0131nca, ki\u015fisel verileriniz veri sorumlusu s\u0131fat\u0131yla Nevin Ta\u015ftan ad\u0131na kay\u0131tl\u0131 Lavin Dan\u0131\u015fmanl\u0131k \u015eah\u0131s \u015eirketi taraf\u0131ndan i\u015flenmektedir. \ud83d\udd39 2. Toplanan Ki\u015fisel [&hellip;]<\/p>","protected":false},"author":1,"featured_media":0,"parent":0,"menu_order":0,"comment_status":"closed","ping_status":"closed","template":"","meta":{"footnotes":""},"class_list":["post-198","page","type-page","status-publish","hentry"],"_links":{"self":[{"href":"https:\/\/istanbulbakicim.com\/de\/wp-json\/wp\/v2\/pages\/198","targetHints":{"allow":["GET"]}}],"collection":[{"href":"https:\/\/istanbulbakicim.com\/de\/wp-json\/wp\/v2\/pages"}],"about":[{"href":"https:\/\/istanbulbakicim.com\/de\/wp-json\/wp\/v2\/types\/page"}],"author":[{"embeddable":true,"href":"https:\/\/istanbulbakicim.com\/de\/wp-json\/wp\/v2\/users\/1"}],"replies":[{"embeddable":true,"href":"https:\/\/istanbulbakicim.com\/de\/wp-json\/wp\/v2\/comments?post=198"}],"version-history":[{"count":4,"href":"https:\/\/istanbulbakicim.com\/de\/wp-json\/wp\/v2\/pages\/198\/revisions"}],"predecessor-version":[{"id":203,"href":"https:\/\/istanbulbakicim.com\/de\/wp-json\/wp\/v2\/pages\/198\/revisions\/203"}],"wp:attachment":[{"href":"https:\/\/istanbulbakicim.com\/de\/wp-json\/wp\/v2\/media?parent=198"}],"curies":[{"name":"wp","href":"https:\/\/api.w.org\/{rel}","templated":true}]}}