{"id":83,"date":"2025-09-26T16:34:56","date_gmt":"2025-09-26T16:34:56","guid":{"rendered":"https:\/\/istanbulbakicim.com\/?page_id=83"},"modified":"2025-10-20T11:56:51","modified_gmt":"2025-10-20T11:56:51","slug":"hasta-bakici","status":"publish","type":"page","link":"https:\/\/istanbulbakicim.com\/bg\/hasta-bakici\/","title":{"rendered":"\u041b\u0438\u0446\u0435, \u043a\u043e\u0435\u0442\u043e \u0441\u0435 \u0433\u0440\u0438\u0436\u0438 \u0437\u0430 \u043f\u0430\u0446\u0438\u0435\u043d\u0442\u0430"},"content":{"rendered":"<div data-elementor-type=\"wp-page\" data-elementor-id=\"83\" class=\"elementor elementor-83\" data-elementor-post-type=\"page\">\n\t\t\t\t<div class=\"elementor-element elementor-element-1a6b4d1e e-flex e-con-boxed e-con e-parent\" data-id=\"1a6b4d1e\" data-element_type=\"container\" data-settings=\"{&quot;background_background&quot;:&quot;classic&quot;}\">\n\t\t\t\t\t<div class=\"e-con-inner\">\n\t\t<div class=\"elementor-element elementor-element-15d19ab3 e-con-full e-flex e-con e-child\" data-id=\"15d19ab3\" data-element_type=\"container\">\n\t\t\t\t<div class=\"elementor-element elementor-element-4c76fa9b elementor-invisible elementor-widget elementor-widget-heading\" data-id=\"4c76fa9b\" data-element_type=\"widget\" data-settings=\"{&quot;_animation&quot;:&quot;fadeIn&quot;}\" data-widget_type=\"heading.default\">\n\t\t\t\t\t<h2 class=\"elementor-heading-title elementor-size-default\">\u041b\u0438\u0446\u0435, \u043a\u043e\u0435\u0442\u043e \u0441\u0435 \u0433\u0440\u0438\u0436\u0438 \u0437\u0430 \u043f\u0430\u0446\u0438\u0435\u043d\u0442\u0430<\/h2>\t\t\t\t<\/div>\n\t\t\t\t<\/div>\n\t\t\t\t\t<\/div>\n\t\t\t\t<\/div>\n\t\t<div class=\"elementor-element elementor-element-ce61bf0 e-con-full e-flex e-con e-parent\" data-id=\"ce61bf0\" data-element_type=\"container\" data-settings=\"{&quot;background_background&quot;:&quot;classic&quot;}\">\n\t\t<div class=\"elementor-element elementor-element-3f79f405 e-flex e-con-boxed e-con e-child\" data-id=\"3f79f405\" data-element_type=\"container\">\n\t\t\t\t\t<div class=\"e-con-inner\">\n\t\t<div class=\"elementor-element elementor-element-94af3af e-con-full e-flex e-con e-child\" data-id=\"94af3af\" data-element_type=\"container\">\n\t\t<div class=\"elementor-element elementor-element-796e0848 e-con-full e-flex elementor-invisible e-con e-child\" data-id=\"796e0848\" data-element_type=\"container\" data-settings=\"{&quot;animation&quot;:&quot;fadeIn&quot;}\">\n\t\t\t\t<div class=\"elementor-element elementor-element-1af31a25 elementor-invisible elementor-widget elementor-widget-text-editor\" data-id=\"1af31a25\" data-element_type=\"widget\" data-settings=\"{&quot;_animation&quot;:&quot;fadeIn&quot;}\" data-widget_type=\"text-editor.default\">\n\t\t\t\t\t\t\t\t\t<p>\u041d\u0438\u0435 \u043f\u0440\u0435\u0434\u043e\u0441\u0442\u0430\u0432\u044f\u043c\u0435 \u0443\u0441\u043b\u0443\u0433\u0438 \u043d\u0430 \u043f\u0430\u0446\u0438\u0435\u043d\u0442\u0438\u0442\u0435, \u043a\u0430\u0442\u043e \u0432\u0438 \u043a\u0430\u0440\u0430\u043c\u0435 \u0434\u0430 \u0443\u0441\u0435\u0442\u0438\u0442\u0435 \u0441\u0435\u043c\u0435\u0439\u043d\u0430\u0442\u0430 \u0442\u043e\u043f\u043b\u0438\u043d\u0430, \u043a\u043e\u044f\u0442\u043e \u0435 \u043d\u0430\u0439-\u0432\u0430\u0436\u043d\u0430\u0442\u0430 \u0446\u0438\u0444\u0440\u043e\u0432\u0430 \u0441\u0442\u043e\u0439\u043d\u043e\u0441\u0442 \u043d\u0430 \u0441\u0435\u043a\u0442\u043e\u0440\u0430. \u041a\u043e\u0433\u0430\u0442\u043e \u043d\u0430\u043f\u0438\u0448\u0435\u0442\u0435 \u0432 \u0442\u044a\u0440\u0441\u0430\u0447\u043a\u0430\u0442\u0430 \u043a\u0430\u0442\u043e \u0431\u043e\u043b\u043d\u043e\u0433\u043b\u0435\u0434\u0430\u0447, \u0449\u0435 \u0432\u0438\u0434\u0438\u0442\u0435 \u043c\u043d\u043e\u0433\u043e \u043a\u043e\u043c\u043f\u0430\u043d\u0438\u0438, \u043a\u043e\u0438\u0442\u043e \u043f\u0440\u0435\u0434\u043e\u0441\u0442\u0430\u0432\u044f\u0442 \u043c\u043d\u043e\u0433\u043e \u0443\u0441\u043b\u0443\u0433\u0438. \u0412\u044a\u043f\u0440\u0435\u043a\u0438 \u0442\u043e\u0432\u0430 \u0432\u0441\u0435\u043a\u0438 \u043c\u043e\u0436\u0435 \u0434\u0430 \u043f\u0440\u0435\u0434\u043e\u0441\u0442\u0430\u0432\u0438 \u0442\u0430\u0437\u0438 \u0443\u0441\u043b\u0443\u0433\u0430, \u0432\u0430\u0436\u043d\u043e\u0442\u043e \u0435 \u0434\u0430 \u0441\u0435 \u043f\u0440\u0435\u0434\u043e\u0441\u0442\u0430\u0432\u0438 \u0442\u0430\u0437\u0438 \u0443\u0441\u043b\u0443\u0433\u0430 \u0441 \u043f\u0440\u0430\u0432\u043e. \u0412\u0438\u043d\u0430\u0433\u0438 \u0435 \u043f\u0440\u0438\u0432\u0438\u043b\u0435\u0433\u0438\u044f \u0434\u0430 \u0441\u0435 \u0438\u0437\u0432\u044a\u0440\u0448\u0432\u0430\u0442 \u0432\u0441\u0438\u0447\u043a\u0438 \u0441\u0435\u0441\u0442\u0440\u0438\u043d\u0441\u043a\u0438 \u0443\u0441\u043b\u0443\u0433\u0438, \u043a\u043e\u0438\u0442\u043e \u0449\u0435 \u0431\u044a\u0434\u0430\u0442 \u043d\u0435\u043e\u0431\u0445\u043e\u0434\u0438\u043c\u0438 \u0432 \u043d\u0430\u0448\u0430\u0442\u0430 \u0441\u0442\u0440\u0430\u043d\u0430, \u043a\u0430\u0442\u043e \u0441\u0435 \u043d\u0430\u0441\u043e\u0447\u0432\u0430\u0442 \u043f\u0440\u043e\u0444\u0435\u0441\u0438\u043e\u043d\u0430\u043b\u043d\u043e \u0435\u043a\u0438\u043f\u0438\u0442\u0435.<\/p><p>\u041d\u044f\u043a\u043e\u0438 \u043e\u0442 \u0443\u0441\u043b\u0443\u0433\u0438\u0442\u0435, \u043a\u043e\u0438\u0442\u043e \u043d\u0430\u0448\u0438\u044f\u0442 \u043f\u0435\u0440\u0441\u043e\u043d\u0430\u043b, \u0438\u0437\u043f\u044a\u043b\u043d\u044f\u0432\u0430\u0449 \u0444\u0443\u043d\u043a\u0446\u0438\u044f\u0442\u0430 \u043d\u0430 \u0431\u043e\u043b\u043d\u043e\u0433\u043b\u0435\u0434\u0430\u0447, \u0449\u0435 \u043f\u0440\u0435\u0434\u043e\u0441\u0442\u0430\u0432\u044f \u043d\u0430 \u0432\u0430\u0448\u0438\u0442\u0435 \u043f\u0430\u0446\u0438\u0435\u043d\u0442\u0438,<\/p><p>\u0415\u0436\u0435\u0434\u043d\u0435\u0432\u043d\u0430 \u0440\u0443\u0442\u0438\u043d\u043d\u0430 \u043f\u0440\u043e\u0432\u0435\u0440\u043a\u0430 \u043d\u0430 \u0442\u0435\u043c\u043f\u0435\u0440\u0430\u0442\u0443\u0440\u0430\u0442\u0430, \u043f\u0443\u043b\u0441\u0430 \u0438 \u043a\u0440\u044a\u0432\u043d\u043e\u0442\u043e \u043d\u0430\u043b\u044f\u0433\u0430\u043d\u0435,<br \/>\u041f\u0440\u0435\u043f\u043e\u0440\u044a\u0447\u0430\u043d\u0438 \u043e\u0442 \u043b\u0435\u043a\u0430\u0440\u044f \u043c\u0430\u0441\u0430\u0436 \u0438 \u0443\u043f\u0440\u0430\u0436\u043d\u0435\u043d\u0438\u044f,<br \/>\u041f\u0440\u0438\u0433\u043e\u0442\u0432\u044f\u043d\u0435 \u0438 \u0445\u0440\u0430\u043d\u0435\u043d\u0435 \u0441 \u0445\u0440\u0430\u043d\u0430, \u043f\u0440\u0435\u043f\u043e\u0440\u044a\u0447\u0430\u043d\u0430 \u043e\u0442 \u043b\u0435\u043a\u0430\u0440\u044f,<br \/>\u041f\u0440\u0430\u043d\u0435 \u0438 \u0433\u043b\u0430\u0434\u0435\u043d\u0435 \u043d\u0430 \u0434\u0440\u0435\u0445\u0438\u0442\u0435 \u043d\u0430 \u043f\u0430\u0446\u0438\u0435\u043d\u0442\u0438\u0442\u0435,<br \/>\u041f\u043e\u0434\u043f\u043e\u043c\u0430\u0433\u0430\u043d\u0435 \u043d\u0430 \u0431\u043e\u043b\u043d\u0438 \u043b\u0438\u0446\u0430 \u0434\u0430 \u0441\u0435 \u043f\u0440\u0435\u043e\u0431\u043b\u0435\u043a\u0430\u0442,<br \/>\u041f\u043e\u0434\u043f\u043e\u043c\u0430\u0433\u0430\u043d\u0435 \u043d\u0430 \u0440\u0430\u0437\u043b\u0438\u0447\u043d\u0438 \u043b\u0438\u0447\u043d\u0438 \u0433\u0440\u0438\u0436\u0438,<br \/>\u0410\u043a\u043e \u0435 \u043d\u0435\u043e\u0431\u0445\u043e\u0434\u0438\u043c\u043e, \u0443\u043f\u043b\u044a\u0442\u043d\u044f\u0432\u0430\u043d\u0435 \u0438 \u043f\u043b\u044a\u0437\u0433\u0430\u043d\u0435,<br \/>\u041f\u043e\u0434\u043f\u043e\u043c\u0430\u0433\u0430\u043d\u0435 \u043d\u0430 \u043f\u0430\u0446\u0438\u0435\u043d\u0442\u0438\u0442\u0435 \u0441\u044a\u0441 \u0437\u0430\u0442\u0440\u0443\u0434\u043d\u0435\u043d\u0438\u044f \u0432 \u0445\u043e\u0434\u0435\u043d\u0435\u0442\u043e \u0438 \u043f\u043e\u0434\u043a\u0440\u0435\u043f\u0430 \u0437\u0430 \u0438\u043d\u0432\u0430\u043b\u0438\u0434\u043d\u0438 \u043a\u043e\u043b\u0438\u0447\u043a\u0438, \u0430\u043a\u043e \u0441\u0435 \u0438\u0437\u043f\u043e\u043b\u0437\u0432\u0430\u0442 \u0442\u0430\u043a\u0438\u0432\u0430,<br \/>\u0415\u0436\u0435\u0434\u043d\u0435\u0432\u043d\u0438 \u0447\u0430\u0441\u043e\u0432\u0435 \u0437\u0430 \u0433\u043b\u0435\u0434\u0430\u043d\u0435 \u043d\u0430 \u0432\u0435\u0441\u0442\u043d\u0438\u0446\u0438, \u043a\u043d\u0438\u0433\u0438 \u0438 \u0442\u0435\u043b\u0435\u0432\u0438\u0437\u0438\u044f,<br \/>\u041d\u0430\u0448\u0438\u044f\u0442 \u0435\u043a\u0438\u043f \u043e\u0441\u0438\u0433\u0443\u0440\u044f\u0432\u0430 \u0432\u0441\u0438\u0447\u043a\u0438 \u043d\u0435\u043e\u0431\u0445\u043e\u0434\u0438\u043c\u0438 \u0438 \u0434\u043e\u043f\u044a\u043b\u043d\u0438\u0442\u0435\u043b\u043d\u0438 \u0438\u0437\u0438\u0441\u043a\u0432\u0430\u043d\u0438\u044f, \u043a\u043e\u0438\u0442\u043e \u043f\u0430\u0446\u0438\u0435\u043d\u0442\u0438\u0442\u0435 \u0432\u0438 \u0449\u0435 \u0438\u0437\u043f\u044a\u043b\u043d\u044f\u0432\u0430\u0442 \u0432 \u0435\u0436\u0435\u0434\u043d\u0435\u0432\u0438\u0435\u0442\u043e \u0441\u0438 \u043a\u0430\u0442\u043e \u0431\u043e\u043b\u043d\u043e\u0433\u043b\u0435\u0434\u0430\u0447\u0438.<\/p><p>\u041a\u043e\u0433\u0430\u0442\u043e \u0438\u043c\u0430\u0442\u0435 \u043d\u0443\u0436\u0434\u0430 \u043e\u0442 \u0431\u043e\u043b\u043d\u043e\u0433\u043b\u0435\u0434\u0430\u0447, \u043c\u043e\u0436\u0435\u0442\u0435 \u0434\u0430 \u043f\u043e\u043b\u0443\u0447\u0438\u0442\u0435 \u043f\u043e\u0434\u043a\u0440\u0435\u043f\u0430 \u043e\u0442 \u0435\u043a\u0441\u043f\u0435\u0440\u0442\u0435\u043d \u0435\u043a\u0438\u043f, \u043a\u0430\u0442\u043e \u0441\u0435 \u043e\u0431\u044a\u0440\u043d\u0435\u0442\u0435 \u043a\u044a\u043c \u043d\u0430\u0441. \u041c\u043e\u0436\u0435\u043c \u0434\u0430 \u043e\u0441\u0438\u0433\u0443\u0440\u0438\u043c \u0431\u043e\u043b\u043d\u0438\u0447\u043d\u0438 \u0438\u043b\u0438 \u0435\u0436\u0435\u0434\u043d\u0435\u0432\u043d\u0438 \u0443\u0441\u043b\u0443\u0433\u0438 \u0437\u0430 \u0431\u043e\u043b\u043d\u043e\u0433\u043b\u0435\u0434\u0430\u0447\u0438 \u043d\u0430 \u0432\u0430\u0448\u0438\u0442\u0435 \u043f\u0430\u0446\u0438\u0435\u043d\u0442\u0438 \u0432 \u0431\u043e\u043b\u043d\u0438\u0446\u0430\u0442\u0430 \u0438\u043b\u0438 \u0432 \u0434\u043e\u043c\u043e\u0432\u0435\u0442\u0435 \u0432\u0438. \u0415\u043a\u0438\u043f\u0438\u0442\u0435, \u043a\u043e\u0438\u0442\u043e \u0449\u0435 \u043d\u0430\u0441\u043e\u0447\u0438\u043c \u043e\u0442 \u0443\u0441\u043b\u0443\u0433\u0438\u0442\u0435, \u043a\u043e\u0438\u0442\u043e \u043f\u0440\u0435\u0434\u043e\u0441\u0442\u0430\u0432\u044f\u043c\u0435 \u0432 \u0442\u043e\u0437\u0438 \u0441\u0435\u043a\u0442\u043e\u0440 \u043e\u0442 \u043c\u043d\u043e\u0433\u043e \u0433\u043e\u0434\u0438\u043d\u0438, \u0441\u0430 \u043b\u0438\u0446\u0430, \u043a\u043e\u0438\u0442\u043e \u0441\u0430 \u043f\u0440\u0435\u043c\u0438\u043d\u0430\u043b\u0438 \u0435\u043a\u0441\u043f\u0435\u0440\u0442\u043d\u043e \u043e\u0431\u0443\u0447\u0435\u043d\u0438\u0435.<\/p><p>\u00a0<\/p><p>\u041f\u0440\u043e\u0444\u0435\u0441\u0438\u043e\u043d\u0430\u043b\u043d\u0438 \u0433\u0440\u0438\u0436\u0438 \u0437\u0430 \u043f\u0430\u0446\u0438\u0435\u043d\u0442\u0438\u0442\u0435<br \/>\u041a\u043e\u0433\u0430\u0442\u043e \u0441\u0435 \u0441\u0432\u044a\u0440\u0436\u0435\u0442\u0435 \u0441 \u043d\u0430\u0441, \u043d\u0438\u0435 \u0449\u0435 \u0432\u0438 \u043f\u0440\u0435\u0434\u043e\u0441\u0442\u0430\u0432\u0438\u043c \u0434\u0430\u043d\u043d\u0438\u0442\u0435 \u043d\u0430 \u0435\u043a\u0441\u043f\u0435\u0440\u0442\u0430 \u0441 3 \u0441\u043d\u0438\u043c\u043a\u0438 \u0438 \u043f\u0440\u0435\u043f\u043e\u0440\u044a\u043a\u0438 \u0438 \u0449\u0435 \u043e\u0441\u0442\u0430\u0432\u0438\u043c \u0438\u0437\u0431\u043e\u0440\u0430 \u043d\u0430 \u0432\u0430\u0441. \u0421\u043b\u0435\u0434 \u0442\u043e\u0432\u0430, \u0430\u043a\u043e \u0441\u0435 \u0432\u044a\u0440\u043d\u0435\u0442\u0435 \u0432 \u0441\u0440\u0435\u0434\u0430\u0442\u0430 \u043d\u0430 \u0441\u044a\u0449\u0438\u044f \u0434\u0435\u043d, \u0435\u043a\u0441\u043f\u0435\u0440\u0442\u044a\u0442 \u0437\u0430\u043f\u043e\u0447\u0432\u0430 \u0443\u0441\u043b\u0443\u0433\u0430\u0442\u0430, \u043a\u0430\u0442\u043e \u043d\u0430\u0441\u043e\u0447\u0432\u0430 \u043b\u0438\u0446\u0435\u0442\u043e \u043a\u044a\u043c \u0432\u0430\u0441. \u0417\u0430 \u0446\u0435\u043b\u0438\u0442\u0435 \u043d\u0430 \u043e\u0431\u0441\u043b\u0443\u0436\u0432\u0430\u043d\u0435\u0442\u043e \u0432\u0438\u043d\u0430\u0433\u0438 \u043e\u0441\u0438\u0433\u0443\u0440\u044f\u0432\u0430\u043c\u0435 \u043d\u0430\u0441\u043e\u043a\u0438, \u043a\u0430\u0442\u043e \u0438\u0437\u0431\u0438\u0440\u0430\u043c\u0435 \u0445\u043e\u0440\u0430, \u043a\u043e\u0438\u0442\u043e \u043f\u043e\u0437\u043d\u0430\u0432\u0430\u0442 \u0440\u0430\u0431\u043e\u0442\u0430\u0442\u0430 \u0441\u0438.<\/p><p>\u0417\u043d\u0430\u0435\u043c \u043a\u043e\u043b\u043a\u043e \u0446\u0435\u043d\u043d\u043e \u0435 \u0432\u0440\u0435\u043c\u0435\u0442\u043e. \u041f\u043e\u0440\u0430\u0434\u0438 \u0442\u0430\u0437\u0438 \u043f\u0440\u0438\u0447\u0438\u043d\u0430, \u0430\u043a\u043e \u0441\u0435 \u043d\u0443\u0436\u0434\u0430\u0435\u0442\u0435 \u043e\u0442 \u0438\u0434\u0435\u0430\u043b\u0435\u043d \u0435\u043a\u0441\u043f\u0435\u0440\u0442, \u043d\u0438\u0435 \u0432\u0438 \u0434\u0430\u0432\u0430\u043c\u0435 \u043d\u0430\u0441\u043e\u043a\u0438, \u043a\u0430\u0442\u043e \u0438\u0437\u0431\u0438\u0440\u0430\u0442\u0435 \u043e\u0442 \u043d\u0430\u0448\u0435\u0442\u043e \u043f\u043e\u0440\u0442\u0444\u043e\u043b\u0438\u043e. \u041a\u043e\u043d\u0441\u0443\u043b\u0442\u0430\u043d\u0442\u0441\u043a\u0430\u0442\u0430 \u0444\u0438\u0440\u043c\u0430 Rain, \u043a\u043e\u044f\u0442\u043e \u0435 \u0431\u044a\u0440\u0437\u0430 \u0438 \u043d\u0430\u0434\u0435\u0436\u0434\u043d\u0430, \u0435 \u0432\u0438\u043d\u0430\u0433\u0438 \u0433\u043e\u0442\u043e\u0432\u0430 \u0437\u0430 \u0434\u0435\u0436\u0443\u0440\u0441\u0442\u0432\u043e \u0441\u044a\u0441 \u0441\u0432\u043e\u044f \u043e\u043f\u0438\u0442 \u0438 \u0437\u043d\u0430\u043d\u0438\u044f. \u041c\u043e\u0436\u0435\u0442\u0435 \u0434\u0430 \u0441\u0435 \u0441\u0432\u044a\u0440\u0436\u0435\u0442\u0435 \u0441 \u043d\u0430\u0448\u0430\u0442\u0430 \u043f\u0440\u043e\u0444\u0435\u0441\u0438\u043e\u043d\u0430\u043b\u043d\u0430 \u0438 \u0438\u0434\u0435\u0430\u043b\u043d\u0430 \u043a\u043e\u043c\u043f\u0430\u043d\u0438\u044f, \u0437\u0430 \u0434\u0430 \u043f\u043e\u043b\u0443\u0447\u0438\u0442\u0435 \u0434\u043e\u0431\u0440\u0430 \u043f\u043e\u0434\u043a\u0440\u0435\u043f\u0430. \u041a\u0430\u0442\u043e \u043d\u0435 \u0437\u0430\u044f\u0432\u044f\u0432\u0430\u0442\u0435 \u0443\u0441\u043b\u0443\u0433\u0430 \u0441\u0430\u043c\u043e \u043e\u0442 \u0435\u0434\u0438\u043d \u0447\u043e\u0432\u0435\u043a, \u043c\u043e\u0436\u0435\u0442\u0435 \u0441\u044a\u0449\u043e \u0442\u0430\u043a\u0430 \u0434\u0430 \u043f\u043e\u0438\u0441\u043a\u0430\u0442\u0435 \u0441\u044a\u043f\u0440\u0443\u0433 \u0438 \u0441\u044a\u043f\u0440\u0443\u0433\u0430 \u043e\u0442 \u043d\u0430\u0448\u0430\u0442\u0430 \u043a\u043e\u043c\u043f\u0430\u043d\u0438\u044f \u0437\u0430 \u0432\u0430\u0448\u0438\u0442\u0435 \u0440\u0430\u0431\u043e\u0442\u0438 \u0432 \u0434\u043e\u043c\u0430 \u0438 \u0433\u0440\u0430\u0434\u0438\u043d\u0430\u0442\u0430.<\/p><p>\u00a0<\/p><p>\u0418\u0441\u0442\u0430\u043d\u0431\u0443\u043b \u041f\u0430\u0446\u0438\u0435\u043d\u0442\u0441\u043a\u0438 \u0433\u0440\u0438\u0436\u0438<br \/>\u0420\u0430\u0437\u043f\u043e\u043b\u0430\u0433\u0430\u043c\u0435 \u0441 \u043d\u0435\u043e\u0431\u0445\u043e\u0434\u0438\u043c\u0438\u044f \u0431\u0440\u043e\u0439 \u0445\u043e\u0440\u0430, \u043a\u043e\u0438\u0442\u043e \u043c\u043e\u0433\u0430\u0442 \u0434\u0430 \u0438\u0437\u043f\u0440\u0430\u0442\u044f\u0442 \u0442\u043e\u043b\u043a\u043e\u0432\u0430 \u0445\u043e\u0440\u0430, \u043a\u043e\u043b\u043a\u043e\u0442\u043e \u0435 \u043d\u0435\u043e\u0431\u0445\u043e\u0434\u0438\u043c\u043e \u0432 \u0434\u043e\u043c\u0430 \u0432\u0438 \u0438\u043b\u0438 \u043d\u0430 \u0440\u0430\u0431\u043e\u0442\u043d\u043e\u0442\u043e \u043c\u044f\u0441\u0442\u043e. \u041f\u043e\u043d\u0430\u0441\u0442\u043e\u044f\u0449\u0435\u043c \u043d\u0430\u0448\u0438\u044f\u0442 \u0435\u043a\u0438\u043f \u043e\u0431\u0441\u043b\u0443\u0436\u0432\u0430 \u0432\u0441\u0438\u0447\u043a\u0438 \u0440\u0430\u0439\u043e\u043d\u0438 \u0432 \u0418\u0441\u0442\u0430\u043d\u0431\u0443\u043b \u0438 \u0449\u0435 \u043e\u0431\u0441\u043b\u0443\u0436\u0432\u0430 \u0446\u044f\u043b\u0430 \u0422\u0443\u0440\u0446\u0438\u044f \u0441 \u043d\u0430\u0440\u0430\u0441\u0442\u0432\u0430\u043d\u0435\u0442\u043e \u043d\u0430 \u0447\u0438\u0441\u043b\u0435\u043d\u0430\u0442\u0430 \u0441\u0442\u043e\u0439\u043d\u043e\u0441\u0442 \u043d\u0430 \u043d\u0430\u0448\u0430\u0442\u0430 \u043c\u0430\u0440\u043a\u0430 \u0432 \u0440\u0430\u0437\u0432\u0438\u0432\u0430\u0449\u0438\u0442\u0435 \u0441\u0435 \u0432\u0440\u0435\u043c\u0435\u043d\u0430. \u0411\u0435\u0437 \u0437\u043d\u0430\u0447\u0435\u043d\u0438\u0435 \u0432 \u043a\u043e\u044f \u0447\u0430\u0441\u0442 \u043d\u0430 \u0418\u0441\u0442\u0430\u043d\u0431\u0443\u043b \u0441\u0435 \u043d\u0430\u043c\u0438\u0440\u0430\u0442\u0435, \u043c\u043e\u0436\u0435\u0442\u0435 \u0434\u0430 \u043f\u043e\u043b\u0443\u0447\u0438\u0442\u0435 \u0443\u0441\u043b\u0443\u0433\u0430\u0442\u0430 \u0431\u043e\u043b\u043d\u043e\u0433\u043b\u0435\u0434\u0430\u0447 \u0432 \u0441\u044a\u0449\u0438\u044f \u0434\u0435\u043d, \u0430\u043a\u043e \u0436\u0435\u043b\u0430\u0435\u0442\u0435.<\/p><p>\u0412\u0441\u0438\u0447\u043a\u0438 \u0441\u043b\u0443\u0436\u0438\u0442\u0435\u043b\u0438, \u043a\u043e\u0438\u0442\u043e \u0440\u044a\u043a\u043e\u0432\u043e\u0434\u0438\u043c, \u0441\u0430 \u0441 \u0431\u043e\u0433\u0430\u0442 \u043e\u043f\u0438\u0442 \u0438 \u043f\u043e\u0437\u043d\u0430\u043d\u0438\u044f \u0432 \u043e\u0431\u043b\u0430\u0441\u0442\u0442\u0430 \u043d\u0430 \u0433\u0440\u0438\u0436\u0438\u0442\u0435 \u0437\u0430 \u043f\u0430\u0446\u0438\u0435\u043d\u0442\u0438. \u0414\u0430\u043d\u043d\u0438\u0442\u0435 \u0437\u0430 \u043f\u0435\u0440\u0441\u043e\u043d\u0430\u043b\u0430 \u0441\u0435 \u0438\u0437\u043f\u0440\u0430\u0449\u0430\u0442 \u043e\u0442 \u0432\u0430\u0441, \u043a\u0430\u0442\u043e \u0441\u0435 \u0441\u0432\u044a\u0440\u0436\u0435\u0442\u0435 \u0441 \u043d\u0430\u0441 \u043f\u043e \u0442\u0435\u043b\u0435\u0444\u043e\u043d\u0430. \u0414\u043e\u043a\u0430\u0442\u043e \u0432\u0438\u0435 \u0438\u0437\u043f\u044a\u043b\u043d\u044f\u0432\u0430\u0442\u0435 \u0437\u0430\u0434\u044a\u043b\u0436\u0435\u043d\u0438\u044f\u0442\u0430 \u0441\u0438, \u0445\u043e\u0440\u0430\u0442\u0430, \u043a\u043e\u0438\u0442\u043e \u043d\u0438\u0435 \u043d\u0430\u0441\u043e\u0447\u0432\u0430\u043c\u0435, \u0449\u0435 \u043f\u043e\u0434\u0445\u043e\u0436\u0434\u0430\u0442 \u043a\u044a\u043c \u0432\u0430\u0448\u0438\u0442\u0435 \u043f\u0430\u0446\u0438\u0435\u043d\u0442\u0438 \u0441\u044a\u0441 \u0441\u0435\u043c\u0435\u0439\u043d\u0430 \u043b\u044e\u0431\u043e\u0432. \u0412\u0441\u044a\u0449\u043d\u043e\u0441\u0442 \u0434\u043e\u0440\u0438 \u0449\u0435 \u0438\u0437\u0433\u043b\u0435\u0436\u0434\u0430\u0442 \u043a\u0430\u0442\u043e \u043e\u0447\u0438 \u0432 \u043e\u0447\u0438, \u0442\u0430\u043a\u0430 \u0434\u0430 \u0441\u0435 \u043a\u0430\u0436\u0435, \u0438 \u0449\u0435 \u043f\u0440\u0435\u0434\u043e\u0441\u0442\u0430\u0432\u044f\u0442 \u043d\u0430\u0439-\u0434\u043e\u0431\u0440\u043e\u0442\u043e \u043e\u0431\u0441\u043b\u0443\u0436\u0432\u0430\u043d\u0435. \u0410\u043a\u043e \u0438\u0441\u043a\u0430\u0442\u0435 \u0434\u0430 \u043f\u043e\u043b\u0443\u0447\u0438\u0442\u0435 \u043f\u0440\u043e\u0444\u0435\u0441\u0438\u043e\u043d\u0430\u043b\u043d\u043e \u043e\u0431\u0441\u043b\u0443\u0436\u0432\u0430\u043d\u0435 \u043d\u0430 \u0431\u043e\u043b\u043d\u043e\u0433\u043b\u0435\u0434\u0430\u0447\u0438, \u043c\u043e\u0436\u0435\u0442\u0435 \u0434\u0430 \u043f\u043e\u043b\u0443\u0447\u0438\u0442\u0435 \u043d\u0430\u0439-\u0442\u043e\u0447\u043d\u043e\u0442\u043e \u043e\u0431\u0441\u043b\u0443\u0436\u0432\u0430\u043d\u0435, \u043a\u0430\u0442\u043e \u0441\u0435 \u0441\u0432\u044a\u0440\u0436\u0435\u0442\u0435 \u0441 \u043d\u0430\u0441 \u0438 \u0441\u0435 \u043f\u0440\u0438\u0441\u044a\u0435\u0434\u0438\u043d\u0438\u0442\u0435 \u043a\u044a\u043c \u043d\u0430\u0448\u0435\u0442\u043e \u0441\u0435\u043c\u0435\u0439\u0441\u0442\u0432\u043e.<\/p><p>\u041d\u0438\u0435 \u043d\u0438\u043a\u043e\u0433\u0430 \u043d\u0435 \u0433\u043b\u0435\u0434\u0430\u043c\u0435 \u043d\u0430 \u0432\u0430\u0441 \u043a\u0430\u0442\u043e \u043d\u0430 \u043a\u043b\u0438\u0435\u043d\u0442. \u0412\u0435\u0434\u043d\u0430\u0433\u0430 \u0449\u043e\u043c \u0437\u0430\u043f\u043e\u0447\u043d\u0435\u043c \u0440\u0430\u0431\u043e\u0442\u0430, \u043d\u0438\u0435 \u0432\u0438 \u0432\u044a\u0437\u043f\u0440\u0438\u0435\u043c\u0430\u043c\u0435 \u043a\u0430\u0442\u043e \u043d\u0430\u0448\u0435 \u0441\u0435\u043c\u0435\u0439\u0441\u0442\u0432\u043e.<\/p>\t\t\t\t\t\t\t\t<\/div>\n\t\t\t\t<\/div>\n\t\t\t\t<\/div>\n\t\t\t\t\t<\/div>\n\t\t\t\t<\/div>\n\t\t\t\t<\/div>\n\t\t<div class=\"elementor-element elementor-element-4303e87e e-flex e-con-boxed e-con e-parent\" data-id=\"4303e87e\" data-element_type=\"container\" data-settings=\"{&quot;background_background&quot;:&quot;classic&quot;}\">\n\t\t\t\t\t<div class=\"e-con-inner\">\n\t\t<div class=\"elementor-element elementor-element-2d0b275 e-con-full e-flex e-con e-child\" data-id=\"2d0b275\" data-element_type=\"container\">\n\t\t<div class=\"elementor-element elementor-element-7107cc9 e-con-full e-flex e-con e-child\" data-id=\"7107cc9\" data-element_type=\"container\">\n\t\t\t\t<\/div>\n\t\t<div class=\"elementor-element elementor-element-3c0d831c e-con-full e-flex e-con e-child\" data-id=\"3c0d831c\" data-element_type=\"container\">\n\t\t\t\t<div class=\"elementor-element elementor-element-28abd9b0 elementor-widget elementor-widget-elementskit-client-logo\" data-id=\"28abd9b0\" data-element_type=\"widget\" data-widget_type=\"elementskit-client-logo.default\">\n\t\t\t\t\t<div class=\"ekit-wid-con\" >\t\t<div class=\"elementskit-clients-slider  simple_logo_image\" data-config=\"{&quot;rtl&quot;:false,&quot;arrows&quot;:false,&quot;dots&quot;:false,&quot;autoplay&quot;:true,&quot;speed&quot;:1000,&quot;slidesPerView&quot;:4,&quot;slidesPerGroup&quot;:1,&quot;pauseOnHover&quot;:true,&quot;loop&quot;:false,&quot;breakpoints&quot;:{&quot;320&quot;:{&quot;slidesPerView&quot;:1,&quot;slidesPerGroup&quot;:1,&quot;spaceBetween&quot;:10},&quot;768&quot;:{&quot;slidesPerView&quot;:2,&quot;slidesPerGroup&quot;:1,&quot;spaceBetween&quot;:10},&quot;1024&quot;:{&quot;slidesPerView&quot;:4,&quot;slidesPerGroup&quot;:1,&quot;spaceBetween&quot;:15}}}\" data-direction=\"\">\n\t\t\t<div class=\"ekit-main-swiper swiper\">\n\t\t\t\t<div class=\"swiper-wrapper\">\n\t\t\t\t\t\t\t\t\t\t\t<div class=\"elementskit-client-slider-item swiper-slide\">\n\t\t\t\t\t\t\t<div class=\"swiper-slide-inner\">\n\t\t\t\t\t\t\t\t<div class=\"single-client image-switcher\" title=\"\u0417\u0430\u0433\u043b\u0430\u0432\u0438\u0435 #1\">\n\t\t\t\t\t\t\t\t\t\t\t\t\t\t\t\t\t\t\t<div class=\"content-image\">\n\t\t\t\t\t\t\t\t\t\t\t<img decoding=\"async\" width=\"256\" height=\"54\" src=\"https:\/\/istanbulbakicim.com\/wp-content\/uploads\/2025\/09\/referans-6.png\" class=\"\" alt=\"\" \/>\t\t\t\t\t\t\t\t\t\t<\/div>\n\t\t\t\t\t\t\t\t\t\t\t\t\t\t\t\t\t<\/div>\n\t\t\t\t\t\t\t<\/div>\n\t\t\t\t\t\t<\/div>\n\t\t\t\t\t\t\t\t\t\t\t<div class=\"elementskit-client-slider-item swiper-slide\">\n\t\t\t\t\t\t\t<div class=\"swiper-slide-inner\">\n\t\t\t\t\t\t\t\t<div class=\"single-client image-switcher\" title=\"\u0417\u0430\u0433\u043b\u0430\u0432\u0438\u0435 #2\">\n\t\t\t\t\t\t\t\t\t\t\t\t\t\t\t\t\t\t\t<div class=\"content-image\">\n\t\t\t\t\t\t\t\t\t\t\t<img decoding=\"async\" width=\"256\" height=\"28\" src=\"https:\/\/istanbulbakicim.com\/wp-content\/uploads\/2025\/09\/referans-2.png\" class=\"\" alt=\"\" \/>\t\t\t\t\t\t\t\t\t\t<\/div>\n\t\t\t\t\t\t\t\t\t\t\t\t\t\t\t\t\t<\/div>\n\t\t\t\t\t\t\t<\/div>\n\t\t\t\t\t\t<\/div>\n\t\t\t\t\t\t\t\t\t\t\t<div class=\"elementskit-client-slider-item swiper-slide\">\n\t\t\t\t\t\t\t<div class=\"swiper-slide-inner\">\n\t\t\t\t\t\t\t\t<div class=\"single-client image-switcher\" title=\"\u0417\u0430\u0433\u043b\u0430\u0432\u0438\u0435 #3\">\n\t\t\t\t\t\t\t\t\t\t\t\t\t\t\t\t\t\t\t<div class=\"content-image\">\n\t\t\t\t\t\t\t\t\t\t\t<img decoding=\"async\" width=\"256\" height=\"36\" src=\"https:\/\/istanbulbakicim.com\/wp-content\/uploads\/2025\/09\/referans-1.png\" class=\"\" alt=\"\" \/>\t\t\t\t\t\t\t\t\t\t<\/div>\n\t\t\t\t\t\t\t\t\t\t\t\t\t\t\t\t\t<\/div>\n\t\t\t\t\t\t\t<\/div>\n\t\t\t\t\t\t<\/div>\n\t\t\t\t\t\t\t\t\t\t\t<div class=\"elementskit-client-slider-item swiper-slide\">\n\t\t\t\t\t\t\t<div class=\"swiper-slide-inner\">\n\t\t\t\t\t\t\t\t<div class=\"single-client image-switcher\" title=\"\u0417\u0430\u0433\u043b\u0430\u0432\u0438\u0435 #4\">\n\t\t\t\t\t\t\t\t\t\t\t\t\t\t\t\t\t\t\t<div class=\"content-image\">\n\t\t\t\t\t\t\t\t\t\t\t<img loading=\"lazy\" decoding=\"async\" width=\"256\" height=\"46\" src=\"https:\/\/istanbulbakicim.com\/wp-content\/uploads\/2025\/09\/referans-5.png\" class=\"\" alt=\"\" \/>\t\t\t\t\t\t\t\t\t\t<\/div>\n\t\t\t\t\t\t\t\t\t\t\t\t\t\t\t\t\t<\/div>\n\t\t\t\t\t\t\t<\/div>\n\t\t\t\t\t\t<\/div>\n\t\t\t\t\t\t\t\t\t<\/div>\n\n\t\t\t\t\n\t\t\t\t\t\t\t<\/div><!-- .elementskit-clients-slider END -->\n\t\t<\/div>\n\t\t<\/div>\t\t\t\t<\/div>\n\t\t\t\t<\/div>\n\t\t\t\t<\/div>\n\t\t\t\t\t<\/div>\n\t\t\t\t<\/div>\n\t\t\t\t<\/div>","protected":false},"excerpt":{"rendered":"<p>Hasta Bak\u0131c\u0131 Sekt\u00f6r\u00fcn en m\u00fchim say\u0131sal de\u011feri olan aile \u0131s\u0131s\u0131n\u0131 hissettirerek hasta bak\u0131c\u0131 hizmeti ger\u00e7ekle\u015ftiriyoruz. Hasta bak\u0131c\u0131s\u0131 olarak arama motoruna yazd\u0131\u011f\u0131n\u0131zda bir \u00e7ok hizmet veren firma g\u00f6receksiniz. Ancak bu hizmeti herkes verebilir m\u00fchim olan ise bu hizmeti hakk\u0131 ile vermektir. \u00dclkemizde gereksinim olacak b\u00fct\u00fcn bak\u0131c\u0131l\u0131k hizmetini profesyonelce ekipler y\u00f6nlendirerek yapmak her vakit ayr\u0131cal\u0131kt\u0131r. Hasta bak\u0131c\u0131 [&hellip;]<\/p>","protected":false},"author":1,"featured_media":0,"parent":0,"menu_order":0,"comment_status":"closed","ping_status":"closed","template":"","meta":{"footnotes":""},"class_list":["post-83","page","type-page","status-publish","hentry"],"_links":{"self":[{"href":"https:\/\/istanbulbakicim.com\/bg\/wp-json\/wp\/v2\/pages\/83","targetHints":{"allow":["GET"]}}],"collection":[{"href":"https:\/\/istanbulbakicim.com\/bg\/wp-json\/wp\/v2\/pages"}],"about":[{"href":"https:\/\/istanbulbakicim.com\/bg\/wp-json\/wp\/v2\/types\/page"}],"author":[{"embeddable":true,"href":"https:\/\/istanbulbakicim.com\/bg\/wp-json\/wp\/v2\/users\/1"}],"replies":[{"embeddable":true,"href":"https:\/\/istanbulbakicim.com\/bg\/wp-json\/wp\/v2\/comments?post=83"}],"version-history":[{"count":11,"href":"https:\/\/istanbulbakicim.com\/bg\/wp-json\/wp\/v2\/pages\/83\/revisions"}],"predecessor-version":[{"id":376,"href":"https:\/\/istanbulbakicim.com\/bg\/wp-json\/wp\/v2\/pages\/83\/revisions\/376"}],"wp:attachment":[{"href":"https:\/\/istanbulbakicim.com\/bg\/wp-json\/wp\/v2\/media?parent=83"}],"curies":[{"name":"wp","href":"https:\/\/api.w.org\/{rel}","templated":true}]}}