{"id":78,"date":"2025-09-26T16:33:34","date_gmt":"2025-09-26T16:33:34","guid":{"rendered":"https:\/\/istanbulbakicim.com\/?page_id=78"},"modified":"2025-10-20T11:55:11","modified_gmt":"2025-10-20T11:55:11","slug":"yasli-bakici","status":"publish","type":"page","link":"https:\/\/istanbulbakicim.com\/bg\/yasli-bakici\/","title":{"rendered":"\u0413\u0440\u0438\u0436\u0430 \u0437\u0430 \u0432\u044a\u0437\u0440\u0430\u0441\u0442\u043d\u0438 \u0445\u043e\u0440\u0430"},"content":{"rendered":"<div data-elementor-type=\"wp-page\" data-elementor-id=\"78\" class=\"elementor elementor-78\" data-elementor-post-type=\"page\">\n\t\t\t\t<div class=\"elementor-element elementor-element-1c2d94aa e-flex e-con-boxed e-con e-parent\" data-id=\"1c2d94aa\" data-element_type=\"container\" data-settings=\"{&quot;background_background&quot;:&quot;classic&quot;}\">\n\t\t\t\t\t<div class=\"e-con-inner\">\n\t\t<div class=\"elementor-element elementor-element-2efcce84 e-con-full e-flex e-con e-child\" data-id=\"2efcce84\" data-element_type=\"container\">\n\t\t\t\t<div class=\"elementor-element elementor-element-5b1b9c96 elementor-invisible elementor-widget elementor-widget-heading\" data-id=\"5b1b9c96\" data-element_type=\"widget\" data-settings=\"{&quot;_animation&quot;:&quot;fadeIn&quot;}\" data-widget_type=\"heading.default\">\n\t\t\t\t\t<h2 class=\"elementor-heading-title elementor-size-default\">\u0413\u0440\u0438\u0436\u0430 \u0437\u0430 \u0432\u044a\u0437\u0440\u0430\u0441\u0442\u043d\u0438 \u0445\u043e\u0440\u0430<\/h2>\t\t\t\t<\/div>\n\t\t\t\t<\/div>\n\t\t\t\t\t<\/div>\n\t\t\t\t<\/div>\n\t\t<div class=\"elementor-element elementor-element-614ff824 e-con-full e-flex e-con e-parent\" data-id=\"614ff824\" data-element_type=\"container\" data-settings=\"{&quot;background_background&quot;:&quot;classic&quot;}\">\n\t\t<div class=\"elementor-element elementor-element-23eaa345 e-flex e-con-boxed e-con e-child\" data-id=\"23eaa345\" data-element_type=\"container\">\n\t\t\t\t\t<div class=\"e-con-inner\">\n\t\t<div class=\"elementor-element elementor-element-38b6901e e-con-full e-flex e-con e-child\" data-id=\"38b6901e\" data-element_type=\"container\">\n\t\t<div class=\"elementor-element elementor-element-4091720 e-con-full e-flex elementor-invisible e-con e-child\" data-id=\"4091720\" data-element_type=\"container\" data-settings=\"{&quot;animation&quot;:&quot;fadeIn&quot;}\">\n\t\t\t\t<div class=\"elementor-element elementor-element-5301dc79 elementor-invisible elementor-widget elementor-widget-text-editor\" data-id=\"5301dc79\" data-element_type=\"widget\" data-settings=\"{&quot;_animation&quot;:&quot;fadeIn&quot;}\" data-widget_type=\"text-editor.default\">\n\t\t\t\t\t\t\t\t\t<p>\u041f\u0440\u0438 \u043f\u0440\u0435\u0434\u043e\u0441\u0442\u0430\u0432\u044f\u043d\u0435\u0442\u043e \u043d\u0430 \u0443\u0441\u043b\u0443\u0433\u0430\u0442\u0430 \u0437\u0430 \u0433\u043b\u0435\u0434\u0430\u043d\u0435 \u043d\u0430 \u0432\u044a\u0437\u0440\u0430\u0441\u0442\u043d\u0438 \u0445\u043e\u0440\u0430 \u0441\u0435 \u043e\u0431\u0440\u044a\u0449\u0430 \u0432\u043d\u0438\u043c\u0430\u043d\u0438\u0435 \u043d\u0430 \u0445\u043e\u0440\u0430\u0442\u0430, \u043a\u043e\u0438\u0442\u043e \u0440\u0430\u0441\u0442\u0430\u0442, \u0431\u0435\u0437 \u0434\u0430 \u0437\u0430\u0434\u044a\u0440\u0436\u0430\u0442 \u0446\u044f\u043b\u0430\u0442\u0430 \u0441\u0438 \u043b\u044e\u0431\u043e\u0432 \u0438 \u043f\u0440\u0438\u0432\u044a\u0440\u0437\u0430\u043d\u043e\u0441\u0442 \u043e\u0442 \u043d\u0430\u0441. \u041d\u0430\u0448\u0438\u0442\u0435 \u0443\u0432\u0430\u0436\u0430\u0432\u0430\u043d\u0438 \u0440\u043e\u0434\u0438\u0442\u0435\u043b\u0438, \u043a\u043e\u0438\u0442\u043e \u0441\u0430 \u043d\u0438 \u0434\u043e\u0432\u0435\u043b\u0438 \u0434\u043e \u0442\u0435\u0437\u0438 \u0434\u043d\u0438, \u043a\u043e\u0433\u0430\u0442\u043e \u0441\u0430 \u0441\u0442\u0430\u0440\u0438 \u0438\u043b\u0438 \u0432 \u0435\u0436\u0435\u0434\u043d\u0435\u0432\u0438\u0435\u0442\u043e; \u0412\u0438\u043d\u0430\u0433\u0438 \u0441\u043b\u0443\u0436\u0438\u043c, \u0437\u0430 \u0434\u0430 \u0432\u0438 \u043d\u0430\u0441\u043e\u0447\u0438\u043c \u043a\u044a\u043c \u043f\u043e\u0434\u0445\u043e\u0434\u044f\u0449\u0438\u044f \u0447\u043e\u0432\u0435\u043a, \u043a\u043e\u0439\u0442\u043e \u043c\u043e\u0436\u0435 \u0434\u0430 \u0441\u0435 \u043e\u0431\u044a\u0440\u043d\u0435 \u043a\u044a\u043c \u0432\u0430\u0441 \u0441 \u043b\u044e\u0431\u043e\u0432 \u0438 \u0441\u044a\u0441\u0442\u0440\u0430\u0434\u0430\u043d\u0438\u0435, \u043a\u043e\u0433\u0430\u0442\u043e \u0438\u043c\u0430 \u043d\u0443\u0436\u0434\u0430 \u043e\u0442 \u043f\u043e\u043c\u043e\u0449. \u041f\u0440\u0435\u0434\u0441\u0442\u0430\u0432\u044f\u043c\u0435 \u0445\u0430\u0440\u0430\u043a\u0442\u0435\u0440\u0438\u0441\u0442\u0438\u043a\u0438\u0442\u0435, \u043a\u043e\u0438\u0442\u043e \u0442\u0440\u044f\u0431\u0432\u0430 \u0434\u0430 \u0441\u0435 \u043e\u0442\u043a\u0440\u0438\u044f\u0442 \u0432 \u0445\u043e\u0440\u0430\u0442\u0430, \u043a\u043e\u0438\u0442\u043e \u0449\u0435 \u043f\u0440\u0435\u0434\u043e\u0441\u0442\u0430\u0432\u044f\u0442 \u043f\u043e\u0434\u0445\u043e\u0434\u044f\u0449\u0430\u0442\u0430 \u0437\u0430 \u0432\u0430\u0448\u0430\u0442\u0430 \u0446\u0435\u043b \u0443\u0441\u043b\u0443\u0433\u0430 \u0437\u0430 \u0433\u043b\u0435\u0434\u0430\u043d\u0435 \u043d\u0430 \u0432\u044a\u0437\u0440\u0430\u0441\u0442\u043d\u0438 \u0445\u043e\u0440\u0430.<\/p><p>\u041d\u044f\u043a\u043e\u0438 \u043e\u0442 \u0434\u0435\u0442\u0430\u0439\u043b\u0438\u0442\u0435 \u043d\u0430 \u0443\u0441\u043b\u0443\u0433\u0430\u0442\u0430 \u0441\u0430 \u0441\u044a\u043e\u0431\u0440\u0430\u0437\u0435\u043d\u0438 \u0441 \u043f\u0435\u0440\u0441\u043e\u043d\u0430\u043b\u0430 \u043d\u0430 \u043d\u0430\u0448\u0438\u044f \u0435\u043a\u0438\u043f, \u043d\u0430\u0437\u043d\u0430\u0447\u0435\u043d \u043a\u0430\u0442\u043e \u0431\u043e\u043b\u043d\u043e\u0433\u043b\u0435\u0434\u0430\u0447 \u043d\u0430 \u0432\u044a\u0437\u0440\u0430\u0441\u0442\u043d\u0438 \u0445\u043e\u0440\u0430,<\/p><p>\u0410\u0434\u0430\u043f\u0442\u0438\u0440\u0430\u043d\u0435 \u043d\u0430 \u0434\u043e\u043c\u0430\u0448\u043d\u0430\u0442\u0430 \u0441\u0440\u0435\u0434\u0430, \u0432 \u043a\u043e\u044f\u0442\u043e \u0436\u0438\u0432\u0435\u044f\u0442 \u0432\u044a\u0437\u0440\u0430\u0441\u0442\u043d\u0438\u0442\u0435 \u0445\u043e\u0440\u0430,<br \/>\u041f\u043e\u0434\u0434\u044a\u0440\u0436\u0430\u043d\u0435 \u043d\u0430 \u0436\u0438\u043b\u0438\u0449\u043d\u0438\u0442\u0435 \u043f\u043e\u043c\u0435\u0449\u0435\u043d\u0438\u044f \u0432\u0438\u043d\u0430\u0433\u0438 \u0447\u0438\u0441\u0442\u0438, \u0437\u0430 \u0434\u0430 \u0441\u0435 \u0438\u0437\u0431\u0435\u0433\u043d\u0430\u0442 \u0445\u0438\u0433\u0438\u0435\u043d\u043d\u0438 \u0438 \u0437\u0434\u0440\u0430\u0432\u043e\u0441\u043b\u043e\u0432\u043d\u0438 \u043f\u0440\u043e\u0431\u043b\u0435\u043c\u0438,<br \/>\u041f\u043e\u0434\u043a\u0440\u0435\u043f\u044f \u043f\u043e-\u0432\u044a\u0437\u0440\u0430\u0441\u0442\u043d\u0438\u0442\u0435 \u0445\u043e\u0440\u0430, \u043a\u0430\u0442\u043e \u0433\u0438 \u043f\u0440\u0438\u0434\u0440\u0443\u0436\u0430\u0432\u0430 \u0434\u043e \u0431\u043e\u043b\u043d\u0438\u0446\u0430 \u0438\u043b\u0438 \u043b\u0435\u043a\u0430\u0440\u0441\u043a\u0438 \u043a\u043e\u043d\u0442\u0440\u043e\u043b,<br \/>\u0412 \u0441\u043b\u0443\u0447\u0430\u0439 \u043d\u0430 \u0441\u043b\u0443\u0447\u0430\u0435\u043d \u0437\u0434\u0440\u0430\u0432\u043e\u0441\u043b\u043e\u0432\u0435\u043d \u043f\u0440\u043e\u0431\u043b\u0435\u043c, \u043a\u043e\u0439\u0442\u043e \u043c\u043e\u0436\u0435 \u0434\u0430 \u0432\u044a\u0437\u043d\u0438\u043a\u043d\u0435 \u043f\u0440\u0438 \u0432\u044a\u0437\u0440\u0430\u0441\u0442\u043d\u0438\u0442\u0435 \u0445\u043e\u0440\u0430, \u043f\u044a\u0440\u0432\u043e \u0441\u0435 \u0438\u043d\u0444\u043e\u0440\u043c\u0438\u0440\u0430 \u0437\u0434\u0440\u0430\u0432\u043d\u0438\u044f\u0442 \u0435\u043a\u0438\u043f, \u0430 \u0441\u043b\u0435\u0434 \u0442\u043e\u0432\u0430 \u0441\u0435 \u0438\u043d\u0444\u043e\u0440\u043c\u0438\u0440\u0430\u0442 \u0440\u043e\u0434\u043d\u0438\u043d\u0438\u0442\u0435,<br \/>\u0412\u044a\u0437\u0440\u0430\u0441\u0442\u043d\u0438\u0442\u0435 \u0445\u043e\u0440\u0430 \u043f\u043e\u043b\u0443\u0447\u0430\u0432\u0430\u0442 \u043f\u043e\u0434\u043a\u0440\u0435\u043f\u0430 \u0437\u0430 \u0432\u0441\u0438\u0447\u043a\u0438 \u0441\u0432\u043e\u0438 \u0435\u0436\u0435\u0434\u043d\u0435\u0432\u043d\u0438 \u043d\u0443\u0436\u0434\u0438 \u043f\u043e\u0440\u0430\u0434\u0438 \u043d\u0430\u043f\u0440\u0435\u0434\u043d\u0430\u043b\u0430\u0442\u0430 \u0441\u0438 \u0432\u044a\u0437\u0440\u0430\u0441\u0442,<br \/>\u041b\u0438\u0446\u0430\u0442\u0430, \u043d\u0430\u0437\u043d\u0430\u0447\u0435\u043d\u0438 \u0437\u0430 \u0431\u043e\u043b\u043d\u043e\u0433\u043b\u0435\u0434\u0430\u0447\u0438 \u043d\u0430 \u0432\u044a\u0437\u0440\u0430\u0441\u0442\u043d\u0438 \u0445\u043e\u0440\u0430, \u0441\u0430 \u0434\u0440\u0443\u0436\u0435\u043b\u044e\u0431\u043d\u0438 \u0438 \u043e\u043f\u0438\u0442\u043d\u0438,<br \/>\u0421\u0435\u0434\u043c\u0438\u0447\u043d\u0430\u0442\u0430 \u043e\u0440\u0433\u0430\u043d\u0438\u0437\u0430\u0446\u0438\u044f \u0441\u0435 \u0438\u0437\u0432\u044a\u0440\u0448\u0432\u0430 \u0447\u0440\u0435\u0437 \u0438\u0437\u0433\u043e\u0442\u0432\u044f\u043d\u0435 \u043d\u0430 \u0441\u043f\u0438\u0441\u044a\u043a \u043d\u0430 \u0445\u0440\u0430\u043d\u0438\u0442\u0435\u043b\u043d\u0438\u0442\u0435 \u043f\u0440\u043e\u0434\u0443\u043a\u0442\u0438 \u043d\u0430 \u0432\u044a\u0437\u0440\u0430\u0441\u0442\u043d\u0438\u0442\u0435 \u0445\u043e\u0440\u0430,<br \/>\u0421\u043b\u0443\u0436\u0438\u0442\u0435\u043b\u0438\u0442\u0435 \u043d\u0438, \u043d\u0430\u0437\u043d\u0430\u0447\u0435\u043d\u0438 \u043a\u0430\u0442\u043e \u0431\u043e\u043b\u043d\u043e\u0433\u043b\u0435\u0434\u0430\u0447\u0438 \u0437\u0430 \u0432\u044a\u0437\u0440\u0430\u0441\u0442\u043d\u0438 \u0445\u043e\u0440\u0430, \u0441\u0430 \u0443\u0441\u043b\u0443\u0436\u043b\u0438\u0432\u0438, \u0442\u043e\u043b\u0435\u0440\u0430\u043d\u0442\u043d\u0438, \u0442\u044a\u0440\u043f\u0435\u043b\u0438\u0432\u0438 \u0438 \u043f\u0435\u0434\u0430\u043d\u0442\u0438\u0447\u043d\u0438 \u0445\u043e\u0440\u0430,<br \/>\u0417\u0430 \u043d\u0435\u0433\u043e \u0441\u0435 \u0433\u0440\u0438\u0436\u0430\u0442 \u043a\u0430\u0442\u043e \u0437\u0430 \u0441\u0438\u043d \u0438 \u043f\u043e\u0435\u043c\u0430\u0442 \u0432\u0441\u0438\u0447\u043a\u0438 \u0437\u0430\u0434\u044a\u043b\u0436\u0435\u043d\u0438\u044f.<\/p><p>\u0417\u0430 \u043d\u0430\u0441 \u0435 \u0433\u043e\u043b\u044f\u043c\u0430 \u0447\u0435\u0441\u0442 \u0434\u0430 \u043f\u043e\u0434\u043a\u0440\u0435\u043f\u044f\u043c\u0435 \u0441\u0442\u043e\u0442\u0438\u0446\u0438 \u0432\u044a\u0437\u0440\u0430\u0441\u0442\u043d\u0438 \u0445\u043e\u0440\u0430, \u043a\u043e\u0438\u0442\u043e \u043f\u043e\u043b\u0430\u0433\u0430\u0442 \u0433\u0440\u0438\u0436\u0438 \u0437\u0430 \u0442\u044f\u0445. \u0412\u0441\u0438\u0447\u043a\u0438 \u043d\u0430\u0448\u0438 \u0443\u0441\u043b\u0443\u0433\u0438 \u0437\u0430 \u0431\u043e\u043b\u043d\u043e\u0433\u043b\u0435\u0434\u0430\u0447\u0438 \u043d\u0438 \u0434\u0430\u0432\u0430\u0442 \u043e\u0441\u043d\u043e\u0432\u0430\u043d\u0438\u0435 \u0434\u0430 \u0441\u0435 \u0433\u043e\u0440\u0434\u0435\u0435\u043c \u043e\u0442\u0434\u0435\u043b\u043d\u043e. \u0426\u044f\u043b\u0430\u0442\u0430 \u043d\u0438 \u0440\u0430\u0431\u043e\u0442\u0430 \u0432 \u0440\u0430\u0439\u043e\u043d\u0438\u0442\u0435 \u043d\u0430 \u0418\u0441\u0442\u0430\u043d\u0431\u0443\u043b \u0441\u0435 \u0438\u0437\u0432\u044a\u0440\u0448\u0432\u0430 \u0441 \u043f\u0440\u043e\u0444\u0435\u0441\u0438\u043e\u043d\u0430\u043b\u043d\u043e\u0442\u043e \u043d\u0438 \u0440\u0430\u0437\u0431\u0438\u0440\u0430\u043d\u0435 \u0437\u0430 \u0443\u0441\u043b\u0443\u0433\u0438\u0442\u0435.<\/p><p>\u00a0<\/p><p>\u041e\u043f\u0438\u0442\u0435\u043d \u0431\u043e\u043b\u043d\u043e\u0433\u043b\u0435\u0434\u0430\u0447 \u0437\u0430 \u0432\u044a\u0437\u0440\u0430\u0441\u0442\u043d\u0438 \u0445\u043e\u0440\u0430<br \/>\u0422\u043e\u0432\u0430 \u0441\u0435 \u0434\u044a\u043b\u0436\u0438 \u043d\u0430 \u0443\u0432\u0430\u0436\u0435\u043d\u0438\u0435\u0442\u043e, \u043a\u043e\u0435\u0442\u043e \u0438\u0437\u043f\u0438\u0442\u0432\u0430\u043c\u0435 \u043a\u044a\u043c \u0442\u044f\u0445. \u0427\u043e\u0432\u0435\u043a \u0441\u0435 \u0440\u0430\u0436\u0434\u0430 \u0438 \u0441\u0435 \u043d\u0443\u0436\u0434\u0430\u0435 \u043e\u0442 \u0433\u0440\u0438\u0436\u0438. \u0421\u043b\u0435\u0434 \u043a\u0430\u0442\u043e \u0434\u043e\u0441\u0442\u0438\u0433\u043d\u0435 \u043e\u043f\u0440\u0435\u0434\u0435\u043b\u0435\u043d\u0430 \u0432\u044a\u0437\u0440\u0430\u0441\u0442, \u0442\u043e\u0439 \u0441\u0432\u044a\u0440\u0437\u0432\u0430 \u0436\u0438\u0432\u043e\u0442\u0430 \u0441\u0438 \u0438 \u0437\u0430 \u0442\u043e\u0437\u0438 \u043a\u0440\u0430\u0442\u044a\u043a \u043f\u0435\u0440\u0438\u043e\u0434 \u043e\u0442 \u0432\u0440\u0435\u043c\u0435 \u0441\u0435 \u0438\u0437\u043f\u0440\u0430\u0432\u044f \u043d\u0430 \u043a\u0440\u0430\u043a\u0430 \u0438 \u0432\u044a\u0437\u0440\u0430\u0441\u0442\u0442\u0430 \u043c\u0443 \u0437\u0430\u043f\u043e\u0447\u0432\u0430 \u0434\u0430 \u043d\u0430\u043f\u0440\u0435\u0434\u0432\u0430. \u0421\u043b\u0435\u0434 \u0442\u0430\u0437\u0438 \u0432\u044a\u0437\u0440\u0430\u0441\u0442 \u0442\u043e\u0439 \u0432\u0441\u0435 \u043e\u0449\u0435 \u0441\u0435 \u043d\u0443\u0436\u0434\u0430\u0435 \u043e\u0442 \u0433\u0440\u0438\u0436\u0438. \u041d\u044f\u043a\u043e\u0438 \u043e\u0442 \u043d\u0430\u0448\u0438\u0442\u0435 \u0432\u044a\u0437\u0440\u0430\u0441\u0442\u043d\u0438 \u0432\u0435\u0442\u0435\u0440\u0430\u043d\u0438 \u043e\u0447\u0430\u043a\u0432\u0430\u0442 \u0432\u043d\u0438\u043c\u0430\u043d\u0438\u0435 \u043a\u0430\u0442\u043e \u043d\u0430 \u0431\u0435\u0431\u0435 \u0438 \u0438\u0441\u043a\u0430\u0442 \u0441\u044a\u0441\u0442\u0440\u0430\u0434\u0430\u043d\u0438\u0435. \u0415\u0434\u0438\u043d\u0441\u0442\u0432\u0435\u043d\u0430\u0442\u0430 \u043f\u0440\u0438\u0447\u0438\u043d\u0430, \u043f\u043e\u0440\u0430\u0434\u0438 \u043a\u043e\u044f\u0442\u043e \u0433\u0438 \u043f\u043e\u0437\u043d\u0430\u0432\u0430\u043c\u0435, \u0435 \u0444\u0438\u043a\u0441\u0438\u0440\u0430\u043d\u0430 \u0441 \u043d\u0430\u0448\u0438\u044f \u043e\u043f\u0438\u0442, \u043d\u0430\u0442\u0440\u0443\u043f\u0430\u043d \u043e\u0442 \u0443\u0441\u043b\u0443\u0433\u0438\u0442\u0435, \u043a\u043e\u0438\u0442\u043e \u043f\u0440\u0435\u0434\u043e\u0441\u0442\u0430\u0432\u044f\u043c\u0435.<\/p><p>\u0412\u0441\u0438\u0447\u043a\u0438 \u043d\u0438\u0435 \u0438\u043c\u0430\u043c\u0435 \u043e\u043f\u0440\u0435\u0434\u0435\u043b\u0435\u043d\u0438 \u0437\u0430\u0434\u044a\u043b\u0436\u0435\u043d\u0438\u044f. \u0410\u043a\u043e \u0442\u0440\u044f\u0431\u0432\u0430 \u0434\u0430 \u0440\u0430\u0431\u043e\u0442\u0438\u0442\u0435 \u043f\u043e\u0440\u0430\u0434\u0438 \u0443\u0441\u043b\u043e\u0432\u0438\u044f \u043d\u0430 \u0436\u0438\u0432\u043e\u0442 \u0438 \u043c\u043e\u0436\u0435 \u0434\u0430 \u0438\u043c\u0430\u0442\u0435 \u043d\u0443\u0436\u0434\u0430 \u043e\u0442 \u043e\u043f\u0438\u0442\u0435\u043d \u0431\u043e\u043b\u043d\u043e\u0433\u043b\u0435\u0434\u0430\u0447 \u0437\u0430 \u0432\u044a\u0437\u0440\u0430\u0441\u0442\u043d\u0438 \u0445\u043e\u0440\u0430 \u0438\u043b\u0438 \u0431\u043e\u043b\u043d\u043e\u0433\u043b\u0435\u0434\u0430\u0447 \u0437\u0430 \u043f\u0430\u0446\u0438\u0435\u043d\u0442\u0438. \u041d\u0438\u0435 \u0432\u044a\u0432\u0435\u0434\u043e\u0445\u043c\u0435 \u043f\u0440\u043e\u0444\u0435\u0441\u0438\u043e\u043d\u0430\u043b\u043d\u043e \u043e\u0431\u0441\u043b\u0443\u0436\u0432\u0430\u043d\u0435 \u0432 \u0442\u043e\u0437\u0438 \u0441\u0435\u043a\u0442\u043e\u0440, \u043a\u0430\u0442\u043e \u043e\u043f\u0440\u0435\u0434\u0435\u043b\u0438\u0445\u043c\u0435, \u0447\u0435 \u043d\u044f\u043c\u0430 \u043f\u0440\u043e\u0444\u0435\u0441\u0438\u043e\u043d\u0430\u043b\u043d\u0430 \u0440\u0430\u0431\u043e\u0442\u043d\u0430 \u0447\u0430\u0441\u0442, \u043a\u043e\u044f\u0442\u043e \u0441\u043c\u044f\u0442\u0430\u043c\u0435 \u0437\u0430 \u043d\u0430\u0439-\u0432\u0430\u0436\u043d\u043e\u0442\u043e \u0438\u0437\u0438\u0441\u043a\u0432\u0430\u043d\u0435 \u043d\u0430 \u0441\u0435\u043a\u0442\u043e\u0440\u0430. \u041d\u0438\u0435, \u0442\u0430\u043a\u0430 \u0434\u0430 \u0441\u0435 \u043a\u0430\u0436\u0435, \u043d\u0435 \u0432\u0438 \u043d\u0430\u0441\u043e\u0447\u0432\u0430\u043c\u0435, \u0442\u0430\u043a\u0430 \u0434\u0430 \u0441\u0435 \u043a\u0430\u0436\u0435, \u043a\u0430\u0442\u043e \u043d\u0435 \u0435 \u0437\u0430\u0434\u044a\u043b\u0436\u0438\u0442\u0435\u043b\u043d\u043e \u0434\u0430 \u0432\u0438 \u043d\u0430\u0441\u043e\u0447\u0432\u0430\u043c\u0435 \u043a\u0430\u0442\u043e \u0441\u043f\u0435\u0446\u0438\u0430\u043b\u0438\u0441\u0442.<\/p><p>\u00a0<\/p><p>\u0418\u0441\u0442\u0430\u043d\u0431\u0443\u043b \u0413\u0440\u0438\u0436\u0430 \u0437\u0430 \u0432\u044a\u0437\u0440\u0430\u0441\u0442\u043d\u0438 \u0445\u043e\u0440\u0430<br \/>\u0426\u0435\u043b\u0438\u044f\u0442 \u043d\u0438 \u0435\u043a\u0438\u043f \u043e\u0442 \u0441\u043b\u0443\u0436\u0438\u0442\u0435\u043b\u0438 \u0438\u043c\u0430 \u043f\u0440\u043e\u0444\u0435\u0441\u0438\u043e\u043d\u0430\u043b\u043d\u043e \u0440\u0430\u0437\u0431\u0438\u0440\u0430\u043d\u0435 \u0437\u0430 \u0443\u0441\u043b\u0443\u0433\u0438\u0442\u0435. \u0418\u0441\u043a\u0430\u043c\u0435 \u0434\u0430 \u0432\u0438 \u043f\u0440\u0435\u0434\u043e\u0441\u0442\u0430\u0432\u0438\u043c \u043d\u0430\u0439-\u0434\u043e\u0431\u0440\u043e\u0442\u043e \u043e\u0431\u0441\u043b\u0443\u0436\u0432\u0430\u043d\u0435, \u043a\u0430\u0442\u043e \u043d\u0430\u0441\u043e\u0447\u0438\u043c \u0441\u043b\u0443\u0436\u0438\u0442\u0435\u043b\u0438, \u043a\u043e\u0438\u0442\u043e \u0441\u0430 \u0435\u043a\u0441\u043f\u0435\u0440\u0442\u0438 \u0432\u044a\u0432 \u0432\u0441\u0438\u0447\u043a\u0438 \u0437\u0430\u044f\u0432\u0435\u043d\u0438 \u043e\u0442 \u0432\u0430\u0441 \u0431\u043e\u043b\u043d\u043e\u0433\u043b\u0435\u0434\u0430\u0447\u0435\u0441\u043a\u0438 \u0443\u0441\u043b\u0443\u0433\u0438. \u041d\u0430\u0448\u0430\u0442\u0430 \u043a\u043e\u043c\u043f\u0430\u043d\u0438\u044f \u0435 \u0433\u043e\u0442\u043e\u0432\u0430 \u0434\u0430 \u043e\u0431\u0441\u043b\u0443\u0436\u0432\u0430 \u0432\u044a\u0432 \u0432\u0441\u0438\u0447\u043a\u0438 \u043a\u0432\u0430\u0440\u0442\u0430\u043b\u0438 \u043d\u0430 \u0418\u0441\u0442\u0430\u043d\u0431\u0443\u043b \u0432 \u0418\u0441\u0442\u0430\u043d\u0431\u0443\u043b. \u0410\u043a\u043e \u0442\u044a\u0440\u0441\u0438\u0442\u0435 \u0431\u043e\u043b\u043d\u043e\u0433\u043b\u0435\u0434\u0430\u0447 \u0437\u0430 \u0432\u044a\u0437\u0440\u0430\u0441\u0442\u043d\u0438 \u0445\u043e\u0440\u0430, \u0431\u0435\u0437 \u0437\u043d\u0430\u0447\u0435\u043d\u0438\u0435 \u0432 \u043a\u043e\u0439 \u0440\u0430\u0439\u043e\u043d \u043d\u0430 \u0418\u0441\u0442\u0430\u043d\u0431\u0443\u043b \u0441\u0435 \u043d\u0430\u043c\u0438\u0440\u0430\u0442\u0435, \u0449\u0435 \u0432\u0438 \u0431\u044a\u0434\u0435 \u0438\u0437\u043f\u0440\u0430\u0442\u0435\u043d \u043f\u0435\u0440\u0441\u043e\u043d\u0430\u043b, \u043d\u0430 \u043a\u043e\u0439\u0442\u043e \u043c\u043e\u0436\u0435\u0442\u0435 \u0434\u0430 \u0440\u0430\u0437\u0447\u0438\u0442\u0430\u0442\u0435.<\/p><p>\u041a\u043e\u043d\u0441\u0443\u043b\u0442\u0430\u043d\u0442\u0441\u043a\u0430\u0442\u0430 \u0444\u0438\u0440\u043c\u0430 Ya\u011fmur \u043f\u0440\u0438\u0442\u0435\u0436\u0430\u0432\u0430 \u0432\u0441\u0438\u0447\u043a\u0438 \u0441\u0435\u0440\u0442\u0438\u0444\u0438\u043a\u0430\u0442\u0438 \u0437\u0430 \u043f\u0440\u0435\u0434\u043e\u0441\u0442\u0430\u0432\u044f\u043d\u0435 \u043d\u0430 \u0443\u0441\u043b\u0443\u0433\u0430\u0442\u0430 \"\u0418\u0441\u0442\u0430\u043d\u0431\u0443\u043b\u0441\u043a\u0438 \u0431\u043e\u043b\u043d\u043e\u0433\u043b\u0435\u0434\u0430\u0447\" \u0432 \u043f\u0440\u043e\u0434\u044a\u043b\u0436\u0435\u043d\u0438\u0435 \u043d\u0430 \u043c\u043d\u043e\u0433\u043e \u0433\u043e\u0434\u0438\u043d\u0438. \u0422\u0435 \u043f\u0440\u0435\u0434\u043e\u0441\u0442\u0430\u0432\u044f\u0442 \u043c\u043d\u043e\u0433\u043e \u043f\u043e-\u0434\u043e\u0431\u0440\u0438 \u0443\u0441\u043b\u0443\u0433\u0438 \u0432 \u0441\u0432\u043e\u0438\u0442\u0435 \u043e\u0431\u043b\u0430\u0441\u0442\u0438 \u0441 \u043e\u0431\u0443\u0447\u0435\u043d\u0438\u0435\u0442\u043e, \u043a\u043e\u0435\u0442\u043e \u043f\u0440\u0435\u0434\u043e\u0441\u0442\u0430\u0432\u044f\u043c\u0435 \u043d\u0430 \u043d\u0430\u0448\u0438\u0442\u0435 \u0441\u043b\u0443\u0436\u0438\u0442\u0435\u043b\u0438, \u043a\u043e\u0438\u0442\u043e \u043d\u0430\u0441\u043e\u0447\u0432\u0430\u043c\u0435 \u043a\u0430\u0442\u043e \u0431\u043e\u043b\u043d\u043e\u0433\u043b\u0435\u0434\u0430\u0447\u0438 \u0437\u0430 \u0432\u044a\u0437\u0440\u0430\u0441\u0442\u043d\u0438 \u0445\u043e\u0440\u0430 \u043f\u0440\u0435\u0437 \u043e\u043f\u0440\u0435\u0434\u0435\u043b\u0435\u043d\u0438 \u0438\u043d\u0442\u0435\u0440\u0432\u0430\u043b\u0438 \u043e\u0442 \u0432\u0440\u0435\u043c\u0435.<\/p><p>\u041d\u0430\u0448\u0438\u0442\u0435 \u0432\u044a\u0437\u0440\u0430\u0441\u0442\u043d\u0438 \u0445\u043e\u0440\u0430 \u0437\u0430\u0441\u043b\u0443\u0436\u0430\u0432\u0430\u0442 \u043d\u0430\u0439-\u0434\u043e\u0431\u0440\u043e\u0442\u043e \u043e\u0431\u0441\u043b\u0443\u0436\u0432\u0430\u043d\u0435 \u0438 \u0433\u0440\u0438\u0436\u0438. \u041e\u0441\u044a\u0437\u043d\u0430\u0432\u0430\u0439\u043a\u0438 \u0442\u043e\u0432\u0430, \u043d\u0438\u0435 \u043f\u0440\u0435\u0434\u043e\u0441\u0442\u0430\u0432\u044f\u043c\u0435 \u0433\u0440\u0438\u0436\u043e\u0432\u043d\u0438 \u0443\u0441\u043b\u0443\u0433\u0438 \u043d\u0430 \u0432\u0441\u0438\u0447\u043a\u0438 \u043d\u0430\u0448\u0438 \u0432\u0435\u0442\u0435\u0440\u0430\u043d\u0438 \u0438 \u0432\u044a\u0437\u0440\u0430\u0441\u0442\u043d\u0438 \u0445\u043e\u0440\u0430 \u043f\u043e \u043b\u044e\u0431\u044f\u0449 \u0438 \u0442\u043e\u043b\u0435\u0440\u0430\u043d\u0442\u0435\u043d \u043d\u0430\u0447\u0438\u043d.<\/p>\t\t\t\t\t\t\t\t<\/div>\n\t\t\t\t<\/div>\n\t\t\t\t<\/div>\n\t\t\t\t\t<\/div>\n\t\t\t\t<\/div>\n\t\t\t\t<\/div>\n\t\t\t\t<\/div>","protected":false},"excerpt":{"rendered":"<p>Ya\u015fl\u0131 Bak\u0131c\u0131 Ya\u015fl\u0131 bak\u0131c\u0131 hizmeti verilirken, b\u00fct\u00fcn sevgi ve \u015fefkatlerini bizlerden esirgemeden b\u00fcy\u00fcten \u015fah\u0131slara \u00f6zen g\u00f6sterilmektedir. Bizleri bu g\u00fcnlere ula\u015ft\u0131ran sayg\u0131n ebeveynlerimiz, ya\u015fland\u0131klar\u0131nda ya da g\u00fcnl\u00fck hayatta ; yard\u0131mc\u0131ya gereksinim duyduklar\u0131nda sevgi ve \u015fefkatle yakla\u015fabilecek do\u011fru bireyi sizlere y\u00f6nlendirmek amac\u0131yla her vakit hizmet vermekteyiz. Do\u011fru ya\u015fl\u0131 bak\u0131c\u0131 hizmeti verecek \u015fah\u0131slarda bulunmas\u0131 gereken \u00f6zellikleri sizin amac\u0131yla [&hellip;]<\/p>","protected":false},"author":1,"featured_media":0,"parent":0,"menu_order":0,"comment_status":"closed","ping_status":"closed","template":"","meta":{"footnotes":""},"class_list":["post-78","page","type-page","status-publish","hentry"],"_links":{"self":[{"href":"https:\/\/istanbulbakicim.com\/bg\/wp-json\/wp\/v2\/pages\/78","targetHints":{"allow":["GET"]}}],"collection":[{"href":"https:\/\/istanbulbakicim.com\/bg\/wp-json\/wp\/v2\/pages"}],"about":[{"href":"https:\/\/istanbulbakicim.com\/bg\/wp-json\/wp\/v2\/types\/page"}],"author":[{"embeddable":true,"href":"https:\/\/istanbulbakicim.com\/bg\/wp-json\/wp\/v2\/users\/1"}],"replies":[{"embeddable":true,"href":"https:\/\/istanbulbakicim.com\/bg\/wp-json\/wp\/v2\/comments?post=78"}],"version-history":[{"count":10,"href":"https:\/\/istanbulbakicim.com\/bg\/wp-json\/wp\/v2\/pages\/78\/revisions"}],"predecessor-version":[{"id":373,"href":"https:\/\/istanbulbakicim.com\/bg\/wp-json\/wp\/v2\/pages\/78\/revisions\/373"}],"wp:attachment":[{"href":"https:\/\/istanbulbakicim.com\/bg\/wp-json\/wp\/v2\/media?parent=78"}],"curies":[{"name":"wp","href":"https:\/\/api.w.org\/{rel}","templated":true}]}}